{"id":3085,"date":"2021-08-25T11:14:38","date_gmt":"2021-08-25T11:14:38","guid":{"rendered":"https:\/\/amfissa.qodeinteractive.com\/?post_type=product&#038;p=3085"},"modified":"2026-05-04T18:27:22","modified_gmt":"2026-05-04T18:27:22","slug":"polvere-di-semi-di-datteri","status":"publish","type":"product","link":"https:\/\/yakutta.com\/it\/prodotto\/polvere-di-semi-di-datteri\/","title":{"rendered":"Polvere di semi di dattero"},"content":{"rendered":"<p>Scoprite il potere naturale della polvere di semi di dattero, un prodotto versatile e ricco di nutrienti che combina abilmente i benefici per il benessere con la sostenibilit\u00e0. Realizzato a partire da noccioli di dattero finemente macinati, questo ingrediente \u00e8 un campione eco-compatibile, riducendo gli sprechi e offrendo al contempo qualit\u00e0 funzionali eccezionali. Il nostro prodotto \u00e8 ricco di benefici, tra cui potenti antiossidanti, elevate quantit\u00e0 di fibre alimentari e minerali essenziali come potassio e magnesio. Questo lo rende un\u2019aggiunta preziosa sia per diete salutari sia per formulazioni di prodotti innovativi.<\/p>\n<h3>Applicazioni versatili e benefici della polvere di semi di dattero<\/h3>\n<p>&nbsp;<\/p>\n<p>Per le aziende alimentari e delle bevande, questo prodotto \u00e8 un ingrediente altamente versatile. Usalo come alternativa sana al caff\u00e8, senza caffeina, con un delicato sapore di nocciola, oppure incorporalo in frullati, prodotti da forno, barrette energetiche e cereali per un significativo apporto nutrizionale. Oltre agli usi culinari, le sue potenti propriet\u00e0 antiossidanti lo rendono molto ricercato nell\u2019industria cosmetica, dove viene impiegato in scrub esfolianti, maschere per il viso e altri prodotti di bellezza per promuovere una pelle sana e luminosa.<\/p>\n<p>Se la tua azienda desidera acquistare quantit\u00e0 premium, il nostro programma all\u2019ingrosso di polvere di semi di dattero garantisce una fornitura costante di questa straordinaria alternativa superfood. Scegli la polvere di semi di dattero in grandi quantit\u00e0 per elevare la tua linea salute, cosmetici o innovazione di prodotti con un ingrediente sia di alta qualit\u00e0 che eticamente reperito.<\/p>","protected":false},"excerpt":{"rendered":"<p class=\"translation-block\">Esplora i benefici della nostra polvere di semi di dattero di alta qualit\u00e0, un ingrediente ricco di nutrienti e rispettoso dell\u2019ambiente, perfetto per diete salutari, cura della pelle e formulazioni di prodotti innovativi. Scopri i numerosi benefici della polvere di semi di dattero sostenendo allo stesso tempo la sostenibilit\u00e0. <span class=\"citation-22\">Disponibile presso un fornitore <\/span><span class=\"citation-22\">all\u2019ingrosso affidabile<\/span><span class=\"citation-22 citation-end-22\"> per aziende e privati in cerca di ingredienti premium.<\/span><\/p>\n<div class=\"source-inline-chip-container ng-star-inserted\"><\/div>\n<p>Per le vostre esigenze di approvvigionamento, offriamo quantit\u00e0 flessibili di polvere di semi di dattero all\u2019ingrosso con opzioni di consegna affidabili:<\/p>\n<ul>\n<li data-start=\"413\" data-end=\"449\" class=\"translation-block\"><strong data-start=\"413\" data-end=\"428\">Quantit\u00e0 media<\/strong>: 25 kg, 50 kg, 100 kg<\/li>\n<li data-start=\"413\" data-end=\"449\" class=\"translation-block\"><strong data-start=\"452\" data-end=\"466\">Grande quantit\u00e0<\/strong>: 200 kg, 500 kg, 1000 kg<\/li>\n<li data-start=\"493\" data-end=\"533\"><strong data-start=\"493\" data-end=\"511\"><strong data-start=\"445\" data-end=\"463\">All\u2019ingrosso<\/strong> : 5.000L \u2013 25.000L<\/strong>: 5,000kg \u2013 25,000kg<\/li>\n<\/ul>\n<p class=\"translation-block\" data-start=\"535\" data-end=\"847\">Questo prodotto \u00e8 disponibile per la spedizione tramite <strong data-start=\"729\" data-end=\"747\">servizio terrestre<\/strong> e <strong data-start=\"752\" data-end=\"767\">trasporto marittimo<\/strong>, garantendo opzioni di consegna flessibili e affidabili per ordini all'ingrosso e in grandi quantit\u00e0.<\/p>","protected":false},"featured_media":31711,"comment_status":"open","ping_status":"closed","template":"","meta":[],"product_brand":[],"product_cat":[72],"product_tag":[],"class_list":{"0":"post-3085","1":"product","2":"type-product","3":"status-publish","4":"has-post-thumbnail","6":"product_cat-botanical-extracts-powders-wholesale","8":"first","9":"instock","10":"shipping-taxable","11":"product-type-simple"},"yoast_head":"<!-- This site is optimized with the Yoast SEO Premium plugin v26.6 (Yoast SEO v27.6) - https:\/\/yoast.com\/product\/yoast-seo-premium-wordpress\/ -->\n<title>Premium Date Seed Powder Wholesale | Yakutta<\/title>\n<meta name=\"description\" content=\"Shop premium date seed powder from a reliable wholesale supplier. Rich in nutrients and antioxidants, it\u2019s ideal for food, skincare, and wellness applications. Sustainably sourced and perfect for innovative solutions.\" \/>\n<meta name=\"robots\" content=\"index, follow, max-snippet:-1, max-image-preview:large, max-video-preview:-1\" \/>\n<link rel=\"canonical\" href=\"https:\/\/yakutta.com\/it\/prodotto\/polvere-di-semi-di-datteri\/\" \/>\n<meta property=\"og:locale\" content=\"it_IT\" \/>\n<meta property=\"og:type\" content=\"article\" \/>\n<meta property=\"og:title\" content=\"Date Seed Powder\" \/>\n<meta property=\"og:description\" content=\"Shop premium date seed powder from a reliable wholesale supplier. Rich in nutrients and antioxidants, it\u2019s ideal for food, skincare, and wellness applications. Sustainably sourced and perfect for innovative solutions.\" \/>\n<meta property=\"og:url\" content=\"https:\/\/yakutta.com\/it\/prodotto\/polvere-di-semi-di-datteri\/\" \/>\n<meta property=\"og:site_name\" content=\"Yakutta\" \/>\n<meta property=\"article:modified_time\" content=\"2026-05-04T18:27:22+00:00\" \/>\n<meta property=\"og:image\" content=\"https:\/\/yakutta.com\/wp-content\/uploads\/2021\/08\/Date-seeds-powder-wholesale-compressed.webp\" \/>\n\t<meta property=\"og:image:width\" content=\"2048\" \/>\n\t<meta property=\"og:image:height\" content=\"2048\" \/>\n\t<meta property=\"og:image:type\" content=\"image\/webp\" \/>\n<meta name=\"twitter:card\" content=\"summary_large_image\" \/>\n<meta name=\"twitter:label1\" content=\"Tempo di lettura stimato\" \/>\n\t<meta name=\"twitter:data1\" content=\"2 minuti\" \/>\n<script type=\"application\/ld+json\" class=\"yoast-schema-graph\">{\"@context\":\"https:\\\/\\\/schema.org\",\"@graph\":[{\"@type\":\"WebPage\",\"@id\":\"https:\\\/\\\/yakutta.com\\\/product\\\/date-seed-powder\\\/\",\"url\":\"https:\\\/\\\/yakutta.com\\\/product\\\/date-seed-powder\\\/\",\"name\":\"Premium Date Seed Powder Wholesale | Yakutta\",\"isPartOf\":{\"@id\":\"https:\\\/\\\/yakutta.com\\\/#website\"},\"primaryImageOfPage\":{\"@id\":\"https:\\\/\\\/yakutta.com\\\/product\\\/date-seed-powder\\\/#primaryimage\"},\"image\":{\"@id\":\"https:\\\/\\\/yakutta.com\\\/product\\\/date-seed-powder\\\/#primaryimage\"},\"thumbnailUrl\":\"https:\\\/\\\/yakutta.com\\\/wp-content\\\/uploads\\\/2021\\\/08\\\/Date-seeds-powder-wholesale-compressed.webp\",\"datePublished\":\"2021-08-25T11:14:38+00:00\",\"dateModified\":\"2026-05-04T18:27:22+00:00\",\"description\":\"Shop premium date seed powder from a reliable wholesale supplier. Rich in nutrients and antioxidants, it\u2019s ideal for food, skincare, and wellness applications. Sustainably sourced and perfect for innovative solutions.\",\"breadcrumb\":{\"@id\":\"https:\\\/\\\/yakutta.com\\\/product\\\/date-seed-powder\\\/#breadcrumb\"},\"inLanguage\":\"it-IT\",\"potentialAction\":[{\"@type\":\"ReadAction\",\"target\":[\"https:\\\/\\\/yakutta.com\\\/product\\\/date-seed-powder\\\/\"]}]},{\"@type\":\"ImageObject\",\"inLanguage\":\"it-IT\",\"@id\":\"https:\\\/\\\/yakutta.com\\\/product\\\/date-seed-powder\\\/#primaryimage\",\"url\":\"https:\\\/\\\/yakutta.com\\\/wp-content\\\/uploads\\\/2021\\\/08\\\/Date-seeds-powder-wholesale-compressed.webp\",\"contentUrl\":\"https:\\\/\\\/yakutta.com\\\/wp-content\\\/uploads\\\/2021\\\/08\\\/Date-seeds-powder-wholesale-compressed.webp\",\"width\":2048,\"height\":2048,\"caption\":\"Date-seeds-powder-wholesale\"},{\"@type\":\"BreadcrumbList\",\"@id\":\"https:\\\/\\\/yakutta.com\\\/product\\\/date-seed-powder\\\/#breadcrumb\",\"itemListElement\":[{\"@type\":\"ListItem\",\"position\":1,\"name\":\"Home\",\"item\":\"https:\\\/\\\/yakutta.com\\\/\"},{\"@type\":\"ListItem\",\"position\":2,\"name\":\"Shop\",\"item\":\"https:\\\/\\\/yakutta.com\\\/shop\\\/\"},{\"@type\":\"ListItem\",\"position\":3,\"name\":\"Date Seed Powder\"}]},{\"@type\":\"WebSite\",\"@id\":\"https:\\\/\\\/yakutta.com\\\/#website\",\"url\":\"https:\\\/\\\/yakutta.com\\\/\",\"name\":\"Yakutta\",\"description\":\"Oils Wholesale | Organic &amp; Essential Oils Wholesale\",\"publisher\":{\"@id\":\"https:\\\/\\\/yakutta.com\\\/#organization\"},\"potentialAction\":[{\"@type\":\"SearchAction\",\"target\":{\"@type\":\"EntryPoint\",\"urlTemplate\":\"https:\\\/\\\/yakutta.com\\\/?s={search_term_string}\"},\"query-input\":{\"@type\":\"PropertyValueSpecification\",\"valueRequired\":true,\"valueName\":\"search_term_string\"}}],\"inLanguage\":\"it-IT\"},{\"@type\":[\"Organization\",\"Place\"],\"@id\":\"https:\\\/\\\/yakutta.com\\\/#organization\",\"name\":\"Yakutta\",\"url\":\"https:\\\/\\\/yakutta.com\\\/\",\"logo\":{\"@id\":\"https:\\\/\\\/yakutta.com\\\/product\\\/date-seed-powder\\\/#local-main-organization-logo\"},\"image\":{\"@id\":\"https:\\\/\\\/yakutta.com\\\/product\\\/date-seed-powder\\\/#local-main-organization-logo\"},\"telephone\":[],\"openingHoursSpecification\":[{\"@type\":\"OpeningHoursSpecification\",\"dayOfWeek\":[\"Monday\",\"Tuesday\",\"Wednesday\",\"Thursday\",\"Friday\",\"Saturday\",\"Sunday\"],\"opens\":\"09:00\",\"closes\":\"17:00\"}]},{\"@type\":\"ImageObject\",\"inLanguage\":\"it-IT\",\"@id\":\"https:\\\/\\\/yakutta.com\\\/product\\\/date-seed-powder\\\/#local-main-organization-logo\",\"url\":\"https:\\\/\\\/yakutta.com\\\/wp-content\\\/uploads\\\/2025\\\/04\\\/cropped-yakutta-icon-no-bg-2-2.png\",\"contentUrl\":\"https:\\\/\\\/yakutta.com\\\/wp-content\\\/uploads\\\/2025\\\/04\\\/cropped-yakutta-icon-no-bg-2-2.png\",\"width\":512,\"height\":512,\"caption\":\"Yakutta\"}]}<\/script>\n<!-- \/ Yoast SEO Premium plugin. -->","yoast_head_json":{"title":"Polvere di semi di dattero premium all'ingrosso | Yakutta","description":"Acquista polvere di semi di dattero premium da un fornitore all\u2019ingrosso affidabile. Ricca di nutrienti e antiossidanti, \u00e8 ideale per alimenti, cosmetici e applicazioni per il benessere. Sostenibile e perfetta per soluzioni innovative.","robots":{"index":"index","follow":"follow","max-snippet":"max-snippet:-1","max-image-preview":"max-image-preview:large","max-video-preview":"max-video-preview:-1"},"canonical":"https:\/\/yakutta.com\/it\/prodotto\/polvere-di-semi-di-datteri\/","og_locale":"it_IT","og_type":"article","og_title":"Date Seed Powder","og_description":"Shop premium date seed powder from a reliable wholesale supplier. Rich in nutrients and antioxidants, it\u2019s ideal for food, skincare, and wellness applications. Sustainably sourced and perfect for innovative solutions.","og_url":"https:\/\/yakutta.com\/it\/prodotto\/polvere-di-semi-di-datteri\/","og_site_name":"Yakutta","article_modified_time":"2026-05-04T18:27:22+00:00","og_image":[{"width":2048,"height":2048,"url":"https:\/\/yakutta.com\/wp-content\/uploads\/2021\/08\/Date-seeds-powder-wholesale-compressed.webp","type":"image\/webp"}],"twitter_card":"summary_large_image","twitter_misc":{"Tempo di lettura stimato":"2 minuti"},"schema":{"@context":"https:\/\/schema.org","@graph":[{"@type":"WebPage","@id":"https:\/\/yakutta.com\/product\/date-seed-powder\/","url":"https:\/\/yakutta.com\/product\/date-seed-powder\/","name":"Polvere di semi di dattero premium all'ingrosso | Yakutta","isPartOf":{"@id":"https:\/\/yakutta.com\/#website"},"primaryImageOfPage":{"@id":"https:\/\/yakutta.com\/product\/date-seed-powder\/#primaryimage"},"image":{"@id":"https:\/\/yakutta.com\/product\/date-seed-powder\/#primaryimage"},"thumbnailUrl":"https:\/\/yakutta.com\/wp-content\/uploads\/2021\/08\/Date-seeds-powder-wholesale-compressed.webp","datePublished":"2021-08-25T11:14:38+00:00","dateModified":"2026-05-04T18:27:22+00:00","description":"Acquista polvere di semi di dattero premium da un fornitore all\u2019ingrosso affidabile. Ricca di nutrienti e antiossidanti, \u00e8 ideale per alimenti, cosmetici e applicazioni per il benessere. Sostenibile e perfetta per soluzioni innovative.","breadcrumb":{"@id":"https:\/\/yakutta.com\/product\/date-seed-powder\/#breadcrumb"},"inLanguage":"it-IT","potentialAction":[{"@type":"ReadAction","target":["https:\/\/yakutta.com\/product\/date-seed-powder\/"]}]},{"@type":"ImageObject","inLanguage":"it-IT","@id":"https:\/\/yakutta.com\/product\/date-seed-powder\/#primaryimage","url":"https:\/\/yakutta.com\/wp-content\/uploads\/2021\/08\/Date-seeds-powder-wholesale-compressed.webp","contentUrl":"https:\/\/yakutta.com\/wp-content\/uploads\/2021\/08\/Date-seeds-powder-wholesale-compressed.webp","width":2048,"height":2048,"caption":"Date-seeds-powder-wholesale"},{"@type":"BreadcrumbList","@id":"https:\/\/yakutta.com\/product\/date-seed-powder\/#breadcrumb","itemListElement":[{"@type":"ListItem","position":1,"name":"Home","item":"https:\/\/yakutta.com\/"},{"@type":"ListItem","position":2,"name":"Shop","item":"https:\/\/yakutta.com\/shop\/"},{"@type":"ListItem","position":3,"name":"Date Seed Powder"}]},{"@type":"WebSite","@id":"https:\/\/yakutta.com\/#website","url":"https:\/\/yakutta.com\/","name":"Yakutta","description":"Oli all'ingrosso | Oli biologici ed essenziali all'ingrosso","publisher":{"@id":"https:\/\/yakutta.com\/#organization"},"potentialAction":[{"@type":"SearchAction","target":{"@type":"EntryPoint","urlTemplate":"https:\/\/yakutta.com\/?s={search_term_string}"},"query-input":{"@type":"PropertyValueSpecification","valueRequired":true,"valueName":"search_term_string"}}],"inLanguage":"it-IT"},{"@type":["Organization","Place"],"@id":"https:\/\/yakutta.com\/#organization","name":"Yakutta","url":"https:\/\/yakutta.com\/","logo":{"@id":"https:\/\/yakutta.com\/product\/date-seed-powder\/#local-main-organization-logo"},"image":{"@id":"https:\/\/yakutta.com\/product\/date-seed-powder\/#local-main-organization-logo"},"telephone":[],"openingHoursSpecification":[{"@type":"OpeningHoursSpecification","dayOfWeek":["Monday","Tuesday","Wednesday","Thursday","Friday","Saturday","Sunday"],"opens":"09:00","closes":"17:00"}]},{"@type":"ImageObject","inLanguage":"it-IT","@id":"https:\/\/yakutta.com\/product\/date-seed-powder\/#local-main-organization-logo","url":"https:\/\/yakutta.com\/wp-content\/uploads\/2025\/04\/cropped-yakutta-icon-no-bg-2-2.png","contentUrl":"https:\/\/yakutta.com\/wp-content\/uploads\/2025\/04\/cropped-yakutta-icon-no-bg-2-2.png","width":512,"height":512,"caption":"Yakutta"}]}},"_links":{"self":[{"href":"https:\/\/yakutta.com\/it\/wp-json\/wp\/v2\/product\/3085","targetHints":{"allow":["GET"]}}],"collection":[{"href":"https:\/\/yakutta.com\/it\/wp-json\/wp\/v2\/product"}],"about":[{"href":"https:\/\/yakutta.com\/it\/wp-json\/wp\/v2\/types\/product"}],"replies":[{"embeddable":true,"href":"https:\/\/yakutta.com\/it\/wp-json\/wp\/v2\/comments?post=3085"}],"wp:featuredmedia":[{"embeddable":true,"href":"https:\/\/yakutta.com\/it\/wp-json\/wp\/v2\/media\/31711"}],"wp:attachment":[{"href":"https:\/\/yakutta.com\/it\/wp-json\/wp\/v2\/media?parent=3085"}],"wp:term":[{"taxonomy":"product_brand","embeddable":true,"href":"https:\/\/yakutta.com\/it\/wp-json\/wp\/v2\/product_brand?post=3085"},{"taxonomy":"product_cat","embeddable":true,"href":"https:\/\/yakutta.com\/it\/wp-json\/wp\/v2\/product_cat?post=3085"},{"taxonomy":"product_tag","embeddable":true,"href":"https:\/\/yakutta.com\/it\/wp-json\/wp\/v2\/product_tag?post=3085"}],"curies":[{"name":"wp","href":"https:\/\/api.w.org\/{rel}","templated":true}]}}