{"id":23347,"date":"2025-12-23T23:14:48","date_gmt":"2025-12-23T23:14:48","guid":{"rendered":"https:\/\/yakutta.com\/?post_type=product&#038;p=23347"},"modified":"2026-01-12T13:43:50","modified_gmt":"2026-01-12T13:43:50","slug":"sciroppo-datteri","status":"publish","type":"product","link":"https:\/\/yakutta.com\/it\/prodotto\/sciroppo-datteri\/","title":{"rendered":"Sciroppo di datteri"},"content":{"rendered":"<p class=\"text-sm\">Lo sciroppo di datteri \u00e8 un dolcificante naturale ottenuto da datteri maturi accuratamente selezionati tramite un delicato processo di estrazione e concentrazione che ne preserva il ricco sapore e il valore nutrizionale. Con la sua consistenza liscia, il colore ambrato intenso e il gusto naturalmente dolce, \u00e8 la migliore alternativa allo zucchero raffinato e ai dolcificanti artificiali.<\/p>\n<p class=\"text-sm\">Perfetto per produttori alimentari, grossisti e distributori, lo sciroppo di datteri biologico \u00e8 ampiamente utilizzato in prodotti da forno, dolciumi, bevande, latticini, salse e alimenti salutari. Si dissolve facilmente, si amalgama perfettamente con gli altri ingredienti e offre una dolcezza costante con un profilo fruttato unico.<\/p>\n<p class=\"text-sm\">Disponibile in formati sfusi per soddisfare le esigenze industriali e commerciali, il nostro prodotto \u00e8 privo di additivi, conservanti e coloranti artificiali. \u00c8 apprezzato per la sua etichetta pulita, la lunga conservabilit\u00e0 e la compatibilit\u00e0 con linee di prodotti naturali, biologici e orientati al benessere. Con fornitura affidabile, qualit\u00e0 costante e opzioni di confezionamento flessibili, il nostro sciroppo biologico \u00e8 la scelta ideale per i mercati all\u2019ingrosso e internazionali.<\/p>","protected":false},"excerpt":{"rendered":"<p>Acquista lo sciroppo di datteri biologico premium di Yakutta, disponibile all\u2019ingrosso per le aziende. Perfetto per prodotti da forno, bevande e alimenti salutari, il nostro sciroppo di datteri ricco di nutrienti offre qualit\u00e0 \u201cclean-label\u201d ed \u00e8 privo di additivi. Assicurati oggi stesso la tua fornitura all\u2019ingrosso e valorizza la tua offerta di prodotti con Yakutta!<\/p>\n<ul>\n<li data-start=\"413\" data-end=\"449\" class=\"translation-block\"><b>Quantit\u00e0 60.000 kg<\/b><strong> \/ mese<\/strong><\/li>\n<\/ul>\n<p class=\"translation-block\" data-start=\"535\" data-end=\"847\">Questo prodotto \u00e8 disponibile per la spedizione tramite <strong data-start=\"729\" data-end=\"747\">servizio terrestre<\/strong> e <strong data-start=\"752\" data-end=\"767\">trasporto marittimo<\/strong>, garantendo opzioni di consegna flessibili e affidabili per ordini all'ingrosso e in grandi quantit\u00e0.<\/p>","protected":false},"featured_media":23348,"comment_status":"open","ping_status":"closed","template":"","meta":[],"product_brand":[],"product_cat":[147],"product_tag":[92,105,145,91],"class_list":{"0":"post-23347","1":"product","2":"type-product","3":"status-publish","4":"has-post-thumbnail","6":"product_cat-syrups","7":"product_tag-bulk","8":"product_tag-date","9":"product_tag-syrup","10":"product_tag-wholesale","12":"first","13":"instock","14":"shipping-taxable","15":"product-type-simple"},"yoast_head":"<!-- This site is optimized with the Yoast SEO Premium plugin v26.6 (Yoast SEO v27.6) - https:\/\/yoast.com\/product\/yoast-seo-premium-wordpress\/ -->\n<title>Date Syrup Wholesale - Bulk Date Syrup - Yakutta<\/title>\n<meta name=\"description\" content=\"Discover Yakutta\u2019s Date Syrup, a luxurious product crafted from the finest dates. Specialising in Date Syrup wholesale, Yakutta brings the authentic taste of the desert to the world, offering premium quality and global delivery.\" \/>\n<meta name=\"robots\" content=\"index, follow, max-snippet:-1, max-image-preview:large, max-video-preview:-1\" \/>\n<link rel=\"canonical\" href=\"https:\/\/yakutta.com\/it\/prodotto\/sciroppo-datteri\/\" \/>\n<meta property=\"og:locale\" content=\"it_IT\" \/>\n<meta property=\"og:type\" content=\"article\" \/>\n<meta property=\"og:title\" content=\"Date Syrup\" \/>\n<meta property=\"og:description\" content=\"Discover Yakutta\u2019s Date Syrup, a luxurious product crafted from the finest dates. Specialising in Date Syrup wholesale, Yakutta brings the authentic taste of the desert to the world, offering premium quality and global delivery.\" \/>\n<meta property=\"og:url\" content=\"https:\/\/yakutta.com\/it\/prodotto\/sciroppo-datteri\/\" \/>\n<meta property=\"og:site_name\" content=\"Yakutta\" \/>\n<meta property=\"article:modified_time\" content=\"2026-01-12T13:43:50+00:00\" \/>\n<meta property=\"og:image\" content=\"https:\/\/yakutta.com\/wp-content\/uploads\/2025\/12\/date-syrup.webp\" \/>\n\t<meta property=\"og:image:width\" content=\"899\" \/>\n\t<meta property=\"og:image:height\" content=\"899\" \/>\n\t<meta property=\"og:image:type\" content=\"image\/webp\" \/>\n<meta name=\"twitter:card\" content=\"summary_large_image\" \/>\n<meta name=\"twitter:label1\" content=\"Tempo di lettura stimato\" \/>\n\t<meta name=\"twitter:data1\" content=\"1 minuto\" \/>\n<script type=\"application\/ld+json\" class=\"yoast-schema-graph\">{\"@context\":\"https:\\\/\\\/schema.org\",\"@graph\":[{\"@type\":\"WebPage\",\"@id\":\"https:\\\/\\\/yakutta.com\\\/product\\\/date-syrup\\\/\",\"url\":\"https:\\\/\\\/yakutta.com\\\/product\\\/date-syrup\\\/\",\"name\":\"Date Syrup Wholesale - Bulk Date Syrup - Yakutta\",\"isPartOf\":{\"@id\":\"https:\\\/\\\/yakutta.com\\\/#website\"},\"primaryImageOfPage\":{\"@id\":\"https:\\\/\\\/yakutta.com\\\/product\\\/date-syrup\\\/#primaryimage\"},\"image\":{\"@id\":\"https:\\\/\\\/yakutta.com\\\/product\\\/date-syrup\\\/#primaryimage\"},\"thumbnailUrl\":\"https:\\\/\\\/yakutta.com\\\/wp-content\\\/uploads\\\/2025\\\/12\\\/date-syrup.webp\",\"datePublished\":\"2025-12-23T23:14:48+00:00\",\"dateModified\":\"2026-01-12T13:43:50+00:00\",\"description\":\"Discover Yakutta\u2019s Date Syrup, a luxurious product crafted from the finest dates. Specialising in Date Syrup wholesale, Yakutta brings the authentic taste of the desert to the world, offering premium quality and global delivery.\",\"breadcrumb\":{\"@id\":\"https:\\\/\\\/yakutta.com\\\/product\\\/date-syrup\\\/#breadcrumb\"},\"inLanguage\":\"it-IT\",\"potentialAction\":[{\"@type\":\"ReadAction\",\"target\":[\"https:\\\/\\\/yakutta.com\\\/product\\\/date-syrup\\\/\"]}]},{\"@type\":\"ImageObject\",\"inLanguage\":\"it-IT\",\"@id\":\"https:\\\/\\\/yakutta.com\\\/product\\\/date-syrup\\\/#primaryimage\",\"url\":\"https:\\\/\\\/yakutta.com\\\/wp-content\\\/uploads\\\/2025\\\/12\\\/date-syrup.webp\",\"contentUrl\":\"https:\\\/\\\/yakutta.com\\\/wp-content\\\/uploads\\\/2025\\\/12\\\/date-syrup.webp\",\"width\":899,\"height\":899,\"caption\":\"Date Syrup\"},{\"@type\":\"BreadcrumbList\",\"@id\":\"https:\\\/\\\/yakutta.com\\\/product\\\/date-syrup\\\/#breadcrumb\",\"itemListElement\":[{\"@type\":\"ListItem\",\"position\":1,\"name\":\"Home\",\"item\":\"https:\\\/\\\/yakutta.com\\\/\"},{\"@type\":\"ListItem\",\"position\":2,\"name\":\"Shop\",\"item\":\"https:\\\/\\\/yakutta.com\\\/shop\\\/\"},{\"@type\":\"ListItem\",\"position\":3,\"name\":\"Date Syrup\"}]},{\"@type\":\"WebSite\",\"@id\":\"https:\\\/\\\/yakutta.com\\\/#website\",\"url\":\"https:\\\/\\\/yakutta.com\\\/\",\"name\":\"Yakutta\",\"description\":\"Oils Wholesale | Organic &amp; Essential Oils Wholesale\",\"publisher\":{\"@id\":\"https:\\\/\\\/yakutta.com\\\/#organization\"},\"potentialAction\":[{\"@type\":\"SearchAction\",\"target\":{\"@type\":\"EntryPoint\",\"urlTemplate\":\"https:\\\/\\\/yakutta.com\\\/?s={search_term_string}\"},\"query-input\":{\"@type\":\"PropertyValueSpecification\",\"valueRequired\":true,\"valueName\":\"search_term_string\"}}],\"inLanguage\":\"it-IT\"},{\"@type\":[\"Organization\",\"Place\"],\"@id\":\"https:\\\/\\\/yakutta.com\\\/#organization\",\"name\":\"Yakutta\",\"url\":\"https:\\\/\\\/yakutta.com\\\/\",\"logo\":{\"@id\":\"https:\\\/\\\/yakutta.com\\\/product\\\/date-syrup\\\/#local-main-organization-logo\"},\"image\":{\"@id\":\"https:\\\/\\\/yakutta.com\\\/product\\\/date-syrup\\\/#local-main-organization-logo\"},\"telephone\":[],\"openingHoursSpecification\":[{\"@type\":\"OpeningHoursSpecification\",\"dayOfWeek\":[\"Monday\",\"Tuesday\",\"Wednesday\",\"Thursday\",\"Friday\",\"Saturday\",\"Sunday\"],\"opens\":\"09:00\",\"closes\":\"17:00\"}]},{\"@type\":\"ImageObject\",\"inLanguage\":\"it-IT\",\"@id\":\"https:\\\/\\\/yakutta.com\\\/product\\\/date-syrup\\\/#local-main-organization-logo\",\"url\":\"https:\\\/\\\/yakutta.com\\\/wp-content\\\/uploads\\\/2025\\\/04\\\/cropped-yakutta-icon-no-bg-2-2.png\",\"contentUrl\":\"https:\\\/\\\/yakutta.com\\\/wp-content\\\/uploads\\\/2025\\\/04\\\/cropped-yakutta-icon-no-bg-2-2.png\",\"width\":512,\"height\":512,\"caption\":\"Yakutta\"}]}<\/script>\n<!-- \/ Yoast SEO Premium plugin. -->","yoast_head_json":{"title":"Sciroppo di datteri all\u2019ingrosso \u2013 Sciroppo di datteri sfuso \u2013 Yakutta","description":"Scoprite lo sciroppo di datteri di Yakutta, un prodotto di lusso realizzato con i migliori datteri. Specializzata nello sciroppo di datteri all\u2019ingrosso, Yakutta porta il gusto autentico del deserto in tutto il mondo, offrendo qualit\u00e0 premium e consegna internazionale.","robots":{"index":"index","follow":"follow","max-snippet":"max-snippet:-1","max-image-preview":"max-image-preview:large","max-video-preview":"max-video-preview:-1"},"canonical":"https:\/\/yakutta.com\/it\/prodotto\/sciroppo-datteri\/","og_locale":"it_IT","og_type":"article","og_title":"Date Syrup","og_description":"Discover Yakutta\u2019s Date Syrup, a luxurious product crafted from the finest dates. Specialising in Date Syrup wholesale, Yakutta brings the authentic taste of the desert to the world, offering premium quality and global delivery.","og_url":"https:\/\/yakutta.com\/it\/prodotto\/sciroppo-datteri\/","og_site_name":"Yakutta","article_modified_time":"2026-01-12T13:43:50+00:00","og_image":[{"width":899,"height":899,"url":"https:\/\/yakutta.com\/wp-content\/uploads\/2025\/12\/date-syrup.webp","type":"image\/webp"}],"twitter_card":"summary_large_image","twitter_misc":{"Tempo di lettura stimato":"1 minuto"},"schema":{"@context":"https:\/\/schema.org","@graph":[{"@type":"WebPage","@id":"https:\/\/yakutta.com\/product\/date-syrup\/","url":"https:\/\/yakutta.com\/product\/date-syrup\/","name":"Sciroppo di datteri all\u2019ingrosso \u2013 Sciroppo di datteri sfuso \u2013 Yakutta","isPartOf":{"@id":"https:\/\/yakutta.com\/#website"},"primaryImageOfPage":{"@id":"https:\/\/yakutta.com\/product\/date-syrup\/#primaryimage"},"image":{"@id":"https:\/\/yakutta.com\/product\/date-syrup\/#primaryimage"},"thumbnailUrl":"https:\/\/yakutta.com\/wp-content\/uploads\/2025\/12\/date-syrup.webp","datePublished":"2025-12-23T23:14:48+00:00","dateModified":"2026-01-12T13:43:50+00:00","description":"Scoprite lo sciroppo di datteri di Yakutta, un prodotto di lusso realizzato con i migliori datteri. Specializzata nello sciroppo di datteri all\u2019ingrosso, Yakutta porta il gusto autentico del deserto in tutto il mondo, offrendo qualit\u00e0 premium e consegna internazionale.","breadcrumb":{"@id":"https:\/\/yakutta.com\/product\/date-syrup\/#breadcrumb"},"inLanguage":"it-IT","potentialAction":[{"@type":"ReadAction","target":["https:\/\/yakutta.com\/product\/date-syrup\/"]}]},{"@type":"ImageObject","inLanguage":"it-IT","@id":"https:\/\/yakutta.com\/product\/date-syrup\/#primaryimage","url":"https:\/\/yakutta.com\/wp-content\/uploads\/2025\/12\/date-syrup.webp","contentUrl":"https:\/\/yakutta.com\/wp-content\/uploads\/2025\/12\/date-syrup.webp","width":899,"height":899,"caption":"Date Syrup"},{"@type":"BreadcrumbList","@id":"https:\/\/yakutta.com\/product\/date-syrup\/#breadcrumb","itemListElement":[{"@type":"ListItem","position":1,"name":"Home","item":"https:\/\/yakutta.com\/"},{"@type":"ListItem","position":2,"name":"Shop","item":"https:\/\/yakutta.com\/shop\/"},{"@type":"ListItem","position":3,"name":"Date Syrup"}]},{"@type":"WebSite","@id":"https:\/\/yakutta.com\/#website","url":"https:\/\/yakutta.com\/","name":"Yakutta","description":"Oli all'ingrosso | Oli biologici ed essenziali all'ingrosso","publisher":{"@id":"https:\/\/yakutta.com\/#organization"},"potentialAction":[{"@type":"SearchAction","target":{"@type":"EntryPoint","urlTemplate":"https:\/\/yakutta.com\/?s={search_term_string}"},"query-input":{"@type":"PropertyValueSpecification","valueRequired":true,"valueName":"search_term_string"}}],"inLanguage":"it-IT"},{"@type":["Organization","Place"],"@id":"https:\/\/yakutta.com\/#organization","name":"Yakutta","url":"https:\/\/yakutta.com\/","logo":{"@id":"https:\/\/yakutta.com\/product\/date-syrup\/#local-main-organization-logo"},"image":{"@id":"https:\/\/yakutta.com\/product\/date-syrup\/#local-main-organization-logo"},"telephone":[],"openingHoursSpecification":[{"@type":"OpeningHoursSpecification","dayOfWeek":["Monday","Tuesday","Wednesday","Thursday","Friday","Saturday","Sunday"],"opens":"09:00","closes":"17:00"}]},{"@type":"ImageObject","inLanguage":"it-IT","@id":"https:\/\/yakutta.com\/product\/date-syrup\/#local-main-organization-logo","url":"https:\/\/yakutta.com\/wp-content\/uploads\/2025\/04\/cropped-yakutta-icon-no-bg-2-2.png","contentUrl":"https:\/\/yakutta.com\/wp-content\/uploads\/2025\/04\/cropped-yakutta-icon-no-bg-2-2.png","width":512,"height":512,"caption":"Yakutta"}]}},"_links":{"self":[{"href":"https:\/\/yakutta.com\/it\/wp-json\/wp\/v2\/product\/23347","targetHints":{"allow":["GET"]}}],"collection":[{"href":"https:\/\/yakutta.com\/it\/wp-json\/wp\/v2\/product"}],"about":[{"href":"https:\/\/yakutta.com\/it\/wp-json\/wp\/v2\/types\/product"}],"replies":[{"embeddable":true,"href":"https:\/\/yakutta.com\/it\/wp-json\/wp\/v2\/comments?post=23347"}],"wp:featuredmedia":[{"embeddable":true,"href":"https:\/\/yakutta.com\/it\/wp-json\/wp\/v2\/media\/23348"}],"wp:attachment":[{"href":"https:\/\/yakutta.com\/it\/wp-json\/wp\/v2\/media?parent=23347"}],"wp:term":[{"taxonomy":"product_brand","embeddable":true,"href":"https:\/\/yakutta.com\/it\/wp-json\/wp\/v2\/product_brand?post=23347"},{"taxonomy":"product_cat","embeddable":true,"href":"https:\/\/yakutta.com\/it\/wp-json\/wp\/v2\/product_cat?post=23347"},{"taxonomy":"product_tag","embeddable":true,"href":"https:\/\/yakutta.com\/it\/wp-json\/wp\/v2\/product_tag?post=23347"}],"curies":[{"name":"wp","href":"https:\/\/api.w.org\/{rel}","templated":true}]}}