{"id":2226,"date":"2021-08-09T16:16:11","date_gmt":"2021-08-09T16:16:11","guid":{"rendered":"https:\/\/amfissa.qodeinteractive.com\/?post_type=product&#038;p=2226"},"modified":"2025-12-28T21:15:16","modified_gmt":"2025-12-28T21:15:16","slug":"olio-di-datteri","status":"publish","type":"product","link":"https:\/\/yakutta.com\/it\/prodotto\/olio-di-datteri\/","title":{"rendered":"olio di dattero"},"content":{"rendered":"<p class=\"text-sm\">L\u2019olio di datteri biologico \u00e8 un olio essenziale ricco di nutrienti, apprezzato per la sua versatilit\u00e0 e i suoi benefici. Estratto dai semi di dattero, questo olio dorato \u00e8 ricco di vitamine, antiossidanti e acidi grassi essenziali, rendendolo perfetto per la cura della pelle e dei capelli. Fornisce idratazione profonda, ripara e nutre la pelle, riducendo linee sottili, imperfezioni e secchezza, favorendo un incarnato luminoso. Leggero e non untuoso, \u00e8 adatto a tutti i tipi di pelle.<\/p>\n<p class=\"text-sm\">Nella cura dei capelli, l\u2019olio di datteri restituisce idratazione, lucentezza e forza ai capelli secchi e danneggiati, sia se applicato da solo sia se incluso in shampoo e maschere. Le sue propriet\u00e0 naturali e sostenibili lo rendono popolare tra i consumatori attenti all\u2019ambiente.<\/p>\n<p class=\"text-sm\">Per le aziende, l\u2019olio di datteri \u00e8 un ingrediente di lusso per creme, sieri e prodotti per il benessere. Disponibile in grandi quantit\u00e0, offre soluzioni economiche sia per piccoli artigiani che per grandi produttori. Acquistando olio di datteri di alta qualit\u00e0 in bulk, \u00e8 possibile soddisfare la crescente domanda di prodotti naturali e a base vegetale.<\/p>","protected":false},"excerpt":{"rendered":"<p class=\"translation-block\">Il nostro olio di datteri biologico \u00e8 disponibile in grandi quantit\u00e0 ed \u00e8 selezionato e lavorato per soddisfare gli elevati standard di produttori, grossisti e distributori di tutto il mondo.<br> La sua texture leggera e l\u2019eccellente assorbimento lo rendono perfetto per creme, sieri, lozioni, saponi, oli per capelli, miscele per massaggi e prodotti di aromaterapia.<br> L\u2019olio di datteri si miscela bene con altri ingredienti, garantendo una formulazione e prestazioni costanti.<\/p>\n<p class=\"translation-block\">Come fornitore all\u2019ingrosso affidabile, offriamo una fornitura costante, qualit\u00e0 uniforme e opzioni di confezionamento flessibili per supportare sia la produzione su piccola che su larga scala.<br> Ogni lotto \u00e8 sottoposto a un attento controllo qualit\u00e0 per garantire purezza, stabilit\u00e0 e conformit\u00e0 agli standard internazionali dei mercati cosmetici e del benessere.<\/p>\n<p>Per gli ordini all\u2019ingrosso internazionali, la Quantit\u00e0 Minima d\u2019Ordine (MOQ) parte da 100 kg, rendendola ideale per grandi produzioni, progetti di private label e distribuzione per l\u2019esportazione.<\/p>\n<p>Che tu stia lanciando una nuova linea di prodotti o ampliando formulazioni esistenti, il nostro olio di datteri in bulk offre una soluzione affidabile e di alta qualit\u00e0 per le aziende in cerca di ingredienti naturali, funzionali e pronti per il mercato.<\/p>","protected":false},"featured_media":21290,"comment_status":"open","ping_status":"closed","template":"","meta":[],"product_brand":[],"product_cat":[73],"product_tag":[],"class_list":{"0":"post-2226","1":"product","2":"type-product","3":"status-publish","4":"has-post-thumbnail","6":"product_cat-essential-oils-products","8":"first","9":"instock","10":"shipping-taxable","11":"product-type-simple"},"yoast_head":"<!-- This site is optimized with the Yoast SEO Premium plugin v26.6 (Yoast SEO v27.4) - https:\/\/yoast.com\/product\/yoast-seo-premium-wordpress\/ -->\n<title>Organic date oil Wholesale - buy bulk - Yakutta<\/title>\n<meta name=\"description\" content=\"Find premium date oil in bulk, perfect for skincare and wellness purposes, from a reliable wholesale supplier. Buy bulk date oil today and experience its enriching natural properties.\" \/>\n<meta name=\"robots\" content=\"index, follow, max-snippet:-1, max-image-preview:large, max-video-preview:-1\" \/>\n<link rel=\"canonical\" href=\"https:\/\/yakutta.com\/it\/prodotto\/olio-di-datteri\/\" \/>\n<meta property=\"og:locale\" content=\"it_IT\" \/>\n<meta property=\"og:type\" content=\"article\" \/>\n<meta property=\"og:title\" content=\"Date oil\" \/>\n<meta property=\"og:description\" content=\"Find premium date oil in bulk, perfect for skincare and wellness purposes, from a reliable wholesale supplier. Buy bulk date oil today and experience its enriching natural properties.\" \/>\n<meta property=\"og:url\" content=\"https:\/\/yakutta.com\/it\/prodotto\/olio-di-datteri\/\" \/>\n<meta property=\"og:site_name\" content=\"Yakutta\" \/>\n<meta property=\"article:modified_time\" content=\"2025-12-28T21:15:16+00:00\" \/>\n<meta property=\"og:image\" content=\"https:\/\/yakutta.com\/wp-content\/uploads\/2021\/08\/date-oil-in-bulk-webp.webp\" \/>\n\t<meta property=\"og:image:width\" content=\"2048\" \/>\n\t<meta property=\"og:image:height\" content=\"2048\" \/>\n\t<meta property=\"og:image:type\" content=\"image\/webp\" \/>\n<meta name=\"twitter:card\" content=\"summary_large_image\" \/>\n<meta name=\"twitter:label1\" content=\"Tempo di lettura stimato\" \/>\n\t<meta name=\"twitter:data1\" content=\"1 minuto\" \/>\n<script type=\"application\/ld+json\" class=\"yoast-schema-graph\">{\"@context\":\"https:\\\/\\\/schema.org\",\"@graph\":[{\"@type\":\"WebPage\",\"@id\":\"https:\\\/\\\/yakutta.com\\\/product\\\/date-oil\\\/\",\"url\":\"https:\\\/\\\/yakutta.com\\\/product\\\/date-oil\\\/\",\"name\":\"Organic date oil Wholesale - buy bulk - Yakutta\",\"isPartOf\":{\"@id\":\"https:\\\/\\\/yakutta.com\\\/#website\"},\"primaryImageOfPage\":{\"@id\":\"https:\\\/\\\/yakutta.com\\\/product\\\/date-oil\\\/#primaryimage\"},\"image\":{\"@id\":\"https:\\\/\\\/yakutta.com\\\/product\\\/date-oil\\\/#primaryimage\"},\"thumbnailUrl\":\"https:\\\/\\\/yakutta.com\\\/wp-content\\\/uploads\\\/2021\\\/08\\\/date-oil-in-bulk-webp.webp\",\"datePublished\":\"2021-08-09T16:16:11+00:00\",\"dateModified\":\"2025-12-28T21:15:16+00:00\",\"description\":\"Find premium date oil in bulk, perfect for skincare and wellness purposes, from a reliable wholesale supplier. Buy bulk date oil today and experience its enriching natural properties.\",\"breadcrumb\":{\"@id\":\"https:\\\/\\\/yakutta.com\\\/product\\\/date-oil\\\/#breadcrumb\"},\"inLanguage\":\"it-IT\",\"potentialAction\":[{\"@type\":\"ReadAction\",\"target\":[\"https:\\\/\\\/yakutta.com\\\/product\\\/date-oil\\\/\"]}]},{\"@type\":\"ImageObject\",\"inLanguage\":\"it-IT\",\"@id\":\"https:\\\/\\\/yakutta.com\\\/product\\\/date-oil\\\/#primaryimage\",\"url\":\"https:\\\/\\\/yakutta.com\\\/wp-content\\\/uploads\\\/2021\\\/08\\\/date-oil-in-bulk-webp.webp\",\"contentUrl\":\"https:\\\/\\\/yakutta.com\\\/wp-content\\\/uploads\\\/2021\\\/08\\\/date-oil-in-bulk-webp.webp\",\"width\":2048,\"height\":2048,\"caption\":\"date oil in bulk\"},{\"@type\":\"BreadcrumbList\",\"@id\":\"https:\\\/\\\/yakutta.com\\\/product\\\/date-oil\\\/#breadcrumb\",\"itemListElement\":[{\"@type\":\"ListItem\",\"position\":1,\"name\":\"Home\",\"item\":\"https:\\\/\\\/yakutta.com\\\/\"},{\"@type\":\"ListItem\",\"position\":2,\"name\":\"Shop\",\"item\":\"https:\\\/\\\/yakutta.com\\\/shop\\\/\"},{\"@type\":\"ListItem\",\"position\":3,\"name\":\"Date oil\"}]},{\"@type\":\"WebSite\",\"@id\":\"https:\\\/\\\/yakutta.com\\\/#website\",\"url\":\"https:\\\/\\\/yakutta.com\\\/\",\"name\":\"Yakutta\",\"description\":\"Oils Wholesale | Organic &amp; Essential Oils Wholesale\",\"publisher\":{\"@id\":\"https:\\\/\\\/yakutta.com\\\/#organization\"},\"potentialAction\":[{\"@type\":\"SearchAction\",\"target\":{\"@type\":\"EntryPoint\",\"urlTemplate\":\"https:\\\/\\\/yakutta.com\\\/?s={search_term_string}\"},\"query-input\":{\"@type\":\"PropertyValueSpecification\",\"valueRequired\":true,\"valueName\":\"search_term_string\"}}],\"inLanguage\":\"it-IT\"},{\"@type\":[\"Organization\",\"Place\"],\"@id\":\"https:\\\/\\\/yakutta.com\\\/#organization\",\"name\":\"Yakutta\",\"url\":\"https:\\\/\\\/yakutta.com\\\/\",\"logo\":{\"@id\":\"https:\\\/\\\/yakutta.com\\\/product\\\/date-oil\\\/#local-main-organization-logo\"},\"image\":{\"@id\":\"https:\\\/\\\/yakutta.com\\\/product\\\/date-oil\\\/#local-main-organization-logo\"},\"telephone\":[],\"openingHoursSpecification\":[{\"@type\":\"OpeningHoursSpecification\",\"dayOfWeek\":[\"Monday\",\"Tuesday\",\"Wednesday\",\"Thursday\",\"Friday\",\"Saturday\",\"Sunday\"],\"opens\":\"09:00\",\"closes\":\"17:00\"}]},{\"@type\":\"ImageObject\",\"inLanguage\":\"it-IT\",\"@id\":\"https:\\\/\\\/yakutta.com\\\/product\\\/date-oil\\\/#local-main-organization-logo\",\"url\":\"https:\\\/\\\/yakutta.com\\\/wp-content\\\/uploads\\\/2025\\\/04\\\/cropped-yakutta-icon-no-bg-2-2.png\",\"contentUrl\":\"https:\\\/\\\/yakutta.com\\\/wp-content\\\/uploads\\\/2025\\\/04\\\/cropped-yakutta-icon-no-bg-2-2.png\",\"width\":512,\"height\":512,\"caption\":\"Yakutta\"}]}<\/script>\n<!-- \/ Yoast SEO Premium plugin. -->","yoast_head_json":{"title":"Olio di datteri biologico all\u2019ingrosso \u2013 acquistare in grandi quantit\u00e0 \u2013 Yakutta","description":"Trova olio di datteri premium in grandi quantit\u00e0, perfetto per la cura della pelle e il benessere, da un fornitore all\u2019ingrosso affidabile. Acquista olio di datteri in bulk oggi stesso e scopri le sue propriet\u00e0 naturali nutrienti.","robots":{"index":"index","follow":"follow","max-snippet":"max-snippet:-1","max-image-preview":"max-image-preview:large","max-video-preview":"max-video-preview:-1"},"canonical":"https:\/\/yakutta.com\/it\/prodotto\/olio-di-datteri\/","og_locale":"it_IT","og_type":"article","og_title":"Date oil","og_description":"Find premium date oil in bulk, perfect for skincare and wellness purposes, from a reliable wholesale supplier. Buy bulk date oil today and experience its enriching natural properties.","og_url":"https:\/\/yakutta.com\/it\/prodotto\/olio-di-datteri\/","og_site_name":"Yakutta","article_modified_time":"2025-12-28T21:15:16+00:00","og_image":[{"width":2048,"height":2048,"url":"https:\/\/yakutta.com\/wp-content\/uploads\/2021\/08\/date-oil-in-bulk-webp.webp","type":"image\/webp"}],"twitter_card":"summary_large_image","twitter_misc":{"Tempo di lettura stimato":"1 minuto"},"schema":{"@context":"https:\/\/schema.org","@graph":[{"@type":"WebPage","@id":"https:\/\/yakutta.com\/product\/date-oil\/","url":"https:\/\/yakutta.com\/product\/date-oil\/","name":"Olio di datteri biologico all\u2019ingrosso \u2013 acquistare in grandi quantit\u00e0 \u2013 Yakutta","isPartOf":{"@id":"https:\/\/yakutta.com\/#website"},"primaryImageOfPage":{"@id":"https:\/\/yakutta.com\/product\/date-oil\/#primaryimage"},"image":{"@id":"https:\/\/yakutta.com\/product\/date-oil\/#primaryimage"},"thumbnailUrl":"https:\/\/yakutta.com\/wp-content\/uploads\/2021\/08\/date-oil-in-bulk-webp.webp","datePublished":"2021-08-09T16:16:11+00:00","dateModified":"2025-12-28T21:15:16+00:00","description":"Trova olio di datteri premium in grandi quantit\u00e0, perfetto per la cura della pelle e il benessere, da un fornitore all\u2019ingrosso affidabile. Acquista olio di datteri in bulk oggi stesso e scopri le sue propriet\u00e0 naturali nutrienti.","breadcrumb":{"@id":"https:\/\/yakutta.com\/product\/date-oil\/#breadcrumb"},"inLanguage":"it-IT","potentialAction":[{"@type":"ReadAction","target":["https:\/\/yakutta.com\/product\/date-oil\/"]}]},{"@type":"ImageObject","inLanguage":"it-IT","@id":"https:\/\/yakutta.com\/product\/date-oil\/#primaryimage","url":"https:\/\/yakutta.com\/wp-content\/uploads\/2021\/08\/date-oil-in-bulk-webp.webp","contentUrl":"https:\/\/yakutta.com\/wp-content\/uploads\/2021\/08\/date-oil-in-bulk-webp.webp","width":2048,"height":2048,"caption":"date oil in bulk"},{"@type":"BreadcrumbList","@id":"https:\/\/yakutta.com\/product\/date-oil\/#breadcrumb","itemListElement":[{"@type":"ListItem","position":1,"name":"Home","item":"https:\/\/yakutta.com\/"},{"@type":"ListItem","position":2,"name":"Shop","item":"https:\/\/yakutta.com\/shop\/"},{"@type":"ListItem","position":3,"name":"Date oil"}]},{"@type":"WebSite","@id":"https:\/\/yakutta.com\/#website","url":"https:\/\/yakutta.com\/","name":"Yakutta","description":"Oli all'ingrosso | Oli biologici ed essenziali all'ingrosso","publisher":{"@id":"https:\/\/yakutta.com\/#organization"},"potentialAction":[{"@type":"SearchAction","target":{"@type":"EntryPoint","urlTemplate":"https:\/\/yakutta.com\/?s={search_term_string}"},"query-input":{"@type":"PropertyValueSpecification","valueRequired":true,"valueName":"search_term_string"}}],"inLanguage":"it-IT"},{"@type":["Organization","Place"],"@id":"https:\/\/yakutta.com\/#organization","name":"Yakutta","url":"https:\/\/yakutta.com\/","logo":{"@id":"https:\/\/yakutta.com\/product\/date-oil\/#local-main-organization-logo"},"image":{"@id":"https:\/\/yakutta.com\/product\/date-oil\/#local-main-organization-logo"},"telephone":[],"openingHoursSpecification":[{"@type":"OpeningHoursSpecification","dayOfWeek":["Monday","Tuesday","Wednesday","Thursday","Friday","Saturday","Sunday"],"opens":"09:00","closes":"17:00"}]},{"@type":"ImageObject","inLanguage":"it-IT","@id":"https:\/\/yakutta.com\/product\/date-oil\/#local-main-organization-logo","url":"https:\/\/yakutta.com\/wp-content\/uploads\/2025\/04\/cropped-yakutta-icon-no-bg-2-2.png","contentUrl":"https:\/\/yakutta.com\/wp-content\/uploads\/2025\/04\/cropped-yakutta-icon-no-bg-2-2.png","width":512,"height":512,"caption":"Yakutta"}]}},"_links":{"self":[{"href":"https:\/\/yakutta.com\/it\/wp-json\/wp\/v2\/product\/2226","targetHints":{"allow":["GET"]}}],"collection":[{"href":"https:\/\/yakutta.com\/it\/wp-json\/wp\/v2\/product"}],"about":[{"href":"https:\/\/yakutta.com\/it\/wp-json\/wp\/v2\/types\/product"}],"replies":[{"embeddable":true,"href":"https:\/\/yakutta.com\/it\/wp-json\/wp\/v2\/comments?post=2226"}],"wp:featuredmedia":[{"embeddable":true,"href":"https:\/\/yakutta.com\/it\/wp-json\/wp\/v2\/media\/21290"}],"wp:attachment":[{"href":"https:\/\/yakutta.com\/it\/wp-json\/wp\/v2\/media?parent=2226"}],"wp:term":[{"taxonomy":"product_brand","embeddable":true,"href":"https:\/\/yakutta.com\/it\/wp-json\/wp\/v2\/product_brand?post=2226"},{"taxonomy":"product_cat","embeddable":true,"href":"https:\/\/yakutta.com\/it\/wp-json\/wp\/v2\/product_cat?post=2226"},{"taxonomy":"product_tag","embeddable":true,"href":"https:\/\/yakutta.com\/it\/wp-json\/wp\/v2\/product_tag?post=2226"}],"curies":[{"name":"wp","href":"https:\/\/api.w.org\/{rel}","templated":true}]}}