{"id":20098,"date":"2025-11-18T17:50:01","date_gmt":"2025-11-18T17:50:01","guid":{"rendered":"https:\/\/yakutta.com\/?post_type=product&#038;p=20098"},"modified":"2025-11-18T18:35:36","modified_gmt":"2025-11-18T18:35:36","slug":"contenitore-flexitank-per-olio-extra-vergine-di-oliva","status":"publish","type":"product","link":"https:\/\/yakutta.com\/it\/prodotto\/contenitore-flexitank-per-olio-extra-vergine-di-oliva\/","title":{"rendered":"Contenitore Flexitank per olio extra vergine di oliva"},"content":{"rendered":"<p class=\"text-sm\">Yakutta \u00e8 sinonimo di olio extra vergine di oliva premium e offre una soluzione di trasporto sfuso fantastica pensata appositamente per produttori, grandi acquirenti e distributori all'ingrosso: il contenitore Flexitank EVOO. Il nostro Flexitank \u00e8 progettato specificamente per l'olio d'oliva, realizzato con materiali multistrato di qualit\u00e0 alimentare che proteggono l'olio da ossigeno, umidit\u00e0 e luce (elementi chiave che possono compromettere il sapore e la qualit\u00e0 durante le spedizioni internazionali). Questo significa che la vostra spedizione manterr\u00e0 quella bassa acidit\u00e0 e quel gusto eccezionale che vi aspettate da un olio extra vergine di oliva biologico di alta qualit\u00e0.<\/p>\n<p class=\"text-sm\">Il nostro sistema Flexitank \u00e8 perfetto per l'olio extra vergine di oliva biologico certificato, conforme agli standard EU Organic, USDA Organic e ISO. Ogni spedizione \u00e8 sottoposta a rigorosi controlli di qualit\u00e0 per garantire purezza, tracciabilit\u00e0 e conformit\u00e0 alle normative globali sulla sicurezza alimentare. Con una capacit\u00e0 fino a 24.000 litri per contenitore, il Flexitank ottimizza il volume riducendo i costi di trasporto, rendendo le operazioni pi\u00f9 fluide e aumentando la redditivit\u00e0 per i grandi acquirenti.<\/p>\n<p class=\"text-sm\">Con un focus su stabilit\u00e0, efficienza e protezione a lunga distanza, il Flexitank EVOO di Yakutta crea un ambiente sigillato che tiene lontane le contaminazioni e preserva l'integrit\u00e0 naturale dell'olio. \u00c8 una scelta eccellente per impianti di imbottigliamento, trasformatori alimentari, marchi privati e reti all'ingrosso che necessitano di olio di alta qualit\u00e0, in grandi volumi e con costanza. Optare per il nostro contenitore Flexitank EVOO significa scegliere un modo scalabile, sicuro ed economico per trasportare olio extra vergine di oliva premium in tutto il mondo, garantendo che il vostro EVOO biologico arrivi fresco, certificato e pronto per la lavorazione immediata.<\/p>","protected":false},"excerpt":{"rendered":"<div class=\"css-186bnk2 css-lb9cx4-stack css-3sj1cp css-1bjhv8d css-1vznryd css-1soja3n\">\n<div>\n<p class=\"css-uoqnqe css-rr08kv-textFontWeight css-oi9nct-textDisplay css-1frjf7n-textWhiteSpace css-0 css-542wex\">Il contenitore Flexitank EVOO di Yakutta \u00e8 la soluzione perfetta per il trasporto di olio extra vergine di oliva sfuso. Realizzato con materiali multistrato di qualit\u00e0 alimentare, garantisce che la bassa acidit\u00e0, le certificazioni biologiche e il sapore naturale siano preservati durante le spedizioni a lunga distanza. Ogni Flexitank pu\u00f2 contenere fino a 24.000 litri, facilitando a produttori, grandi aziende e acquirenti all'ingrosso la riduzione dei costi logistici, pur consegnando EVOO biologico certificato di alta qualit\u00e0. Il sistema sigillato e privo di contaminazioni garantisce che il vostro olio d'oliva arrivi pronto per la lavorazione.<\/p>\n<\/div>\n<\/div>\n<p class=\"\" data-start=\"0\" data-end=\"341\"><strong>Forniamo Flexitank con una capacit\u00e0 di stoccaggio fino a 24.000 litri.<\/strong><\/p>\n<p class=\"\" data-start=\"0\" data-end=\"341\">Il nostro EVOO \u00e8 prodotto con rigorosi controlli di qualit\u00e0 per garantire la coerenza da un lotto all'altro. Che si tratti di miscelare, imbottigliare o incorporare come ingrediente chiave nel processo di produzione. Le aziende si rivolgono a noi per la nostra catena di fornitura affidabile, i prezzi competitivi e il supporto dedicato per gli ordini in corso.<\/p>\n<p class=\"translation-block\" data-start=\"0\" data-end=\"341\">Spediamo tutti i formati tramite <strong>trasporto terrestre<\/strong> o <strong>trasporto marittimo<\/strong>, garantendo che ogni ordine di olio extra vergine di oliva sfuso arrivi in sicurezza e puntualmente.<\/p>","protected":false},"featured_media":19831,"comment_status":"open","ping_status":"closed","template":"","meta":[],"product_brand":[],"product_cat":[74],"product_tag":[114,132,133,131],"class_list":{"0":"post-20098","1":"product","2":"type-product","3":"status-publish","4":"has-post-thumbnail","6":"product_cat-organic-oils-wholesale-products","7":"product_tag-evoo","8":"product_tag-flexitank-container","9":"product_tag-organic-evoo","10":"product_tag-organic-olive-oil","12":"first","13":"instock","14":"shipping-taxable","15":"product-type-simple"},"yoast_head":"<!-- This site is optimized with the Yoast SEO Premium plugin v26.6 (Yoast SEO v27.4) - https:\/\/yoast.com\/product\/yoast-seo-premium-wordpress\/ -->\n<title>EVOO Flexitank container - Yakutta<\/title>\n<meta name=\"description\" content=\"Yakutta delivers premium bulk EVOO globally, specialising in reliable flexitank container supply. Our EVOO boasts exceptional quality, confirmed by its low acidity and organic certifications.\" \/>\n<meta name=\"robots\" content=\"index, follow, max-snippet:-1, max-image-preview:large, max-video-preview:-1\" \/>\n<link rel=\"canonical\" href=\"https:\/\/yakutta.com\/it\/prodotto\/contenitore-flexitank-per-olio-extra-vergine-di-oliva\/\" \/>\n<meta property=\"og:locale\" content=\"it_IT\" \/>\n<meta property=\"og:type\" content=\"article\" \/>\n<meta property=\"og:title\" content=\"EVOO Flexitank container\" \/>\n<meta property=\"og:description\" content=\"Yakutta delivers premium bulk EVOO globally, specialising in reliable flexitank container supply. Our EVOO boasts exceptional quality, confirmed by its low acidity and organic certifications.\" \/>\n<meta property=\"og:url\" content=\"https:\/\/yakutta.com\/it\/prodotto\/contenitore-flexitank-per-olio-extra-vergine-di-oliva\/\" \/>\n<meta property=\"og:site_name\" content=\"Yakutta\" \/>\n<meta property=\"article:modified_time\" content=\"2025-11-18T18:35:36+00:00\" \/>\n<meta property=\"og:image\" content=\"https:\/\/yakutta.com\/wp-content\/uploads\/2025\/11\/flexitank-in-warehouse-v4.webp\" \/>\n\t<meta property=\"og:image:width\" content=\"806\" \/>\n\t<meta property=\"og:image:height\" content=\"805\" \/>\n\t<meta property=\"og:image:type\" content=\"image\/webp\" \/>\n<meta name=\"twitter:card\" content=\"summary_large_image\" \/>\n<meta name=\"twitter:label1\" content=\"Tempo di lettura stimato\" \/>\n\t<meta name=\"twitter:data1\" content=\"2 minuti\" \/>\n<script type=\"application\/ld+json\" class=\"yoast-schema-graph\">{\"@context\":\"https:\\\/\\\/schema.org\",\"@graph\":[{\"@type\":\"WebPage\",\"@id\":\"https:\\\/\\\/yakutta.com\\\/product\\\/evoo-flexitank-container\\\/\",\"url\":\"https:\\\/\\\/yakutta.com\\\/product\\\/evoo-flexitank-container\\\/\",\"name\":\"EVOO Flexitank container - Yakutta\",\"isPartOf\":{\"@id\":\"https:\\\/\\\/yakutta.com\\\/#website\"},\"primaryImageOfPage\":{\"@id\":\"https:\\\/\\\/yakutta.com\\\/product\\\/evoo-flexitank-container\\\/#primaryimage\"},\"image\":{\"@id\":\"https:\\\/\\\/yakutta.com\\\/product\\\/evoo-flexitank-container\\\/#primaryimage\"},\"thumbnailUrl\":\"https:\\\/\\\/yakutta.com\\\/wp-content\\\/uploads\\\/2025\\\/11\\\/flexitank-in-warehouse-v4.webp\",\"datePublished\":\"2025-11-18T17:50:01+00:00\",\"dateModified\":\"2025-11-18T18:35:36+00:00\",\"description\":\"Yakutta delivers premium bulk EVOO globally, specialising in reliable flexitank container supply. Our EVOO boasts exceptional quality, confirmed by its low acidity and organic certifications.\",\"breadcrumb\":{\"@id\":\"https:\\\/\\\/yakutta.com\\\/product\\\/evoo-flexitank-container\\\/#breadcrumb\"},\"inLanguage\":\"it-IT\",\"potentialAction\":[{\"@type\":\"ReadAction\",\"target\":[\"https:\\\/\\\/yakutta.com\\\/product\\\/evoo-flexitank-container\\\/\"]}]},{\"@type\":\"ImageObject\",\"inLanguage\":\"it-IT\",\"@id\":\"https:\\\/\\\/yakutta.com\\\/product\\\/evoo-flexitank-container\\\/#primaryimage\",\"url\":\"https:\\\/\\\/yakutta.com\\\/wp-content\\\/uploads\\\/2025\\\/11\\\/flexitank-in-warehouse-v4.webp\",\"contentUrl\":\"https:\\\/\\\/yakutta.com\\\/wp-content\\\/uploads\\\/2025\\\/11\\\/flexitank-in-warehouse-v4.webp\",\"width\":806,\"height\":805,\"caption\":\"flexitank in warehouse\"},{\"@type\":\"BreadcrumbList\",\"@id\":\"https:\\\/\\\/yakutta.com\\\/product\\\/evoo-flexitank-container\\\/#breadcrumb\",\"itemListElement\":[{\"@type\":\"ListItem\",\"position\":1,\"name\":\"Home\",\"item\":\"https:\\\/\\\/yakutta.com\\\/\"},{\"@type\":\"ListItem\",\"position\":2,\"name\":\"Shop\",\"item\":\"https:\\\/\\\/yakutta.com\\\/shop\\\/\"},{\"@type\":\"ListItem\",\"position\":3,\"name\":\"EVOO Flexitank container\"}]},{\"@type\":\"WebSite\",\"@id\":\"https:\\\/\\\/yakutta.com\\\/#website\",\"url\":\"https:\\\/\\\/yakutta.com\\\/\",\"name\":\"Yakutta\",\"description\":\"Oils Wholesale | Organic &amp; Essential Oils Wholesale\",\"publisher\":{\"@id\":\"https:\\\/\\\/yakutta.com\\\/#organization\"},\"potentialAction\":[{\"@type\":\"SearchAction\",\"target\":{\"@type\":\"EntryPoint\",\"urlTemplate\":\"https:\\\/\\\/yakutta.com\\\/?s={search_term_string}\"},\"query-input\":{\"@type\":\"PropertyValueSpecification\",\"valueRequired\":true,\"valueName\":\"search_term_string\"}}],\"inLanguage\":\"it-IT\"},{\"@type\":[\"Organization\",\"Place\"],\"@id\":\"https:\\\/\\\/yakutta.com\\\/#organization\",\"name\":\"Yakutta\",\"url\":\"https:\\\/\\\/yakutta.com\\\/\",\"logo\":{\"@id\":\"https:\\\/\\\/yakutta.com\\\/product\\\/evoo-flexitank-container\\\/#local-main-organization-logo\"},\"image\":{\"@id\":\"https:\\\/\\\/yakutta.com\\\/product\\\/evoo-flexitank-container\\\/#local-main-organization-logo\"},\"telephone\":[],\"openingHoursSpecification\":[{\"@type\":\"OpeningHoursSpecification\",\"dayOfWeek\":[\"Monday\",\"Tuesday\",\"Wednesday\",\"Thursday\",\"Friday\",\"Saturday\",\"Sunday\"],\"opens\":\"09:00\",\"closes\":\"17:00\"}]},{\"@type\":\"ImageObject\",\"inLanguage\":\"it-IT\",\"@id\":\"https:\\\/\\\/yakutta.com\\\/product\\\/evoo-flexitank-container\\\/#local-main-organization-logo\",\"url\":\"https:\\\/\\\/yakutta.com\\\/wp-content\\\/uploads\\\/2025\\\/04\\\/cropped-yakutta-icon-no-bg-2-2.png\",\"contentUrl\":\"https:\\\/\\\/yakutta.com\\\/wp-content\\\/uploads\\\/2025\\\/04\\\/cropped-yakutta-icon-no-bg-2-2.png\",\"width\":512,\"height\":512,\"caption\":\"Yakutta\"}]}<\/script>\n<!-- \/ Yoast SEO Premium plugin. -->","yoast_head_json":{"title":"Contenitore Flexitank per olio extra vergine di oliva - Yakutta","description":"Yakutta consegna olio extra vergine di oliva (EVOO) sfuso di qualit\u00e0 premium a livello globale, specializzandosi nella fornitura affidabile di contenitori Flexitank. Il nostro EVOO vanta una qualit\u00e0 eccezionale, confermata dalla sua bassa acidit\u00e0 e dalle certificazioni biologiche.","robots":{"index":"index","follow":"follow","max-snippet":"max-snippet:-1","max-image-preview":"max-image-preview:large","max-video-preview":"max-video-preview:-1"},"canonical":"https:\/\/yakutta.com\/it\/prodotto\/contenitore-flexitank-per-olio-extra-vergine-di-oliva\/","og_locale":"it_IT","og_type":"article","og_title":"EVOO Flexitank container","og_description":"Yakutta delivers premium bulk EVOO globally, specialising in reliable flexitank container supply. Our EVOO boasts exceptional quality, confirmed by its low acidity and organic certifications.","og_url":"https:\/\/yakutta.com\/it\/prodotto\/contenitore-flexitank-per-olio-extra-vergine-di-oliva\/","og_site_name":"Yakutta","article_modified_time":"2025-11-18T18:35:36+00:00","og_image":[{"width":806,"height":805,"url":"https:\/\/yakutta.com\/wp-content\/uploads\/2025\/11\/flexitank-in-warehouse-v4.webp","type":"image\/webp"}],"twitter_card":"summary_large_image","twitter_misc":{"Tempo di lettura stimato":"2 minuti"},"schema":{"@context":"https:\/\/schema.org","@graph":[{"@type":"WebPage","@id":"https:\/\/yakutta.com\/product\/evoo-flexitank-container\/","url":"https:\/\/yakutta.com\/product\/evoo-flexitank-container\/","name":"Contenitore Flexitank per olio extra vergine di oliva - Yakutta","isPartOf":{"@id":"https:\/\/yakutta.com\/#website"},"primaryImageOfPage":{"@id":"https:\/\/yakutta.com\/product\/evoo-flexitank-container\/#primaryimage"},"image":{"@id":"https:\/\/yakutta.com\/product\/evoo-flexitank-container\/#primaryimage"},"thumbnailUrl":"https:\/\/yakutta.com\/wp-content\/uploads\/2025\/11\/flexitank-in-warehouse-v4.webp","datePublished":"2025-11-18T17:50:01+00:00","dateModified":"2025-11-18T18:35:36+00:00","description":"Yakutta consegna olio extra vergine di oliva (EVOO) sfuso di qualit\u00e0 premium a livello globale, specializzandosi nella fornitura affidabile di contenitori Flexitank. Il nostro EVOO vanta una qualit\u00e0 eccezionale, confermata dalla sua bassa acidit\u00e0 e dalle certificazioni biologiche.","breadcrumb":{"@id":"https:\/\/yakutta.com\/product\/evoo-flexitank-container\/#breadcrumb"},"inLanguage":"it-IT","potentialAction":[{"@type":"ReadAction","target":["https:\/\/yakutta.com\/product\/evoo-flexitank-container\/"]}]},{"@type":"ImageObject","inLanguage":"it-IT","@id":"https:\/\/yakutta.com\/product\/evoo-flexitank-container\/#primaryimage","url":"https:\/\/yakutta.com\/wp-content\/uploads\/2025\/11\/flexitank-in-warehouse-v4.webp","contentUrl":"https:\/\/yakutta.com\/wp-content\/uploads\/2025\/11\/flexitank-in-warehouse-v4.webp","width":806,"height":805,"caption":"flexitank in warehouse"},{"@type":"BreadcrumbList","@id":"https:\/\/yakutta.com\/product\/evoo-flexitank-container\/#breadcrumb","itemListElement":[{"@type":"ListItem","position":1,"name":"Home","item":"https:\/\/yakutta.com\/"},{"@type":"ListItem","position":2,"name":"Shop","item":"https:\/\/yakutta.com\/shop\/"},{"@type":"ListItem","position":3,"name":"EVOO Flexitank container"}]},{"@type":"WebSite","@id":"https:\/\/yakutta.com\/#website","url":"https:\/\/yakutta.com\/","name":"Yakutta","description":"Oli all'ingrosso | Oli biologici ed essenziali all'ingrosso","publisher":{"@id":"https:\/\/yakutta.com\/#organization"},"potentialAction":[{"@type":"SearchAction","target":{"@type":"EntryPoint","urlTemplate":"https:\/\/yakutta.com\/?s={search_term_string}"},"query-input":{"@type":"PropertyValueSpecification","valueRequired":true,"valueName":"search_term_string"}}],"inLanguage":"it-IT"},{"@type":["Organization","Place"],"@id":"https:\/\/yakutta.com\/#organization","name":"Yakutta","url":"https:\/\/yakutta.com\/","logo":{"@id":"https:\/\/yakutta.com\/product\/evoo-flexitank-container\/#local-main-organization-logo"},"image":{"@id":"https:\/\/yakutta.com\/product\/evoo-flexitank-container\/#local-main-organization-logo"},"telephone":[],"openingHoursSpecification":[{"@type":"OpeningHoursSpecification","dayOfWeek":["Monday","Tuesday","Wednesday","Thursday","Friday","Saturday","Sunday"],"opens":"09:00","closes":"17:00"}]},{"@type":"ImageObject","inLanguage":"it-IT","@id":"https:\/\/yakutta.com\/product\/evoo-flexitank-container\/#local-main-organization-logo","url":"https:\/\/yakutta.com\/wp-content\/uploads\/2025\/04\/cropped-yakutta-icon-no-bg-2-2.png","contentUrl":"https:\/\/yakutta.com\/wp-content\/uploads\/2025\/04\/cropped-yakutta-icon-no-bg-2-2.png","width":512,"height":512,"caption":"Yakutta"}]}},"_links":{"self":[{"href":"https:\/\/yakutta.com\/it\/wp-json\/wp\/v2\/product\/20098","targetHints":{"allow":["GET"]}}],"collection":[{"href":"https:\/\/yakutta.com\/it\/wp-json\/wp\/v2\/product"}],"about":[{"href":"https:\/\/yakutta.com\/it\/wp-json\/wp\/v2\/types\/product"}],"replies":[{"embeddable":true,"href":"https:\/\/yakutta.com\/it\/wp-json\/wp\/v2\/comments?post=20098"}],"wp:featuredmedia":[{"embeddable":true,"href":"https:\/\/yakutta.com\/it\/wp-json\/wp\/v2\/media\/19831"}],"wp:attachment":[{"href":"https:\/\/yakutta.com\/it\/wp-json\/wp\/v2\/media?parent=20098"}],"wp:term":[{"taxonomy":"product_brand","embeddable":true,"href":"https:\/\/yakutta.com\/it\/wp-json\/wp\/v2\/product_brand?post=20098"},{"taxonomy":"product_cat","embeddable":true,"href":"https:\/\/yakutta.com\/it\/wp-json\/wp\/v2\/product_cat?post=20098"},{"taxonomy":"product_tag","embeddable":true,"href":"https:\/\/yakutta.com\/it\/wp-json\/wp\/v2\/product_tag?post=20098"}],"curies":[{"name":"wp","href":"https:\/\/api.w.org\/{rel}","templated":true}]}}