{"id":6527,"date":"2025-04-14T17:36:25","date_gmt":"2025-04-14T17:36:25","guid":{"rendered":"https:\/\/yakutta.com\/?post_type=product&#038;p=6527"},"modified":"2026-02-16T13:11:48","modified_gmt":"2026-02-16T13:11:48","slug":"melasse-de-grenade","status":"publish","type":"product","link":"https:\/\/yakutta.com\/fr\/produit\/melasse-de-grenade\/","title":{"rendered":"M\u00e9lasse de grenade"},"content":{"rendered":"<p class=\"text-body font-regular leading-[24px] pt-[9px] pb-[2px]\">Yakutta\u2019s <em>pomegranate molasse wholesale<\/em> offering captures the authentic flavours of Mediterranean tradition, crafted from the finest, sun-ripened pomegranates. This high-quality molasse boasts a tangy yet subtly sweet flavour, making it an essential ingredient for a variety of culinary applications. Whether you\u2019re creating gourmet sauces, enhancing marinades, or adding complexity to desserts and beverages, <em>pomegranate molasse wholesale<\/em> is the perfect choice for both health-conscious consumers and culinary professionals. Its versatility and premium quality reflect a dedication to traditional craftsmanship, ensuring an exceptional taste experience with every use.<\/p>\n<p class=\"text-body font-regular leading-[24px] pt-[9px] pb-[2px]\">With operational bases in Tunisia, Morocco, the United Kingdom, and Switzerland, Yakutta serves customers around the world with efficiency and reliability. Our expertise in <em>molasse and jam wholesale<\/em> guarantees seamless distribution and consistently high standards, meeting the demands of global markets. By choosing Yakutta, you\u2019re assured of a product that not only represents authentic Mediterranean heritage but also aligns with modern expectations for quality and excellence. Whether you aim to expand your product range or fulfil niche market needs, our <em>pomegranate molasse wholesale<\/em> solutions deliver richness, authenticity, and a superior culinary edge.<\/p>\n","protected":false},"excerpt":{"rendered":"<p class=\"translation-block\">Le commerce de gros de m\u00e9lasse de grenade en vrac de Yakutta allie l'h\u00e9ritage m\u00e9diterran\u00e9en \u00e0 une qualit\u00e9 in\u00e9gal\u00e9e. Con\u00e7ue pour les professionnels culinaires et les consommateurs soucieux de leur sant\u00e9, notre m\u00e9lasse de grenade en vrac offre une saveur riche et une grande polyvalence, distribu\u00e9e dans le monde entier depuis la Tunisie, le Maroc, le Royaume-Uni et la Suisse.<\/p>\n<ul>\n<li data-start=\"413\" data-end=\"449\" class=\"translation-block\">Quantit\u00e9 5 000 kg<strong> \/ mois<\/strong><\/li>\n<\/ul>\n<p class=\"translation-block\" data-start=\"535\" data-end=\"847\">Ce produit est disponible pour l'exp\u00e9dition via le <strong data-start=\"729\" data-end=\"747\">service terrestre<\/strong> et le <strong data-start=\"752\" data-end=\"767\">transport maritime<\/strong>, offrant des options de livraison flexibles et fiables pour les commandes en gros et en vrac.<\/p>","protected":false},"featured_media":31717,"comment_status":"open","ping_status":"closed","template":"","meta":[],"product_brand":[],"product_cat":[103],"product_tag":[92,106,90,107,100,91],"class_list":{"0":"post-6527","1":"product","2":"type-product","3":"status-publish","4":"has-post-thumbnail","6":"product_cat-molasse-jam","7":"product_tag-bulk","8":"product_tag-molasse","9":"product_tag-pomegranate","10":"product_tag-pomegranate-molasse","11":"product_tag-tunisia","12":"product_tag-wholesale","14":"first","15":"instock","16":"shipping-taxable","17":"product-type-simple"},"yoast_head":"<!-- This site is optimized with the Yoast SEO Premium plugin v26.6 (Yoast SEO v27.4) - https:\/\/yoast.com\/product\/yoast-seo-premium-wordpress\/ -->\n<title>Pomegranate Molasse Wholesale - Buy in Bulk | Yakutta<\/title>\n<meta name=\"description\" content=\"Discover Yakutta\u2019s premium bulk pomegranate molasse wholesale range, made from sun-ripened pomegranates. With bases in Tunisia, Morocco, the United Kingdom, and Switzerland, we offer pomegranate molasse in bulk to customers worldwide, ensuring exceptional quality, authenticity, and versatility.\" \/>\n<meta name=\"robots\" content=\"index, follow, max-snippet:-1, max-image-preview:large, max-video-preview:-1\" \/>\n<link rel=\"canonical\" href=\"https:\/\/yakutta.com\/fr\/produit\/melasse-de-grenade\/\" \/>\n<meta property=\"og:locale\" content=\"fr_FR\" \/>\n<meta property=\"og:type\" content=\"article\" \/>\n<meta property=\"og:title\" content=\"Pomegranate Molasse\" \/>\n<meta property=\"og:description\" content=\"Discover Yakutta\u2019s premium bulk pomegranate molasse wholesale range, made from sun-ripened pomegranates. With bases in Tunisia, Morocco, the United Kingdom, and Switzerland, we offer pomegranate molasse in bulk to customers worldwide, ensuring exceptional quality, authenticity, and versatility.\" \/>\n<meta property=\"og:url\" content=\"https:\/\/yakutta.com\/fr\/produit\/melasse-de-grenade\/\" \/>\n<meta property=\"og:site_name\" content=\"Yakutta\" \/>\n<meta property=\"article:modified_time\" content=\"2026-02-16T13:11:48+00:00\" \/>\n<meta property=\"og:image\" content=\"https:\/\/yakutta.com\/wp-content\/uploads\/2025\/04\/pomegranate-molasses-in-bulk-scaled.webp\" \/>\n\t<meta property=\"og:image:width\" content=\"2560\" \/>\n\t<meta property=\"og:image:height\" content=\"1396\" \/>\n\t<meta property=\"og:image:type\" content=\"image\/webp\" \/>\n<meta name=\"twitter:card\" content=\"summary_large_image\" \/>\n<meta name=\"twitter:label1\" content=\"Dur\u00e9e de lecture estim\u00e9e\" \/>\n\t<meta name=\"twitter:data1\" content=\"1 minute\" \/>\n<script type=\"application\/ld+json\" class=\"yoast-schema-graph\">{\"@context\":\"https:\\\/\\\/schema.org\",\"@graph\":[{\"@type\":\"WebPage\",\"@id\":\"https:\\\/\\\/yakutta.com\\\/product\\\/pomegranate-molasse\\\/\",\"url\":\"https:\\\/\\\/yakutta.com\\\/product\\\/pomegranate-molasse\\\/\",\"name\":\"Pomegranate Molasse Wholesale - Buy in Bulk | Yakutta\",\"isPartOf\":{\"@id\":\"https:\\\/\\\/yakutta.com\\\/#website\"},\"primaryImageOfPage\":{\"@id\":\"https:\\\/\\\/yakutta.com\\\/product\\\/pomegranate-molasse\\\/#primaryimage\"},\"image\":{\"@id\":\"https:\\\/\\\/yakutta.com\\\/product\\\/pomegranate-molasse\\\/#primaryimage\"},\"thumbnailUrl\":\"https:\\\/\\\/yakutta.com\\\/wp-content\\\/uploads\\\/2025\\\/04\\\/pomegranate-molasses-in-bulk-scaled.webp\",\"datePublished\":\"2025-04-14T17:36:25+00:00\",\"dateModified\":\"2026-02-16T13:11:48+00:00\",\"description\":\"Discover Yakutta\u2019s premium bulk pomegranate molasse wholesale range, made from sun-ripened pomegranates. With bases in Tunisia, Morocco, the United Kingdom, and Switzerland, we offer pomegranate molasse in bulk to customers worldwide, ensuring exceptional quality, authenticity, and versatility.\",\"breadcrumb\":{\"@id\":\"https:\\\/\\\/yakutta.com\\\/product\\\/pomegranate-molasse\\\/#breadcrumb\"},\"inLanguage\":\"fr-FR\",\"potentialAction\":[{\"@type\":\"ReadAction\",\"target\":[\"https:\\\/\\\/yakutta.com\\\/product\\\/pomegranate-molasse\\\/\"]}]},{\"@type\":\"ImageObject\",\"inLanguage\":\"fr-FR\",\"@id\":\"https:\\\/\\\/yakutta.com\\\/product\\\/pomegranate-molasse\\\/#primaryimage\",\"url\":\"https:\\\/\\\/yakutta.com\\\/wp-content\\\/uploads\\\/2025\\\/04\\\/pomegranate-molasses-in-bulk-scaled.webp\",\"contentUrl\":\"https:\\\/\\\/yakutta.com\\\/wp-content\\\/uploads\\\/2025\\\/04\\\/pomegranate-molasses-in-bulk-scaled.webp\",\"width\":2560,\"height\":1396,\"caption\":\"pomegranate molasses in bulk\"},{\"@type\":\"BreadcrumbList\",\"@id\":\"https:\\\/\\\/yakutta.com\\\/product\\\/pomegranate-molasse\\\/#breadcrumb\",\"itemListElement\":[{\"@type\":\"ListItem\",\"position\":1,\"name\":\"Home\",\"item\":\"https:\\\/\\\/yakutta.com\\\/\"},{\"@type\":\"ListItem\",\"position\":2,\"name\":\"Shop\",\"item\":\"https:\\\/\\\/yakutta.com\\\/shop\\\/\"},{\"@type\":\"ListItem\",\"position\":3,\"name\":\"Pomegranate Molasse\"}]},{\"@type\":\"WebSite\",\"@id\":\"https:\\\/\\\/yakutta.com\\\/#website\",\"url\":\"https:\\\/\\\/yakutta.com\\\/\",\"name\":\"Yakutta\",\"description\":\"Oils Wholesale | Organic &amp; Essential Oils Wholesale\",\"publisher\":{\"@id\":\"https:\\\/\\\/yakutta.com\\\/#organization\"},\"potentialAction\":[{\"@type\":\"SearchAction\",\"target\":{\"@type\":\"EntryPoint\",\"urlTemplate\":\"https:\\\/\\\/yakutta.com\\\/?s={search_term_string}\"},\"query-input\":{\"@type\":\"PropertyValueSpecification\",\"valueRequired\":true,\"valueName\":\"search_term_string\"}}],\"inLanguage\":\"fr-FR\"},{\"@type\":[\"Organization\",\"Place\"],\"@id\":\"https:\\\/\\\/yakutta.com\\\/#organization\",\"name\":\"Yakutta\",\"url\":\"https:\\\/\\\/yakutta.com\\\/\",\"logo\":{\"@id\":\"https:\\\/\\\/yakutta.com\\\/product\\\/pomegranate-molasse\\\/#local-main-organization-logo\"},\"image\":{\"@id\":\"https:\\\/\\\/yakutta.com\\\/product\\\/pomegranate-molasse\\\/#local-main-organization-logo\"},\"telephone\":[],\"openingHoursSpecification\":[{\"@type\":\"OpeningHoursSpecification\",\"dayOfWeek\":[\"Monday\",\"Tuesday\",\"Wednesday\",\"Thursday\",\"Friday\",\"Saturday\",\"Sunday\"],\"opens\":\"09:00\",\"closes\":\"17:00\"}]},{\"@type\":\"ImageObject\",\"inLanguage\":\"fr-FR\",\"@id\":\"https:\\\/\\\/yakutta.com\\\/product\\\/pomegranate-molasse\\\/#local-main-organization-logo\",\"url\":\"https:\\\/\\\/yakutta.com\\\/wp-content\\\/uploads\\\/2025\\\/04\\\/cropped-yakutta-icon-no-bg-2-2.png\",\"contentUrl\":\"https:\\\/\\\/yakutta.com\\\/wp-content\\\/uploads\\\/2025\\\/04\\\/cropped-yakutta-icon-no-bg-2-2.png\",\"width\":512,\"height\":512,\"caption\":\"Yakutta\"}]}<\/script>\n<!-- \/ Yoast SEO Premium plugin. -->","yoast_head_json":{"title":"M\u00e9lasse de grenade en gros - Achetez en vrac | Yakutta","description":"D\u00e9couvrez la gamme de molasse de grenade en vrac de premi\u00e8re qualit\u00e9 de Yakutta, fabriqu\u00e9e \u00e0 partir de grenades m\u00fbries au soleil. Bas\u00e9s en Tunisie, au Maroc, au Royaume-Uni et en Suisse, nous proposons de la molasse de grenade en vrac \u00e0 des clients du monde entier, garantissant ainsi une qualit\u00e9, une authenticit\u00e9 et une polyvalence exceptionnelles.","robots":{"index":"index","follow":"follow","max-snippet":"max-snippet:-1","max-image-preview":"max-image-preview:large","max-video-preview":"max-video-preview:-1"},"canonical":"https:\/\/yakutta.com\/fr\/produit\/melasse-de-grenade\/","og_locale":"fr_FR","og_type":"article","og_title":"Pomegranate Molasse","og_description":"Discover Yakutta\u2019s premium bulk pomegranate molasse wholesale range, made from sun-ripened pomegranates. With bases in Tunisia, Morocco, the United Kingdom, and Switzerland, we offer pomegranate molasse in bulk to customers worldwide, ensuring exceptional quality, authenticity, and versatility.","og_url":"https:\/\/yakutta.com\/fr\/produit\/melasse-de-grenade\/","og_site_name":"Yakutta","article_modified_time":"2026-02-16T13:11:48+00:00","og_image":[{"width":2560,"height":1396,"url":"https:\/\/yakutta.com\/wp-content\/uploads\/2025\/04\/pomegranate-molasses-in-bulk-scaled.webp","type":"image\/webp"}],"twitter_card":"summary_large_image","twitter_misc":{"Dur\u00e9e de lecture estim\u00e9e":"1 minute"},"schema":{"@context":"https:\/\/schema.org","@graph":[{"@type":"WebPage","@id":"https:\/\/yakutta.com\/product\/pomegranate-molasse\/","url":"https:\/\/yakutta.com\/product\/pomegranate-molasse\/","name":"M\u00e9lasse de grenade en gros - Achetez en vrac | Yakutta","isPartOf":{"@id":"https:\/\/yakutta.com\/#website"},"primaryImageOfPage":{"@id":"https:\/\/yakutta.com\/product\/pomegranate-molasse\/#primaryimage"},"image":{"@id":"https:\/\/yakutta.com\/product\/pomegranate-molasse\/#primaryimage"},"thumbnailUrl":"https:\/\/yakutta.com\/wp-content\/uploads\/2025\/04\/pomegranate-molasses-in-bulk-scaled.webp","datePublished":"2025-04-14T17:36:25+00:00","dateModified":"2026-02-16T13:11:48+00:00","description":"D\u00e9couvrez la gamme de molasse de grenade en vrac de premi\u00e8re qualit\u00e9 de Yakutta, fabriqu\u00e9e \u00e0 partir de grenades m\u00fbries au soleil. Bas\u00e9s en Tunisie, au Maroc, au Royaume-Uni et en Suisse, nous proposons de la molasse de grenade en vrac \u00e0 des clients du monde entier, garantissant ainsi une qualit\u00e9, une authenticit\u00e9 et une polyvalence exceptionnelles.","breadcrumb":{"@id":"https:\/\/yakutta.com\/product\/pomegranate-molasse\/#breadcrumb"},"inLanguage":"fr-FR","potentialAction":[{"@type":"ReadAction","target":["https:\/\/yakutta.com\/product\/pomegranate-molasse\/"]}]},{"@type":"ImageObject","inLanguage":"fr-FR","@id":"https:\/\/yakutta.com\/product\/pomegranate-molasse\/#primaryimage","url":"https:\/\/yakutta.com\/wp-content\/uploads\/2025\/04\/pomegranate-molasses-in-bulk-scaled.webp","contentUrl":"https:\/\/yakutta.com\/wp-content\/uploads\/2025\/04\/pomegranate-molasses-in-bulk-scaled.webp","width":2560,"height":1396,"caption":"pomegranate molasses in bulk"},{"@type":"BreadcrumbList","@id":"https:\/\/yakutta.com\/product\/pomegranate-molasse\/#breadcrumb","itemListElement":[{"@type":"ListItem","position":1,"name":"Home","item":"https:\/\/yakutta.com\/"},{"@type":"ListItem","position":2,"name":"Shop","item":"https:\/\/yakutta.com\/shop\/"},{"@type":"ListItem","position":3,"name":"Pomegranate Molasse"}]},{"@type":"WebSite","@id":"https:\/\/yakutta.com\/#website","url":"https:\/\/yakutta.com\/","name":"Yakutta","description":"Huiles en gros | Huiles essentielles et biologiques en gros","publisher":{"@id":"https:\/\/yakutta.com\/#organization"},"potentialAction":[{"@type":"SearchAction","target":{"@type":"EntryPoint","urlTemplate":"https:\/\/yakutta.com\/?s={search_term_string}"},"query-input":{"@type":"PropertyValueSpecification","valueRequired":true,"valueName":"search_term_string"}}],"inLanguage":"fr-FR"},{"@type":["Organization","Place"],"@id":"https:\/\/yakutta.com\/#organization","name":"Yakutta","url":"https:\/\/yakutta.com\/","logo":{"@id":"https:\/\/yakutta.com\/product\/pomegranate-molasse\/#local-main-organization-logo"},"image":{"@id":"https:\/\/yakutta.com\/product\/pomegranate-molasse\/#local-main-organization-logo"},"telephone":[],"openingHoursSpecification":[{"@type":"OpeningHoursSpecification","dayOfWeek":["Monday","Tuesday","Wednesday","Thursday","Friday","Saturday","Sunday"],"opens":"09:00","closes":"17:00"}]},{"@type":"ImageObject","inLanguage":"fr-FR","@id":"https:\/\/yakutta.com\/product\/pomegranate-molasse\/#local-main-organization-logo","url":"https:\/\/yakutta.com\/wp-content\/uploads\/2025\/04\/cropped-yakutta-icon-no-bg-2-2.png","contentUrl":"https:\/\/yakutta.com\/wp-content\/uploads\/2025\/04\/cropped-yakutta-icon-no-bg-2-2.png","width":512,"height":512,"caption":"Yakutta"}]}},"_links":{"self":[{"href":"https:\/\/yakutta.com\/fr\/wp-json\/wp\/v2\/product\/6527","targetHints":{"allow":["GET"]}}],"collection":[{"href":"https:\/\/yakutta.com\/fr\/wp-json\/wp\/v2\/product"}],"about":[{"href":"https:\/\/yakutta.com\/fr\/wp-json\/wp\/v2\/types\/product"}],"replies":[{"embeddable":true,"href":"https:\/\/yakutta.com\/fr\/wp-json\/wp\/v2\/comments?post=6527"}],"wp:featuredmedia":[{"embeddable":true,"href":"https:\/\/yakutta.com\/fr\/wp-json\/wp\/v2\/media\/31717"}],"wp:attachment":[{"href":"https:\/\/yakutta.com\/fr\/wp-json\/wp\/v2\/media?parent=6527"}],"wp:term":[{"taxonomy":"product_brand","embeddable":true,"href":"https:\/\/yakutta.com\/fr\/wp-json\/wp\/v2\/product_brand?post=6527"},{"taxonomy":"product_cat","embeddable":true,"href":"https:\/\/yakutta.com\/fr\/wp-json\/wp\/v2\/product_cat?post=6527"},{"taxonomy":"product_tag","embeddable":true,"href":"https:\/\/yakutta.com\/fr\/wp-json\/wp\/v2\/product_tag?post=6527"}],"curies":[{"name":"wp","href":"https:\/\/api.w.org\/{rel}","templated":true}]}}