{"id":6523,"date":"2025-04-14T17:25:58","date_gmt":"2025-04-14T17:25:58","guid":{"rendered":"https:\/\/yakutta.com\/?post_type=product&#038;p=6523"},"modified":"2026-02-16T13:17:03","modified_gmt":"2026-02-16T13:17:03","slug":"melasse-de-dattes","status":"publish","type":"product","link":"https:\/\/yakutta.com\/fr\/produit\/melasse-de-dattes\/","title":{"rendered":"M\u00e9lasse de dattes"},"content":{"rendered":"<p data-start=\"169\" data-end=\"448\">Avec une pr\u00e9sence mondiale en Tunisie, au Maroc, au Royaume-Uni et en Suisse, Yakutta sert fi\u00e8rement ses clients partout dans le monde. Notre expertise dans le commerce de m\u00e9lasse et de confitures en gros nous permet de fournir des solutions fiables aux distributeurs, d\u00e9taillants et prestataires de services alimentaires. Chaque exp\u00e9dition est trait\u00e9e avec soin, refl\u00e9tant notre engagement envers la qualit\u00e9 et l\u2019authenticit\u00e9 de nos produits. Que vous souhaitiez r\u00e9pondre \u00e0 des march\u00e9s de niche ou \u00e9largir votre gamme de produits, le service de m\u00e9lasse de dattes en gros de Yakutta offre une exp\u00e9rience riche et savoureuse.<\/p>\n<p data-start=\"727\" data-end=\"922\">Fabriqu\u00e9e \u00e0 partir de dattes soigneusement s\u00e9lectionn\u00e9es et m\u00fbries au soleil, notre m\u00e9lasse offre une douceur naturelle, une saveur profonde et une polyvalence exceptionnelle. Elle est id\u00e9ale pour les desserts, les boissons, les sauces et les recettes sal\u00e9es. En choisissant Yakutta, vous acc\u00e9dez \u00e0 la m\u00e9lasse de dattes en gros, qui combine l\u2019essence exotique de la Tunisie avec des standards internationaux constants. Partenariat avec nous pour apporter la richesse dor\u00e9e de notre m\u00e9lasse \u00e0 vos clients, en garantissant une qualit\u00e9 premium dans chaque pot.<\/p>","protected":false},"excerpt":{"rendered":"<p>Yakutta se concentre sur la m\u00e9lasse de dattes en gros, alliant les saveurs authentiques de Tunisie \u00e0 une qualit\u00e9 exceptionnelle. Id\u00e9ale pour les desserts, les boissons et les plats sal\u00e9s, notre m\u00e9lasse de dattes en vrac est une option saine et polyvalente pour les distributeurs et professionnels de la cuisine du monde entier.<\/p>\n<ul>\n<li data-start=\"413\" data-end=\"449\" class=\"translation-block\"><b>Quantit\u00e9 60 000 kg<\/b><strong> \/ mois<\/strong><\/li>\n<\/ul>\n<p class=\"translation-block\" data-start=\"535\" data-end=\"847\">Ce produit est disponible pour l'exp\u00e9dition via le <strong data-start=\"729\" data-end=\"747\">service terrestre<\/strong> et le <strong data-start=\"752\" data-end=\"767\">transport maritime<\/strong>, offrant des options de livraison flexibles et fiables pour les commandes en gros et en vrac.<\/p>","protected":false},"featured_media":31719,"comment_status":"open","ping_status":"closed","template":"","meta":[],"product_brand":[],"product_cat":[103],"product_tag":[92,105,106,100,95,91],"class_list":{"0":"post-6523","1":"product","2":"type-product","3":"status-publish","4":"has-post-thumbnail","6":"product_cat-molasse-jam","7":"product_tag-bulk","8":"product_tag-date","9":"product_tag-molasse","10":"product_tag-tunisia","11":"product_tag-tunisian-date","12":"product_tag-wholesale","14":"first","15":"instock","16":"shipping-taxable","17":"product-type-simple"},"yoast_head":"<!-- This site is optimized with the Yoast SEO Premium plugin v26.6 (Yoast SEO v27.4) - https:\/\/yoast.com\/product\/yoast-seo-premium-wordpress\/ -->\n<title>Date Molasses Wholesale - Bulk supplier - Yakutta<\/title>\n<meta name=\"description\" content=\"Explore Yakutta\u2019s premium bulk date molasses wholesale range, crafted from the finest dates. We serve globally, offering date molasse in bulk for health-conscious consumers and culinary professionals.\" \/>\n<meta name=\"robots\" content=\"index, follow, max-snippet:-1, max-image-preview:large, max-video-preview:-1\" \/>\n<link rel=\"canonical\" href=\"https:\/\/yakutta.com\/fr\/produit\/melasse-de-dattes\/\" \/>\n<meta property=\"og:locale\" content=\"fr_FR\" \/>\n<meta property=\"og:type\" content=\"article\" \/>\n<meta property=\"og:title\" content=\"Date Molasse\" \/>\n<meta property=\"og:description\" content=\"Explore Yakutta\u2019s premium bulk date molasses wholesale range, crafted from the finest dates. We serve globally, offering date molasse in bulk for health-conscious consumers and culinary professionals.\" \/>\n<meta property=\"og:url\" content=\"https:\/\/yakutta.com\/fr\/produit\/melasse-de-dattes\/\" \/>\n<meta property=\"og:site_name\" content=\"Yakutta\" \/>\n<meta property=\"article:modified_time\" content=\"2026-02-16T13:17:03+00:00\" \/>\n<meta property=\"og:image\" content=\"https:\/\/yakutta.com\/wp-content\/uploads\/2025\/04\/date-molasses-in-bulk-scaled.webp\" \/>\n\t<meta property=\"og:image:width\" content=\"2560\" \/>\n\t<meta property=\"og:image:height\" content=\"1396\" \/>\n\t<meta property=\"og:image:type\" content=\"image\/webp\" \/>\n<meta name=\"twitter:card\" content=\"summary_large_image\" \/>\n<meta name=\"twitter:label1\" content=\"Dur\u00e9e de lecture estim\u00e9e\" \/>\n\t<meta name=\"twitter:data1\" content=\"1 minute\" \/>\n<script type=\"application\/ld+json\" class=\"yoast-schema-graph\">{\"@context\":\"https:\\\/\\\/schema.org\",\"@graph\":[{\"@type\":\"WebPage\",\"@id\":\"https:\\\/\\\/yakutta.com\\\/product\\\/date-molasse\\\/\",\"url\":\"https:\\\/\\\/yakutta.com\\\/product\\\/date-molasse\\\/\",\"name\":\"Date Molasses Wholesale - Bulk supplier - Yakutta\",\"isPartOf\":{\"@id\":\"https:\\\/\\\/yakutta.com\\\/#website\"},\"primaryImageOfPage\":{\"@id\":\"https:\\\/\\\/yakutta.com\\\/product\\\/date-molasse\\\/#primaryimage\"},\"image\":{\"@id\":\"https:\\\/\\\/yakutta.com\\\/product\\\/date-molasse\\\/#primaryimage\"},\"thumbnailUrl\":\"https:\\\/\\\/yakutta.com\\\/wp-content\\\/uploads\\\/2025\\\/04\\\/date-molasses-in-bulk-scaled.webp\",\"datePublished\":\"2025-04-14T17:25:58+00:00\",\"dateModified\":\"2026-02-16T13:17:03+00:00\",\"description\":\"Explore Yakutta\u2019s premium bulk date molasses wholesale range, crafted from the finest dates. We serve globally, offering date molasse in bulk for health-conscious consumers and culinary professionals.\",\"breadcrumb\":{\"@id\":\"https:\\\/\\\/yakutta.com\\\/product\\\/date-molasse\\\/#breadcrumb\"},\"inLanguage\":\"fr-FR\",\"potentialAction\":[{\"@type\":\"ReadAction\",\"target\":[\"https:\\\/\\\/yakutta.com\\\/product\\\/date-molasse\\\/\"]}]},{\"@type\":\"ImageObject\",\"inLanguage\":\"fr-FR\",\"@id\":\"https:\\\/\\\/yakutta.com\\\/product\\\/date-molasse\\\/#primaryimage\",\"url\":\"https:\\\/\\\/yakutta.com\\\/wp-content\\\/uploads\\\/2025\\\/04\\\/date-molasses-in-bulk-scaled.webp\",\"contentUrl\":\"https:\\\/\\\/yakutta.com\\\/wp-content\\\/uploads\\\/2025\\\/04\\\/date-molasses-in-bulk-scaled.webp\",\"width\":2560,\"height\":1396,\"caption\":\"date molasses in bulk\"},{\"@type\":\"BreadcrumbList\",\"@id\":\"https:\\\/\\\/yakutta.com\\\/product\\\/date-molasse\\\/#breadcrumb\",\"itemListElement\":[{\"@type\":\"ListItem\",\"position\":1,\"name\":\"Home\",\"item\":\"https:\\\/\\\/yakutta.com\\\/\"},{\"@type\":\"ListItem\",\"position\":2,\"name\":\"Shop\",\"item\":\"https:\\\/\\\/yakutta.com\\\/shop\\\/\"},{\"@type\":\"ListItem\",\"position\":3,\"name\":\"Date Molasse\"}]},{\"@type\":\"WebSite\",\"@id\":\"https:\\\/\\\/yakutta.com\\\/#website\",\"url\":\"https:\\\/\\\/yakutta.com\\\/\",\"name\":\"Yakutta\",\"description\":\"Oils Wholesale | Organic &amp; Essential Oils Wholesale\",\"publisher\":{\"@id\":\"https:\\\/\\\/yakutta.com\\\/#organization\"},\"potentialAction\":[{\"@type\":\"SearchAction\",\"target\":{\"@type\":\"EntryPoint\",\"urlTemplate\":\"https:\\\/\\\/yakutta.com\\\/?s={search_term_string}\"},\"query-input\":{\"@type\":\"PropertyValueSpecification\",\"valueRequired\":true,\"valueName\":\"search_term_string\"}}],\"inLanguage\":\"fr-FR\"},{\"@type\":[\"Organization\",\"Place\"],\"@id\":\"https:\\\/\\\/yakutta.com\\\/#organization\",\"name\":\"Yakutta\",\"url\":\"https:\\\/\\\/yakutta.com\\\/\",\"logo\":{\"@id\":\"https:\\\/\\\/yakutta.com\\\/product\\\/date-molasse\\\/#local-main-organization-logo\"},\"image\":{\"@id\":\"https:\\\/\\\/yakutta.com\\\/product\\\/date-molasse\\\/#local-main-organization-logo\"},\"telephone\":[],\"openingHoursSpecification\":[{\"@type\":\"OpeningHoursSpecification\",\"dayOfWeek\":[\"Monday\",\"Tuesday\",\"Wednesday\",\"Thursday\",\"Friday\",\"Saturday\",\"Sunday\"],\"opens\":\"09:00\",\"closes\":\"17:00\"}]},{\"@type\":\"ImageObject\",\"inLanguage\":\"fr-FR\",\"@id\":\"https:\\\/\\\/yakutta.com\\\/product\\\/date-molasse\\\/#local-main-organization-logo\",\"url\":\"https:\\\/\\\/yakutta.com\\\/wp-content\\\/uploads\\\/2025\\\/04\\\/cropped-yakutta-icon-no-bg-2-2.png\",\"contentUrl\":\"https:\\\/\\\/yakutta.com\\\/wp-content\\\/uploads\\\/2025\\\/04\\\/cropped-yakutta-icon-no-bg-2-2.png\",\"width\":512,\"height\":512,\"caption\":\"Yakutta\"}]}<\/script>\n<!-- \/ Yoast SEO Premium plugin. -->","yoast_head_json":{"title":"M\u00e9lasse de dattes en gros \u2013 Fournisseur en vrac \u2013 Yakutta","description":"D\u00e9couvrez la gamme premium de m\u00e9lasse de dattes en gros de Yakutta, \u00e9labor\u00e9e \u00e0 partir des meilleures dattes. Nous desservons le march\u00e9 mondial, offrant de la m\u00e9lasse de dattes en vrac pour les consommateurs soucieux de leur sant\u00e9 et les professionnels de la cuisine.","robots":{"index":"index","follow":"follow","max-snippet":"max-snippet:-1","max-image-preview":"max-image-preview:large","max-video-preview":"max-video-preview:-1"},"canonical":"https:\/\/yakutta.com\/fr\/produit\/melasse-de-dattes\/","og_locale":"fr_FR","og_type":"article","og_title":"Date Molasse","og_description":"Explore Yakutta\u2019s premium bulk date molasses wholesale range, crafted from the finest dates. We serve globally, offering date molasse in bulk for health-conscious consumers and culinary professionals.","og_url":"https:\/\/yakutta.com\/fr\/produit\/melasse-de-dattes\/","og_site_name":"Yakutta","article_modified_time":"2026-02-16T13:17:03+00:00","og_image":[{"width":2560,"height":1396,"url":"https:\/\/yakutta.com\/wp-content\/uploads\/2025\/04\/date-molasses-in-bulk-scaled.webp","type":"image\/webp"}],"twitter_card":"summary_large_image","twitter_misc":{"Dur\u00e9e de lecture estim\u00e9e":"1 minute"},"schema":{"@context":"https:\/\/schema.org","@graph":[{"@type":"WebPage","@id":"https:\/\/yakutta.com\/product\/date-molasse\/","url":"https:\/\/yakutta.com\/product\/date-molasse\/","name":"M\u00e9lasse de dattes en gros \u2013 Fournisseur en vrac \u2013 Yakutta","isPartOf":{"@id":"https:\/\/yakutta.com\/#website"},"primaryImageOfPage":{"@id":"https:\/\/yakutta.com\/product\/date-molasse\/#primaryimage"},"image":{"@id":"https:\/\/yakutta.com\/product\/date-molasse\/#primaryimage"},"thumbnailUrl":"https:\/\/yakutta.com\/wp-content\/uploads\/2025\/04\/date-molasses-in-bulk-scaled.webp","datePublished":"2025-04-14T17:25:58+00:00","dateModified":"2026-02-16T13:17:03+00:00","description":"D\u00e9couvrez la gamme premium de m\u00e9lasse de dattes en gros de Yakutta, \u00e9labor\u00e9e \u00e0 partir des meilleures dattes. Nous desservons le march\u00e9 mondial, offrant de la m\u00e9lasse de dattes en vrac pour les consommateurs soucieux de leur sant\u00e9 et les professionnels de la cuisine.","breadcrumb":{"@id":"https:\/\/yakutta.com\/product\/date-molasse\/#breadcrumb"},"inLanguage":"fr-FR","potentialAction":[{"@type":"ReadAction","target":["https:\/\/yakutta.com\/product\/date-molasse\/"]}]},{"@type":"ImageObject","inLanguage":"fr-FR","@id":"https:\/\/yakutta.com\/product\/date-molasse\/#primaryimage","url":"https:\/\/yakutta.com\/wp-content\/uploads\/2025\/04\/date-molasses-in-bulk-scaled.webp","contentUrl":"https:\/\/yakutta.com\/wp-content\/uploads\/2025\/04\/date-molasses-in-bulk-scaled.webp","width":2560,"height":1396,"caption":"date molasses in bulk"},{"@type":"BreadcrumbList","@id":"https:\/\/yakutta.com\/product\/date-molasse\/#breadcrumb","itemListElement":[{"@type":"ListItem","position":1,"name":"Home","item":"https:\/\/yakutta.com\/"},{"@type":"ListItem","position":2,"name":"Shop","item":"https:\/\/yakutta.com\/shop\/"},{"@type":"ListItem","position":3,"name":"Date Molasse"}]},{"@type":"WebSite","@id":"https:\/\/yakutta.com\/#website","url":"https:\/\/yakutta.com\/","name":"Yakutta","description":"Huiles en gros | Huiles essentielles et biologiques en gros","publisher":{"@id":"https:\/\/yakutta.com\/#organization"},"potentialAction":[{"@type":"SearchAction","target":{"@type":"EntryPoint","urlTemplate":"https:\/\/yakutta.com\/?s={search_term_string}"},"query-input":{"@type":"PropertyValueSpecification","valueRequired":true,"valueName":"search_term_string"}}],"inLanguage":"fr-FR"},{"@type":["Organization","Place"],"@id":"https:\/\/yakutta.com\/#organization","name":"Yakutta","url":"https:\/\/yakutta.com\/","logo":{"@id":"https:\/\/yakutta.com\/product\/date-molasse\/#local-main-organization-logo"},"image":{"@id":"https:\/\/yakutta.com\/product\/date-molasse\/#local-main-organization-logo"},"telephone":[],"openingHoursSpecification":[{"@type":"OpeningHoursSpecification","dayOfWeek":["Monday","Tuesday","Wednesday","Thursday","Friday","Saturday","Sunday"],"opens":"09:00","closes":"17:00"}]},{"@type":"ImageObject","inLanguage":"fr-FR","@id":"https:\/\/yakutta.com\/product\/date-molasse\/#local-main-organization-logo","url":"https:\/\/yakutta.com\/wp-content\/uploads\/2025\/04\/cropped-yakutta-icon-no-bg-2-2.png","contentUrl":"https:\/\/yakutta.com\/wp-content\/uploads\/2025\/04\/cropped-yakutta-icon-no-bg-2-2.png","width":512,"height":512,"caption":"Yakutta"}]}},"_links":{"self":[{"href":"https:\/\/yakutta.com\/fr\/wp-json\/wp\/v2\/product\/6523","targetHints":{"allow":["GET"]}}],"collection":[{"href":"https:\/\/yakutta.com\/fr\/wp-json\/wp\/v2\/product"}],"about":[{"href":"https:\/\/yakutta.com\/fr\/wp-json\/wp\/v2\/types\/product"}],"replies":[{"embeddable":true,"href":"https:\/\/yakutta.com\/fr\/wp-json\/wp\/v2\/comments?post=6523"}],"wp:featuredmedia":[{"embeddable":true,"href":"https:\/\/yakutta.com\/fr\/wp-json\/wp\/v2\/media\/31719"}],"wp:attachment":[{"href":"https:\/\/yakutta.com\/fr\/wp-json\/wp\/v2\/media?parent=6523"}],"wp:term":[{"taxonomy":"product_brand","embeddable":true,"href":"https:\/\/yakutta.com\/fr\/wp-json\/wp\/v2\/product_brand?post=6523"},{"taxonomy":"product_cat","embeddable":true,"href":"https:\/\/yakutta.com\/fr\/wp-json\/wp\/v2\/product_cat?post=6523"},{"taxonomy":"product_tag","embeddable":true,"href":"https:\/\/yakutta.com\/fr\/wp-json\/wp\/v2\/product_tag?post=6523"}],"curies":[{"name":"wp","href":"https:\/\/api.w.org\/{rel}","templated":true}]}}