{"id":6518,"date":"2025-04-14T16:43:38","date_gmt":"2025-04-14T16:43:38","guid":{"rendered":"https:\/\/yakutta.com\/?post_type=product&#038;p=6518"},"modified":"2026-03-13T22:46:46","modified_gmt":"2026-03-13T22:46:46","slug":"confiture-de-figue-de-barbarie","status":"publish","type":"product","link":"https:\/\/yakutta.com\/fr\/produit\/confiture-de-figue-de-barbarie\/","title":{"rendered":"Confiture de figue de barbarie"},"content":{"rendered":"<p class=\"text-body font-regular leading-[24px] pt-[9px] pb-[2px]\">Yakutta\u2019s prickly pear jam is a true celebration of Tunisia\u2019s culinary heritage, showcasing the rich, exotic flavours of this unique fruit. Carefully crafted from the finest Tunisian prickly pears, each jar is bursting with natural sweetness and a vibrant, zesty taste that brings a touch of elegance to any dish. Its silky texture and premium quality make it a versatile addition to kitchens, whether used to enhance gourmet desserts, spread over toast, or as a creative ingredient in savoury recipes. The jam\u2019s nutritional benefits also make it a favourite among health-conscious individuals and culinary enthusiasts alike, providing a delicious yet wholesome option. For those seeking <em>prickly pear jam wholesale<\/em> or <em>bulk prickly pear jam wholesale<\/em>, Yakutta offers a product that stands out for both authenticity and excellence.<\/p>\n<p class=\"text-body font-regular leading-[24px] pt-[9px] pb-[2px]\">At Yakutta, we pride ourselves on blending tradition with innovation to deliver products that capture the essence of Tunisia. Operating from our four strategically located bases, we serve customers across the globe, ensuring that the authentic taste of our prickly pear jam reaches tables far and wide. Yakutta has established a strong reputation in the market for <em>bulk molasse and jam wholesale<\/em>, providing reliable solutions for distributors, retailers, and food service providers. Whether you are a local business or an international supplier, our prickly pear jam is designed to meet the highest standards of quality and consistency.<\/p>\n<p class=\"text-body font-regular leading-[24px] pt-[9px] pb-[2px]\">Rooted in time-honoured Tunisian traditions, Yakutta\u2019s prickly pear jam offers an unforgettable taste experience with a distinctive exotic edge. Our commitment to excellence ensures that every jar encapsulates the rich flavours of Tunisia, paired with the modern appeal that today\u2019s global market demands. From its origins in Tunisia to dining tables around the world, <em>prickly pear jam wholesale<\/em> options like Yakutta\u2019s continue to delight customers and inspire chefs to create exceptional culinary experiences.<\/p>\n","protected":false},"excerpt":{"rendered":"<p>La confiture de figue de barbarie tunisienne de Yakutta est un m\u00e9lange premium \u00e9labor\u00e9 \u00e0 partir des meilleures figues de barbarie locales. Avec sa douceur unique et sa texture velout\u00e9e, elle est parfaite pour la cr\u00e9ativit\u00e9 culinaire ou comme ajout d\u00e9licieux aux tartines du petit-d\u00e9jeuner. Id\u00e9ale pour les d\u00e9taillants et les distributeurs, notre offre de confiture de figue de barbarie en gros garantit une qualit\u00e9 exceptionnelle et une disponibilit\u00e9 mondiale avec chaque pot.<\/p>\n<ul>\n<li data-start=\"413\" data-end=\"449\" class=\"translation-block\"><b>Quantit\u00e9 60 000 kg<\/b><strong> \/ mois<\/strong><\/li>\n<\/ul>\n<p class=\"translation-block\" data-start=\"535\" data-end=\"847\">Ce produit est disponible pour l'exp\u00e9dition via le <strong data-start=\"729\" data-end=\"747\">service terrestre<\/strong> et le <strong data-start=\"752\" data-end=\"767\">transport maritime<\/strong>, offrant des options de livraison flexibles et fiables pour les commandes en gros et en vrac.<\/p>","protected":false},"featured_media":33214,"comment_status":"open","ping_status":"closed","template":"","meta":[],"product_brand":[],"product_cat":[103],"product_tag":[92,104,99,100,101,91],"class_list":{"0":"post-6518","1":"product","2":"type-product","3":"status-publish","4":"has-post-thumbnail","6":"product_cat-molasse-jam","7":"product_tag-bulk","8":"product_tag-jam","9":"product_tag-prickly-pear","10":"product_tag-tunisia","11":"product_tag-tunisian-prickly-pear","12":"product_tag-wholesale","14":"first","15":"instock","16":"shipping-taxable","17":"product-type-simple"},"yoast_head":"<!-- This site is optimized with the Yoast SEO Premium plugin v26.6 (Yoast SEO v27.4) - https:\/\/yoast.com\/product\/yoast-seo-premium-wordpress\/ -->\n<title>Prickly Pear Jam Wholesale - Bulk Prickly Pear Jam<\/title>\n<meta name=\"description\" content=\"Yakutta\u2019s prickly pear jam is a premium delight crafted from the finest locally sourced prickly pears. Renowned for its natural sweetness and vibrant flavour, it is perfect for gourmet dishes or breakfast spreads. Available for bulk prickly pear jam wholesale Yakutta also specialises in bulk molasse and jam wholesale. With four operational bases (Tunsia - Morocco - Switzerland - Uk) and global distribution, Yakutta ensures authentic Tunisian quality reaches markets worldwide.\" \/>\n<meta name=\"robots\" content=\"index, follow, max-snippet:-1, max-image-preview:large, max-video-preview:-1\" \/>\n<link rel=\"canonical\" href=\"https:\/\/yakutta.com\/fr\/produit\/confiture-de-figue-de-barbarie\/\" \/>\n<meta property=\"og:locale\" content=\"fr_FR\" \/>\n<meta property=\"og:type\" content=\"article\" \/>\n<meta property=\"og:title\" content=\"prickly pear Jam\" \/>\n<meta property=\"og:description\" content=\"Yakutta\u2019s prickly pear jam is a premium delight crafted from the finest locally sourced prickly pears. Renowned for its natural sweetness and vibrant flavour, it is perfect for gourmet dishes or breakfast spreads. Available for bulk prickly pear jam wholesale Yakutta also specialises in bulk molasse and jam wholesale. With four operational bases (Tunsia - Morocco - Switzerland - Uk) and global distribution, Yakutta ensures authentic Tunisian quality reaches markets worldwide.\" \/>\n<meta property=\"og:url\" content=\"https:\/\/yakutta.com\/fr\/produit\/confiture-de-figue-de-barbarie\/\" \/>\n<meta property=\"og:site_name\" content=\"Yakutta\" \/>\n<meta property=\"article:modified_time\" content=\"2026-03-13T22:46:46+00:00\" \/>\n<meta property=\"og:image\" content=\"https:\/\/yakutta.com\/wp-content\/uploads\/2025\/04\/prickly-pear-jamin-bulk.webp\" \/>\n\t<meta property=\"og:image:width\" content=\"2013\" \/>\n\t<meta property=\"og:image:height\" content=\"1535\" \/>\n\t<meta property=\"og:image:type\" content=\"image\/webp\" \/>\n<meta name=\"twitter:card\" content=\"summary_large_image\" \/>\n<meta name=\"twitter:label1\" content=\"Dur\u00e9e de lecture estim\u00e9e\" \/>\n\t<meta name=\"twitter:data1\" content=\"2 minutes\" \/>\n<script type=\"application\/ld+json\" class=\"yoast-schema-graph\">{\"@context\":\"https:\\\/\\\/schema.org\",\"@graph\":[{\"@type\":\"WebPage\",\"@id\":\"https:\\\/\\\/yakutta.com\\\/product\\\/prickly-pear-jam\\\/\",\"url\":\"https:\\\/\\\/yakutta.com\\\/product\\\/prickly-pear-jam\\\/\",\"name\":\"Prickly Pear Jam Wholesale - Bulk Prickly Pear Jam\",\"isPartOf\":{\"@id\":\"https:\\\/\\\/yakutta.com\\\/#website\"},\"primaryImageOfPage\":{\"@id\":\"https:\\\/\\\/yakutta.com\\\/product\\\/prickly-pear-jam\\\/#primaryimage\"},\"image\":{\"@id\":\"https:\\\/\\\/yakutta.com\\\/product\\\/prickly-pear-jam\\\/#primaryimage\"},\"thumbnailUrl\":\"https:\\\/\\\/yakutta.com\\\/wp-content\\\/uploads\\\/2025\\\/04\\\/prickly-pear-jamin-bulk.webp\",\"datePublished\":\"2025-04-14T16:43:38+00:00\",\"dateModified\":\"2026-03-13T22:46:46+00:00\",\"description\":\"Yakutta\u2019s prickly pear jam is a premium delight crafted from the finest locally sourced prickly pears. Renowned for its natural sweetness and vibrant flavour, it is perfect for gourmet dishes or breakfast spreads. Available for bulk prickly pear jam wholesale Yakutta also specialises in bulk molasse and jam wholesale. With four operational bases (Tunsia - Morocco - Switzerland - Uk) and global distribution, Yakutta ensures authentic Tunisian quality reaches markets worldwide.\",\"breadcrumb\":{\"@id\":\"https:\\\/\\\/yakutta.com\\\/product\\\/prickly-pear-jam\\\/#breadcrumb\"},\"inLanguage\":\"fr-FR\",\"potentialAction\":[{\"@type\":\"ReadAction\",\"target\":[\"https:\\\/\\\/yakutta.com\\\/product\\\/prickly-pear-jam\\\/\"]}]},{\"@type\":\"ImageObject\",\"inLanguage\":\"fr-FR\",\"@id\":\"https:\\\/\\\/yakutta.com\\\/product\\\/prickly-pear-jam\\\/#primaryimage\",\"url\":\"https:\\\/\\\/yakutta.com\\\/wp-content\\\/uploads\\\/2025\\\/04\\\/prickly-pear-jamin-bulk.webp\",\"contentUrl\":\"https:\\\/\\\/yakutta.com\\\/wp-content\\\/uploads\\\/2025\\\/04\\\/prickly-pear-jamin-bulk.webp\",\"width\":2013,\"height\":1535,\"caption\":\"prickly pear jam in bulk\"},{\"@type\":\"BreadcrumbList\",\"@id\":\"https:\\\/\\\/yakutta.com\\\/product\\\/prickly-pear-jam\\\/#breadcrumb\",\"itemListElement\":[{\"@type\":\"ListItem\",\"position\":1,\"name\":\"Home\",\"item\":\"https:\\\/\\\/yakutta.com\\\/\"},{\"@type\":\"ListItem\",\"position\":2,\"name\":\"Shop\",\"item\":\"https:\\\/\\\/yakutta.com\\\/shop\\\/\"},{\"@type\":\"ListItem\",\"position\":3,\"name\":\"prickly pear Jam\"}]},{\"@type\":\"WebSite\",\"@id\":\"https:\\\/\\\/yakutta.com\\\/#website\",\"url\":\"https:\\\/\\\/yakutta.com\\\/\",\"name\":\"Yakutta\",\"description\":\"Oils Wholesale | Organic &amp; Essential Oils Wholesale\",\"publisher\":{\"@id\":\"https:\\\/\\\/yakutta.com\\\/#organization\"},\"potentialAction\":[{\"@type\":\"SearchAction\",\"target\":{\"@type\":\"EntryPoint\",\"urlTemplate\":\"https:\\\/\\\/yakutta.com\\\/?s={search_term_string}\"},\"query-input\":{\"@type\":\"PropertyValueSpecification\",\"valueRequired\":true,\"valueName\":\"search_term_string\"}}],\"inLanguage\":\"fr-FR\"},{\"@type\":[\"Organization\",\"Place\"],\"@id\":\"https:\\\/\\\/yakutta.com\\\/#organization\",\"name\":\"Yakutta\",\"url\":\"https:\\\/\\\/yakutta.com\\\/\",\"logo\":{\"@id\":\"https:\\\/\\\/yakutta.com\\\/product\\\/prickly-pear-jam\\\/#local-main-organization-logo\"},\"image\":{\"@id\":\"https:\\\/\\\/yakutta.com\\\/product\\\/prickly-pear-jam\\\/#local-main-organization-logo\"},\"telephone\":[],\"openingHoursSpecification\":[{\"@type\":\"OpeningHoursSpecification\",\"dayOfWeek\":[\"Monday\",\"Tuesday\",\"Wednesday\",\"Thursday\",\"Friday\",\"Saturday\",\"Sunday\"],\"opens\":\"09:00\",\"closes\":\"17:00\"}]},{\"@type\":\"ImageObject\",\"inLanguage\":\"fr-FR\",\"@id\":\"https:\\\/\\\/yakutta.com\\\/product\\\/prickly-pear-jam\\\/#local-main-organization-logo\",\"url\":\"https:\\\/\\\/yakutta.com\\\/wp-content\\\/uploads\\\/2025\\\/04\\\/cropped-yakutta-icon-no-bg-2-2.png\",\"contentUrl\":\"https:\\\/\\\/yakutta.com\\\/wp-content\\\/uploads\\\/2025\\\/04\\\/cropped-yakutta-icon-no-bg-2-2.png\",\"width\":512,\"height\":512,\"caption\":\"Yakutta\"}]}<\/script>\n<!-- \/ Yoast SEO Premium plugin. -->","yoast_head_json":{"title":"Confiture de figue de barbarie en gros - Confiture de figue de barbarie en vrac","description":"Yakutta\u2019s prickly pear jam is a premium delight crafted from the finest locally sourced prickly pears. Renowned for its natural sweetness and vibrant flavour, it is perfect for gourmet dishes or breakfast spreads. Available for bulk prickly pear jam wholesale Yakutta also specialises in bulk molasse and jam wholesale. With four operational bases (Tunsia - Morocco - Switzerland - Uk) and global distribution, Yakutta ensures authentic Tunisian quality reaches markets worldwide.","robots":{"index":"index","follow":"follow","max-snippet":"max-snippet:-1","max-image-preview":"max-image-preview:large","max-video-preview":"max-video-preview:-1"},"canonical":"https:\/\/yakutta.com\/fr\/produit\/confiture-de-figue-de-barbarie\/","og_locale":"fr_FR","og_type":"article","og_title":"prickly pear Jam","og_description":"Yakutta\u2019s prickly pear jam is a premium delight crafted from the finest locally sourced prickly pears. Renowned for its natural sweetness and vibrant flavour, it is perfect for gourmet dishes or breakfast spreads. Available for bulk prickly pear jam wholesale Yakutta also specialises in bulk molasse and jam wholesale. With four operational bases (Tunsia - Morocco - Switzerland - Uk) and global distribution, Yakutta ensures authentic Tunisian quality reaches markets worldwide.","og_url":"https:\/\/yakutta.com\/fr\/produit\/confiture-de-figue-de-barbarie\/","og_site_name":"Yakutta","article_modified_time":"2026-03-13T22:46:46+00:00","og_image":[{"width":2013,"height":1535,"url":"https:\/\/yakutta.com\/wp-content\/uploads\/2025\/04\/prickly-pear-jamin-bulk.webp","type":"image\/webp"}],"twitter_card":"summary_large_image","twitter_misc":{"Dur\u00e9e de lecture estim\u00e9e":"2 minutes"},"schema":{"@context":"https:\/\/schema.org","@graph":[{"@type":"WebPage","@id":"https:\/\/yakutta.com\/product\/prickly-pear-jam\/","url":"https:\/\/yakutta.com\/product\/prickly-pear-jam\/","name":"Confiture de figue de barbarie en gros - Confiture de figue de barbarie en vrac","isPartOf":{"@id":"https:\/\/yakutta.com\/#website"},"primaryImageOfPage":{"@id":"https:\/\/yakutta.com\/product\/prickly-pear-jam\/#primaryimage"},"image":{"@id":"https:\/\/yakutta.com\/product\/prickly-pear-jam\/#primaryimage"},"thumbnailUrl":"https:\/\/yakutta.com\/wp-content\/uploads\/2025\/04\/prickly-pear-jamin-bulk.webp","datePublished":"2025-04-14T16:43:38+00:00","dateModified":"2026-03-13T22:46:46+00:00","description":"Yakutta\u2019s prickly pear jam is a premium delight crafted from the finest locally sourced prickly pears. Renowned for its natural sweetness and vibrant flavour, it is perfect for gourmet dishes or breakfast spreads. Available for bulk prickly pear jam wholesale Yakutta also specialises in bulk molasse and jam wholesale. With four operational bases (Tunsia - Morocco - Switzerland - Uk) and global distribution, Yakutta ensures authentic Tunisian quality reaches markets worldwide.","breadcrumb":{"@id":"https:\/\/yakutta.com\/product\/prickly-pear-jam\/#breadcrumb"},"inLanguage":"fr-FR","potentialAction":[{"@type":"ReadAction","target":["https:\/\/yakutta.com\/product\/prickly-pear-jam\/"]}]},{"@type":"ImageObject","inLanguage":"fr-FR","@id":"https:\/\/yakutta.com\/product\/prickly-pear-jam\/#primaryimage","url":"https:\/\/yakutta.com\/wp-content\/uploads\/2025\/04\/prickly-pear-jamin-bulk.webp","contentUrl":"https:\/\/yakutta.com\/wp-content\/uploads\/2025\/04\/prickly-pear-jamin-bulk.webp","width":2013,"height":1535,"caption":"prickly pear jam in bulk"},{"@type":"BreadcrumbList","@id":"https:\/\/yakutta.com\/product\/prickly-pear-jam\/#breadcrumb","itemListElement":[{"@type":"ListItem","position":1,"name":"Home","item":"https:\/\/yakutta.com\/"},{"@type":"ListItem","position":2,"name":"Shop","item":"https:\/\/yakutta.com\/shop\/"},{"@type":"ListItem","position":3,"name":"prickly pear Jam"}]},{"@type":"WebSite","@id":"https:\/\/yakutta.com\/#website","url":"https:\/\/yakutta.com\/","name":"Yakutta","description":"Huiles en gros | Huiles essentielles et biologiques en gros","publisher":{"@id":"https:\/\/yakutta.com\/#organization"},"potentialAction":[{"@type":"SearchAction","target":{"@type":"EntryPoint","urlTemplate":"https:\/\/yakutta.com\/?s={search_term_string}"},"query-input":{"@type":"PropertyValueSpecification","valueRequired":true,"valueName":"search_term_string"}}],"inLanguage":"fr-FR"},{"@type":["Organization","Place"],"@id":"https:\/\/yakutta.com\/#organization","name":"Yakutta","url":"https:\/\/yakutta.com\/","logo":{"@id":"https:\/\/yakutta.com\/product\/prickly-pear-jam\/#local-main-organization-logo"},"image":{"@id":"https:\/\/yakutta.com\/product\/prickly-pear-jam\/#local-main-organization-logo"},"telephone":[],"openingHoursSpecification":[{"@type":"OpeningHoursSpecification","dayOfWeek":["Monday","Tuesday","Wednesday","Thursday","Friday","Saturday","Sunday"],"opens":"09:00","closes":"17:00"}]},{"@type":"ImageObject","inLanguage":"fr-FR","@id":"https:\/\/yakutta.com\/product\/prickly-pear-jam\/#local-main-organization-logo","url":"https:\/\/yakutta.com\/wp-content\/uploads\/2025\/04\/cropped-yakutta-icon-no-bg-2-2.png","contentUrl":"https:\/\/yakutta.com\/wp-content\/uploads\/2025\/04\/cropped-yakutta-icon-no-bg-2-2.png","width":512,"height":512,"caption":"Yakutta"}]}},"_links":{"self":[{"href":"https:\/\/yakutta.com\/fr\/wp-json\/wp\/v2\/product\/6518","targetHints":{"allow":["GET"]}}],"collection":[{"href":"https:\/\/yakutta.com\/fr\/wp-json\/wp\/v2\/product"}],"about":[{"href":"https:\/\/yakutta.com\/fr\/wp-json\/wp\/v2\/types\/product"}],"replies":[{"embeddable":true,"href":"https:\/\/yakutta.com\/fr\/wp-json\/wp\/v2\/comments?post=6518"}],"wp:featuredmedia":[{"embeddable":true,"href":"https:\/\/yakutta.com\/fr\/wp-json\/wp\/v2\/media\/33214"}],"wp:attachment":[{"href":"https:\/\/yakutta.com\/fr\/wp-json\/wp\/v2\/media?parent=6518"}],"wp:term":[{"taxonomy":"product_brand","embeddable":true,"href":"https:\/\/yakutta.com\/fr\/wp-json\/wp\/v2\/product_brand?post=6518"},{"taxonomy":"product_cat","embeddable":true,"href":"https:\/\/yakutta.com\/fr\/wp-json\/wp\/v2\/product_cat?post=6518"},{"taxonomy":"product_tag","embeddable":true,"href":"https:\/\/yakutta.com\/fr\/wp-json\/wp\/v2\/product_tag?post=6518"}],"curies":[{"name":"wp","href":"https:\/\/api.w.org\/{rel}","templated":true}]}}