{"id":6371,"date":"2025-04-11T22:21:32","date_gmt":"2025-04-11T22:21:32","guid":{"rendered":"https:\/\/yakutta.com\/?post_type=product&#038;p=6371"},"modified":"2026-02-16T11:58:07","modified_gmt":"2026-02-16T11:58:07","slug":"jus-de-figue-de-barbarie-en-gros","status":"publish","type":"product","link":"https:\/\/yakutta.com\/fr\/produit\/jus-de-figue-de-barbarie-en-gros\/","title":{"rendered":"Jus de figue de barbarie"},"content":{"rendered":"<p class=\"text-body font-regular leading-[24px] pt-[9px] pb-[2px]\">Sourcing\u00a0Prickly Pear Juice wholesale\u00a0is an excellent choice for businesses seeking nutritious and versatile organic products. Our high-quality\u00a0bulk Prickly Pear Juice\u00a0is carefully produced to preserve its natural taste and health benefits, making it ideal for food manufacturing, beverages, and wellness industries. Available in large-scale quantities, such as 220-litre barrels and smaller tailored options, our juice ensures flexibility to meet different business needs. By offering\u00a0Wholesale organic juice, we provide eco-conscious packaging solutions to maintain freshness and nutritional value throughout transit and storage.<\/p>\n<p class=\"text-body font-regular leading-[24px] pt-[9px] pb-[2px]\">We proudly supply\u00a0Prickly Pear Juice wholesale\u00a0to clients worldwide, with operations based in Tunisia, Morocco, the United Kingdom, and Switzerland. Whether you are a small-scale producer or a large enterprise, our\u00a0organic juice in bulk\u00a0is designed to support your business goals through consistent quality and sustainable practices. Choosing us as your supplier ensures access to a reliable, high-capacity production schedule, offering up to 200,000 litres of\u00a0Prickly Pear Juice wholesale\u00a0per month to satisfy even the largest demands.<\/p>\n","protected":false},"excerpt":{"rendered":"<p>D\u00e9couvrez le meilleur du jus de figue de barbarie en gros avec des options \u00e0 haute capacit\u00e9 adapt\u00e9es \u00e0 votre entreprise. Nos jus biologiques en vrac sont issus de sources durables et parfaits pour divers secteurs.<\/p>\n<ul>\n<li data-start=\"413\" data-end=\"449\" class=\"translation-block\"><b>Quantit\u00e9 200 000 litres<\/b><strong> \/ mois<\/strong><\/li>\n<\/ul>\n<p class=\"translation-block\" data-start=\"535\" data-end=\"847\">Ce produit est disponible pour l'exp\u00e9dition via le <strong data-start=\"729\" data-end=\"747\">service terrestre<\/strong> et le <strong data-start=\"752\" data-end=\"767\">transport maritime<\/strong>, offrant des options de livraison flexibles et fiables pour les commandes en gros et en vrac.<\/p>","protected":false},"featured_media":31714,"comment_status":"open","ping_status":"closed","template":"","meta":[],"product_brand":[],"product_cat":[97],"product_tag":[98,99,100,101,91],"class_list":{"0":"post-6371","1":"product","2":"type-product","3":"status-publish","4":"has-post-thumbnail","6":"product_cat-organic-juices","7":"product_tag-juice","8":"product_tag-prickly-pear","9":"product_tag-tunisia","10":"product_tag-tunisian-prickly-pear","11":"product_tag-wholesale","13":"first","14":"instock","15":"shipping-taxable","16":"product-type-simple"},"yoast_head":"<!-- This site is optimized with the Yoast SEO Premium plugin v26.6 (Yoast SEO v27.6) - https:\/\/yoast.com\/product\/yoast-seo-premium-wordpress\/ -->\n<title>High-Quality Prickly Pear Juice Wholesale | Organic Juice in Bulk<\/title>\n<meta name=\"description\" content=\"Discover premium Prickly Pear Juice wholesale, available in bulk quantities. Sustainably sourced and eco-packaged, our organic juice in bulk is perfect for beverages, food production, and wellness products.\" \/>\n<meta name=\"robots\" content=\"index, follow, max-snippet:-1, max-image-preview:large, max-video-preview:-1\" \/>\n<link rel=\"canonical\" href=\"https:\/\/yakutta.com\/fr\/produit\/jus-de-figue-de-barbarie-en-gros\/\" \/>\n<meta property=\"og:locale\" content=\"fr_FR\" \/>\n<meta property=\"og:type\" content=\"article\" \/>\n<meta property=\"og:title\" content=\"Prickly Pear Juice\" \/>\n<meta property=\"og:description\" content=\"Discover premium Prickly Pear Juice wholesale, available in bulk quantities. Sustainably sourced and eco-packaged, our organic juice in bulk is perfect for beverages, food production, and wellness products.\" \/>\n<meta property=\"og:url\" content=\"https:\/\/yakutta.com\/fr\/produit\/jus-de-figue-de-barbarie-en-gros\/\" \/>\n<meta property=\"og:site_name\" content=\"Yakutta\" \/>\n<meta property=\"article:modified_time\" content=\"2026-02-16T11:58:07+00:00\" \/>\n<meta property=\"og:image\" content=\"https:\/\/yakutta.com\/wp-content\/uploads\/2025\/04\/prickly-pear-juice-in-bulk.webp\" \/>\n\t<meta property=\"og:image:width\" content=\"2048\" \/>\n\t<meta property=\"og:image:height\" content=\"2048\" \/>\n\t<meta property=\"og:image:type\" content=\"image\/webp\" \/>\n<meta name=\"twitter:card\" content=\"summary_large_image\" \/>\n<meta name=\"twitter:label1\" content=\"Dur\u00e9e de lecture estim\u00e9e\" \/>\n\t<meta name=\"twitter:data1\" content=\"1 minute\" \/>\n<script type=\"application\/ld+json\" class=\"yoast-schema-graph\">{\"@context\":\"https:\\\/\\\/schema.org\",\"@graph\":[{\"@type\":\"WebPage\",\"@id\":\"https:\\\/\\\/yakutta.com\\\/product\\\/prickly-pear-juice-wholesale\\\/\",\"url\":\"https:\\\/\\\/yakutta.com\\\/product\\\/prickly-pear-juice-wholesale\\\/\",\"name\":\"High-Quality Prickly Pear Juice Wholesale | Organic Juice in Bulk\",\"isPartOf\":{\"@id\":\"https:\\\/\\\/yakutta.com\\\/#website\"},\"primaryImageOfPage\":{\"@id\":\"https:\\\/\\\/yakutta.com\\\/product\\\/prickly-pear-juice-wholesale\\\/#primaryimage\"},\"image\":{\"@id\":\"https:\\\/\\\/yakutta.com\\\/product\\\/prickly-pear-juice-wholesale\\\/#primaryimage\"},\"thumbnailUrl\":\"https:\\\/\\\/yakutta.com\\\/wp-content\\\/uploads\\\/2025\\\/04\\\/prickly-pear-juice-in-bulk.webp\",\"datePublished\":\"2025-04-11T22:21:32+00:00\",\"dateModified\":\"2026-02-16T11:58:07+00:00\",\"description\":\"Discover premium Prickly Pear Juice wholesale, available in bulk quantities. Sustainably sourced and eco-packaged, our organic juice in bulk is perfect for beverages, food production, and wellness products.\",\"breadcrumb\":{\"@id\":\"https:\\\/\\\/yakutta.com\\\/product\\\/prickly-pear-juice-wholesale\\\/#breadcrumb\"},\"inLanguage\":\"fr-FR\",\"potentialAction\":[{\"@type\":\"ReadAction\",\"target\":[\"https:\\\/\\\/yakutta.com\\\/product\\\/prickly-pear-juice-wholesale\\\/\"]}]},{\"@type\":\"ImageObject\",\"inLanguage\":\"fr-FR\",\"@id\":\"https:\\\/\\\/yakutta.com\\\/product\\\/prickly-pear-juice-wholesale\\\/#primaryimage\",\"url\":\"https:\\\/\\\/yakutta.com\\\/wp-content\\\/uploads\\\/2025\\\/04\\\/prickly-pear-juice-in-bulk.webp\",\"contentUrl\":\"https:\\\/\\\/yakutta.com\\\/wp-content\\\/uploads\\\/2025\\\/04\\\/prickly-pear-juice-in-bulk.webp\",\"width\":2048,\"height\":2048,\"caption\":\"prickly pear juice in bulk\"},{\"@type\":\"BreadcrumbList\",\"@id\":\"https:\\\/\\\/yakutta.com\\\/product\\\/prickly-pear-juice-wholesale\\\/#breadcrumb\",\"itemListElement\":[{\"@type\":\"ListItem\",\"position\":1,\"name\":\"Home\",\"item\":\"https:\\\/\\\/yakutta.com\\\/\"},{\"@type\":\"ListItem\",\"position\":2,\"name\":\"Shop\",\"item\":\"https:\\\/\\\/yakutta.com\\\/shop\\\/\"},{\"@type\":\"ListItem\",\"position\":3,\"name\":\"Prickly Pear Juice\"}]},{\"@type\":\"WebSite\",\"@id\":\"https:\\\/\\\/yakutta.com\\\/#website\",\"url\":\"https:\\\/\\\/yakutta.com\\\/\",\"name\":\"Yakutta\",\"description\":\"Oils Wholesale | Organic &amp; Essential Oils Wholesale\",\"publisher\":{\"@id\":\"https:\\\/\\\/yakutta.com\\\/#organization\"},\"potentialAction\":[{\"@type\":\"SearchAction\",\"target\":{\"@type\":\"EntryPoint\",\"urlTemplate\":\"https:\\\/\\\/yakutta.com\\\/?s={search_term_string}\"},\"query-input\":{\"@type\":\"PropertyValueSpecification\",\"valueRequired\":true,\"valueName\":\"search_term_string\"}}],\"inLanguage\":\"fr-FR\"},{\"@type\":[\"Organization\",\"Place\"],\"@id\":\"https:\\\/\\\/yakutta.com\\\/#organization\",\"name\":\"Yakutta\",\"url\":\"https:\\\/\\\/yakutta.com\\\/\",\"logo\":{\"@id\":\"https:\\\/\\\/yakutta.com\\\/product\\\/prickly-pear-juice-wholesale\\\/#local-main-organization-logo\"},\"image\":{\"@id\":\"https:\\\/\\\/yakutta.com\\\/product\\\/prickly-pear-juice-wholesale\\\/#local-main-organization-logo\"},\"telephone\":[],\"openingHoursSpecification\":[{\"@type\":\"OpeningHoursSpecification\",\"dayOfWeek\":[\"Monday\",\"Tuesday\",\"Wednesday\",\"Thursday\",\"Friday\",\"Saturday\",\"Sunday\"],\"opens\":\"09:00\",\"closes\":\"17:00\"}]},{\"@type\":\"ImageObject\",\"inLanguage\":\"fr-FR\",\"@id\":\"https:\\\/\\\/yakutta.com\\\/product\\\/prickly-pear-juice-wholesale\\\/#local-main-organization-logo\",\"url\":\"https:\\\/\\\/yakutta.com\\\/wp-content\\\/uploads\\\/2025\\\/04\\\/cropped-yakutta-icon-no-bg-2-2.png\",\"contentUrl\":\"https:\\\/\\\/yakutta.com\\\/wp-content\\\/uploads\\\/2025\\\/04\\\/cropped-yakutta-icon-no-bg-2-2.png\",\"width\":512,\"height\":512,\"caption\":\"Yakutta\"}]}<\/script>\n<!-- \/ Yoast SEO Premium plugin. -->","yoast_head_json":{"title":"Jus de figue de barbarie de haute qualit\u00e9 en gros | Jus biologique en vrac","description":"Discover premium Prickly Pear Juice wholesale, available in bulk quantities. Sustainably sourced and eco-packaged, our organic juice in bulk is perfect for beverages, food production, and wellness products.","robots":{"index":"index","follow":"follow","max-snippet":"max-snippet:-1","max-image-preview":"max-image-preview:large","max-video-preview":"max-video-preview:-1"},"canonical":"https:\/\/yakutta.com\/fr\/produit\/jus-de-figue-de-barbarie-en-gros\/","og_locale":"fr_FR","og_type":"article","og_title":"Prickly Pear Juice","og_description":"Discover premium Prickly Pear Juice wholesale, available in bulk quantities. Sustainably sourced and eco-packaged, our organic juice in bulk is perfect for beverages, food production, and wellness products.","og_url":"https:\/\/yakutta.com\/fr\/produit\/jus-de-figue-de-barbarie-en-gros\/","og_site_name":"Yakutta","article_modified_time":"2026-02-16T11:58:07+00:00","og_image":[{"width":2048,"height":2048,"url":"https:\/\/yakutta.com\/wp-content\/uploads\/2025\/04\/prickly-pear-juice-in-bulk.webp","type":"image\/webp"}],"twitter_card":"summary_large_image","twitter_misc":{"Dur\u00e9e de lecture estim\u00e9e":"1 minute"},"schema":{"@context":"https:\/\/schema.org","@graph":[{"@type":"WebPage","@id":"https:\/\/yakutta.com\/product\/prickly-pear-juice-wholesale\/","url":"https:\/\/yakutta.com\/product\/prickly-pear-juice-wholesale\/","name":"Jus de figue de barbarie de haute qualit\u00e9 en gros | Jus biologique en vrac","isPartOf":{"@id":"https:\/\/yakutta.com\/#website"},"primaryImageOfPage":{"@id":"https:\/\/yakutta.com\/product\/prickly-pear-juice-wholesale\/#primaryimage"},"image":{"@id":"https:\/\/yakutta.com\/product\/prickly-pear-juice-wholesale\/#primaryimage"},"thumbnailUrl":"https:\/\/yakutta.com\/wp-content\/uploads\/2025\/04\/prickly-pear-juice-in-bulk.webp","datePublished":"2025-04-11T22:21:32+00:00","dateModified":"2026-02-16T11:58:07+00:00","description":"Discover premium Prickly Pear Juice wholesale, available in bulk quantities. Sustainably sourced and eco-packaged, our organic juice in bulk is perfect for beverages, food production, and wellness products.","breadcrumb":{"@id":"https:\/\/yakutta.com\/product\/prickly-pear-juice-wholesale\/#breadcrumb"},"inLanguage":"fr-FR","potentialAction":[{"@type":"ReadAction","target":["https:\/\/yakutta.com\/product\/prickly-pear-juice-wholesale\/"]}]},{"@type":"ImageObject","inLanguage":"fr-FR","@id":"https:\/\/yakutta.com\/product\/prickly-pear-juice-wholesale\/#primaryimage","url":"https:\/\/yakutta.com\/wp-content\/uploads\/2025\/04\/prickly-pear-juice-in-bulk.webp","contentUrl":"https:\/\/yakutta.com\/wp-content\/uploads\/2025\/04\/prickly-pear-juice-in-bulk.webp","width":2048,"height":2048,"caption":"prickly pear juice in bulk"},{"@type":"BreadcrumbList","@id":"https:\/\/yakutta.com\/product\/prickly-pear-juice-wholesale\/#breadcrumb","itemListElement":[{"@type":"ListItem","position":1,"name":"Home","item":"https:\/\/yakutta.com\/"},{"@type":"ListItem","position":2,"name":"Shop","item":"https:\/\/yakutta.com\/shop\/"},{"@type":"ListItem","position":3,"name":"Prickly Pear Juice"}]},{"@type":"WebSite","@id":"https:\/\/yakutta.com\/#website","url":"https:\/\/yakutta.com\/","name":"Yakutta","description":"Huiles en gros | Huiles essentielles et biologiques en gros","publisher":{"@id":"https:\/\/yakutta.com\/#organization"},"potentialAction":[{"@type":"SearchAction","target":{"@type":"EntryPoint","urlTemplate":"https:\/\/yakutta.com\/?s={search_term_string}"},"query-input":{"@type":"PropertyValueSpecification","valueRequired":true,"valueName":"search_term_string"}}],"inLanguage":"fr-FR"},{"@type":["Organization","Place"],"@id":"https:\/\/yakutta.com\/#organization","name":"Yakutta","url":"https:\/\/yakutta.com\/","logo":{"@id":"https:\/\/yakutta.com\/product\/prickly-pear-juice-wholesale\/#local-main-organization-logo"},"image":{"@id":"https:\/\/yakutta.com\/product\/prickly-pear-juice-wholesale\/#local-main-organization-logo"},"telephone":[],"openingHoursSpecification":[{"@type":"OpeningHoursSpecification","dayOfWeek":["Monday","Tuesday","Wednesday","Thursday","Friday","Saturday","Sunday"],"opens":"09:00","closes":"17:00"}]},{"@type":"ImageObject","inLanguage":"fr-FR","@id":"https:\/\/yakutta.com\/product\/prickly-pear-juice-wholesale\/#local-main-organization-logo","url":"https:\/\/yakutta.com\/wp-content\/uploads\/2025\/04\/cropped-yakutta-icon-no-bg-2-2.png","contentUrl":"https:\/\/yakutta.com\/wp-content\/uploads\/2025\/04\/cropped-yakutta-icon-no-bg-2-2.png","width":512,"height":512,"caption":"Yakutta"}]}},"_links":{"self":[{"href":"https:\/\/yakutta.com\/fr\/wp-json\/wp\/v2\/product\/6371","targetHints":{"allow":["GET"]}}],"collection":[{"href":"https:\/\/yakutta.com\/fr\/wp-json\/wp\/v2\/product"}],"about":[{"href":"https:\/\/yakutta.com\/fr\/wp-json\/wp\/v2\/types\/product"}],"replies":[{"embeddable":true,"href":"https:\/\/yakutta.com\/fr\/wp-json\/wp\/v2\/comments?post=6371"}],"wp:featuredmedia":[{"embeddable":true,"href":"https:\/\/yakutta.com\/fr\/wp-json\/wp\/v2\/media\/31714"}],"wp:attachment":[{"href":"https:\/\/yakutta.com\/fr\/wp-json\/wp\/v2\/media?parent=6371"}],"wp:term":[{"taxonomy":"product_brand","embeddable":true,"href":"https:\/\/yakutta.com\/fr\/wp-json\/wp\/v2\/product_brand?post=6371"},{"taxonomy":"product_cat","embeddable":true,"href":"https:\/\/yakutta.com\/fr\/wp-json\/wp\/v2\/product_cat?post=6371"},{"taxonomy":"product_tag","embeddable":true,"href":"https:\/\/yakutta.com\/fr\/wp-json\/wp\/v2\/product_tag?post=6371"}],"curies":[{"name":"wp","href":"https:\/\/api.w.org\/{rel}","templated":true}]}}