{"id":6042,"date":"2025-04-09T19:43:02","date_gmt":"2025-04-09T19:43:02","guid":{"rendered":"https:\/\/yakutta.com\/?post_type=product&#038;p=6042"},"modified":"2026-02-16T13:10:15","modified_gmt":"2026-02-16T13:10:15","slug":"poudre-en-gros-de-graines-de-figue-de-barbarie","status":"publish","type":"product","link":"https:\/\/yakutta.com\/fr\/produit\/poudre-en-gros-de-graines-de-figue-de-barbarie\/","title":{"rendered":"Poudre de graines de figue de barbarie"},"content":{"rendered":"<p class=\"text-body font-regular leading-[24px] pt-[9px] pb-[2px]\">Yakutta\u2019s organic prickly pear seed powder is a premium, nutrient-rich product derived from organically grown prickly pear seeds. Renowned for its high levels of antioxidants, vitamins, and essential fatty acids, this natural powder is a versatile ingredient perfect for various industries, including food production, skincare, and health supplements. With its fine texture and subtle properties, it seamlessly enhances formulations, making it a go-to choice for brands that prioritise quality and innovation. Whether you\u2019re creating nourishing skincare products or functional health foods, this bulk prickly pear seed powder delivers exceptional value.<\/p>\n<p class=\"text-body font-regular leading-[24px] pt-[9px] pb-[2px]\">To cater to business needs, Yakutta offers flexible bulk packaging solutions, ideal for those seeking prickly pear seed powders wholesale or organic powders in bulk. Our commitment to organic integrity and sustainable practices ensures that every batch of powder upholds the highest standards. Whether you\u2019re looking to scale up production or experiment with new formulations, Yakutta\u2019s powders wholesale options provide reliability and versatility, helping businesses stay competitive while maintaining eco-conscious principles.<\/p>\n","protected":false},"excerpt":{"rendered":"<article class=\"max-w-full w-fit !mt-0 rounded border border-t-0 bg-surface-default\">\n<div class=\"relative\" data-testid=\"copilot-node-content-card-message\">\n<div class=\"p-3 relative\">\n<div class=\"break-words\">\n<p class=\"text-body font-regular leading-[24px] pt-[9px] pb-[2px]\">Yakutta&#8217;s organic prickly pear seed powder, crafted from premium-quality ingredients, provides versatile applications. Available as bulk prickly pear seed powder, it\u2019s an excellent choice for industries in need of prickly pear seed powders wholesale and organic powders in bulk.<\/p>\n<\/div>\n<\/div>\n<\/div>\n<\/article>\n<ul>\n<li data-start=\"413\" data-end=\"449\"><b>Quantity 10 000<\/b><strong>kg \/ month<\/strong><\/li>\n<\/ul>\n<p class=\"\" data-start=\"535\" data-end=\"847\">This product is available for shipping via <strong data-start=\"729\" data-end=\"747\">ground service<\/strong> and <strong data-start=\"752\" data-end=\"767\">sea freight<\/strong>, ensuring flexible and reliable delivery options for bulk and wholesale orders.<\/p>\n","protected":false},"featured_media":31716,"comment_status":"open","ping_status":"closed","template":"","meta":[],"product_brand":[],"product_cat":[72],"product_tag":[92,88,89,91],"class_list":{"0":"post-6042","1":"product","2":"type-product","3":"status-publish","4":"has-post-thumbnail","6":"product_cat-botanical-extracts-powders-wholesale","7":"product_tag-bulk","8":"product_tag-powders","9":"product_tag-prickly-pear-seed","10":"product_tag-wholesale","12":"first","13":"instock","14":"shipping-taxable","15":"product-type-simple"},"yoast_head":"<!-- This site is optimized with the Yoast SEO Premium plugin v26.6 (Yoast SEO v27.4) - https:\/\/yoast.com\/product\/yoast-seo-premium-wordpress\/ -->\n<title>Bulk prickly pear seed Powder - Powders Wholesale | Yakutta<\/title>\n<meta name=\"description\" content=\"Explore Yakutta&#039;s organic prickly pear seed powder, a high-quality and versatile product. Offered in bulk prickly pear seed powder packaging, it\u2019s perfect for businesses seeking prickly pear seed powders wholesale and organic powders in bulk.\" \/>\n<meta name=\"robots\" content=\"index, follow, max-snippet:-1, max-image-preview:large, max-video-preview:-1\" \/>\n<link rel=\"canonical\" href=\"https:\/\/yakutta.com\/fr\/produit\/poudre-en-gros-de-graines-de-figue-de-barbarie\/\" \/>\n<meta property=\"og:locale\" content=\"fr_FR\" \/>\n<meta property=\"og:type\" content=\"article\" \/>\n<meta property=\"og:title\" content=\"Prickly Pear Seed Powder\" \/>\n<meta property=\"og:description\" content=\"Explore Yakutta&#039;s organic prickly pear seed powder, a high-quality and versatile product. Offered in bulk prickly pear seed powder packaging, it\u2019s perfect for businesses seeking prickly pear seed powders wholesale and organic powders in bulk.\" \/>\n<meta property=\"og:url\" content=\"https:\/\/yakutta.com\/fr\/produit\/poudre-en-gros-de-graines-de-figue-de-barbarie\/\" \/>\n<meta property=\"og:site_name\" content=\"Yakutta\" \/>\n<meta property=\"article:modified_time\" content=\"2026-02-16T13:10:15+00:00\" \/>\n<meta property=\"og:image\" content=\"https:\/\/yakutta.com\/wp-content\/uploads\/2025\/04\/prickly-pear-powder-wholesale.webp\" \/>\n\t<meta property=\"og:image:width\" content=\"2048\" \/>\n\t<meta property=\"og:image:height\" content=\"2048\" \/>\n\t<meta property=\"og:image:type\" content=\"image\/webp\" \/>\n<meta name=\"twitter:card\" content=\"summary_large_image\" \/>\n<meta name=\"twitter:label1\" content=\"Dur\u00e9e de lecture estim\u00e9e\" \/>\n\t<meta name=\"twitter:data1\" content=\"1 minute\" \/>\n<script type=\"application\/ld+json\" class=\"yoast-schema-graph\">{\"@context\":\"https:\\\/\\\/schema.org\",\"@graph\":[{\"@type\":\"WebPage\",\"@id\":\"https:\\\/\\\/yakutta.com\\\/product\\\/bulk-prickly-pear-seed-powder-wholesale\\\/\",\"url\":\"https:\\\/\\\/yakutta.com\\\/product\\\/bulk-prickly-pear-seed-powder-wholesale\\\/\",\"name\":\"Bulk prickly pear seed Powder - Powders Wholesale | Yakutta\",\"isPartOf\":{\"@id\":\"https:\\\/\\\/yakutta.com\\\/#website\"},\"primaryImageOfPage\":{\"@id\":\"https:\\\/\\\/yakutta.com\\\/product\\\/bulk-prickly-pear-seed-powder-wholesale\\\/#primaryimage\"},\"image\":{\"@id\":\"https:\\\/\\\/yakutta.com\\\/product\\\/bulk-prickly-pear-seed-powder-wholesale\\\/#primaryimage\"},\"thumbnailUrl\":\"https:\\\/\\\/yakutta.com\\\/wp-content\\\/uploads\\\/2025\\\/04\\\/prickly-pear-powder-wholesale.webp\",\"datePublished\":\"2025-04-09T19:43:02+00:00\",\"dateModified\":\"2026-02-16T13:10:15+00:00\",\"description\":\"Explore Yakutta's organic prickly pear seed powder, a high-quality and versatile product. Offered in bulk prickly pear seed powder packaging, it\u2019s perfect for businesses seeking prickly pear seed powders wholesale and organic powders in bulk.\",\"breadcrumb\":{\"@id\":\"https:\\\/\\\/yakutta.com\\\/product\\\/bulk-prickly-pear-seed-powder-wholesale\\\/#breadcrumb\"},\"inLanguage\":\"fr-FR\",\"potentialAction\":[{\"@type\":\"ReadAction\",\"target\":[\"https:\\\/\\\/yakutta.com\\\/product\\\/bulk-prickly-pear-seed-powder-wholesale\\\/\"]}]},{\"@type\":\"ImageObject\",\"inLanguage\":\"fr-FR\",\"@id\":\"https:\\\/\\\/yakutta.com\\\/product\\\/bulk-prickly-pear-seed-powder-wholesale\\\/#primaryimage\",\"url\":\"https:\\\/\\\/yakutta.com\\\/wp-content\\\/uploads\\\/2025\\\/04\\\/prickly-pear-powder-wholesale.webp\",\"contentUrl\":\"https:\\\/\\\/yakutta.com\\\/wp-content\\\/uploads\\\/2025\\\/04\\\/prickly-pear-powder-wholesale.webp\",\"width\":2048,\"height\":2048,\"caption\":\"prickly pear powder wholesale\"},{\"@type\":\"BreadcrumbList\",\"@id\":\"https:\\\/\\\/yakutta.com\\\/product\\\/bulk-prickly-pear-seed-powder-wholesale\\\/#breadcrumb\",\"itemListElement\":[{\"@type\":\"ListItem\",\"position\":1,\"name\":\"Home\",\"item\":\"https:\\\/\\\/yakutta.com\\\/\"},{\"@type\":\"ListItem\",\"position\":2,\"name\":\"Shop\",\"item\":\"https:\\\/\\\/yakutta.com\\\/shop\\\/\"},{\"@type\":\"ListItem\",\"position\":3,\"name\":\"Prickly Pear Seed Powder\"}]},{\"@type\":\"WebSite\",\"@id\":\"https:\\\/\\\/yakutta.com\\\/#website\",\"url\":\"https:\\\/\\\/yakutta.com\\\/\",\"name\":\"Yakutta\",\"description\":\"Oils Wholesale | Organic &amp; Essential Oils Wholesale\",\"publisher\":{\"@id\":\"https:\\\/\\\/yakutta.com\\\/#organization\"},\"potentialAction\":[{\"@type\":\"SearchAction\",\"target\":{\"@type\":\"EntryPoint\",\"urlTemplate\":\"https:\\\/\\\/yakutta.com\\\/?s={search_term_string}\"},\"query-input\":{\"@type\":\"PropertyValueSpecification\",\"valueRequired\":true,\"valueName\":\"search_term_string\"}}],\"inLanguage\":\"fr-FR\"},{\"@type\":[\"Organization\",\"Place\"],\"@id\":\"https:\\\/\\\/yakutta.com\\\/#organization\",\"name\":\"Yakutta\",\"url\":\"https:\\\/\\\/yakutta.com\\\/\",\"logo\":{\"@id\":\"https:\\\/\\\/yakutta.com\\\/product\\\/bulk-prickly-pear-seed-powder-wholesale\\\/#local-main-organization-logo\"},\"image\":{\"@id\":\"https:\\\/\\\/yakutta.com\\\/product\\\/bulk-prickly-pear-seed-powder-wholesale\\\/#local-main-organization-logo\"},\"telephone\":[],\"openingHoursSpecification\":[{\"@type\":\"OpeningHoursSpecification\",\"dayOfWeek\":[\"Monday\",\"Tuesday\",\"Wednesday\",\"Thursday\",\"Friday\",\"Saturday\",\"Sunday\"],\"opens\":\"09:00\",\"closes\":\"17:00\"}]},{\"@type\":\"ImageObject\",\"inLanguage\":\"fr-FR\",\"@id\":\"https:\\\/\\\/yakutta.com\\\/product\\\/bulk-prickly-pear-seed-powder-wholesale\\\/#local-main-organization-logo\",\"url\":\"https:\\\/\\\/yakutta.com\\\/wp-content\\\/uploads\\\/2025\\\/04\\\/cropped-yakutta-icon-no-bg-2-2.png\",\"contentUrl\":\"https:\\\/\\\/yakutta.com\\\/wp-content\\\/uploads\\\/2025\\\/04\\\/cropped-yakutta-icon-no-bg-2-2.png\",\"width\":512,\"height\":512,\"caption\":\"Yakutta\"}]}<\/script>\n<!-- \/ Yoast SEO Premium plugin. -->","yoast_head_json":{"title":"Poudre de graines de figue de barbarie en vrac - Poudres en gros | Yakutta","description":"D\u00e9couvrez la poudre de p\u00e9pins de figue de Barbarie biologique de Yakutta, un produit polyvalent de haute qualit\u00e9. Propos\u00e9 dans un emballage en vrac, il est parfait pour les entreprises qui recherchent des poudres de graines de figue de Barbarie en gros et des poudres biologiques en vrac.","robots":{"index":"index","follow":"follow","max-snippet":"max-snippet:-1","max-image-preview":"max-image-preview:large","max-video-preview":"max-video-preview:-1"},"canonical":"https:\/\/yakutta.com\/fr\/produit\/poudre-en-gros-de-graines-de-figue-de-barbarie\/","og_locale":"fr_FR","og_type":"article","og_title":"Prickly Pear Seed Powder","og_description":"Explore Yakutta's organic prickly pear seed powder, a high-quality and versatile product. Offered in bulk prickly pear seed powder packaging, it\u2019s perfect for businesses seeking prickly pear seed powders wholesale and organic powders in bulk.","og_url":"https:\/\/yakutta.com\/fr\/produit\/poudre-en-gros-de-graines-de-figue-de-barbarie\/","og_site_name":"Yakutta","article_modified_time":"2026-02-16T13:10:15+00:00","og_image":[{"width":2048,"height":2048,"url":"https:\/\/yakutta.com\/wp-content\/uploads\/2025\/04\/prickly-pear-powder-wholesale.webp","type":"image\/webp"}],"twitter_card":"summary_large_image","twitter_misc":{"Dur\u00e9e de lecture estim\u00e9e":"1 minute"},"schema":{"@context":"https:\/\/schema.org","@graph":[{"@type":"WebPage","@id":"https:\/\/yakutta.com\/product\/bulk-prickly-pear-seed-powder-wholesale\/","url":"https:\/\/yakutta.com\/product\/bulk-prickly-pear-seed-powder-wholesale\/","name":"Poudre de graines de figue de barbarie en vrac - Poudres en gros | Yakutta","isPartOf":{"@id":"https:\/\/yakutta.com\/#website"},"primaryImageOfPage":{"@id":"https:\/\/yakutta.com\/product\/bulk-prickly-pear-seed-powder-wholesale\/#primaryimage"},"image":{"@id":"https:\/\/yakutta.com\/product\/bulk-prickly-pear-seed-powder-wholesale\/#primaryimage"},"thumbnailUrl":"https:\/\/yakutta.com\/wp-content\/uploads\/2025\/04\/prickly-pear-powder-wholesale.webp","datePublished":"2025-04-09T19:43:02+00:00","dateModified":"2026-02-16T13:10:15+00:00","description":"D\u00e9couvrez la poudre de p\u00e9pins de figue de Barbarie biologique de Yakutta, un produit polyvalent de haute qualit\u00e9. Propos\u00e9 dans un emballage en vrac, il est parfait pour les entreprises qui recherchent des poudres de graines de figue de Barbarie en gros et des poudres biologiques en vrac.","breadcrumb":{"@id":"https:\/\/yakutta.com\/product\/bulk-prickly-pear-seed-powder-wholesale\/#breadcrumb"},"inLanguage":"fr-FR","potentialAction":[{"@type":"ReadAction","target":["https:\/\/yakutta.com\/product\/bulk-prickly-pear-seed-powder-wholesale\/"]}]},{"@type":"ImageObject","inLanguage":"fr-FR","@id":"https:\/\/yakutta.com\/product\/bulk-prickly-pear-seed-powder-wholesale\/#primaryimage","url":"https:\/\/yakutta.com\/wp-content\/uploads\/2025\/04\/prickly-pear-powder-wholesale.webp","contentUrl":"https:\/\/yakutta.com\/wp-content\/uploads\/2025\/04\/prickly-pear-powder-wholesale.webp","width":2048,"height":2048,"caption":"prickly pear powder wholesale"},{"@type":"BreadcrumbList","@id":"https:\/\/yakutta.com\/product\/bulk-prickly-pear-seed-powder-wholesale\/#breadcrumb","itemListElement":[{"@type":"ListItem","position":1,"name":"Home","item":"https:\/\/yakutta.com\/"},{"@type":"ListItem","position":2,"name":"Shop","item":"https:\/\/yakutta.com\/shop\/"},{"@type":"ListItem","position":3,"name":"Prickly Pear Seed Powder"}]},{"@type":"WebSite","@id":"https:\/\/yakutta.com\/#website","url":"https:\/\/yakutta.com\/","name":"Yakutta","description":"Huiles en gros | Huiles essentielles et biologiques en gros","publisher":{"@id":"https:\/\/yakutta.com\/#organization"},"potentialAction":[{"@type":"SearchAction","target":{"@type":"EntryPoint","urlTemplate":"https:\/\/yakutta.com\/?s={search_term_string}"},"query-input":{"@type":"PropertyValueSpecification","valueRequired":true,"valueName":"search_term_string"}}],"inLanguage":"fr-FR"},{"@type":["Organization","Place"],"@id":"https:\/\/yakutta.com\/#organization","name":"Yakutta","url":"https:\/\/yakutta.com\/","logo":{"@id":"https:\/\/yakutta.com\/product\/bulk-prickly-pear-seed-powder-wholesale\/#local-main-organization-logo"},"image":{"@id":"https:\/\/yakutta.com\/product\/bulk-prickly-pear-seed-powder-wholesale\/#local-main-organization-logo"},"telephone":[],"openingHoursSpecification":[{"@type":"OpeningHoursSpecification","dayOfWeek":["Monday","Tuesday","Wednesday","Thursday","Friday","Saturday","Sunday"],"opens":"09:00","closes":"17:00"}]},{"@type":"ImageObject","inLanguage":"fr-FR","@id":"https:\/\/yakutta.com\/product\/bulk-prickly-pear-seed-powder-wholesale\/#local-main-organization-logo","url":"https:\/\/yakutta.com\/wp-content\/uploads\/2025\/04\/cropped-yakutta-icon-no-bg-2-2.png","contentUrl":"https:\/\/yakutta.com\/wp-content\/uploads\/2025\/04\/cropped-yakutta-icon-no-bg-2-2.png","width":512,"height":512,"caption":"Yakutta"}]}},"_links":{"self":[{"href":"https:\/\/yakutta.com\/fr\/wp-json\/wp\/v2\/product\/6042","targetHints":{"allow":["GET"]}}],"collection":[{"href":"https:\/\/yakutta.com\/fr\/wp-json\/wp\/v2\/product"}],"about":[{"href":"https:\/\/yakutta.com\/fr\/wp-json\/wp\/v2\/types\/product"}],"replies":[{"embeddable":true,"href":"https:\/\/yakutta.com\/fr\/wp-json\/wp\/v2\/comments?post=6042"}],"wp:featuredmedia":[{"embeddable":true,"href":"https:\/\/yakutta.com\/fr\/wp-json\/wp\/v2\/media\/31716"}],"wp:attachment":[{"href":"https:\/\/yakutta.com\/fr\/wp-json\/wp\/v2\/media?parent=6042"}],"wp:term":[{"taxonomy":"product_brand","embeddable":true,"href":"https:\/\/yakutta.com\/fr\/wp-json\/wp\/v2\/product_brand?post=6042"},{"taxonomy":"product_cat","embeddable":true,"href":"https:\/\/yakutta.com\/fr\/wp-json\/wp\/v2\/product_cat?post=6042"},{"taxonomy":"product_tag","embeddable":true,"href":"https:\/\/yakutta.com\/fr\/wp-json\/wp\/v2\/product_tag?post=6042"}],"curies":[{"name":"wp","href":"https:\/\/api.w.org\/{rel}","templated":true}]}}