{"id":3085,"date":"2021-08-25T11:14:38","date_gmt":"2021-08-25T11:14:38","guid":{"rendered":"https:\/\/amfissa.qodeinteractive.com\/?post_type=product&#038;p=3085"},"modified":"2026-05-04T18:27:22","modified_gmt":"2026-05-04T18:27:22","slug":"poudre-de-noyaux-de-dattes","status":"publish","type":"product","link":"https:\/\/yakutta.com\/fr\/produit\/poudre-de-noyaux-de-dattes\/","title":{"rendered":"Poudre de noyaux de dattes"},"content":{"rendered":"<p>D\u00e9couvrez la puissance naturelle de la poudre de graines de dattes, un produit polyvalent et riche en nutriments qui combine habilement bien-\u00eatre et durabilit\u00e9. Fabriqu\u00e9 \u00e0 partir de noyaux de dattes finement moulus, cet ingr\u00e9dient est un champion \u00e9cologique, r\u00e9duisant les d\u00e9chets tout en offrant des qualit\u00e9s fonctionnelles exceptionnelles. Notre produit regorge de bienfaits, notamment de puissants antioxydants, une teneur \u00e9lev\u00e9e en fibres alimentaires et des min\u00e9raux essentiels comme le potassium et le magn\u00e9sium. Cela en fait un ajout pr\u00e9cieux tant pour les r\u00e9gimes soucieux de la sant\u00e9 que pour les formulations de produits innovants.<\/p>\n<h3>Applications polyvalentes et bienfaits de la poudre de graines de dattes<\/h3>\n<p>&nbsp;<\/p>\n<p>Pour les entreprises alimentaires et de boissons, ce produit est un ingr\u00e9dient tr\u00e8s polyvalent. Utilisez-le comme substitut de caf\u00e9 sain et sans caf\u00e9ine avec une l\u00e9g\u00e8re saveur de noisette, ou incorporez-le dans des smoothies, des produits de boulangerie, des barres \u00e9nerg\u00e9tiques et des c\u00e9r\u00e9ales pour un apport nutritionnel significatif. Au-del\u00e0 de ses usages culinaires, ses puissantes propri\u00e9t\u00e9s antioxydantes le rendent tr\u00e8s pris\u00e9 dans l\u2019industrie cosm\u00e9tique, o\u00f9 il est utilis\u00e9 dans les gommages exfoliants, les masques faciaux et d\u2019autres produits de beaut\u00e9 pour favoriser une peau saine et \u00e9clatante.<\/p>\n<p>Si votre entreprise souhaite acheter des quantit\u00e9s premium, notre programme de poudre de graines de dattes en gros garantit un approvisionnement constant de cette alternative super-alimentaire exceptionnelle. Choisissez la poudre de graines de dattes en vrac pour am\u00e9liorer vos produits de sant\u00e9, de soins de la peau ou vos innovations produits avec un ingr\u00e9dient \u00e0 la fois de haute qualit\u00e9 et issu de sources \u00e9thiques.<\/p>","protected":false},"excerpt":{"rendered":"<p class=\"translation-block\">D\u00e9couvrez les bienfaits de notre poudre de graines de dattes de haute qualit\u00e9, un ingr\u00e9dient riche en nutriments et respectueux de l\u2019environnement, parfait pour les r\u00e9gimes sains, les soins de la peau et les formulations de produits innovants. Explorez les nombreux avantages de la poudre de graines de dattes tout en soutenant la durabilit\u00e9. <span class=\"citation-22\">Disponible aupr\u00e8s d\u2019un fournisseur <\/span><span class=\"citation-22\">en gros fiable<\/span><span class=\"citation-22 citation-end-22\"> pour les entreprises et les particuliers \u00e0 la recherche d\u2019ingr\u00e9dients premium.<\/span><\/p>\n<div class=\"source-inline-chip-container ng-star-inserted\"><\/div>\n<p>Pour vos besoins d\u2019approvisionnement, nous proposons des quantit\u00e9s flexibles de poudre de graines de dattes en vrac avec des options de livraison fiables :<\/p>\n<ul>\n<li data-start=\"413\" data-end=\"449\" class=\"translation-block\"><strong data-start=\"413\" data-end=\"428\">Vrac moyen<\/strong> : 25 kg, 50 kg, 100 kg<\/li>\n<li data-start=\"413\" data-end=\"449\" class=\"translation-block\"><strong data-start=\"452\" data-end=\"466\">Grand vrac<\/strong> : 200 kg, 500 kg, 1000 kg<\/li>\n<li data-start=\"493\" data-end=\"533\"><strong data-start=\"493\" data-end=\"511\"><strong data-start=\"445\" data-end=\"463\">Vrac en gros<\/strong> : 5 000L \u2013 25 000L<\/strong>: 5,000kg \u2013 25,000kg<\/li>\n<\/ul>\n<p class=\"translation-block\" data-start=\"535\" data-end=\"847\">Ce produit est disponible pour l'exp\u00e9dition via le <strong data-start=\"729\" data-end=\"747\">service terrestre<\/strong> et le <strong data-start=\"752\" data-end=\"767\">transport maritime<\/strong>, offrant des options de livraison flexibles et fiables pour les commandes en gros et en vrac.<\/p>","protected":false},"featured_media":31711,"comment_status":"open","ping_status":"closed","template":"","meta":[],"product_brand":[],"product_cat":[72],"product_tag":[],"class_list":{"0":"post-3085","1":"product","2":"type-product","3":"status-publish","4":"has-post-thumbnail","6":"product_cat-botanical-extracts-powders-wholesale","8":"first","9":"instock","10":"shipping-taxable","11":"product-type-simple"},"yoast_head":"<!-- This site is optimized with the Yoast SEO Premium plugin v26.6 (Yoast SEO v27.6) - https:\/\/yoast.com\/product\/yoast-seo-premium-wordpress\/ -->\n<title>Premium Date Seed Powder Wholesale | Yakutta<\/title>\n<meta name=\"description\" content=\"Shop premium date seed powder from a reliable wholesale supplier. Rich in nutrients and antioxidants, it\u2019s ideal for food, skincare, and wellness applications. Sustainably sourced and perfect for innovative solutions.\" \/>\n<meta name=\"robots\" content=\"index, follow, max-snippet:-1, max-image-preview:large, max-video-preview:-1\" \/>\n<link rel=\"canonical\" href=\"https:\/\/yakutta.com\/fr\/produit\/poudre-de-noyaux-de-dattes\/\" \/>\n<meta property=\"og:locale\" content=\"fr_FR\" \/>\n<meta property=\"og:type\" content=\"article\" \/>\n<meta property=\"og:title\" content=\"Date Seed Powder\" \/>\n<meta property=\"og:description\" content=\"Shop premium date seed powder from a reliable wholesale supplier. Rich in nutrients and antioxidants, it\u2019s ideal for food, skincare, and wellness applications. Sustainably sourced and perfect for innovative solutions.\" \/>\n<meta property=\"og:url\" content=\"https:\/\/yakutta.com\/fr\/produit\/poudre-de-noyaux-de-dattes\/\" \/>\n<meta property=\"og:site_name\" content=\"Yakutta\" \/>\n<meta property=\"article:modified_time\" content=\"2026-05-04T18:27:22+00:00\" \/>\n<meta property=\"og:image\" content=\"https:\/\/yakutta.com\/wp-content\/uploads\/2021\/08\/Date-seeds-powder-wholesale-compressed.webp\" \/>\n\t<meta property=\"og:image:width\" content=\"2048\" \/>\n\t<meta property=\"og:image:height\" content=\"2048\" \/>\n\t<meta property=\"og:image:type\" content=\"image\/webp\" \/>\n<meta name=\"twitter:card\" content=\"summary_large_image\" \/>\n<meta name=\"twitter:label1\" content=\"Dur\u00e9e de lecture estim\u00e9e\" \/>\n\t<meta name=\"twitter:data1\" content=\"2 minutes\" \/>\n<script type=\"application\/ld+json\" class=\"yoast-schema-graph\">{\"@context\":\"https:\\\/\\\/schema.org\",\"@graph\":[{\"@type\":\"WebPage\",\"@id\":\"https:\\\/\\\/yakutta.com\\\/product\\\/date-seed-powder\\\/\",\"url\":\"https:\\\/\\\/yakutta.com\\\/product\\\/date-seed-powder\\\/\",\"name\":\"Premium Date Seed Powder Wholesale | Yakutta\",\"isPartOf\":{\"@id\":\"https:\\\/\\\/yakutta.com\\\/#website\"},\"primaryImageOfPage\":{\"@id\":\"https:\\\/\\\/yakutta.com\\\/product\\\/date-seed-powder\\\/#primaryimage\"},\"image\":{\"@id\":\"https:\\\/\\\/yakutta.com\\\/product\\\/date-seed-powder\\\/#primaryimage\"},\"thumbnailUrl\":\"https:\\\/\\\/yakutta.com\\\/wp-content\\\/uploads\\\/2021\\\/08\\\/Date-seeds-powder-wholesale-compressed.webp\",\"datePublished\":\"2021-08-25T11:14:38+00:00\",\"dateModified\":\"2026-05-04T18:27:22+00:00\",\"description\":\"Shop premium date seed powder from a reliable wholesale supplier. Rich in nutrients and antioxidants, it\u2019s ideal for food, skincare, and wellness applications. Sustainably sourced and perfect for innovative solutions.\",\"breadcrumb\":{\"@id\":\"https:\\\/\\\/yakutta.com\\\/product\\\/date-seed-powder\\\/#breadcrumb\"},\"inLanguage\":\"fr-FR\",\"potentialAction\":[{\"@type\":\"ReadAction\",\"target\":[\"https:\\\/\\\/yakutta.com\\\/product\\\/date-seed-powder\\\/\"]}]},{\"@type\":\"ImageObject\",\"inLanguage\":\"fr-FR\",\"@id\":\"https:\\\/\\\/yakutta.com\\\/product\\\/date-seed-powder\\\/#primaryimage\",\"url\":\"https:\\\/\\\/yakutta.com\\\/wp-content\\\/uploads\\\/2021\\\/08\\\/Date-seeds-powder-wholesale-compressed.webp\",\"contentUrl\":\"https:\\\/\\\/yakutta.com\\\/wp-content\\\/uploads\\\/2021\\\/08\\\/Date-seeds-powder-wholesale-compressed.webp\",\"width\":2048,\"height\":2048,\"caption\":\"Date-seeds-powder-wholesale\"},{\"@type\":\"BreadcrumbList\",\"@id\":\"https:\\\/\\\/yakutta.com\\\/product\\\/date-seed-powder\\\/#breadcrumb\",\"itemListElement\":[{\"@type\":\"ListItem\",\"position\":1,\"name\":\"Home\",\"item\":\"https:\\\/\\\/yakutta.com\\\/\"},{\"@type\":\"ListItem\",\"position\":2,\"name\":\"Shop\",\"item\":\"https:\\\/\\\/yakutta.com\\\/shop\\\/\"},{\"@type\":\"ListItem\",\"position\":3,\"name\":\"Date Seed Powder\"}]},{\"@type\":\"WebSite\",\"@id\":\"https:\\\/\\\/yakutta.com\\\/#website\",\"url\":\"https:\\\/\\\/yakutta.com\\\/\",\"name\":\"Yakutta\",\"description\":\"Oils Wholesale | Organic &amp; Essential Oils Wholesale\",\"publisher\":{\"@id\":\"https:\\\/\\\/yakutta.com\\\/#organization\"},\"potentialAction\":[{\"@type\":\"SearchAction\",\"target\":{\"@type\":\"EntryPoint\",\"urlTemplate\":\"https:\\\/\\\/yakutta.com\\\/?s={search_term_string}\"},\"query-input\":{\"@type\":\"PropertyValueSpecification\",\"valueRequired\":true,\"valueName\":\"search_term_string\"}}],\"inLanguage\":\"fr-FR\"},{\"@type\":[\"Organization\",\"Place\"],\"@id\":\"https:\\\/\\\/yakutta.com\\\/#organization\",\"name\":\"Yakutta\",\"url\":\"https:\\\/\\\/yakutta.com\\\/\",\"logo\":{\"@id\":\"https:\\\/\\\/yakutta.com\\\/product\\\/date-seed-powder\\\/#local-main-organization-logo\"},\"image\":{\"@id\":\"https:\\\/\\\/yakutta.com\\\/product\\\/date-seed-powder\\\/#local-main-organization-logo\"},\"telephone\":[],\"openingHoursSpecification\":[{\"@type\":\"OpeningHoursSpecification\",\"dayOfWeek\":[\"Monday\",\"Tuesday\",\"Wednesday\",\"Thursday\",\"Friday\",\"Saturday\",\"Sunday\"],\"opens\":\"09:00\",\"closes\":\"17:00\"}]},{\"@type\":\"ImageObject\",\"inLanguage\":\"fr-FR\",\"@id\":\"https:\\\/\\\/yakutta.com\\\/product\\\/date-seed-powder\\\/#local-main-organization-logo\",\"url\":\"https:\\\/\\\/yakutta.com\\\/wp-content\\\/uploads\\\/2025\\\/04\\\/cropped-yakutta-icon-no-bg-2-2.png\",\"contentUrl\":\"https:\\\/\\\/yakutta.com\\\/wp-content\\\/uploads\\\/2025\\\/04\\\/cropped-yakutta-icon-no-bg-2-2.png\",\"width\":512,\"height\":512,\"caption\":\"Yakutta\"}]}<\/script>\n<!-- \/ Yoast SEO Premium plugin. -->","yoast_head_json":{"title":"Poudre de noyau de datte premium en gros | Yakutta","description":"Achetez de la poudre de graines de dattes premium aupr\u00e8s d\u2019un fournisseur en gros fiable. Riche en nutriments et en antioxydants, elle est id\u00e9ale pour l\u2019alimentation, les soins de la peau et le bien-\u00eatre. Issue de sources durables, elle est parfaite pour des solutions innovantes.","robots":{"index":"index","follow":"follow","max-snippet":"max-snippet:-1","max-image-preview":"max-image-preview:large","max-video-preview":"max-video-preview:-1"},"canonical":"https:\/\/yakutta.com\/fr\/produit\/poudre-de-noyaux-de-dattes\/","og_locale":"fr_FR","og_type":"article","og_title":"Date Seed Powder","og_description":"Shop premium date seed powder from a reliable wholesale supplier. Rich in nutrients and antioxidants, it\u2019s ideal for food, skincare, and wellness applications. Sustainably sourced and perfect for innovative solutions.","og_url":"https:\/\/yakutta.com\/fr\/produit\/poudre-de-noyaux-de-dattes\/","og_site_name":"Yakutta","article_modified_time":"2026-05-04T18:27:22+00:00","og_image":[{"width":2048,"height":2048,"url":"https:\/\/yakutta.com\/wp-content\/uploads\/2021\/08\/Date-seeds-powder-wholesale-compressed.webp","type":"image\/webp"}],"twitter_card":"summary_large_image","twitter_misc":{"Dur\u00e9e de lecture estim\u00e9e":"2 minutes"},"schema":{"@context":"https:\/\/schema.org","@graph":[{"@type":"WebPage","@id":"https:\/\/yakutta.com\/product\/date-seed-powder\/","url":"https:\/\/yakutta.com\/product\/date-seed-powder\/","name":"Poudre de noyau de datte premium en gros | Yakutta","isPartOf":{"@id":"https:\/\/yakutta.com\/#website"},"primaryImageOfPage":{"@id":"https:\/\/yakutta.com\/product\/date-seed-powder\/#primaryimage"},"image":{"@id":"https:\/\/yakutta.com\/product\/date-seed-powder\/#primaryimage"},"thumbnailUrl":"https:\/\/yakutta.com\/wp-content\/uploads\/2021\/08\/Date-seeds-powder-wholesale-compressed.webp","datePublished":"2021-08-25T11:14:38+00:00","dateModified":"2026-05-04T18:27:22+00:00","description":"Achetez de la poudre de graines de dattes premium aupr\u00e8s d\u2019un fournisseur en gros fiable. Riche en nutriments et en antioxydants, elle est id\u00e9ale pour l\u2019alimentation, les soins de la peau et le bien-\u00eatre. Issue de sources durables, elle est parfaite pour des solutions innovantes.","breadcrumb":{"@id":"https:\/\/yakutta.com\/product\/date-seed-powder\/#breadcrumb"},"inLanguage":"fr-FR","potentialAction":[{"@type":"ReadAction","target":["https:\/\/yakutta.com\/product\/date-seed-powder\/"]}]},{"@type":"ImageObject","inLanguage":"fr-FR","@id":"https:\/\/yakutta.com\/product\/date-seed-powder\/#primaryimage","url":"https:\/\/yakutta.com\/wp-content\/uploads\/2021\/08\/Date-seeds-powder-wholesale-compressed.webp","contentUrl":"https:\/\/yakutta.com\/wp-content\/uploads\/2021\/08\/Date-seeds-powder-wholesale-compressed.webp","width":2048,"height":2048,"caption":"Date-seeds-powder-wholesale"},{"@type":"BreadcrumbList","@id":"https:\/\/yakutta.com\/product\/date-seed-powder\/#breadcrumb","itemListElement":[{"@type":"ListItem","position":1,"name":"Home","item":"https:\/\/yakutta.com\/"},{"@type":"ListItem","position":2,"name":"Shop","item":"https:\/\/yakutta.com\/shop\/"},{"@type":"ListItem","position":3,"name":"Date Seed Powder"}]},{"@type":"WebSite","@id":"https:\/\/yakutta.com\/#website","url":"https:\/\/yakutta.com\/","name":"Yakutta","description":"Huiles en gros | Huiles essentielles et biologiques en gros","publisher":{"@id":"https:\/\/yakutta.com\/#organization"},"potentialAction":[{"@type":"SearchAction","target":{"@type":"EntryPoint","urlTemplate":"https:\/\/yakutta.com\/?s={search_term_string}"},"query-input":{"@type":"PropertyValueSpecification","valueRequired":true,"valueName":"search_term_string"}}],"inLanguage":"fr-FR"},{"@type":["Organization","Place"],"@id":"https:\/\/yakutta.com\/#organization","name":"Yakutta","url":"https:\/\/yakutta.com\/","logo":{"@id":"https:\/\/yakutta.com\/product\/date-seed-powder\/#local-main-organization-logo"},"image":{"@id":"https:\/\/yakutta.com\/product\/date-seed-powder\/#local-main-organization-logo"},"telephone":[],"openingHoursSpecification":[{"@type":"OpeningHoursSpecification","dayOfWeek":["Monday","Tuesday","Wednesday","Thursday","Friday","Saturday","Sunday"],"opens":"09:00","closes":"17:00"}]},{"@type":"ImageObject","inLanguage":"fr-FR","@id":"https:\/\/yakutta.com\/product\/date-seed-powder\/#local-main-organization-logo","url":"https:\/\/yakutta.com\/wp-content\/uploads\/2025\/04\/cropped-yakutta-icon-no-bg-2-2.png","contentUrl":"https:\/\/yakutta.com\/wp-content\/uploads\/2025\/04\/cropped-yakutta-icon-no-bg-2-2.png","width":512,"height":512,"caption":"Yakutta"}]}},"_links":{"self":[{"href":"https:\/\/yakutta.com\/fr\/wp-json\/wp\/v2\/product\/3085","targetHints":{"allow":["GET"]}}],"collection":[{"href":"https:\/\/yakutta.com\/fr\/wp-json\/wp\/v2\/product"}],"about":[{"href":"https:\/\/yakutta.com\/fr\/wp-json\/wp\/v2\/types\/product"}],"replies":[{"embeddable":true,"href":"https:\/\/yakutta.com\/fr\/wp-json\/wp\/v2\/comments?post=3085"}],"wp:featuredmedia":[{"embeddable":true,"href":"https:\/\/yakutta.com\/fr\/wp-json\/wp\/v2\/media\/31711"}],"wp:attachment":[{"href":"https:\/\/yakutta.com\/fr\/wp-json\/wp\/v2\/media?parent=3085"}],"wp:term":[{"taxonomy":"product_brand","embeddable":true,"href":"https:\/\/yakutta.com\/fr\/wp-json\/wp\/v2\/product_brand?post=3085"},{"taxonomy":"product_cat","embeddable":true,"href":"https:\/\/yakutta.com\/fr\/wp-json\/wp\/v2\/product_cat?post=3085"},{"taxonomy":"product_tag","embeddable":true,"href":"https:\/\/yakutta.com\/fr\/wp-json\/wp\/v2\/product_tag?post=3085"}],"curies":[{"name":"wp","href":"https:\/\/api.w.org\/{rel}","templated":true}]}}