{"id":23347,"date":"2025-12-23T23:14:48","date_gmt":"2025-12-23T23:14:48","guid":{"rendered":"https:\/\/yakutta.com\/?post_type=product&#038;p=23347"},"modified":"2026-01-12T13:43:50","modified_gmt":"2026-01-12T13:43:50","slug":"sirop-dattes","status":"publish","type":"product","link":"https:\/\/yakutta.com\/fr\/produit\/sirop-dattes\/","title":{"rendered":"Sirop de dattes"},"content":{"rendered":"<p class=\"text-sm\">Le sirop de dattes est un \u00e9dulcorant naturel fabriqu\u00e9 \u00e0 partir de dattes m\u00fbres soigneusement s\u00e9lectionn\u00e9es, gr\u00e2ce \u00e0 un processus d\u2019extraction et de concentration doux qui pr\u00e9serve leur saveur riche et leur valeur nutritionnelle. Avec sa texture lisse, sa couleur ambre fonc\u00e9 et son go\u00fbt naturellement sucr\u00e9, c\u2019est la meilleure alternative au sucre raffin\u00e9 et aux \u00e9dulcorants artificiels.<\/p>\n<p class=\"text-sm\">Parfait pour les fabricants alimentaires, les grossistes et les distributeurs, le sirop de dattes biologique est largement utilis\u00e9 dans les produits de boulangerie, les confiseries, les boissons, les produits laitiers, les sauces et les aliments sant\u00e9. Il se dissout facilement, se m\u00e9lange parfaitement avec les autres ingr\u00e9dients et offre une douceur constante avec un profil fruit\u00e9 unique.<\/p>\n<p class=\"text-sm\">Disponible en formats en vrac pour r\u00e9pondre aux besoins industriels et commerciaux, notre produit est exempt d\u2019additifs, de conservateurs et de colorants artificiels. Il est appr\u00e9ci\u00e9 pour son \u00e9tiquette \u00ab clean \u00bb, sa longue dur\u00e9e de conservation et sa compatibilit\u00e9 avec les gammes de produits naturels, biologiques et ax\u00e9s sur le bien-\u00eatre. Avec un approvisionnement fiable, une qualit\u00e9 constante et des options d\u2019emballage flexibles, notre sirop biologique est le choix id\u00e9al pour le march\u00e9 de gros et international.<\/p>","protected":false},"excerpt":{"rendered":"<p>Achetez le sirop de dattes biologique premium de Yakutta, disponible en gros pour les entreprises. Parfait pour la p\u00e2tisserie, les boissons et les aliments sant\u00e9, notre sirop de dattes riche en nutriments offre une qualit\u00e9 \u00ab clean-label \u00bb et est exempt d\u2019additifs. Assurez votre approvisionnement en gros d\u00e8s aujourd\u2019hui et am\u00e9liorez votre offre de produits avec Yakutta !<\/p>\n<ul>\n<li data-start=\"413\" data-end=\"449\" class=\"translation-block\"><b>Quantit\u00e9 60 000 kg<\/b><strong> \/ mois<\/strong><\/li>\n<\/ul>\n<p class=\"translation-block\" data-start=\"535\" data-end=\"847\">Ce produit est disponible pour l'exp\u00e9dition via le <strong data-start=\"729\" data-end=\"747\">service terrestre<\/strong> et le <strong data-start=\"752\" data-end=\"767\">transport maritime<\/strong>, offrant des options de livraison flexibles et fiables pour les commandes en gros et en vrac.<\/p>","protected":false},"featured_media":23348,"comment_status":"open","ping_status":"closed","template":"","meta":[],"product_brand":[],"product_cat":[147],"product_tag":[92,105,145,91],"class_list":{"0":"post-23347","1":"product","2":"type-product","3":"status-publish","4":"has-post-thumbnail","6":"product_cat-syrups","7":"product_tag-bulk","8":"product_tag-date","9":"product_tag-syrup","10":"product_tag-wholesale","12":"first","13":"instock","14":"shipping-taxable","15":"product-type-simple"},"yoast_head":"<!-- This site is optimized with the Yoast SEO Premium plugin v26.6 (Yoast SEO v27.6) - https:\/\/yoast.com\/product\/yoast-seo-premium-wordpress\/ -->\n<title>Date Syrup Wholesale - Bulk Date Syrup - Yakutta<\/title>\n<meta name=\"description\" content=\"Discover Yakutta\u2019s Date Syrup, a luxurious product crafted from the finest dates. Specialising in Date Syrup wholesale, Yakutta brings the authentic taste of the desert to the world, offering premium quality and global delivery.\" \/>\n<meta name=\"robots\" content=\"index, follow, max-snippet:-1, max-image-preview:large, max-video-preview:-1\" \/>\n<link rel=\"canonical\" href=\"https:\/\/yakutta.com\/fr\/produit\/sirop-dattes\/\" \/>\n<meta property=\"og:locale\" content=\"fr_FR\" \/>\n<meta property=\"og:type\" content=\"article\" \/>\n<meta property=\"og:title\" content=\"Date Syrup\" \/>\n<meta property=\"og:description\" content=\"Discover Yakutta\u2019s Date Syrup, a luxurious product crafted from the finest dates. Specialising in Date Syrup wholesale, Yakutta brings the authentic taste of the desert to the world, offering premium quality and global delivery.\" \/>\n<meta property=\"og:url\" content=\"https:\/\/yakutta.com\/fr\/produit\/sirop-dattes\/\" \/>\n<meta property=\"og:site_name\" content=\"Yakutta\" \/>\n<meta property=\"article:modified_time\" content=\"2026-01-12T13:43:50+00:00\" \/>\n<meta property=\"og:image\" content=\"https:\/\/yakutta.com\/wp-content\/uploads\/2025\/12\/date-syrup.webp\" \/>\n\t<meta property=\"og:image:width\" content=\"899\" \/>\n\t<meta property=\"og:image:height\" content=\"899\" \/>\n\t<meta property=\"og:image:type\" content=\"image\/webp\" \/>\n<meta name=\"twitter:card\" content=\"summary_large_image\" \/>\n<meta name=\"twitter:label1\" content=\"Dur\u00e9e de lecture estim\u00e9e\" \/>\n\t<meta name=\"twitter:data1\" content=\"1 minute\" \/>\n<script type=\"application\/ld+json\" class=\"yoast-schema-graph\">{\"@context\":\"https:\\\/\\\/schema.org\",\"@graph\":[{\"@type\":\"WebPage\",\"@id\":\"https:\\\/\\\/yakutta.com\\\/product\\\/date-syrup\\\/\",\"url\":\"https:\\\/\\\/yakutta.com\\\/product\\\/date-syrup\\\/\",\"name\":\"Date Syrup Wholesale - Bulk Date Syrup - Yakutta\",\"isPartOf\":{\"@id\":\"https:\\\/\\\/yakutta.com\\\/#website\"},\"primaryImageOfPage\":{\"@id\":\"https:\\\/\\\/yakutta.com\\\/product\\\/date-syrup\\\/#primaryimage\"},\"image\":{\"@id\":\"https:\\\/\\\/yakutta.com\\\/product\\\/date-syrup\\\/#primaryimage\"},\"thumbnailUrl\":\"https:\\\/\\\/yakutta.com\\\/wp-content\\\/uploads\\\/2025\\\/12\\\/date-syrup.webp\",\"datePublished\":\"2025-12-23T23:14:48+00:00\",\"dateModified\":\"2026-01-12T13:43:50+00:00\",\"description\":\"Discover Yakutta\u2019s Date Syrup, a luxurious product crafted from the finest dates. Specialising in Date Syrup wholesale, Yakutta brings the authentic taste of the desert to the world, offering premium quality and global delivery.\",\"breadcrumb\":{\"@id\":\"https:\\\/\\\/yakutta.com\\\/product\\\/date-syrup\\\/#breadcrumb\"},\"inLanguage\":\"fr-FR\",\"potentialAction\":[{\"@type\":\"ReadAction\",\"target\":[\"https:\\\/\\\/yakutta.com\\\/product\\\/date-syrup\\\/\"]}]},{\"@type\":\"ImageObject\",\"inLanguage\":\"fr-FR\",\"@id\":\"https:\\\/\\\/yakutta.com\\\/product\\\/date-syrup\\\/#primaryimage\",\"url\":\"https:\\\/\\\/yakutta.com\\\/wp-content\\\/uploads\\\/2025\\\/12\\\/date-syrup.webp\",\"contentUrl\":\"https:\\\/\\\/yakutta.com\\\/wp-content\\\/uploads\\\/2025\\\/12\\\/date-syrup.webp\",\"width\":899,\"height\":899,\"caption\":\"Date Syrup\"},{\"@type\":\"BreadcrumbList\",\"@id\":\"https:\\\/\\\/yakutta.com\\\/product\\\/date-syrup\\\/#breadcrumb\",\"itemListElement\":[{\"@type\":\"ListItem\",\"position\":1,\"name\":\"Home\",\"item\":\"https:\\\/\\\/yakutta.com\\\/\"},{\"@type\":\"ListItem\",\"position\":2,\"name\":\"Shop\",\"item\":\"https:\\\/\\\/yakutta.com\\\/shop\\\/\"},{\"@type\":\"ListItem\",\"position\":3,\"name\":\"Date Syrup\"}]},{\"@type\":\"WebSite\",\"@id\":\"https:\\\/\\\/yakutta.com\\\/#website\",\"url\":\"https:\\\/\\\/yakutta.com\\\/\",\"name\":\"Yakutta\",\"description\":\"Oils Wholesale | Organic &amp; Essential Oils Wholesale\",\"publisher\":{\"@id\":\"https:\\\/\\\/yakutta.com\\\/#organization\"},\"potentialAction\":[{\"@type\":\"SearchAction\",\"target\":{\"@type\":\"EntryPoint\",\"urlTemplate\":\"https:\\\/\\\/yakutta.com\\\/?s={search_term_string}\"},\"query-input\":{\"@type\":\"PropertyValueSpecification\",\"valueRequired\":true,\"valueName\":\"search_term_string\"}}],\"inLanguage\":\"fr-FR\"},{\"@type\":[\"Organization\",\"Place\"],\"@id\":\"https:\\\/\\\/yakutta.com\\\/#organization\",\"name\":\"Yakutta\",\"url\":\"https:\\\/\\\/yakutta.com\\\/\",\"logo\":{\"@id\":\"https:\\\/\\\/yakutta.com\\\/product\\\/date-syrup\\\/#local-main-organization-logo\"},\"image\":{\"@id\":\"https:\\\/\\\/yakutta.com\\\/product\\\/date-syrup\\\/#local-main-organization-logo\"},\"telephone\":[],\"openingHoursSpecification\":[{\"@type\":\"OpeningHoursSpecification\",\"dayOfWeek\":[\"Monday\",\"Tuesday\",\"Wednesday\",\"Thursday\",\"Friday\",\"Saturday\",\"Sunday\"],\"opens\":\"09:00\",\"closes\":\"17:00\"}]},{\"@type\":\"ImageObject\",\"inLanguage\":\"fr-FR\",\"@id\":\"https:\\\/\\\/yakutta.com\\\/product\\\/date-syrup\\\/#local-main-organization-logo\",\"url\":\"https:\\\/\\\/yakutta.com\\\/wp-content\\\/uploads\\\/2025\\\/04\\\/cropped-yakutta-icon-no-bg-2-2.png\",\"contentUrl\":\"https:\\\/\\\/yakutta.com\\\/wp-content\\\/uploads\\\/2025\\\/04\\\/cropped-yakutta-icon-no-bg-2-2.png\",\"width\":512,\"height\":512,\"caption\":\"Yakutta\"}]}<\/script>\n<!-- \/ Yoast SEO Premium plugin. -->","yoast_head_json":{"title":"Sirop de dattes en gros \u2013 Sirop de dattes en vrac \u2013 Yakutta","description":"D\u00e9couvrez le sirop de dattes de Yakutta, un produit luxueux \u00e9labor\u00e9 \u00e0 partir des meilleures dattes. Sp\u00e9cialis\u00e9e dans la vente en gros de sirop de dattes, Yakutta apporte le go\u00fbt authentique du d\u00e9sert au monde entier, offrant une qualit\u00e9 premium et une livraison internationale.","robots":{"index":"index","follow":"follow","max-snippet":"max-snippet:-1","max-image-preview":"max-image-preview:large","max-video-preview":"max-video-preview:-1"},"canonical":"https:\/\/yakutta.com\/fr\/produit\/sirop-dattes\/","og_locale":"fr_FR","og_type":"article","og_title":"Date Syrup","og_description":"Discover Yakutta\u2019s Date Syrup, a luxurious product crafted from the finest dates. Specialising in Date Syrup wholesale, Yakutta brings the authentic taste of the desert to the world, offering premium quality and global delivery.","og_url":"https:\/\/yakutta.com\/fr\/produit\/sirop-dattes\/","og_site_name":"Yakutta","article_modified_time":"2026-01-12T13:43:50+00:00","og_image":[{"width":899,"height":899,"url":"https:\/\/yakutta.com\/wp-content\/uploads\/2025\/12\/date-syrup.webp","type":"image\/webp"}],"twitter_card":"summary_large_image","twitter_misc":{"Dur\u00e9e de lecture estim\u00e9e":"1 minute"},"schema":{"@context":"https:\/\/schema.org","@graph":[{"@type":"WebPage","@id":"https:\/\/yakutta.com\/product\/date-syrup\/","url":"https:\/\/yakutta.com\/product\/date-syrup\/","name":"Sirop de dattes en gros \u2013 Sirop de dattes en vrac \u2013 Yakutta","isPartOf":{"@id":"https:\/\/yakutta.com\/#website"},"primaryImageOfPage":{"@id":"https:\/\/yakutta.com\/product\/date-syrup\/#primaryimage"},"image":{"@id":"https:\/\/yakutta.com\/product\/date-syrup\/#primaryimage"},"thumbnailUrl":"https:\/\/yakutta.com\/wp-content\/uploads\/2025\/12\/date-syrup.webp","datePublished":"2025-12-23T23:14:48+00:00","dateModified":"2026-01-12T13:43:50+00:00","description":"D\u00e9couvrez le sirop de dattes de Yakutta, un produit luxueux \u00e9labor\u00e9 \u00e0 partir des meilleures dattes. Sp\u00e9cialis\u00e9e dans la vente en gros de sirop de dattes, Yakutta apporte le go\u00fbt authentique du d\u00e9sert au monde entier, offrant une qualit\u00e9 premium et une livraison internationale.","breadcrumb":{"@id":"https:\/\/yakutta.com\/product\/date-syrup\/#breadcrumb"},"inLanguage":"fr-FR","potentialAction":[{"@type":"ReadAction","target":["https:\/\/yakutta.com\/product\/date-syrup\/"]}]},{"@type":"ImageObject","inLanguage":"fr-FR","@id":"https:\/\/yakutta.com\/product\/date-syrup\/#primaryimage","url":"https:\/\/yakutta.com\/wp-content\/uploads\/2025\/12\/date-syrup.webp","contentUrl":"https:\/\/yakutta.com\/wp-content\/uploads\/2025\/12\/date-syrup.webp","width":899,"height":899,"caption":"Date Syrup"},{"@type":"BreadcrumbList","@id":"https:\/\/yakutta.com\/product\/date-syrup\/#breadcrumb","itemListElement":[{"@type":"ListItem","position":1,"name":"Home","item":"https:\/\/yakutta.com\/"},{"@type":"ListItem","position":2,"name":"Shop","item":"https:\/\/yakutta.com\/shop\/"},{"@type":"ListItem","position":3,"name":"Date Syrup"}]},{"@type":"WebSite","@id":"https:\/\/yakutta.com\/#website","url":"https:\/\/yakutta.com\/","name":"Yakutta","description":"Huiles en gros | Huiles essentielles et biologiques en gros","publisher":{"@id":"https:\/\/yakutta.com\/#organization"},"potentialAction":[{"@type":"SearchAction","target":{"@type":"EntryPoint","urlTemplate":"https:\/\/yakutta.com\/?s={search_term_string}"},"query-input":{"@type":"PropertyValueSpecification","valueRequired":true,"valueName":"search_term_string"}}],"inLanguage":"fr-FR"},{"@type":["Organization","Place"],"@id":"https:\/\/yakutta.com\/#organization","name":"Yakutta","url":"https:\/\/yakutta.com\/","logo":{"@id":"https:\/\/yakutta.com\/product\/date-syrup\/#local-main-organization-logo"},"image":{"@id":"https:\/\/yakutta.com\/product\/date-syrup\/#local-main-organization-logo"},"telephone":[],"openingHoursSpecification":[{"@type":"OpeningHoursSpecification","dayOfWeek":["Monday","Tuesday","Wednesday","Thursday","Friday","Saturday","Sunday"],"opens":"09:00","closes":"17:00"}]},{"@type":"ImageObject","inLanguage":"fr-FR","@id":"https:\/\/yakutta.com\/product\/date-syrup\/#local-main-organization-logo","url":"https:\/\/yakutta.com\/wp-content\/uploads\/2025\/04\/cropped-yakutta-icon-no-bg-2-2.png","contentUrl":"https:\/\/yakutta.com\/wp-content\/uploads\/2025\/04\/cropped-yakutta-icon-no-bg-2-2.png","width":512,"height":512,"caption":"Yakutta"}]}},"_links":{"self":[{"href":"https:\/\/yakutta.com\/fr\/wp-json\/wp\/v2\/product\/23347","targetHints":{"allow":["GET"]}}],"collection":[{"href":"https:\/\/yakutta.com\/fr\/wp-json\/wp\/v2\/product"}],"about":[{"href":"https:\/\/yakutta.com\/fr\/wp-json\/wp\/v2\/types\/product"}],"replies":[{"embeddable":true,"href":"https:\/\/yakutta.com\/fr\/wp-json\/wp\/v2\/comments?post=23347"}],"wp:featuredmedia":[{"embeddable":true,"href":"https:\/\/yakutta.com\/fr\/wp-json\/wp\/v2\/media\/23348"}],"wp:attachment":[{"href":"https:\/\/yakutta.com\/fr\/wp-json\/wp\/v2\/media?parent=23347"}],"wp:term":[{"taxonomy":"product_brand","embeddable":true,"href":"https:\/\/yakutta.com\/fr\/wp-json\/wp\/v2\/product_brand?post=23347"},{"taxonomy":"product_cat","embeddable":true,"href":"https:\/\/yakutta.com\/fr\/wp-json\/wp\/v2\/product_cat?post=23347"},{"taxonomy":"product_tag","embeddable":true,"href":"https:\/\/yakutta.com\/fr\/wp-json\/wp\/v2\/product_tag?post=23347"}],"curies":[{"name":"wp","href":"https:\/\/api.w.org\/{rel}","templated":true}]}}