{"id":2228,"date":"2021-08-09T16:16:31","date_gmt":"2021-08-09T16:16:31","guid":{"rendered":"https:\/\/amfissa.qodeinteractive.com\/?post_type=product&#038;p=2228"},"modified":"2025-12-28T18:27:20","modified_gmt":"2025-12-28T18:27:20","slug":"huile-de-graines-de-figue-de-barbarie","status":"publish","type":"product","link":"https:\/\/yakutta.com\/fr\/produit\/huile-de-graines-de-figue-de-barbarie\/","title":{"rendered":"Huile de p\u00e9pins de figue de barbarie"},"content":{"rendered":"<p class=\"text-sm\">L\u2019huile de graines de figue de Barbarie est une huile essentielle luxueuse, r\u00e9put\u00e9e pour ses bienfaits nourrissants pour la peau. Extraite des graines du fruit du figuier de Barbarie, elle est riche en antioxydants, en vitamine E et en acides gras essentiels, offrant des propri\u00e9t\u00e9s hydratantes, anti-\u00e2ge et illuminatrices. Id\u00e9ale pour les peaux s\u00e8ches et matures, elle favorise l\u2019\u00e9lasticit\u00e9, r\u00e9duit l\u2019apparence des ridules et prot\u00e8ge contre les agressions environnementales, en faisant un indispensable pour un teint \u00e9clatant.<\/p>\n<p class=\"text-sm\">Pour les entreprises, l\u2019huile de graines de figue de barbarie est un ingr\u00e9dient polyvalent pour les produits de soins de la peau et de beaut\u00e9, des s\u00e9rums aux cr\u00e8mes. Gr\u00e2ce \u00e0 nos options de vente en gros d\u2019huile de graines de figue de barbarie, les entreprises peuvent acc\u00e9der \u00e0 une huile premium issue de sources durables en grandes quantit\u00e9s, garantissant des approvisionnements de haute qualit\u00e9 pour leurs gammes de produits. Cela en fait un choix \u00e0 la fois \u00e9conomique et luxueux pour les marques souhaitant r\u00e9pondre \u00e0 une demande client croissante.<\/p>\n<p class=\"text-sm\">Qu\u2019il s\u2019agisse d\u2019am\u00e9liorer les soins personnels de la peau ou de d\u00e9velopper des formulations premium, les options d\u2019huile de graines de figue de barbarie en vrac offrent luxe et efficacit\u00e9 \u00e0 chaque goutte.<\/p>","protected":false},"excerpt":{"rendered":"<p>D\u00e9couvrez les bienfaits exceptionnels de notre huile de p\u00e9pins de figue de barbarie premium, un ajout luxueux et riche en nutriments pour les produits de soins de la peau et de beaut\u00e9. Disponible en gros aupr\u00e8s d'un fournisseur de confiance, pour les entreprises et les particuliers.<\/p>","protected":false},"featured_media":21289,"comment_status":"closed","ping_status":"closed","template":"","meta":[],"product_brand":[],"product_cat":[73],"product_tag":[],"class_list":{"0":"post-2228","1":"product","2":"type-product","3":"status-publish","4":"has-post-thumbnail","6":"product_cat-essential-oils-products","8":"first","9":"instock","10":"shipping-taxable","11":"product-type-simple"},"yoast_head":"<!-- This site is optimized with the Yoast SEO Premium plugin v26.6 (Yoast SEO v27.4) - https:\/\/yoast.com\/product\/yoast-seo-premium-wordpress\/ -->\n<title>Prickly Pear Seed Oil wholesale - Yakutta<\/title>\n<meta name=\"description\" content=\"Shop high-quality prickly pear seed oil bulk from a reliable wholesale supplier. Offering bulk essential oils ideal for skincare and beauty, it\u2019s perfect for those looking to buy essential oils or essential oils wholesale supplies.\" \/>\n<meta name=\"robots\" content=\"index, follow, max-snippet:-1, max-image-preview:large, max-video-preview:-1\" \/>\n<link rel=\"canonical\" href=\"https:\/\/yakutta.com\/fr\/produit\/huile-de-graines-de-figue-de-barbarie\/\" \/>\n<meta property=\"og:locale\" content=\"fr_FR\" \/>\n<meta property=\"og:type\" content=\"article\" \/>\n<meta property=\"og:title\" content=\"Prickly Pear Seed Oil\" \/>\n<meta property=\"og:description\" content=\"Shop high-quality prickly pear seed oil bulk from a reliable wholesale supplier. Offering bulk essential oils ideal for skincare and beauty, it\u2019s perfect for those looking to buy essential oils or essential oils wholesale supplies.\" \/>\n<meta property=\"og:url\" content=\"https:\/\/yakutta.com\/fr\/produit\/huile-de-graines-de-figue-de-barbarie\/\" \/>\n<meta property=\"og:site_name\" content=\"Yakutta\" \/>\n<meta property=\"article:modified_time\" content=\"2025-12-28T18:27:20+00:00\" \/>\n<meta property=\"og:image\" content=\"https:\/\/yakutta.com\/wp-content\/uploads\/2021\/08\/prickly-pear-seed-oil-in-bulk-webp.webp\" \/>\n\t<meta property=\"og:image:width\" content=\"2048\" \/>\n\t<meta property=\"og:image:height\" content=\"2048\" \/>\n\t<meta property=\"og:image:type\" content=\"image\/webp\" \/>\n<meta name=\"twitter:card\" content=\"summary_large_image\" \/>\n<meta name=\"twitter:label1\" content=\"Dur\u00e9e de lecture estim\u00e9e\" \/>\n\t<meta name=\"twitter:data1\" content=\"1 minute\" \/>\n<script type=\"application\/ld+json\" class=\"yoast-schema-graph\">{\"@context\":\"https:\\\/\\\/schema.org\",\"@graph\":[{\"@type\":\"WebPage\",\"@id\":\"https:\\\/\\\/yakutta.com\\\/product\\\/prickly-pear-seed-oil\\\/\",\"url\":\"https:\\\/\\\/yakutta.com\\\/product\\\/prickly-pear-seed-oil\\\/\",\"name\":\"Prickly Pear Seed Oil wholesale - Yakutta\",\"isPartOf\":{\"@id\":\"https:\\\/\\\/yakutta.com\\\/#website\"},\"primaryImageOfPage\":{\"@id\":\"https:\\\/\\\/yakutta.com\\\/product\\\/prickly-pear-seed-oil\\\/#primaryimage\"},\"image\":{\"@id\":\"https:\\\/\\\/yakutta.com\\\/product\\\/prickly-pear-seed-oil\\\/#primaryimage\"},\"thumbnailUrl\":\"https:\\\/\\\/yakutta.com\\\/wp-content\\\/uploads\\\/2021\\\/08\\\/prickly-pear-seed-oil-in-bulk-webp.webp\",\"datePublished\":\"2021-08-09T16:16:31+00:00\",\"dateModified\":\"2025-12-28T18:27:20+00:00\",\"description\":\"Shop high-quality prickly pear seed oil bulk from a reliable wholesale supplier. Offering bulk essential oils ideal for skincare and beauty, it\u2019s perfect for those looking to buy essential oils or essential oils wholesale supplies.\",\"breadcrumb\":{\"@id\":\"https:\\\/\\\/yakutta.com\\\/product\\\/prickly-pear-seed-oil\\\/#breadcrumb\"},\"inLanguage\":\"fr-FR\",\"potentialAction\":[{\"@type\":\"ReadAction\",\"target\":[\"https:\\\/\\\/yakutta.com\\\/product\\\/prickly-pear-seed-oil\\\/\"]}]},{\"@type\":\"ImageObject\",\"inLanguage\":\"fr-FR\",\"@id\":\"https:\\\/\\\/yakutta.com\\\/product\\\/prickly-pear-seed-oil\\\/#primaryimage\",\"url\":\"https:\\\/\\\/yakutta.com\\\/wp-content\\\/uploads\\\/2021\\\/08\\\/prickly-pear-seed-oil-in-bulk-webp.webp\",\"contentUrl\":\"https:\\\/\\\/yakutta.com\\\/wp-content\\\/uploads\\\/2021\\\/08\\\/prickly-pear-seed-oil-in-bulk-webp.webp\",\"width\":2048,\"height\":2048,\"caption\":\"prickly pear seed oil in bulk\"},{\"@type\":\"BreadcrumbList\",\"@id\":\"https:\\\/\\\/yakutta.com\\\/product\\\/prickly-pear-seed-oil\\\/#breadcrumb\",\"itemListElement\":[{\"@type\":\"ListItem\",\"position\":1,\"name\":\"Home\",\"item\":\"https:\\\/\\\/yakutta.com\\\/\"},{\"@type\":\"ListItem\",\"position\":2,\"name\":\"Shop\",\"item\":\"https:\\\/\\\/yakutta.com\\\/shop\\\/\"},{\"@type\":\"ListItem\",\"position\":3,\"name\":\"Prickly Pear Seed Oil\"}]},{\"@type\":\"WebSite\",\"@id\":\"https:\\\/\\\/yakutta.com\\\/#website\",\"url\":\"https:\\\/\\\/yakutta.com\\\/\",\"name\":\"Yakutta\",\"description\":\"Oils Wholesale | Organic &amp; Essential Oils Wholesale\",\"publisher\":{\"@id\":\"https:\\\/\\\/yakutta.com\\\/#organization\"},\"potentialAction\":[{\"@type\":\"SearchAction\",\"target\":{\"@type\":\"EntryPoint\",\"urlTemplate\":\"https:\\\/\\\/yakutta.com\\\/?s={search_term_string}\"},\"query-input\":{\"@type\":\"PropertyValueSpecification\",\"valueRequired\":true,\"valueName\":\"search_term_string\"}}],\"inLanguage\":\"fr-FR\"},{\"@type\":[\"Organization\",\"Place\"],\"@id\":\"https:\\\/\\\/yakutta.com\\\/#organization\",\"name\":\"Yakutta\",\"url\":\"https:\\\/\\\/yakutta.com\\\/\",\"logo\":{\"@id\":\"https:\\\/\\\/yakutta.com\\\/product\\\/prickly-pear-seed-oil\\\/#local-main-organization-logo\"},\"image\":{\"@id\":\"https:\\\/\\\/yakutta.com\\\/product\\\/prickly-pear-seed-oil\\\/#local-main-organization-logo\"},\"telephone\":[],\"openingHoursSpecification\":[{\"@type\":\"OpeningHoursSpecification\",\"dayOfWeek\":[\"Monday\",\"Tuesday\",\"Wednesday\",\"Thursday\",\"Friday\",\"Saturday\",\"Sunday\"],\"opens\":\"09:00\",\"closes\":\"17:00\"}]},{\"@type\":\"ImageObject\",\"inLanguage\":\"fr-FR\",\"@id\":\"https:\\\/\\\/yakutta.com\\\/product\\\/prickly-pear-seed-oil\\\/#local-main-organization-logo\",\"url\":\"https:\\\/\\\/yakutta.com\\\/wp-content\\\/uploads\\\/2025\\\/04\\\/cropped-yakutta-icon-no-bg-2-2.png\",\"contentUrl\":\"https:\\\/\\\/yakutta.com\\\/wp-content\\\/uploads\\\/2025\\\/04\\\/cropped-yakutta-icon-no-bg-2-2.png\",\"width\":512,\"height\":512,\"caption\":\"Yakutta\"}]}<\/script>\n<!-- \/ Yoast SEO Premium plugin. -->","yoast_head_json":{"title":"Huile de graines de figue de barbarie en gros \u2013 Yakutta","description":"Achetez de l\u2019huile de graines de figue de barbarie en vrac de haute qualit\u00e9 aupr\u00e8s d\u2019un fournisseur de gros fiable. Propos\u00e9e parmi nos huiles essentielles en vrac id\u00e9ales pour les soins de la peau et la beaut\u00e9, elle est parfaite pour ceux qui souhaitent acheter des huiles essentielles ou des fournitures d\u2019huiles essentielles en gros.","robots":{"index":"index","follow":"follow","max-snippet":"max-snippet:-1","max-image-preview":"max-image-preview:large","max-video-preview":"max-video-preview:-1"},"canonical":"https:\/\/yakutta.com\/fr\/produit\/huile-de-graines-de-figue-de-barbarie\/","og_locale":"fr_FR","og_type":"article","og_title":"Prickly Pear Seed Oil","og_description":"Shop high-quality prickly pear seed oil bulk from a reliable wholesale supplier. Offering bulk essential oils ideal for skincare and beauty, it\u2019s perfect for those looking to buy essential oils or essential oils wholesale supplies.","og_url":"https:\/\/yakutta.com\/fr\/produit\/huile-de-graines-de-figue-de-barbarie\/","og_site_name":"Yakutta","article_modified_time":"2025-12-28T18:27:20+00:00","og_image":[{"width":2048,"height":2048,"url":"https:\/\/yakutta.com\/wp-content\/uploads\/2021\/08\/prickly-pear-seed-oil-in-bulk-webp.webp","type":"image\/webp"}],"twitter_card":"summary_large_image","twitter_misc":{"Dur\u00e9e de lecture estim\u00e9e":"1 minute"},"schema":{"@context":"https:\/\/schema.org","@graph":[{"@type":"WebPage","@id":"https:\/\/yakutta.com\/product\/prickly-pear-seed-oil\/","url":"https:\/\/yakutta.com\/product\/prickly-pear-seed-oil\/","name":"Huile de graines de figue de barbarie en gros \u2013 Yakutta","isPartOf":{"@id":"https:\/\/yakutta.com\/#website"},"primaryImageOfPage":{"@id":"https:\/\/yakutta.com\/product\/prickly-pear-seed-oil\/#primaryimage"},"image":{"@id":"https:\/\/yakutta.com\/product\/prickly-pear-seed-oil\/#primaryimage"},"thumbnailUrl":"https:\/\/yakutta.com\/wp-content\/uploads\/2021\/08\/prickly-pear-seed-oil-in-bulk-webp.webp","datePublished":"2021-08-09T16:16:31+00:00","dateModified":"2025-12-28T18:27:20+00:00","description":"Achetez de l\u2019huile de graines de figue de barbarie en vrac de haute qualit\u00e9 aupr\u00e8s d\u2019un fournisseur de gros fiable. Propos\u00e9e parmi nos huiles essentielles en vrac id\u00e9ales pour les soins de la peau et la beaut\u00e9, elle est parfaite pour ceux qui souhaitent acheter des huiles essentielles ou des fournitures d\u2019huiles essentielles en gros.","breadcrumb":{"@id":"https:\/\/yakutta.com\/product\/prickly-pear-seed-oil\/#breadcrumb"},"inLanguage":"fr-FR","potentialAction":[{"@type":"ReadAction","target":["https:\/\/yakutta.com\/product\/prickly-pear-seed-oil\/"]}]},{"@type":"ImageObject","inLanguage":"fr-FR","@id":"https:\/\/yakutta.com\/product\/prickly-pear-seed-oil\/#primaryimage","url":"https:\/\/yakutta.com\/wp-content\/uploads\/2021\/08\/prickly-pear-seed-oil-in-bulk-webp.webp","contentUrl":"https:\/\/yakutta.com\/wp-content\/uploads\/2021\/08\/prickly-pear-seed-oil-in-bulk-webp.webp","width":2048,"height":2048,"caption":"prickly pear seed oil in bulk"},{"@type":"BreadcrumbList","@id":"https:\/\/yakutta.com\/product\/prickly-pear-seed-oil\/#breadcrumb","itemListElement":[{"@type":"ListItem","position":1,"name":"Home","item":"https:\/\/yakutta.com\/"},{"@type":"ListItem","position":2,"name":"Shop","item":"https:\/\/yakutta.com\/shop\/"},{"@type":"ListItem","position":3,"name":"Prickly Pear Seed Oil"}]},{"@type":"WebSite","@id":"https:\/\/yakutta.com\/#website","url":"https:\/\/yakutta.com\/","name":"Yakutta","description":"Huiles en gros | Huiles essentielles et biologiques en gros","publisher":{"@id":"https:\/\/yakutta.com\/#organization"},"potentialAction":[{"@type":"SearchAction","target":{"@type":"EntryPoint","urlTemplate":"https:\/\/yakutta.com\/?s={search_term_string}"},"query-input":{"@type":"PropertyValueSpecification","valueRequired":true,"valueName":"search_term_string"}}],"inLanguage":"fr-FR"},{"@type":["Organization","Place"],"@id":"https:\/\/yakutta.com\/#organization","name":"Yakutta","url":"https:\/\/yakutta.com\/","logo":{"@id":"https:\/\/yakutta.com\/product\/prickly-pear-seed-oil\/#local-main-organization-logo"},"image":{"@id":"https:\/\/yakutta.com\/product\/prickly-pear-seed-oil\/#local-main-organization-logo"},"telephone":[],"openingHoursSpecification":[{"@type":"OpeningHoursSpecification","dayOfWeek":["Monday","Tuesday","Wednesday","Thursday","Friday","Saturday","Sunday"],"opens":"09:00","closes":"17:00"}]},{"@type":"ImageObject","inLanguage":"fr-FR","@id":"https:\/\/yakutta.com\/product\/prickly-pear-seed-oil\/#local-main-organization-logo","url":"https:\/\/yakutta.com\/wp-content\/uploads\/2025\/04\/cropped-yakutta-icon-no-bg-2-2.png","contentUrl":"https:\/\/yakutta.com\/wp-content\/uploads\/2025\/04\/cropped-yakutta-icon-no-bg-2-2.png","width":512,"height":512,"caption":"Yakutta"}]}},"_links":{"self":[{"href":"https:\/\/yakutta.com\/fr\/wp-json\/wp\/v2\/product\/2228","targetHints":{"allow":["GET"]}}],"collection":[{"href":"https:\/\/yakutta.com\/fr\/wp-json\/wp\/v2\/product"}],"about":[{"href":"https:\/\/yakutta.com\/fr\/wp-json\/wp\/v2\/types\/product"}],"replies":[{"embeddable":true,"href":"https:\/\/yakutta.com\/fr\/wp-json\/wp\/v2\/comments?post=2228"}],"wp:featuredmedia":[{"embeddable":true,"href":"https:\/\/yakutta.com\/fr\/wp-json\/wp\/v2\/media\/21289"}],"wp:attachment":[{"href":"https:\/\/yakutta.com\/fr\/wp-json\/wp\/v2\/media?parent=2228"}],"wp:term":[{"taxonomy":"product_brand","embeddable":true,"href":"https:\/\/yakutta.com\/fr\/wp-json\/wp\/v2\/product_brand?post=2228"},{"taxonomy":"product_cat","embeddable":true,"href":"https:\/\/yakutta.com\/fr\/wp-json\/wp\/v2\/product_cat?post=2228"},{"taxonomy":"product_tag","embeddable":true,"href":"https:\/\/yakutta.com\/fr\/wp-json\/wp\/v2\/product_tag?post=2228"}],"curies":[{"name":"wp","href":"https:\/\/api.w.org\/{rel}","templated":true}]}}