{"id":2226,"date":"2021-08-09T16:16:11","date_gmt":"2021-08-09T16:16:11","guid":{"rendered":"https:\/\/amfissa.qodeinteractive.com\/?post_type=product&#038;p=2226"},"modified":"2026-04-26T23:37:57","modified_gmt":"2026-04-26T23:37:57","slug":"huile-de-dattes","status":"publish","type":"product","link":"https:\/\/yakutta.com\/fr\/produit\/huile-de-dattes\/","title":{"rendered":"Huile de datation"},"content":{"rendered":"<p class=\"text-sm\">L\u2019huile de dattes biologique est une huile essentielle riche en nutriments, reconnue pour sa polyvalence et ses bienfaits. Extraite des graines de dattes, cette huile dor\u00e9e est riche en vitamines, antioxydants et acides gras essentiels, ce qui la rend parfaite pour les soins de la peau et des cheveux. Elle hydrate profond\u00e9ment, r\u00e9pare et nourrit la peau, r\u00e9duisant les ridules, les imperfections et la s\u00e9cheresse tout en favorisant un teint lumineux. L\u00e9g\u00e8re et non grasse, elle convient \u00e0 tous les types de peau.<\/p>\n<p class=\"text-sm\">Dans les soins capillaires, l\u2019huile de dattes redonne hydratation, brillance et force aux cheveux secs et ab\u00eem\u00e9s, qu\u2019elle soit utilis\u00e9e seule ou int\u00e9gr\u00e9e dans des shampoings et masques. Ses propri\u00e9t\u00e9s naturelles et durables en font un produit appr\u00e9ci\u00e9 des consommateurs soucieux de l\u2019environnement.<\/p>\n<p class=\"text-sm\">Pour les entreprises, l\u2019huile de dattes constitue un ingr\u00e9dient luxueux pour les cr\u00e8mes, s\u00e9rums et produits de bien-\u00eatre. Disponible en vrac, elle offre des solutions \u00e9conomiques tant pour les petits artisans que pour les grands fabricants. En vous approvisionnant en huile de dattes de haute qualit\u00e9 en vrac, vous pouvez r\u00e9pondre \u00e0 la demande croissante de produits naturels et \u00e0 base de plantes.<\/p>","protected":false},"excerpt":{"rendered":"<p class=\"translation-block\">Notre huile de dattes biologique est disponible en vrac et est s\u00e9lectionn\u00e9e et transform\u00e9e pour r\u00e9pondre aux normes \u00e9lev\u00e9es des fabricants, grossistes et distributeurs du monde entier.<br> Sa texture l\u00e9g\u00e8re et sa grande absorption la rendent parfaite pour les cr\u00e8mes, s\u00e9rums, lotions, savons, huiles capillaires, m\u00e9langes pour massages et produits d\u2019aromath\u00e9rapie.<br> L\u2019huile de dattes se m\u00e9lange bien avec d\u2019autres ingr\u00e9dients, garantissant une formulation et une performance constantes.<\/p>\n<p class=\"translation-block\">En tant que fournisseur grossiste fiable, nous proposons un approvisionnement s\u00fbr, une qualit\u00e9 constante et des options d\u2019emballage flexibles pour soutenir la production \u00e0 petite et grande \u00e9chelle.<br> Chaque lot fait l\u2019objet d\u2019un contr\u00f4le qualit\u00e9 minutieux afin de garantir puret\u00e9, stabilit\u00e9 et conformit\u00e9 aux normes internationales des march\u00e9s cosm\u00e9tiques et du bien-\u00eatre.<\/p>\n<p>Pour les commandes internationales en gros, la quantit\u00e9 minimale de commande (MOQ) commence \u00e0 100 kg, ce qui la rend adapt\u00e9e aux grandes productions, aux projets de marque priv\u00e9e et \u00e0 la distribution \u00e0 l\u2019export.<\/p>\n<p>Que vous lanciez une nouvelle ligne de produits ou d\u00e9veloppiez des formulations existantes, notre huile de dattes en vrac offre une solution fiable et de haute qualit\u00e9 pour les entreprises \u00e0 la recherche d\u2019ingr\u00e9dients naturels, fonctionnels et pr\u00eats pour le march\u00e9.<\/p>","protected":false},"featured_media":21290,"comment_status":"open","ping_status":"closed","template":"","meta":[],"product_brand":[],"product_cat":[73],"product_tag":[],"class_list":{"0":"post-2226","1":"product","2":"type-product","3":"status-publish","4":"has-post-thumbnail","6":"product_cat-essential-oils-products","8":"first","9":"instock","10":"shipping-taxable","11":"product-type-simple"},"yoast_head":"<!-- This site is optimized with the Yoast SEO Premium plugin v26.6 (Yoast SEO v27.5) - https:\/\/yoast.com\/product\/yoast-seo-premium-wordpress\/ -->\n<title>Organic date oil Wholesale - buy bulk - Yakutta<\/title>\n<meta name=\"description\" content=\"Find premium date oil in bulk, perfect for skincare and wellness purposes, from a reliable wholesale supplier. Buy bulk date oil today and experience its enriching natural properties.\" \/>\n<meta name=\"robots\" content=\"index, follow, max-snippet:-1, max-image-preview:large, max-video-preview:-1\" \/>\n<link rel=\"canonical\" href=\"https:\/\/yakutta.com\/fr\/produit\/huile-de-dattes\/\" \/>\n<meta property=\"og:locale\" content=\"fr_FR\" \/>\n<meta property=\"og:type\" content=\"article\" \/>\n<meta property=\"og:title\" content=\"Date oil\" \/>\n<meta property=\"og:description\" content=\"Find premium date oil in bulk, perfect for skincare and wellness purposes, from a reliable wholesale supplier. Buy bulk date oil today and experience its enriching natural properties.\" \/>\n<meta property=\"og:url\" content=\"https:\/\/yakutta.com\/fr\/produit\/huile-de-dattes\/\" \/>\n<meta property=\"og:site_name\" content=\"Yakutta\" \/>\n<meta property=\"article:modified_time\" content=\"2026-04-26T23:37:57+00:00\" \/>\n<meta property=\"og:image\" content=\"https:\/\/yakutta.com\/wp-content\/uploads\/2021\/08\/date-oil-in-bulk-webp.webp\" \/>\n\t<meta property=\"og:image:width\" content=\"2048\" \/>\n\t<meta property=\"og:image:height\" content=\"2048\" \/>\n\t<meta property=\"og:image:type\" content=\"image\/webp\" \/>\n<meta name=\"twitter:card\" content=\"summary_large_image\" \/>\n<meta name=\"twitter:label1\" content=\"Dur\u00e9e de lecture estim\u00e9e\" \/>\n\t<meta name=\"twitter:data1\" content=\"1 minute\" \/>\n<script type=\"application\/ld+json\" class=\"yoast-schema-graph\">{\"@context\":\"https:\\\/\\\/schema.org\",\"@graph\":[{\"@type\":\"WebPage\",\"@id\":\"https:\\\/\\\/yakutta.com\\\/product\\\/date-oil\\\/\",\"url\":\"https:\\\/\\\/yakutta.com\\\/product\\\/date-oil\\\/\",\"name\":\"Organic date oil Wholesale - buy bulk - Yakutta\",\"isPartOf\":{\"@id\":\"https:\\\/\\\/yakutta.com\\\/#website\"},\"primaryImageOfPage\":{\"@id\":\"https:\\\/\\\/yakutta.com\\\/product\\\/date-oil\\\/#primaryimage\"},\"image\":{\"@id\":\"https:\\\/\\\/yakutta.com\\\/product\\\/date-oil\\\/#primaryimage\"},\"thumbnailUrl\":\"https:\\\/\\\/yakutta.com\\\/wp-content\\\/uploads\\\/2021\\\/08\\\/date-oil-in-bulk-webp.webp\",\"datePublished\":\"2021-08-09T16:16:11+00:00\",\"dateModified\":\"2026-04-26T23:37:57+00:00\",\"description\":\"Find premium date oil in bulk, perfect for skincare and wellness purposes, from a reliable wholesale supplier. Buy bulk date oil today and experience its enriching natural properties.\",\"breadcrumb\":{\"@id\":\"https:\\\/\\\/yakutta.com\\\/product\\\/date-oil\\\/#breadcrumb\"},\"inLanguage\":\"fr-FR\",\"potentialAction\":[{\"@type\":\"ReadAction\",\"target\":[\"https:\\\/\\\/yakutta.com\\\/product\\\/date-oil\\\/\"]}]},{\"@type\":\"ImageObject\",\"inLanguage\":\"fr-FR\",\"@id\":\"https:\\\/\\\/yakutta.com\\\/product\\\/date-oil\\\/#primaryimage\",\"url\":\"https:\\\/\\\/yakutta.com\\\/wp-content\\\/uploads\\\/2021\\\/08\\\/date-oil-in-bulk-webp.webp\",\"contentUrl\":\"https:\\\/\\\/yakutta.com\\\/wp-content\\\/uploads\\\/2021\\\/08\\\/date-oil-in-bulk-webp.webp\",\"width\":2048,\"height\":2048,\"caption\":\"date oil in bulk\"},{\"@type\":\"BreadcrumbList\",\"@id\":\"https:\\\/\\\/yakutta.com\\\/product\\\/date-oil\\\/#breadcrumb\",\"itemListElement\":[{\"@type\":\"ListItem\",\"position\":1,\"name\":\"Home\",\"item\":\"https:\\\/\\\/yakutta.com\\\/\"},{\"@type\":\"ListItem\",\"position\":2,\"name\":\"Shop\",\"item\":\"https:\\\/\\\/yakutta.com\\\/shop\\\/\"},{\"@type\":\"ListItem\",\"position\":3,\"name\":\"Date oil\"}]},{\"@type\":\"WebSite\",\"@id\":\"https:\\\/\\\/yakutta.com\\\/#website\",\"url\":\"https:\\\/\\\/yakutta.com\\\/\",\"name\":\"Yakutta\",\"description\":\"Oils Wholesale | Organic &amp; Essential Oils Wholesale\",\"publisher\":{\"@id\":\"https:\\\/\\\/yakutta.com\\\/#organization\"},\"potentialAction\":[{\"@type\":\"SearchAction\",\"target\":{\"@type\":\"EntryPoint\",\"urlTemplate\":\"https:\\\/\\\/yakutta.com\\\/?s={search_term_string}\"},\"query-input\":{\"@type\":\"PropertyValueSpecification\",\"valueRequired\":true,\"valueName\":\"search_term_string\"}}],\"inLanguage\":\"fr-FR\"},{\"@type\":[\"Organization\",\"Place\"],\"@id\":\"https:\\\/\\\/yakutta.com\\\/#organization\",\"name\":\"Yakutta\",\"url\":\"https:\\\/\\\/yakutta.com\\\/\",\"logo\":{\"@id\":\"https:\\\/\\\/yakutta.com\\\/product\\\/date-oil\\\/#local-main-organization-logo\"},\"image\":{\"@id\":\"https:\\\/\\\/yakutta.com\\\/product\\\/date-oil\\\/#local-main-organization-logo\"},\"telephone\":[],\"openingHoursSpecification\":[{\"@type\":\"OpeningHoursSpecification\",\"dayOfWeek\":[\"Monday\",\"Tuesday\",\"Wednesday\",\"Thursday\",\"Friday\",\"Saturday\",\"Sunday\"],\"opens\":\"09:00\",\"closes\":\"17:00\"}]},{\"@type\":\"ImageObject\",\"inLanguage\":\"fr-FR\",\"@id\":\"https:\\\/\\\/yakutta.com\\\/product\\\/date-oil\\\/#local-main-organization-logo\",\"url\":\"https:\\\/\\\/yakutta.com\\\/wp-content\\\/uploads\\\/2025\\\/04\\\/cropped-yakutta-icon-no-bg-2-2.png\",\"contentUrl\":\"https:\\\/\\\/yakutta.com\\\/wp-content\\\/uploads\\\/2025\\\/04\\\/cropped-yakutta-icon-no-bg-2-2.png\",\"width\":512,\"height\":512,\"caption\":\"Yakutta\"}]}<\/script>\n<!-- \/ Yoast SEO Premium plugin. -->","yoast_head_json":{"title":"Huile de dattes biologique en gros \u2013 acheter en vrac \u2013 Yakutta","description":"Trouvez de l\u2019huile de dattes premium en vrac, parfaite pour les soins de la peau et le bien-\u00eatre, aupr\u00e8s d\u2019un fournisseur grossiste fiable. Achetez de l\u2019huile de dattes en vrac d\u00e8s aujourd\u2019hui et profitez de ses propri\u00e9t\u00e9s naturelles enrichissantes.","robots":{"index":"index","follow":"follow","max-snippet":"max-snippet:-1","max-image-preview":"max-image-preview:large","max-video-preview":"max-video-preview:-1"},"canonical":"https:\/\/yakutta.com\/fr\/produit\/huile-de-dattes\/","og_locale":"fr_FR","og_type":"article","og_title":"Date oil","og_description":"Find premium date oil in bulk, perfect for skincare and wellness purposes, from a reliable wholesale supplier. Buy bulk date oil today and experience its enriching natural properties.","og_url":"https:\/\/yakutta.com\/fr\/produit\/huile-de-dattes\/","og_site_name":"Yakutta","article_modified_time":"2026-04-26T23:37:57+00:00","og_image":[{"width":2048,"height":2048,"url":"https:\/\/yakutta.com\/wp-content\/uploads\/2021\/08\/date-oil-in-bulk-webp.webp","type":"image\/webp"}],"twitter_card":"summary_large_image","twitter_misc":{"Dur\u00e9e de lecture estim\u00e9e":"1 minute"},"schema":{"@context":"https:\/\/schema.org","@graph":[{"@type":"WebPage","@id":"https:\/\/yakutta.com\/product\/date-oil\/","url":"https:\/\/yakutta.com\/product\/date-oil\/","name":"Huile de dattes biologique en gros \u2013 acheter en vrac \u2013 Yakutta","isPartOf":{"@id":"https:\/\/yakutta.com\/#website"},"primaryImageOfPage":{"@id":"https:\/\/yakutta.com\/product\/date-oil\/#primaryimage"},"image":{"@id":"https:\/\/yakutta.com\/product\/date-oil\/#primaryimage"},"thumbnailUrl":"https:\/\/yakutta.com\/wp-content\/uploads\/2021\/08\/date-oil-in-bulk-webp.webp","datePublished":"2021-08-09T16:16:11+00:00","dateModified":"2026-04-26T23:37:57+00:00","description":"Trouvez de l\u2019huile de dattes premium en vrac, parfaite pour les soins de la peau et le bien-\u00eatre, aupr\u00e8s d\u2019un fournisseur grossiste fiable. Achetez de l\u2019huile de dattes en vrac d\u00e8s aujourd\u2019hui et profitez de ses propri\u00e9t\u00e9s naturelles enrichissantes.","breadcrumb":{"@id":"https:\/\/yakutta.com\/product\/date-oil\/#breadcrumb"},"inLanguage":"fr-FR","potentialAction":[{"@type":"ReadAction","target":["https:\/\/yakutta.com\/product\/date-oil\/"]}]},{"@type":"ImageObject","inLanguage":"fr-FR","@id":"https:\/\/yakutta.com\/product\/date-oil\/#primaryimage","url":"https:\/\/yakutta.com\/wp-content\/uploads\/2021\/08\/date-oil-in-bulk-webp.webp","contentUrl":"https:\/\/yakutta.com\/wp-content\/uploads\/2021\/08\/date-oil-in-bulk-webp.webp","width":2048,"height":2048,"caption":"date oil in bulk"},{"@type":"BreadcrumbList","@id":"https:\/\/yakutta.com\/product\/date-oil\/#breadcrumb","itemListElement":[{"@type":"ListItem","position":1,"name":"Home","item":"https:\/\/yakutta.com\/"},{"@type":"ListItem","position":2,"name":"Shop","item":"https:\/\/yakutta.com\/shop\/"},{"@type":"ListItem","position":3,"name":"Date oil"}]},{"@type":"WebSite","@id":"https:\/\/yakutta.com\/#website","url":"https:\/\/yakutta.com\/","name":"Yakutta","description":"Huiles en gros | Huiles essentielles et biologiques en gros","publisher":{"@id":"https:\/\/yakutta.com\/#organization"},"potentialAction":[{"@type":"SearchAction","target":{"@type":"EntryPoint","urlTemplate":"https:\/\/yakutta.com\/?s={search_term_string}"},"query-input":{"@type":"PropertyValueSpecification","valueRequired":true,"valueName":"search_term_string"}}],"inLanguage":"fr-FR"},{"@type":["Organization","Place"],"@id":"https:\/\/yakutta.com\/#organization","name":"Yakutta","url":"https:\/\/yakutta.com\/","logo":{"@id":"https:\/\/yakutta.com\/product\/date-oil\/#local-main-organization-logo"},"image":{"@id":"https:\/\/yakutta.com\/product\/date-oil\/#local-main-organization-logo"},"telephone":[],"openingHoursSpecification":[{"@type":"OpeningHoursSpecification","dayOfWeek":["Monday","Tuesday","Wednesday","Thursday","Friday","Saturday","Sunday"],"opens":"09:00","closes":"17:00"}]},{"@type":"ImageObject","inLanguage":"fr-FR","@id":"https:\/\/yakutta.com\/product\/date-oil\/#local-main-organization-logo","url":"https:\/\/yakutta.com\/wp-content\/uploads\/2025\/04\/cropped-yakutta-icon-no-bg-2-2.png","contentUrl":"https:\/\/yakutta.com\/wp-content\/uploads\/2025\/04\/cropped-yakutta-icon-no-bg-2-2.png","width":512,"height":512,"caption":"Yakutta"}]}},"_links":{"self":[{"href":"https:\/\/yakutta.com\/fr\/wp-json\/wp\/v2\/product\/2226","targetHints":{"allow":["GET"]}}],"collection":[{"href":"https:\/\/yakutta.com\/fr\/wp-json\/wp\/v2\/product"}],"about":[{"href":"https:\/\/yakutta.com\/fr\/wp-json\/wp\/v2\/types\/product"}],"replies":[{"embeddable":true,"href":"https:\/\/yakutta.com\/fr\/wp-json\/wp\/v2\/comments?post=2226"}],"wp:featuredmedia":[{"embeddable":true,"href":"https:\/\/yakutta.com\/fr\/wp-json\/wp\/v2\/media\/21290"}],"wp:attachment":[{"href":"https:\/\/yakutta.com\/fr\/wp-json\/wp\/v2\/media?parent=2226"}],"wp:term":[{"taxonomy":"product_brand","embeddable":true,"href":"https:\/\/yakutta.com\/fr\/wp-json\/wp\/v2\/product_brand?post=2226"},{"taxonomy":"product_cat","embeddable":true,"href":"https:\/\/yakutta.com\/fr\/wp-json\/wp\/v2\/product_cat?post=2226"},{"taxonomy":"product_tag","embeddable":true,"href":"https:\/\/yakutta.com\/fr\/wp-json\/wp\/v2\/product_tag?post=2226"}],"curies":[{"name":"wp","href":"https:\/\/api.w.org\/{rel}","templated":true}]}}