{"id":20099,"date":"2025-11-18T18:20:15","date_gmt":"2025-11-18T18:20:15","guid":{"rendered":"https:\/\/yakutta.com\/?post_type=product&#038;p=20099"},"modified":"2025-11-18T18:37:10","modified_gmt":"2025-11-18T18:37:10","slug":"conteneur-flexitank-pour-huile-dolive","status":"publish","type":"product","link":"https:\/\/yakutta.com\/fr\/produit\/conteneur-flexitank-pour-huile-dolive\/","title":{"rendered":"Conteneur Flexitank pour huile d'olive"},"content":{"rendered":"<p data-start=\"127\" data-end=\"675\">Yakutta est sp\u00e9cialis\u00e9 dans l'huile d'olive premium et propose une solution efficace de transport en vrac adapt\u00e9e aux fabricants, aux acheteurs \u00e0 grande \u00e9chelle et aux distributeurs en gros : le conteneur Flexitank pour huile d'olive. Con\u00e7u sp\u00e9cifiquement pour l'huile d'olive, chaque Flexitank est fabriqu\u00e9 \u00e0 partir de mat\u00e9riaux multicouches de qualit\u00e9 alimentaire qui prot\u00e8gent l'huile de l'oxyg\u00e8ne, de l'humidit\u00e9 et de la lumi\u00e8re\u2014facteurs pouvant alt\u00e9rer la saveur et la qualit\u00e9 lors des exp\u00e9ditions internationales. Cela garantit que votre cargaison conserve la faible acidit\u00e9 et le go\u00fbt exceptionnel attendus d'une huile d'olive biologique de haute qualit\u00e9.<\/p>\n<p data-start=\"677\" data-end=\"1134\">Notre syst\u00e8me Flexitank est id\u00e9al pour l'huile d'olive biologique certifi\u00e9e, enti\u00e8rement conforme aux normes EU Organic, USDA Organic et ISO. Chaque exp\u00e9dition est soumise \u00e0 des contr\u00f4les de qualit\u00e9 stricts, garantissant puret\u00e9, tra\u00e7abilit\u00e9 et conformit\u00e9 aux r\u00e9glementations mondiales en mati\u00e8re de s\u00e9curit\u00e9 alimentaire. Avec une capacit\u00e9 allant jusqu'\u00e0 24 000 litres par conteneur, le Flexitank maximise le volume, r\u00e9duit les co\u00fbts d'exp\u00e9dition et simplifie les op\u00e9rations, augmentant ainsi l'efficacit\u00e9 et la rentabilit\u00e9 pour les grands acheteurs.<\/p>\n<p data-start=\"1136\" data-end=\"1686\">En priorisant la stabilit\u00e9, l'efficacit\u00e9 et la protection sur de longues distances, le Flexitank de Yakutta offre un environnement scell\u00e9 qui emp\u00eache la contamination et pr\u00e9serve l'int\u00e9grit\u00e9 naturelle de l'huile. Il est parfait pour les installations d'embouteillage, les transformateurs alimentaires, les marques de distributeur et les r\u00e9seaux de gros n\u00e9cessitant une qualit\u00e9 constante et en grand volume. Choisir le Flexitank pour huile d'olive de Yakutta, c'est opter pour une solution \u00e9volutive, s\u00fbre et rentable pour transporter de l'huile d'olive biologique dans le monde entier, en garantissant qu'elle arrive fra\u00eeche, certifi\u00e9e et pr\u00eate \u00e0 l'emploi imm\u00e9diat.<\/p>","protected":false},"excerpt":{"rendered":"<div class=\"css-186bnk2 css-lb9cx4-stack css-3sj1cp css-1bjhv8d css-1vznryd css-1soja3n\">\n<p data-start=\"112\" data-end=\"522\">Le conteneur Flexitank pour huile d'olive de Yakutta offre une solution fiable pour le transport en vrac. Il utilise des mat\u00e9riaux multicouches de qualit\u00e9 alimentaire qui pr\u00e9servent la faible acidit\u00e9, les certifications biologiques et la saveur naturelle pendant les exp\u00e9ditions longues distances.<\/p>\n<p data-start=\"112\" data-end=\"522\"><strong>Chaque Flexitank peut contenir jusqu'\u00e0 24 000 litres, permettant ainsi aux fabricants, grandes entreprises et acheteurs en gros de r\u00e9duire les co\u00fbts logistiques tout en transportant de l'huile d'olive biologique premium certifi\u00e9e.<\/strong><\/p>\n<p data-start=\"524\" data-end=\"775\">Nous appliquons des contr\u00f4les de qualit\u00e9 stricts pour garantir l'homog\u00e9n\u00e9it\u00e9 de chaque lot. En outre, notre syst\u00e8me scell\u00e9 emp\u00eache toute contamination et pr\u00e9serve la fra\u00eecheur. Nous exp\u00e9dions nos produits par voie terrestre ou maritime, ce qui garantit que chaque commande arrive en toute s\u00e9curit\u00e9, \u00e0 temps et pr\u00eate \u00e0 \u00eatre trait\u00e9e.<\/p>\n<\/div>","protected":false},"featured_media":19831,"comment_status":"open","ping_status":"closed","template":"","meta":[],"product_brand":[],"product_cat":[74],"product_tag":[135,132,134,131],"class_list":{"0":"post-20099","1":"product","2":"type-product","3":"status-publish","4":"has-post-thumbnail","6":"product_cat-organic-oils-wholesale-products","7":"product_tag-flexi-tank-container","8":"product_tag-flexitank-container","9":"product_tag-olive-oil-flexitank-container","10":"product_tag-organic-olive-oil","12":"first","13":"instock","14":"shipping-taxable","15":"product-type-simple"},"yoast_head":"<!-- This site is optimized with the Yoast SEO Premium plugin v26.6 (Yoast SEO v27.4) - https:\/\/yoast.com\/product\/yoast-seo-premium-wordpress\/ -->\n<title>Olive Oil Flexitank container - Yakutta<\/title>\n<meta name=\"description\" content=\"Yakutta delivers premium bulk olive oil globally, specialising in reliable flexitank container supply. Our organic olive oil boasts exceptional quality, confirmed by its certifications.\" \/>\n<meta name=\"robots\" content=\"index, follow, max-snippet:-1, max-image-preview:large, max-video-preview:-1\" \/>\n<link rel=\"canonical\" href=\"https:\/\/yakutta.com\/fr\/produit\/conteneur-flexitank-pour-huile-dolive\/\" \/>\n<meta property=\"og:locale\" content=\"fr_FR\" \/>\n<meta property=\"og:type\" content=\"article\" \/>\n<meta property=\"og:title\" content=\"Olive Oil Flexitank container\" \/>\n<meta property=\"og:description\" content=\"Yakutta delivers premium bulk olive oil globally, specialising in reliable flexitank container supply. Our organic olive oil boasts exceptional quality, confirmed by its certifications.\" \/>\n<meta property=\"og:url\" content=\"https:\/\/yakutta.com\/fr\/produit\/conteneur-flexitank-pour-huile-dolive\/\" \/>\n<meta property=\"og:site_name\" content=\"Yakutta\" \/>\n<meta property=\"article:modified_time\" content=\"2025-11-18T18:37:10+00:00\" \/>\n<meta property=\"og:image\" content=\"https:\/\/yakutta.com\/wp-content\/uploads\/2025\/11\/flexitank-in-warehouse-v4.webp\" \/>\n\t<meta property=\"og:image:width\" content=\"806\" \/>\n\t<meta property=\"og:image:height\" content=\"805\" \/>\n\t<meta property=\"og:image:type\" content=\"image\/webp\" \/>\n<meta name=\"twitter:card\" content=\"summary_large_image\" \/>\n<meta name=\"twitter:label1\" content=\"Dur\u00e9e de lecture estim\u00e9e\" \/>\n\t<meta name=\"twitter:data1\" content=\"2 minutes\" \/>\n<script type=\"application\/ld+json\" class=\"yoast-schema-graph\">{\"@context\":\"https:\\\/\\\/schema.org\",\"@graph\":[{\"@type\":\"WebPage\",\"@id\":\"https:\\\/\\\/yakutta.com\\\/product\\\/olive-oil-flexitank-container\\\/\",\"url\":\"https:\\\/\\\/yakutta.com\\\/product\\\/olive-oil-flexitank-container\\\/\",\"name\":\"Olive Oil Flexitank container - Yakutta\",\"isPartOf\":{\"@id\":\"https:\\\/\\\/yakutta.com\\\/#website\"},\"primaryImageOfPage\":{\"@id\":\"https:\\\/\\\/yakutta.com\\\/product\\\/olive-oil-flexitank-container\\\/#primaryimage\"},\"image\":{\"@id\":\"https:\\\/\\\/yakutta.com\\\/product\\\/olive-oil-flexitank-container\\\/#primaryimage\"},\"thumbnailUrl\":\"https:\\\/\\\/yakutta.com\\\/wp-content\\\/uploads\\\/2025\\\/11\\\/flexitank-in-warehouse-v4.webp\",\"datePublished\":\"2025-11-18T18:20:15+00:00\",\"dateModified\":\"2025-11-18T18:37:10+00:00\",\"description\":\"Yakutta delivers premium bulk olive oil globally, specialising in reliable flexitank container supply. Our organic olive oil boasts exceptional quality, confirmed by its certifications.\",\"breadcrumb\":{\"@id\":\"https:\\\/\\\/yakutta.com\\\/product\\\/olive-oil-flexitank-container\\\/#breadcrumb\"},\"inLanguage\":\"fr-FR\",\"potentialAction\":[{\"@type\":\"ReadAction\",\"target\":[\"https:\\\/\\\/yakutta.com\\\/product\\\/olive-oil-flexitank-container\\\/\"]}]},{\"@type\":\"ImageObject\",\"inLanguage\":\"fr-FR\",\"@id\":\"https:\\\/\\\/yakutta.com\\\/product\\\/olive-oil-flexitank-container\\\/#primaryimage\",\"url\":\"https:\\\/\\\/yakutta.com\\\/wp-content\\\/uploads\\\/2025\\\/11\\\/flexitank-in-warehouse-v4.webp\",\"contentUrl\":\"https:\\\/\\\/yakutta.com\\\/wp-content\\\/uploads\\\/2025\\\/11\\\/flexitank-in-warehouse-v4.webp\",\"width\":806,\"height\":805,\"caption\":\"flexitank in warehouse\"},{\"@type\":\"BreadcrumbList\",\"@id\":\"https:\\\/\\\/yakutta.com\\\/product\\\/olive-oil-flexitank-container\\\/#breadcrumb\",\"itemListElement\":[{\"@type\":\"ListItem\",\"position\":1,\"name\":\"Home\",\"item\":\"https:\\\/\\\/yakutta.com\\\/\"},{\"@type\":\"ListItem\",\"position\":2,\"name\":\"Shop\",\"item\":\"https:\\\/\\\/yakutta.com\\\/shop\\\/\"},{\"@type\":\"ListItem\",\"position\":3,\"name\":\"Olive Oil Flexitank container\"}]},{\"@type\":\"WebSite\",\"@id\":\"https:\\\/\\\/yakutta.com\\\/#website\",\"url\":\"https:\\\/\\\/yakutta.com\\\/\",\"name\":\"Yakutta\",\"description\":\"Oils Wholesale | Organic &amp; Essential Oils Wholesale\",\"publisher\":{\"@id\":\"https:\\\/\\\/yakutta.com\\\/#organization\"},\"potentialAction\":[{\"@type\":\"SearchAction\",\"target\":{\"@type\":\"EntryPoint\",\"urlTemplate\":\"https:\\\/\\\/yakutta.com\\\/?s={search_term_string}\"},\"query-input\":{\"@type\":\"PropertyValueSpecification\",\"valueRequired\":true,\"valueName\":\"search_term_string\"}}],\"inLanguage\":\"fr-FR\"},{\"@type\":[\"Organization\",\"Place\"],\"@id\":\"https:\\\/\\\/yakutta.com\\\/#organization\",\"name\":\"Yakutta\",\"url\":\"https:\\\/\\\/yakutta.com\\\/\",\"logo\":{\"@id\":\"https:\\\/\\\/yakutta.com\\\/product\\\/olive-oil-flexitank-container\\\/#local-main-organization-logo\"},\"image\":{\"@id\":\"https:\\\/\\\/yakutta.com\\\/product\\\/olive-oil-flexitank-container\\\/#local-main-organization-logo\"},\"telephone\":[],\"openingHoursSpecification\":[{\"@type\":\"OpeningHoursSpecification\",\"dayOfWeek\":[\"Monday\",\"Tuesday\",\"Wednesday\",\"Thursday\",\"Friday\",\"Saturday\",\"Sunday\"],\"opens\":\"09:00\",\"closes\":\"17:00\"}]},{\"@type\":\"ImageObject\",\"inLanguage\":\"fr-FR\",\"@id\":\"https:\\\/\\\/yakutta.com\\\/product\\\/olive-oil-flexitank-container\\\/#local-main-organization-logo\",\"url\":\"https:\\\/\\\/yakutta.com\\\/wp-content\\\/uploads\\\/2025\\\/04\\\/cropped-yakutta-icon-no-bg-2-2.png\",\"contentUrl\":\"https:\\\/\\\/yakutta.com\\\/wp-content\\\/uploads\\\/2025\\\/04\\\/cropped-yakutta-icon-no-bg-2-2.png\",\"width\":512,\"height\":512,\"caption\":\"Yakutta\"}]}<\/script>\n<!-- \/ Yoast SEO Premium plugin. -->","yoast_head_json":{"title":"Conteneur Flexitank pour huile d'olive - Yakutta","description":"Yakutta livre de l'huile d'olive en vrac premium \u00e0 l'\u00e9chelle mondiale, sp\u00e9cialis\u00e9e dans la fourniture fiable de conteneurs Flexitank. Notre huile d'olive biologique se distingue par sa qualit\u00e9 exceptionnelle, confirm\u00e9e par ses certifications.","robots":{"index":"index","follow":"follow","max-snippet":"max-snippet:-1","max-image-preview":"max-image-preview:large","max-video-preview":"max-video-preview:-1"},"canonical":"https:\/\/yakutta.com\/fr\/produit\/conteneur-flexitank-pour-huile-dolive\/","og_locale":"fr_FR","og_type":"article","og_title":"Olive Oil Flexitank container","og_description":"Yakutta delivers premium bulk olive oil globally, specialising in reliable flexitank container supply. Our organic olive oil boasts exceptional quality, confirmed by its certifications.","og_url":"https:\/\/yakutta.com\/fr\/produit\/conteneur-flexitank-pour-huile-dolive\/","og_site_name":"Yakutta","article_modified_time":"2025-11-18T18:37:10+00:00","og_image":[{"width":806,"height":805,"url":"https:\/\/yakutta.com\/wp-content\/uploads\/2025\/11\/flexitank-in-warehouse-v4.webp","type":"image\/webp"}],"twitter_card":"summary_large_image","twitter_misc":{"Dur\u00e9e de lecture estim\u00e9e":"2 minutes"},"schema":{"@context":"https:\/\/schema.org","@graph":[{"@type":"WebPage","@id":"https:\/\/yakutta.com\/product\/olive-oil-flexitank-container\/","url":"https:\/\/yakutta.com\/product\/olive-oil-flexitank-container\/","name":"Conteneur Flexitank pour huile d'olive - Yakutta","isPartOf":{"@id":"https:\/\/yakutta.com\/#website"},"primaryImageOfPage":{"@id":"https:\/\/yakutta.com\/product\/olive-oil-flexitank-container\/#primaryimage"},"image":{"@id":"https:\/\/yakutta.com\/product\/olive-oil-flexitank-container\/#primaryimage"},"thumbnailUrl":"https:\/\/yakutta.com\/wp-content\/uploads\/2025\/11\/flexitank-in-warehouse-v4.webp","datePublished":"2025-11-18T18:20:15+00:00","dateModified":"2025-11-18T18:37:10+00:00","description":"Yakutta livre de l'huile d'olive en vrac premium \u00e0 l'\u00e9chelle mondiale, sp\u00e9cialis\u00e9e dans la fourniture fiable de conteneurs Flexitank. Notre huile d'olive biologique se distingue par sa qualit\u00e9 exceptionnelle, confirm\u00e9e par ses certifications.","breadcrumb":{"@id":"https:\/\/yakutta.com\/product\/olive-oil-flexitank-container\/#breadcrumb"},"inLanguage":"fr-FR","potentialAction":[{"@type":"ReadAction","target":["https:\/\/yakutta.com\/product\/olive-oil-flexitank-container\/"]}]},{"@type":"ImageObject","inLanguage":"fr-FR","@id":"https:\/\/yakutta.com\/product\/olive-oil-flexitank-container\/#primaryimage","url":"https:\/\/yakutta.com\/wp-content\/uploads\/2025\/11\/flexitank-in-warehouse-v4.webp","contentUrl":"https:\/\/yakutta.com\/wp-content\/uploads\/2025\/11\/flexitank-in-warehouse-v4.webp","width":806,"height":805,"caption":"flexitank in warehouse"},{"@type":"BreadcrumbList","@id":"https:\/\/yakutta.com\/product\/olive-oil-flexitank-container\/#breadcrumb","itemListElement":[{"@type":"ListItem","position":1,"name":"Home","item":"https:\/\/yakutta.com\/"},{"@type":"ListItem","position":2,"name":"Shop","item":"https:\/\/yakutta.com\/shop\/"},{"@type":"ListItem","position":3,"name":"Olive Oil Flexitank container"}]},{"@type":"WebSite","@id":"https:\/\/yakutta.com\/#website","url":"https:\/\/yakutta.com\/","name":"Yakutta","description":"Huiles en gros | Huiles essentielles et biologiques en gros","publisher":{"@id":"https:\/\/yakutta.com\/#organization"},"potentialAction":[{"@type":"SearchAction","target":{"@type":"EntryPoint","urlTemplate":"https:\/\/yakutta.com\/?s={search_term_string}"},"query-input":{"@type":"PropertyValueSpecification","valueRequired":true,"valueName":"search_term_string"}}],"inLanguage":"fr-FR"},{"@type":["Organization","Place"],"@id":"https:\/\/yakutta.com\/#organization","name":"Yakutta","url":"https:\/\/yakutta.com\/","logo":{"@id":"https:\/\/yakutta.com\/product\/olive-oil-flexitank-container\/#local-main-organization-logo"},"image":{"@id":"https:\/\/yakutta.com\/product\/olive-oil-flexitank-container\/#local-main-organization-logo"},"telephone":[],"openingHoursSpecification":[{"@type":"OpeningHoursSpecification","dayOfWeek":["Monday","Tuesday","Wednesday","Thursday","Friday","Saturday","Sunday"],"opens":"09:00","closes":"17:00"}]},{"@type":"ImageObject","inLanguage":"fr-FR","@id":"https:\/\/yakutta.com\/product\/olive-oil-flexitank-container\/#local-main-organization-logo","url":"https:\/\/yakutta.com\/wp-content\/uploads\/2025\/04\/cropped-yakutta-icon-no-bg-2-2.png","contentUrl":"https:\/\/yakutta.com\/wp-content\/uploads\/2025\/04\/cropped-yakutta-icon-no-bg-2-2.png","width":512,"height":512,"caption":"Yakutta"}]}},"_links":{"self":[{"href":"https:\/\/yakutta.com\/fr\/wp-json\/wp\/v2\/product\/20099","targetHints":{"allow":["GET"]}}],"collection":[{"href":"https:\/\/yakutta.com\/fr\/wp-json\/wp\/v2\/product"}],"about":[{"href":"https:\/\/yakutta.com\/fr\/wp-json\/wp\/v2\/types\/product"}],"replies":[{"embeddable":true,"href":"https:\/\/yakutta.com\/fr\/wp-json\/wp\/v2\/comments?post=20099"}],"wp:featuredmedia":[{"embeddable":true,"href":"https:\/\/yakutta.com\/fr\/wp-json\/wp\/v2\/media\/19831"}],"wp:attachment":[{"href":"https:\/\/yakutta.com\/fr\/wp-json\/wp\/v2\/media?parent=20099"}],"wp:term":[{"taxonomy":"product_brand","embeddable":true,"href":"https:\/\/yakutta.com\/fr\/wp-json\/wp\/v2\/product_brand?post=20099"},{"taxonomy":"product_cat","embeddable":true,"href":"https:\/\/yakutta.com\/fr\/wp-json\/wp\/v2\/product_cat?post=20099"},{"taxonomy":"product_tag","embeddable":true,"href":"https:\/\/yakutta.com\/fr\/wp-json\/wp\/v2\/product_tag?post=20099"}],"curies":[{"name":"wp","href":"https:\/\/api.w.org\/{rel}","templated":true}]}}