{"id":20098,"date":"2025-11-18T17:50:01","date_gmt":"2025-11-18T17:50:01","guid":{"rendered":"https:\/\/yakutta.com\/?post_type=product&#038;p=20098"},"modified":"2025-11-18T18:35:36","modified_gmt":"2025-11-18T18:35:36","slug":"conteneur-flexitank-pour-huile-dolive-vierge-extra","status":"publish","type":"product","link":"https:\/\/yakutta.com\/fr\/produit\/conteneur-flexitank-pour-huile-dolive-vierge-extra\/","title":{"rendered":"Conteneur Flexitank pour huile d'olive vierge extra"},"content":{"rendered":"<p class=\"text-sm\">Yakutta se consacre \u00e0 l'huile d'olive vierge extra premium et propose une solution de transport en vrac fantastique sp\u00e9cialement con\u00e7ue pour les fabricants, les grands acheteurs et les distributeurs en gros : le conteneur Flexitank EVOO. Notre Flexitank est sp\u00e9cialement con\u00e7u pour l'huile d'olive, fabriqu\u00e9 \u00e0 partir de mat\u00e9riaux multicouches de qualit\u00e9 alimentaire qui prot\u00e8gent l'huile de l'oxyg\u00e8ne, de l'humidit\u00e9 et de la lumi\u00e8re (des \u00e9l\u00e9ments cl\u00e9s qui peuvent alt\u00e9rer la saveur et la qualit\u00e9 lors des exp\u00e9ditions internationales). Cela signifie que votre exp\u00e9dition conservera cette faible acidit\u00e9 et ce go\u00fbt exceptionnel que vous attendez d'une huile d'olive vierge extra biologique de premier choix.<\/p>\n<p class=\"text-sm\">Notre syst\u00e8me Flexitank est parfait pour l'huile d'olive vierge extra biologique certifi\u00e9e, r\u00e9pondant aux normes EU Organic, USDA Organic et ISO. Chaque exp\u00e9dition subit des contr\u00f4les de qualit\u00e9 rigoureux pour garantir la puret\u00e9, la tra\u00e7abilit\u00e9 et la conformit\u00e9 aux r\u00e9glementations mondiales en mati\u00e8re de s\u00e9curit\u00e9 alimentaire. Avec une capacit\u00e9 allant jusqu'\u00e0 24 000 litres par conteneur, le Flexitank optimise le volume tout en r\u00e9duisant les co\u00fbts de transport, rendant les op\u00e9rations plus fluides et augmentant la rentabilit\u00e9 pour les grands acheteurs.<\/p>\n<p class=\"text-sm\">Avec un accent sur la stabilit\u00e9, l'efficacit\u00e9 et la protection sur de longues distances, le Flexitank EVOO de Yakutta cr\u00e9e un environnement scell\u00e9 qui emp\u00eache toute contamination et pr\u00e9serve l'int\u00e9grit\u00e9 naturelle de l'huile. C'est un excellent choix pour les usines d'embouteillage, les transformateurs alimentaires, les marques de distributeur et les r\u00e9seaux de gros qui ont besoin d'une huile de haute qualit\u00e9, en grande quantit\u00e9 et de mani\u00e8re constante. Opter pour notre conteneur Flexitank EVOO, c'est choisir une solution \u00e9volutive, s\u00e9curis\u00e9e et rentable pour transporter de l'huile d'olive vierge extra premium \u00e0 travers le monde, garantissant que votre huile biologique arrive fra\u00eeche, certifi\u00e9e et pr\u00eate pour un traitement imm\u00e9diat.<\/p>","protected":false},"excerpt":{"rendered":"<div class=\"css-186bnk2 css-lb9cx4-stack css-3sj1cp css-1bjhv8d css-1vznryd css-1soja3n\">\n<div>\n<p class=\"css-uoqnqe css-rr08kv-textFontWeight css-oi9nct-textDisplay css-1frjf7n-textWhiteSpace css-0 css-542wex\">Le conteneur Flexitank EVOO de Yakutta est la solution id\u00e9ale pour transporter de l'huile d'olive vierge extra en vrac. Fabriqu\u00e9 \u00e0 partir de mat\u00e9riaux multicouches de qualit\u00e9 alimentaire, il garantit que la faible acidit\u00e9, les certifications biologiques et la saveur naturelle sont pr\u00e9serv\u00e9es pendant les exp\u00e9ditions longue distance. Chaque Flexitank peut contenir jusqu'\u00e0 24 000 litres, ce qui permet aux fabricants, grandes entreprises et acheteurs en gros de r\u00e9duire les co\u00fbts logistiques tout en livrant de l'EVOO biologique certifi\u00e9 de haute qualit\u00e9. Le syst\u00e8me scell\u00e9 et sans contamination garantit que votre huile d'olive arrive pr\u00eate \u00e0 \u00eatre transform\u00e9e.<\/p>\n<\/div>\n<\/div>\n<p class=\"\" data-start=\"0\" data-end=\"341\"><strong>Nous fournissons des Flexitanks avec une capacit\u00e9 de stockage allant jusqu'\u00e0 24 000 litres.<\/strong><\/p>\n<p class=\"\" data-start=\"0\" data-end=\"341\">Nuestro aceite de oliva virgen extra (EVOO) se produce con rigurosos controles de calidad para garantizar la consistencia de un lote a otro. Ya sea que lo utilice para mezclas, embotellado o como un ingrediente clave en su proceso de fabricaci\u00f3n, las empresas recurren a nosotros por nuestra cadena de suministro confiable, precios competitivos y soporte dedicado para pedidos continuos.<\/p>\n<p class=\"translation-block\" data-start=\"0\" data-end=\"341\">Nous exp\u00e9dions tous les formats via <strong>transport terrestre<\/strong> ou <strong>fret maritime<\/strong>, garantissant que chaque commande d'huile d'olive vierge extra en vrac arrive en toute s\u00e9curit\u00e9 et dans les d\u00e9lais.<\/p>","protected":false},"featured_media":19831,"comment_status":"open","ping_status":"closed","template":"","meta":[],"product_brand":[],"product_cat":[74],"product_tag":[114,132,133,131],"class_list":{"0":"post-20098","1":"product","2":"type-product","3":"status-publish","4":"has-post-thumbnail","6":"product_cat-organic-oils-wholesale-products","7":"product_tag-evoo","8":"product_tag-flexitank-container","9":"product_tag-organic-evoo","10":"product_tag-organic-olive-oil","12":"first","13":"instock","14":"shipping-taxable","15":"product-type-simple"},"yoast_head":"<!-- This site is optimized with the Yoast SEO Premium plugin v26.6 (Yoast SEO v27.4) - https:\/\/yoast.com\/product\/yoast-seo-premium-wordpress\/ -->\n<title>EVOO Flexitank container - Yakutta<\/title>\n<meta name=\"description\" content=\"Yakutta delivers premium bulk EVOO globally, specialising in reliable flexitank container supply. Our EVOO boasts exceptional quality, confirmed by its low acidity and organic certifications.\" \/>\n<meta name=\"robots\" content=\"index, follow, max-snippet:-1, max-image-preview:large, max-video-preview:-1\" \/>\n<link rel=\"canonical\" href=\"https:\/\/yakutta.com\/fr\/produit\/conteneur-flexitank-pour-huile-dolive-vierge-extra\/\" \/>\n<meta property=\"og:locale\" content=\"fr_FR\" \/>\n<meta property=\"og:type\" content=\"article\" \/>\n<meta property=\"og:title\" content=\"EVOO Flexitank container\" \/>\n<meta property=\"og:description\" content=\"Yakutta delivers premium bulk EVOO globally, specialising in reliable flexitank container supply. Our EVOO boasts exceptional quality, confirmed by its low acidity and organic certifications.\" \/>\n<meta property=\"og:url\" content=\"https:\/\/yakutta.com\/fr\/produit\/conteneur-flexitank-pour-huile-dolive-vierge-extra\/\" \/>\n<meta property=\"og:site_name\" content=\"Yakutta\" \/>\n<meta property=\"article:modified_time\" content=\"2025-11-18T18:35:36+00:00\" \/>\n<meta property=\"og:image\" content=\"https:\/\/yakutta.com\/wp-content\/uploads\/2025\/11\/flexitank-in-warehouse-v4.webp\" \/>\n\t<meta property=\"og:image:width\" content=\"806\" \/>\n\t<meta property=\"og:image:height\" content=\"805\" \/>\n\t<meta property=\"og:image:type\" content=\"image\/webp\" \/>\n<meta name=\"twitter:card\" content=\"summary_large_image\" \/>\n<meta name=\"twitter:label1\" content=\"Dur\u00e9e de lecture estim\u00e9e\" \/>\n\t<meta name=\"twitter:data1\" content=\"2 minutes\" \/>\n<script type=\"application\/ld+json\" class=\"yoast-schema-graph\">{\"@context\":\"https:\\\/\\\/schema.org\",\"@graph\":[{\"@type\":\"WebPage\",\"@id\":\"https:\\\/\\\/yakutta.com\\\/product\\\/evoo-flexitank-container\\\/\",\"url\":\"https:\\\/\\\/yakutta.com\\\/product\\\/evoo-flexitank-container\\\/\",\"name\":\"EVOO Flexitank container - Yakutta\",\"isPartOf\":{\"@id\":\"https:\\\/\\\/yakutta.com\\\/#website\"},\"primaryImageOfPage\":{\"@id\":\"https:\\\/\\\/yakutta.com\\\/product\\\/evoo-flexitank-container\\\/#primaryimage\"},\"image\":{\"@id\":\"https:\\\/\\\/yakutta.com\\\/product\\\/evoo-flexitank-container\\\/#primaryimage\"},\"thumbnailUrl\":\"https:\\\/\\\/yakutta.com\\\/wp-content\\\/uploads\\\/2025\\\/11\\\/flexitank-in-warehouse-v4.webp\",\"datePublished\":\"2025-11-18T17:50:01+00:00\",\"dateModified\":\"2025-11-18T18:35:36+00:00\",\"description\":\"Yakutta delivers premium bulk EVOO globally, specialising in reliable flexitank container supply. Our EVOO boasts exceptional quality, confirmed by its low acidity and organic certifications.\",\"breadcrumb\":{\"@id\":\"https:\\\/\\\/yakutta.com\\\/product\\\/evoo-flexitank-container\\\/#breadcrumb\"},\"inLanguage\":\"fr-FR\",\"potentialAction\":[{\"@type\":\"ReadAction\",\"target\":[\"https:\\\/\\\/yakutta.com\\\/product\\\/evoo-flexitank-container\\\/\"]}]},{\"@type\":\"ImageObject\",\"inLanguage\":\"fr-FR\",\"@id\":\"https:\\\/\\\/yakutta.com\\\/product\\\/evoo-flexitank-container\\\/#primaryimage\",\"url\":\"https:\\\/\\\/yakutta.com\\\/wp-content\\\/uploads\\\/2025\\\/11\\\/flexitank-in-warehouse-v4.webp\",\"contentUrl\":\"https:\\\/\\\/yakutta.com\\\/wp-content\\\/uploads\\\/2025\\\/11\\\/flexitank-in-warehouse-v4.webp\",\"width\":806,\"height\":805,\"caption\":\"flexitank in warehouse\"},{\"@type\":\"BreadcrumbList\",\"@id\":\"https:\\\/\\\/yakutta.com\\\/product\\\/evoo-flexitank-container\\\/#breadcrumb\",\"itemListElement\":[{\"@type\":\"ListItem\",\"position\":1,\"name\":\"Home\",\"item\":\"https:\\\/\\\/yakutta.com\\\/\"},{\"@type\":\"ListItem\",\"position\":2,\"name\":\"Shop\",\"item\":\"https:\\\/\\\/yakutta.com\\\/shop\\\/\"},{\"@type\":\"ListItem\",\"position\":3,\"name\":\"EVOO Flexitank container\"}]},{\"@type\":\"WebSite\",\"@id\":\"https:\\\/\\\/yakutta.com\\\/#website\",\"url\":\"https:\\\/\\\/yakutta.com\\\/\",\"name\":\"Yakutta\",\"description\":\"Oils Wholesale | Organic &amp; Essential Oils Wholesale\",\"publisher\":{\"@id\":\"https:\\\/\\\/yakutta.com\\\/#organization\"},\"potentialAction\":[{\"@type\":\"SearchAction\",\"target\":{\"@type\":\"EntryPoint\",\"urlTemplate\":\"https:\\\/\\\/yakutta.com\\\/?s={search_term_string}\"},\"query-input\":{\"@type\":\"PropertyValueSpecification\",\"valueRequired\":true,\"valueName\":\"search_term_string\"}}],\"inLanguage\":\"fr-FR\"},{\"@type\":[\"Organization\",\"Place\"],\"@id\":\"https:\\\/\\\/yakutta.com\\\/#organization\",\"name\":\"Yakutta\",\"url\":\"https:\\\/\\\/yakutta.com\\\/\",\"logo\":{\"@id\":\"https:\\\/\\\/yakutta.com\\\/product\\\/evoo-flexitank-container\\\/#local-main-organization-logo\"},\"image\":{\"@id\":\"https:\\\/\\\/yakutta.com\\\/product\\\/evoo-flexitank-container\\\/#local-main-organization-logo\"},\"telephone\":[],\"openingHoursSpecification\":[{\"@type\":\"OpeningHoursSpecification\",\"dayOfWeek\":[\"Monday\",\"Tuesday\",\"Wednesday\",\"Thursday\",\"Friday\",\"Saturday\",\"Sunday\"],\"opens\":\"09:00\",\"closes\":\"17:00\"}]},{\"@type\":\"ImageObject\",\"inLanguage\":\"fr-FR\",\"@id\":\"https:\\\/\\\/yakutta.com\\\/product\\\/evoo-flexitank-container\\\/#local-main-organization-logo\",\"url\":\"https:\\\/\\\/yakutta.com\\\/wp-content\\\/uploads\\\/2025\\\/04\\\/cropped-yakutta-icon-no-bg-2-2.png\",\"contentUrl\":\"https:\\\/\\\/yakutta.com\\\/wp-content\\\/uploads\\\/2025\\\/04\\\/cropped-yakutta-icon-no-bg-2-2.png\",\"width\":512,\"height\":512,\"caption\":\"Yakutta\"}]}<\/script>\n<!-- \/ Yoast SEO Premium plugin. -->","yoast_head_json":{"title":"Conteneur Flexitank pour huile d'olive vierge extra - Yakutta","description":"Yakutta livre de l'huile d'olive vierge extra (EVOO) en vrac premium \u00e0 l'\u00e9chelle mondiale, en se sp\u00e9cialisant dans la fourniture fiable de conteneurs Flexitank. Notre EVOO offre une qualit\u00e9 exceptionnelle, confirm\u00e9e par sa faible acidit\u00e9 et ses certifications biologiques.","robots":{"index":"index","follow":"follow","max-snippet":"max-snippet:-1","max-image-preview":"max-image-preview:large","max-video-preview":"max-video-preview:-1"},"canonical":"https:\/\/yakutta.com\/fr\/produit\/conteneur-flexitank-pour-huile-dolive-vierge-extra\/","og_locale":"fr_FR","og_type":"article","og_title":"EVOO Flexitank container","og_description":"Yakutta delivers premium bulk EVOO globally, specialising in reliable flexitank container supply. Our EVOO boasts exceptional quality, confirmed by its low acidity and organic certifications.","og_url":"https:\/\/yakutta.com\/fr\/produit\/conteneur-flexitank-pour-huile-dolive-vierge-extra\/","og_site_name":"Yakutta","article_modified_time":"2025-11-18T18:35:36+00:00","og_image":[{"width":806,"height":805,"url":"https:\/\/yakutta.com\/wp-content\/uploads\/2025\/11\/flexitank-in-warehouse-v4.webp","type":"image\/webp"}],"twitter_card":"summary_large_image","twitter_misc":{"Dur\u00e9e de lecture estim\u00e9e":"2 minutes"},"schema":{"@context":"https:\/\/schema.org","@graph":[{"@type":"WebPage","@id":"https:\/\/yakutta.com\/product\/evoo-flexitank-container\/","url":"https:\/\/yakutta.com\/product\/evoo-flexitank-container\/","name":"Conteneur Flexitank pour huile d'olive vierge extra - Yakutta","isPartOf":{"@id":"https:\/\/yakutta.com\/#website"},"primaryImageOfPage":{"@id":"https:\/\/yakutta.com\/product\/evoo-flexitank-container\/#primaryimage"},"image":{"@id":"https:\/\/yakutta.com\/product\/evoo-flexitank-container\/#primaryimage"},"thumbnailUrl":"https:\/\/yakutta.com\/wp-content\/uploads\/2025\/11\/flexitank-in-warehouse-v4.webp","datePublished":"2025-11-18T17:50:01+00:00","dateModified":"2025-11-18T18:35:36+00:00","description":"Yakutta livre de l'huile d'olive vierge extra (EVOO) en vrac premium \u00e0 l'\u00e9chelle mondiale, en se sp\u00e9cialisant dans la fourniture fiable de conteneurs Flexitank. Notre EVOO offre une qualit\u00e9 exceptionnelle, confirm\u00e9e par sa faible acidit\u00e9 et ses certifications biologiques.","breadcrumb":{"@id":"https:\/\/yakutta.com\/product\/evoo-flexitank-container\/#breadcrumb"},"inLanguage":"fr-FR","potentialAction":[{"@type":"ReadAction","target":["https:\/\/yakutta.com\/product\/evoo-flexitank-container\/"]}]},{"@type":"ImageObject","inLanguage":"fr-FR","@id":"https:\/\/yakutta.com\/product\/evoo-flexitank-container\/#primaryimage","url":"https:\/\/yakutta.com\/wp-content\/uploads\/2025\/11\/flexitank-in-warehouse-v4.webp","contentUrl":"https:\/\/yakutta.com\/wp-content\/uploads\/2025\/11\/flexitank-in-warehouse-v4.webp","width":806,"height":805,"caption":"flexitank in warehouse"},{"@type":"BreadcrumbList","@id":"https:\/\/yakutta.com\/product\/evoo-flexitank-container\/#breadcrumb","itemListElement":[{"@type":"ListItem","position":1,"name":"Home","item":"https:\/\/yakutta.com\/"},{"@type":"ListItem","position":2,"name":"Shop","item":"https:\/\/yakutta.com\/shop\/"},{"@type":"ListItem","position":3,"name":"EVOO Flexitank container"}]},{"@type":"WebSite","@id":"https:\/\/yakutta.com\/#website","url":"https:\/\/yakutta.com\/","name":"Yakutta","description":"Huiles en gros | Huiles essentielles et biologiques en gros","publisher":{"@id":"https:\/\/yakutta.com\/#organization"},"potentialAction":[{"@type":"SearchAction","target":{"@type":"EntryPoint","urlTemplate":"https:\/\/yakutta.com\/?s={search_term_string}"},"query-input":{"@type":"PropertyValueSpecification","valueRequired":true,"valueName":"search_term_string"}}],"inLanguage":"fr-FR"},{"@type":["Organization","Place"],"@id":"https:\/\/yakutta.com\/#organization","name":"Yakutta","url":"https:\/\/yakutta.com\/","logo":{"@id":"https:\/\/yakutta.com\/product\/evoo-flexitank-container\/#local-main-organization-logo"},"image":{"@id":"https:\/\/yakutta.com\/product\/evoo-flexitank-container\/#local-main-organization-logo"},"telephone":[],"openingHoursSpecification":[{"@type":"OpeningHoursSpecification","dayOfWeek":["Monday","Tuesday","Wednesday","Thursday","Friday","Saturday","Sunday"],"opens":"09:00","closes":"17:00"}]},{"@type":"ImageObject","inLanguage":"fr-FR","@id":"https:\/\/yakutta.com\/product\/evoo-flexitank-container\/#local-main-organization-logo","url":"https:\/\/yakutta.com\/wp-content\/uploads\/2025\/04\/cropped-yakutta-icon-no-bg-2-2.png","contentUrl":"https:\/\/yakutta.com\/wp-content\/uploads\/2025\/04\/cropped-yakutta-icon-no-bg-2-2.png","width":512,"height":512,"caption":"Yakutta"}]}},"_links":{"self":[{"href":"https:\/\/yakutta.com\/fr\/wp-json\/wp\/v2\/product\/20098","targetHints":{"allow":["GET"]}}],"collection":[{"href":"https:\/\/yakutta.com\/fr\/wp-json\/wp\/v2\/product"}],"about":[{"href":"https:\/\/yakutta.com\/fr\/wp-json\/wp\/v2\/types\/product"}],"replies":[{"embeddable":true,"href":"https:\/\/yakutta.com\/fr\/wp-json\/wp\/v2\/comments?post=20098"}],"wp:featuredmedia":[{"embeddable":true,"href":"https:\/\/yakutta.com\/fr\/wp-json\/wp\/v2\/media\/19831"}],"wp:attachment":[{"href":"https:\/\/yakutta.com\/fr\/wp-json\/wp\/v2\/media?parent=20098"}],"wp:term":[{"taxonomy":"product_brand","embeddable":true,"href":"https:\/\/yakutta.com\/fr\/wp-json\/wp\/v2\/product_brand?post=20098"},{"taxonomy":"product_cat","embeddable":true,"href":"https:\/\/yakutta.com\/fr\/wp-json\/wp\/v2\/product_cat?post=20098"},{"taxonomy":"product_tag","embeddable":true,"href":"https:\/\/yakutta.com\/fr\/wp-json\/wp\/v2\/product_tag?post=20098"}],"curies":[{"name":"wp","href":"https:\/\/api.w.org\/{rel}","templated":true}]}}