{"id":20093,"date":"2025-11-18T00:30:26","date_gmt":"2025-11-18T00:30:26","guid":{"rendered":"https:\/\/yakutta.com\/?post_type=product&#038;p=20093"},"modified":"2026-01-27T10:44:47","modified_gmt":"2026-01-27T10:44:47","slug":"huile-d-olive-raffinee","status":"publish","type":"product","link":"https:\/\/yakutta.com\/fr\/produit\/huile-d-olive-raffinee\/","title":{"rendered":"Huile d'olive raffin\u00e9e"},"content":{"rendered":"<p class=\"text-sm\">L'huile d'olive raffin\u00e9e de Yakutta est sp\u00e9cialement con\u00e7ue pour les fabricants et les grandes entreprises qui n\u00e9cessitent une huile stable et constante pour une production \u00e0 grande \u00e9chelle. Cette huile d'olive raffin\u00e9e offre une saveur neutre, une couleur claire et une r\u00e9sistance impressionnante \u00e0 la chaleur, ce qui la rend parfaite pour les transformateurs alimentaires, les op\u00e9rations de friture et diverses applications industrielles. Chaque lot d'huile d'olive raffin\u00e9e subit une purification minutieuse pour \u00e9liminer les impuret\u00e9s tout en garantissant des performances fiables dans divers environnements de production. Sa stabilit\u00e9 aide \u00e0 minimiser les d\u00e9chets, \u00e0 g\u00e9rer les co\u00fbts et \u00e0 am\u00e9liorer l'efficacit\u00e9 pour les usines et les acheteurs en gros.<\/p>\n<p>&nbsp;<\/p>\n<p class=\"text-sm\">Yakutta propose \u00e9galement des programmes d'approvisionnement en vrac con\u00e7us pour les grands importateurs et distributeurs, garantissant une logistique fluide et une disponibilit\u00e9 fiable des produits. En choisissant Yakutta comme fournisseur d'huile d'olive raffin\u00e9e, vous optez pour une solution \u00e9volutive pr\u00eate pour une production continue, un \u00e9tiquetage priv\u00e9 et des contrats d'approvisionnement \u00e0 long terme.<\/p>","protected":false},"excerpt":{"rendered":"<p class=\"\" data-start=\"0\" data-end=\"341\">L'huile d'olive raffin\u00e9e premium de Yakutta offre un go\u00fbt pur, une stabilit\u00e9 impressionnante et une qualit\u00e9 fiable, en faisant un choix de premier ordre pour les fabricants et les grossistes. Elle est parfaite pour la transformation alimentaire industrielle, les t\u00e2ches de friture et les lignes de production \u00e0 grande \u00e9chelle. De plus, elle est fiable, \u00e9conomique et disponible en vrac !<\/p>\n<p class=\"\" data-start=\"0\" data-end=\"341\">Nous proposons des options en vrac flexibles afin que vous puissiez choisir exactement ce qui convient \u00e0 vos besoins.<\/p>\n<ul>\n<li data-start=\"0\" data-end=\"341\" class=\"translation-block\"><strong data-start=\"376\" data-end=\"391\">Moyen volume<\/strong> : 50L, 100L, 200L<\/li>\n<li data-start=\"0\" data-end=\"341\" class=\"translation-block\"><strong data-start=\"413\" data-end=\"427\">Grand volume<\/strong> : 500L, 1000L<\/li>\n<li data-start=\"0\" data-end=\"341\"><strong>Wholesale bulk: 5,000L \u2013 25,000L <\/strong><\/li>\n<\/ul>\n<p class=\"\" data-start=\"0\" data-end=\"341\">Notre huile d'olive raffin\u00e9e est produite avec des contr\u00f4les de qualit\u00e9 rigoureux pour garantir une constance d'un lot \u00e0 l'autre. Que vous l'utilisiez pour des m\u00e9langes, de l'embouteillage ou comme ingr\u00e9dient cl\u00e9 dans votre processus de fabrication, les entreprises se tournent vers nous pour notre cha\u00eene d'approvisionnement fiable, nos prix comp\u00e9titifs et notre soutien d\u00e9di\u00e9 pour les commandes r\u00e9currentes.<\/p>\n<p class=\"translation-block\" data-start=\"0\" data-end=\"341\">Nous exp\u00e9dions toutes les tailles via le <strong>transport terrestre<\/strong> ou le <strong>fret maritime<\/strong>, garantissant que chaque commande d'huile d'olive raffin\u00e9e en vrac arrive en toute s\u00e9curit\u00e9 et dans les d\u00e9lais. De plus, gr\u00e2ce \u00e0 notre exp\u00e9rience dans l'approvisionnement en olives, vous pouvez toujours compter sur la r\u00e9ception de la meilleure huile d'olive raffin\u00e9e pour vos produits.<\/p>","protected":false},"featured_media":28528,"comment_status":"open","ping_status":"closed","template":"","meta":[],"product_brand":[],"product_cat":[74],"product_tag":[127,126],"class_list":{"0":"post-20093","1":"product","2":"type-product","3":"status-publish","4":"has-post-thumbnail","6":"product_cat-organic-oils-wholesale-products","7":"product_tag-bulk-refined-olive-oil","8":"product_tag-refined-olive-oil","10":"first","11":"instock","12":"shipping-taxable","13":"product-type-simple"},"yoast_head":"<!-- This site is optimized with the Yoast SEO Premium plugin v26.6 (Yoast SEO v27.4) - https:\/\/yoast.com\/product\/yoast-seo-premium-wordpress\/ -->\n<title>Refined olive oil - Yakutta<\/title>\n<meta name=\"description\" content=\"Discover premium bulk refined olive oil for your business. Secure high-quality olive oil with consistent flavor and scalable wholesale options.\" \/>\n<meta name=\"robots\" content=\"index, follow, max-snippet:-1, max-image-preview:large, max-video-preview:-1\" \/>\n<link rel=\"canonical\" href=\"https:\/\/yakutta.com\/fr\/produit\/huile-d-olive-raffinee\/\" \/>\n<meta property=\"og:locale\" content=\"fr_FR\" \/>\n<meta property=\"og:type\" content=\"article\" \/>\n<meta property=\"og:title\" content=\"Refined olive oil\" \/>\n<meta property=\"og:description\" content=\"Discover premium bulk refined olive oil for your business. Secure high-quality olive oil with consistent flavor and scalable wholesale options.\" \/>\n<meta property=\"og:url\" content=\"https:\/\/yakutta.com\/fr\/produit\/huile-d-olive-raffinee\/\" \/>\n<meta property=\"og:site_name\" content=\"Yakutta\" \/>\n<meta property=\"article:modified_time\" content=\"2026-01-27T10:44:47+00:00\" \/>\n<meta property=\"og:image\" content=\"https:\/\/yakutta.com\/wp-content\/uploads\/2025\/11\/Refined-olive-oil-web-version.webp\" \/>\n\t<meta property=\"og:image:width\" content=\"2048\" \/>\n\t<meta property=\"og:image:height\" content=\"2048\" \/>\n\t<meta property=\"og:image:type\" content=\"image\/webp\" \/>\n<meta name=\"twitter:card\" content=\"summary_large_image\" \/>\n<meta name=\"twitter:label1\" content=\"Dur\u00e9e de lecture estim\u00e9e\" \/>\n\t<meta name=\"twitter:data1\" content=\"1 minute\" \/>\n<script type=\"application\/ld+json\" class=\"yoast-schema-graph\">{\"@context\":\"https:\\\/\\\/schema.org\",\"@graph\":[{\"@type\":\"WebPage\",\"@id\":\"https:\\\/\\\/yakutta.com\\\/product\\\/refined-olive-oil\\\/\",\"url\":\"https:\\\/\\\/yakutta.com\\\/product\\\/refined-olive-oil\\\/\",\"name\":\"Refined olive oil - Yakutta\",\"isPartOf\":{\"@id\":\"https:\\\/\\\/yakutta.com\\\/#website\"},\"primaryImageOfPage\":{\"@id\":\"https:\\\/\\\/yakutta.com\\\/product\\\/refined-olive-oil\\\/#primaryimage\"},\"image\":{\"@id\":\"https:\\\/\\\/yakutta.com\\\/product\\\/refined-olive-oil\\\/#primaryimage\"},\"thumbnailUrl\":\"https:\\\/\\\/yakutta.com\\\/wp-content\\\/uploads\\\/2025\\\/11\\\/Refined-olive-oil-web-version.webp\",\"datePublished\":\"2025-11-18T00:30:26+00:00\",\"dateModified\":\"2026-01-27T10:44:47+00:00\",\"description\":\"Discover premium bulk refined olive oil for your business. Secure high-quality olive oil with consistent flavor and scalable wholesale options.\",\"breadcrumb\":{\"@id\":\"https:\\\/\\\/yakutta.com\\\/product\\\/refined-olive-oil\\\/#breadcrumb\"},\"inLanguage\":\"fr-FR\",\"potentialAction\":[{\"@type\":\"ReadAction\",\"target\":[\"https:\\\/\\\/yakutta.com\\\/product\\\/refined-olive-oil\\\/\"]}]},{\"@type\":\"ImageObject\",\"inLanguage\":\"fr-FR\",\"@id\":\"https:\\\/\\\/yakutta.com\\\/product\\\/refined-olive-oil\\\/#primaryimage\",\"url\":\"https:\\\/\\\/yakutta.com\\\/wp-content\\\/uploads\\\/2025\\\/11\\\/Refined-olive-oil-web-version.webp\",\"contentUrl\":\"https:\\\/\\\/yakutta.com\\\/wp-content\\\/uploads\\\/2025\\\/11\\\/Refined-olive-oil-web-version.webp\",\"width\":2048,\"height\":2048,\"caption\":\"Yakutta: Organic Refined Olive Oil for industry.\"},{\"@type\":\"BreadcrumbList\",\"@id\":\"https:\\\/\\\/yakutta.com\\\/product\\\/refined-olive-oil\\\/#breadcrumb\",\"itemListElement\":[{\"@type\":\"ListItem\",\"position\":1,\"name\":\"Home\",\"item\":\"https:\\\/\\\/yakutta.com\\\/\"},{\"@type\":\"ListItem\",\"position\":2,\"name\":\"Shop\",\"item\":\"https:\\\/\\\/yakutta.com\\\/shop\\\/\"},{\"@type\":\"ListItem\",\"position\":3,\"name\":\"Refined olive oil\"}]},{\"@type\":\"WebSite\",\"@id\":\"https:\\\/\\\/yakutta.com\\\/#website\",\"url\":\"https:\\\/\\\/yakutta.com\\\/\",\"name\":\"Yakutta\",\"description\":\"Oils Wholesale | Organic &amp; Essential Oils Wholesale\",\"publisher\":{\"@id\":\"https:\\\/\\\/yakutta.com\\\/#organization\"},\"potentialAction\":[{\"@type\":\"SearchAction\",\"target\":{\"@type\":\"EntryPoint\",\"urlTemplate\":\"https:\\\/\\\/yakutta.com\\\/?s={search_term_string}\"},\"query-input\":{\"@type\":\"PropertyValueSpecification\",\"valueRequired\":true,\"valueName\":\"search_term_string\"}}],\"inLanguage\":\"fr-FR\"},{\"@type\":[\"Organization\",\"Place\"],\"@id\":\"https:\\\/\\\/yakutta.com\\\/#organization\",\"name\":\"Yakutta\",\"url\":\"https:\\\/\\\/yakutta.com\\\/\",\"logo\":{\"@id\":\"https:\\\/\\\/yakutta.com\\\/product\\\/refined-olive-oil\\\/#local-main-organization-logo\"},\"image\":{\"@id\":\"https:\\\/\\\/yakutta.com\\\/product\\\/refined-olive-oil\\\/#local-main-organization-logo\"},\"telephone\":[],\"openingHoursSpecification\":[{\"@type\":\"OpeningHoursSpecification\",\"dayOfWeek\":[\"Monday\",\"Tuesday\",\"Wednesday\",\"Thursday\",\"Friday\",\"Saturday\",\"Sunday\"],\"opens\":\"09:00\",\"closes\":\"17:00\"}]},{\"@type\":\"ImageObject\",\"inLanguage\":\"fr-FR\",\"@id\":\"https:\\\/\\\/yakutta.com\\\/product\\\/refined-olive-oil\\\/#local-main-organization-logo\",\"url\":\"https:\\\/\\\/yakutta.com\\\/wp-content\\\/uploads\\\/2025\\\/04\\\/cropped-yakutta-icon-no-bg-2-2.png\",\"contentUrl\":\"https:\\\/\\\/yakutta.com\\\/wp-content\\\/uploads\\\/2025\\\/04\\\/cropped-yakutta-icon-no-bg-2-2.png\",\"width\":512,\"height\":512,\"caption\":\"Yakutta\"}]}<\/script>\n<!-- \/ Yoast SEO Premium plugin. -->","yoast_head_json":{"title":"Huile d'olive raffin\u00e9e - Yakutta","description":"D\u00e9couvrez de l'huile d'olive raffin\u00e9e en vrac de qualit\u00e9 sup\u00e9rieure pour votre entreprise. Obtenez une huile d'olive de haute qualit\u00e9 avec une saveur constante et des options de gros \u00e9volutives.","robots":{"index":"index","follow":"follow","max-snippet":"max-snippet:-1","max-image-preview":"max-image-preview:large","max-video-preview":"max-video-preview:-1"},"canonical":"https:\/\/yakutta.com\/fr\/produit\/huile-d-olive-raffinee\/","og_locale":"fr_FR","og_type":"article","og_title":"Refined olive oil","og_description":"Discover premium bulk refined olive oil for your business. Secure high-quality olive oil with consistent flavor and scalable wholesale options.","og_url":"https:\/\/yakutta.com\/fr\/produit\/huile-d-olive-raffinee\/","og_site_name":"Yakutta","article_modified_time":"2026-01-27T10:44:47+00:00","og_image":[{"width":2048,"height":2048,"url":"https:\/\/yakutta.com\/wp-content\/uploads\/2025\/11\/Refined-olive-oil-web-version.webp","type":"image\/webp"}],"twitter_card":"summary_large_image","twitter_misc":{"Dur\u00e9e de lecture estim\u00e9e":"1 minute"},"schema":{"@context":"https:\/\/schema.org","@graph":[{"@type":"WebPage","@id":"https:\/\/yakutta.com\/product\/refined-olive-oil\/","url":"https:\/\/yakutta.com\/product\/refined-olive-oil\/","name":"Huile d'olive raffin\u00e9e - Yakutta","isPartOf":{"@id":"https:\/\/yakutta.com\/#website"},"primaryImageOfPage":{"@id":"https:\/\/yakutta.com\/product\/refined-olive-oil\/#primaryimage"},"image":{"@id":"https:\/\/yakutta.com\/product\/refined-olive-oil\/#primaryimage"},"thumbnailUrl":"https:\/\/yakutta.com\/wp-content\/uploads\/2025\/11\/Refined-olive-oil-web-version.webp","datePublished":"2025-11-18T00:30:26+00:00","dateModified":"2026-01-27T10:44:47+00:00","description":"D\u00e9couvrez de l'huile d'olive raffin\u00e9e en vrac de qualit\u00e9 sup\u00e9rieure pour votre entreprise. Obtenez une huile d'olive de haute qualit\u00e9 avec une saveur constante et des options de gros \u00e9volutives.","breadcrumb":{"@id":"https:\/\/yakutta.com\/product\/refined-olive-oil\/#breadcrumb"},"inLanguage":"fr-FR","potentialAction":[{"@type":"ReadAction","target":["https:\/\/yakutta.com\/product\/refined-olive-oil\/"]}]},{"@type":"ImageObject","inLanguage":"fr-FR","@id":"https:\/\/yakutta.com\/product\/refined-olive-oil\/#primaryimage","url":"https:\/\/yakutta.com\/wp-content\/uploads\/2025\/11\/Refined-olive-oil-web-version.webp","contentUrl":"https:\/\/yakutta.com\/wp-content\/uploads\/2025\/11\/Refined-olive-oil-web-version.webp","width":2048,"height":2048,"caption":"Yakutta: Organic Refined Olive Oil for industry."},{"@type":"BreadcrumbList","@id":"https:\/\/yakutta.com\/product\/refined-olive-oil\/#breadcrumb","itemListElement":[{"@type":"ListItem","position":1,"name":"Home","item":"https:\/\/yakutta.com\/"},{"@type":"ListItem","position":2,"name":"Shop","item":"https:\/\/yakutta.com\/shop\/"},{"@type":"ListItem","position":3,"name":"Refined olive oil"}]},{"@type":"WebSite","@id":"https:\/\/yakutta.com\/#website","url":"https:\/\/yakutta.com\/","name":"Yakutta","description":"Huiles en gros | Huiles essentielles et biologiques en gros","publisher":{"@id":"https:\/\/yakutta.com\/#organization"},"potentialAction":[{"@type":"SearchAction","target":{"@type":"EntryPoint","urlTemplate":"https:\/\/yakutta.com\/?s={search_term_string}"},"query-input":{"@type":"PropertyValueSpecification","valueRequired":true,"valueName":"search_term_string"}}],"inLanguage":"fr-FR"},{"@type":["Organization","Place"],"@id":"https:\/\/yakutta.com\/#organization","name":"Yakutta","url":"https:\/\/yakutta.com\/","logo":{"@id":"https:\/\/yakutta.com\/product\/refined-olive-oil\/#local-main-organization-logo"},"image":{"@id":"https:\/\/yakutta.com\/product\/refined-olive-oil\/#local-main-organization-logo"},"telephone":[],"openingHoursSpecification":[{"@type":"OpeningHoursSpecification","dayOfWeek":["Monday","Tuesday","Wednesday","Thursday","Friday","Saturday","Sunday"],"opens":"09:00","closes":"17:00"}]},{"@type":"ImageObject","inLanguage":"fr-FR","@id":"https:\/\/yakutta.com\/product\/refined-olive-oil\/#local-main-organization-logo","url":"https:\/\/yakutta.com\/wp-content\/uploads\/2025\/04\/cropped-yakutta-icon-no-bg-2-2.png","contentUrl":"https:\/\/yakutta.com\/wp-content\/uploads\/2025\/04\/cropped-yakutta-icon-no-bg-2-2.png","width":512,"height":512,"caption":"Yakutta"}]}},"_links":{"self":[{"href":"https:\/\/yakutta.com\/fr\/wp-json\/wp\/v2\/product\/20093","targetHints":{"allow":["GET"]}}],"collection":[{"href":"https:\/\/yakutta.com\/fr\/wp-json\/wp\/v2\/product"}],"about":[{"href":"https:\/\/yakutta.com\/fr\/wp-json\/wp\/v2\/types\/product"}],"replies":[{"embeddable":true,"href":"https:\/\/yakutta.com\/fr\/wp-json\/wp\/v2\/comments?post=20093"}],"wp:featuredmedia":[{"embeddable":true,"href":"https:\/\/yakutta.com\/fr\/wp-json\/wp\/v2\/media\/28528"}],"wp:attachment":[{"href":"https:\/\/yakutta.com\/fr\/wp-json\/wp\/v2\/media?parent=20093"}],"wp:term":[{"taxonomy":"product_brand","embeddable":true,"href":"https:\/\/yakutta.com\/fr\/wp-json\/wp\/v2\/product_brand?post=20093"},{"taxonomy":"product_cat","embeddable":true,"href":"https:\/\/yakutta.com\/fr\/wp-json\/wp\/v2\/product_cat?post=20093"},{"taxonomy":"product_tag","embeddable":true,"href":"https:\/\/yakutta.com\/fr\/wp-json\/wp\/v2\/product_tag?post=20093"}],"curies":[{"name":"wp","href":"https:\/\/api.w.org\/{rel}","templated":true}]}}