{"id":20092,"date":"2025-11-18T00:12:00","date_gmt":"2025-11-18T00:12:00","guid":{"rendered":"https:\/\/yakutta.com\/?post_type=product&#038;p=20092"},"modified":"2026-03-14T00:15:23","modified_gmt":"2026-03-14T00:15:23","slug":"huile-de-grignons-dolive","status":"publish","type":"product","link":"https:\/\/yakutta.com\/fr\/produit\/huile-de-grignons-dolive\/","title":{"rendered":"Olive Pomace Oil"},"content":{"rendered":"<p class=\"text-sm\">L'huile de grignons d'olive de Yakutta est sp\u00e9cialement con\u00e7ue pour les fabricants, les grandes entreprises et les distributeurs en gros qui recherchent une qualit\u00e9 constante sans se ruiner. Notre huile de grignons d'olive est raffin\u00e9e et habilement m\u00e9lang\u00e9e avec des huiles vierges de premier choix, garantissant une saveur fiable, d'excellentes performances \u00e0 haute temp\u00e9rature et des r\u00e9sultats constants pour la production \u00e0 grande \u00e9chelle.<\/p>\n<p class=\"text-sm\">Nous proposons de l'huile de grignons d'olive en vrac en quantit\u00e9s flexibles pour r\u00e9pondre aux besoins vari\u00e9s des transformateurs alimentaires, des op\u00e9rations de friture, des fabricants de snacks, des producteurs de cosm\u00e9tiques et des marques priv\u00e9es. Chaque lot subit des tests rigoureux pour v\u00e9rifier sa puret\u00e9, sa stabilit\u00e9 \u00e0 l'oxydation et ses performances, ce qui en fait le choix id\u00e9al pour les entreprises qui d\u00e9pendent de r\u00e9sultats constants.<\/p>\n<p class=\"text-sm\">Yakutta est l\u00e0 pour soutenir les acheteurs internationaux avec une logistique s\u00e9curis\u00e9e, une documentation claire et des options d'emballage adapt\u00e9es \u00e0 un usage industriel. Avec notre huile de grignons d'olive, vous b\u00e9n\u00e9ficiez d'une solution fiable et \u00e9conomique qui maintient vos lignes de production en fonctionnement tout en garantissant une qualit\u00e9 de produit irr\u00e9prochable.<\/p>","protected":false},"excerpt":{"rendered":"<p class=\"\" data-start=\"0\" data-end=\"341\">L'huile de grignons d'olive de Yakutta est un choix fiable pour les fabricants, les grossistes et les grandes entreprises. Notre huile de grignons d'olive garantit des performances constantes et un excellent rapport qualit\u00e9-prix pour ceux impliqu\u00e9s dans une production \u00e0 grand volume. Propos\u00e9e en emballages en vrac, elle est parfaite pour la transformation alimentaire, la friture, les cosm\u00e9tiques et les produits sous marque blanche. C'est une solution stable et \u00e9conomique con\u00e7ue pour r\u00e9pondre aux besoins industriels.<\/p>\n<p class=\"\" data-start=\"0\" data-end=\"341\">Nous proposons des options en vrac flexibles afin que vous puissiez choisir exactement ce qui convient \u00e0 vos besoins.<\/p>\n<ul>\n<li data-start=\"0\" data-end=\"341\" class=\"translation-block\"><strong data-start=\"376\" data-end=\"391\">Moyen volume<\/strong> : 50L, 100L, 200L<\/li>\n<li data-start=\"0\" data-end=\"341\" class=\"translation-block\"><strong data-start=\"413\" data-end=\"427\">Grand volume<\/strong> : 500L, 1000L<\/li>\n<li data-start=\"0\" data-end=\"341\"><strong>Wholesale bulk: 5,000L \u2013 25,000L <\/strong><\/li>\n<\/ul>\n<p class=\"\" data-start=\"0\" data-end=\"341\">Notre huile de grignons d'olive est produite avec des contr\u00f4les de qualit\u00e9 rigoureux pour garantir une constance d'un lot \u00e0 l'autre. Que vous l'utilisiez pour des m\u00e9langes, de l'embouteillage ou comme ingr\u00e9dient cl\u00e9 dans votre processus de fabrication, les entreprises se tournent vers nous pour notre cha\u00eene d'approvisionnement fiable, nos prix comp\u00e9titifs et notre soutien d\u00e9di\u00e9 pour les commandes r\u00e9currentes.<\/p>\n<p class=\"translation-block\" data-start=\"0\" data-end=\"341\">Nous exp\u00e9dions toutes les tailles via le <strong>transport terrestre<\/strong> ou le <strong>fret maritime<\/strong>, garantissant que chaque commande d'huile de grignons d'olive en vrac arrive en toute s\u00e9curit\u00e9 et dans les d\u00e9lais. De plus, comme nous sommes exp\u00e9riment\u00e9s dans la s\u00e9lection des meilleures olives, vous pouvez toujours compter sur la r\u00e9ception de l'huile de grignons d'olive de la plus haute qualit\u00e9 pour vos produits.<\/p>","protected":false},"featured_media":33226,"comment_status":"open","ping_status":"closed","template":"","meta":[],"product_brand":[],"product_cat":[74],"product_tag":[125,113,123,124],"class_list":{"0":"post-20092","1":"product","2":"type-product","3":"status-publish","4":"has-post-thumbnail","6":"product_cat-organic-oils-wholesale-products","7":"product_tag-bulk-pomace-olive-oil","8":"product_tag-olive-oil","9":"product_tag-olive-pomace-oil","10":"product_tag-pomace-olive-oil","12":"first","13":"instock","14":"shipping-taxable","15":"product-type-simple"},"yoast_head":"<!-- This site is optimized with the Yoast SEO Premium plugin v26.6 (Yoast SEO v27.6) - https:\/\/yoast.com\/product\/yoast-seo-premium-wordpress\/ -->\n<title>Olive Pomace Oil - Bulk Supply &amp; Exporter<\/title>\n<meta name=\"description\" content=\"Discover premium bulk olive pomace oil for your business. Secure high-quality olive oil with consistent flavor and scalable wholesale options.\" \/>\n<meta name=\"robots\" content=\"index, follow, max-snippet:-1, max-image-preview:large, max-video-preview:-1\" \/>\n<link rel=\"canonical\" href=\"https:\/\/yakutta.com\/fr\/produit\/huile-de-grignons-dolive\/\" \/>\n<meta property=\"og:locale\" content=\"fr_FR\" \/>\n<meta property=\"og:type\" content=\"article\" \/>\n<meta property=\"og:title\" content=\"Olive Pomace Oil\" \/>\n<meta property=\"og:description\" content=\"Discover premium bulk olive pomace oil for your business. Secure high-quality olive oil with consistent flavor and scalable wholesale options.\" \/>\n<meta property=\"og:url\" content=\"https:\/\/yakutta.com\/fr\/produit\/huile-de-grignons-dolive\/\" \/>\n<meta property=\"og:site_name\" content=\"Yakutta\" \/>\n<meta property=\"article:modified_time\" content=\"2026-03-14T00:15:23+00:00\" \/>\n<meta property=\"og:image\" content=\"https:\/\/yakutta.com\/wp-content\/uploads\/2025\/11\/Olive-Pomace-Oil-1.png\" \/>\n\t<meta property=\"og:image:width\" content=\"484\" \/>\n\t<meta property=\"og:image:height\" content=\"484\" \/>\n\t<meta property=\"og:image:type\" content=\"image\/png\" \/>\n<meta name=\"twitter:card\" content=\"summary_large_image\" \/>\n<meta name=\"twitter:label1\" content=\"Dur\u00e9e de lecture estim\u00e9e\" \/>\n\t<meta name=\"twitter:data1\" content=\"1 minute\" \/>\n<script type=\"application\/ld+json\" class=\"yoast-schema-graph\">{\"@context\":\"https:\\\/\\\/schema.org\",\"@graph\":[{\"@type\":\"WebPage\",\"@id\":\"https:\\\/\\\/yakutta.com\\\/product\\\/olive-pomace-oil\\\/\",\"url\":\"https:\\\/\\\/yakutta.com\\\/product\\\/olive-pomace-oil\\\/\",\"name\":\"Olive Pomace Oil - Bulk Supply & Exporter\",\"isPartOf\":{\"@id\":\"https:\\\/\\\/yakutta.com\\\/#website\"},\"primaryImageOfPage\":{\"@id\":\"https:\\\/\\\/yakutta.com\\\/product\\\/olive-pomace-oil\\\/#primaryimage\"},\"image\":{\"@id\":\"https:\\\/\\\/yakutta.com\\\/product\\\/olive-pomace-oil\\\/#primaryimage\"},\"thumbnailUrl\":\"https:\\\/\\\/yakutta.com\\\/wp-content\\\/uploads\\\/2025\\\/11\\\/Olive-Pomace-Oil-1.png\",\"datePublished\":\"2025-11-18T00:12:00+00:00\",\"dateModified\":\"2026-03-14T00:15:23+00:00\",\"description\":\"Discover premium bulk olive pomace oil for your business. Secure high-quality olive oil with consistent flavor and scalable wholesale options.\",\"breadcrumb\":{\"@id\":\"https:\\\/\\\/yakutta.com\\\/product\\\/olive-pomace-oil\\\/#breadcrumb\"},\"inLanguage\":\"fr-FR\",\"potentialAction\":[{\"@type\":\"ReadAction\",\"target\":[\"https:\\\/\\\/yakutta.com\\\/product\\\/olive-pomace-oil\\\/\"]}]},{\"@type\":\"ImageObject\",\"inLanguage\":\"fr-FR\",\"@id\":\"https:\\\/\\\/yakutta.com\\\/product\\\/olive-pomace-oil\\\/#primaryimage\",\"url\":\"https:\\\/\\\/yakutta.com\\\/wp-content\\\/uploads\\\/2025\\\/11\\\/Olive-Pomace-Oil-1.png\",\"contentUrl\":\"https:\\\/\\\/yakutta.com\\\/wp-content\\\/uploads\\\/2025\\\/11\\\/Olive-Pomace-Oil-1.png\",\"width\":484,\"height\":484,\"caption\":\"Olive-Pomace-Oil\"},{\"@type\":\"BreadcrumbList\",\"@id\":\"https:\\\/\\\/yakutta.com\\\/product\\\/olive-pomace-oil\\\/#breadcrumb\",\"itemListElement\":[{\"@type\":\"ListItem\",\"position\":1,\"name\":\"Home\",\"item\":\"https:\\\/\\\/yakutta.com\\\/\"},{\"@type\":\"ListItem\",\"position\":2,\"name\":\"Shop\",\"item\":\"https:\\\/\\\/yakutta.com\\\/shop\\\/\"},{\"@type\":\"ListItem\",\"position\":3,\"name\":\"Olive Pomace Oil\"}]},{\"@type\":\"WebSite\",\"@id\":\"https:\\\/\\\/yakutta.com\\\/#website\",\"url\":\"https:\\\/\\\/yakutta.com\\\/\",\"name\":\"Yakutta\",\"description\":\"Oils Wholesale | Organic &amp; Essential Oils Wholesale\",\"publisher\":{\"@id\":\"https:\\\/\\\/yakutta.com\\\/#organization\"},\"potentialAction\":[{\"@type\":\"SearchAction\",\"target\":{\"@type\":\"EntryPoint\",\"urlTemplate\":\"https:\\\/\\\/yakutta.com\\\/?s={search_term_string}\"},\"query-input\":{\"@type\":\"PropertyValueSpecification\",\"valueRequired\":true,\"valueName\":\"search_term_string\"}}],\"inLanguage\":\"fr-FR\"},{\"@type\":[\"Organization\",\"Place\"],\"@id\":\"https:\\\/\\\/yakutta.com\\\/#organization\",\"name\":\"Yakutta\",\"url\":\"https:\\\/\\\/yakutta.com\\\/\",\"logo\":{\"@id\":\"https:\\\/\\\/yakutta.com\\\/product\\\/olive-pomace-oil\\\/#local-main-organization-logo\"},\"image\":{\"@id\":\"https:\\\/\\\/yakutta.com\\\/product\\\/olive-pomace-oil\\\/#local-main-organization-logo\"},\"telephone\":[],\"openingHoursSpecification\":[{\"@type\":\"OpeningHoursSpecification\",\"dayOfWeek\":[\"Monday\",\"Tuesday\",\"Wednesday\",\"Thursday\",\"Friday\",\"Saturday\",\"Sunday\"],\"opens\":\"09:00\",\"closes\":\"17:00\"}]},{\"@type\":\"ImageObject\",\"inLanguage\":\"fr-FR\",\"@id\":\"https:\\\/\\\/yakutta.com\\\/product\\\/olive-pomace-oil\\\/#local-main-organization-logo\",\"url\":\"https:\\\/\\\/yakutta.com\\\/wp-content\\\/uploads\\\/2025\\\/04\\\/cropped-yakutta-icon-no-bg-2-2.png\",\"contentUrl\":\"https:\\\/\\\/yakutta.com\\\/wp-content\\\/uploads\\\/2025\\\/04\\\/cropped-yakutta-icon-no-bg-2-2.png\",\"width\":512,\"height\":512,\"caption\":\"Yakutta\"}]}<\/script>\n<!-- \/ Yoast SEO Premium plugin. -->","yoast_head_json":{"title":"Olive Pomace Oil - Bulk Supply & Exporter","description":"Discover premium bulk olive pomace oil for your business. Secure high-quality olive oil with consistent flavor and scalable wholesale options.","robots":{"index":"index","follow":"follow","max-snippet":"max-snippet:-1","max-image-preview":"max-image-preview:large","max-video-preview":"max-video-preview:-1"},"canonical":"https:\/\/yakutta.com\/fr\/produit\/huile-de-grignons-dolive\/","og_locale":"fr_FR","og_type":"article","og_title":"Olive Pomace Oil","og_description":"Discover premium bulk olive pomace oil for your business. Secure high-quality olive oil with consistent flavor and scalable wholesale options.","og_url":"https:\/\/yakutta.com\/fr\/produit\/huile-de-grignons-dolive\/","og_site_name":"Yakutta","article_modified_time":"2026-03-14T00:15:23+00:00","og_image":[{"width":484,"height":484,"url":"https:\/\/yakutta.com\/wp-content\/uploads\/2025\/11\/Olive-Pomace-Oil-1.png","type":"image\/png"}],"twitter_card":"summary_large_image","twitter_misc":{"Dur\u00e9e de lecture estim\u00e9e":"1 minute"},"schema":{"@context":"https:\/\/schema.org","@graph":[{"@type":"WebPage","@id":"https:\/\/yakutta.com\/product\/olive-pomace-oil\/","url":"https:\/\/yakutta.com\/product\/olive-pomace-oil\/","name":"Olive Pomace Oil - Bulk Supply & Exporter","isPartOf":{"@id":"https:\/\/yakutta.com\/#website"},"primaryImageOfPage":{"@id":"https:\/\/yakutta.com\/product\/olive-pomace-oil\/#primaryimage"},"image":{"@id":"https:\/\/yakutta.com\/product\/olive-pomace-oil\/#primaryimage"},"thumbnailUrl":"https:\/\/yakutta.com\/wp-content\/uploads\/2025\/11\/Olive-Pomace-Oil-1.png","datePublished":"2025-11-18T00:12:00+00:00","dateModified":"2026-03-14T00:15:23+00:00","description":"Discover premium bulk olive pomace oil for your business. Secure high-quality olive oil with consistent flavor and scalable wholesale options.","breadcrumb":{"@id":"https:\/\/yakutta.com\/product\/olive-pomace-oil\/#breadcrumb"},"inLanguage":"fr-FR","potentialAction":[{"@type":"ReadAction","target":["https:\/\/yakutta.com\/product\/olive-pomace-oil\/"]}]},{"@type":"ImageObject","inLanguage":"fr-FR","@id":"https:\/\/yakutta.com\/product\/olive-pomace-oil\/#primaryimage","url":"https:\/\/yakutta.com\/wp-content\/uploads\/2025\/11\/Olive-Pomace-Oil-1.png","contentUrl":"https:\/\/yakutta.com\/wp-content\/uploads\/2025\/11\/Olive-Pomace-Oil-1.png","width":484,"height":484,"caption":"Olive-Pomace-Oil"},{"@type":"BreadcrumbList","@id":"https:\/\/yakutta.com\/product\/olive-pomace-oil\/#breadcrumb","itemListElement":[{"@type":"ListItem","position":1,"name":"Home","item":"https:\/\/yakutta.com\/"},{"@type":"ListItem","position":2,"name":"Shop","item":"https:\/\/yakutta.com\/shop\/"},{"@type":"ListItem","position":3,"name":"Olive Pomace Oil"}]},{"@type":"WebSite","@id":"https:\/\/yakutta.com\/#website","url":"https:\/\/yakutta.com\/","name":"Yakutta","description":"Huiles en gros | Huiles essentielles et biologiques en gros","publisher":{"@id":"https:\/\/yakutta.com\/#organization"},"potentialAction":[{"@type":"SearchAction","target":{"@type":"EntryPoint","urlTemplate":"https:\/\/yakutta.com\/?s={search_term_string}"},"query-input":{"@type":"PropertyValueSpecification","valueRequired":true,"valueName":"search_term_string"}}],"inLanguage":"fr-FR"},{"@type":["Organization","Place"],"@id":"https:\/\/yakutta.com\/#organization","name":"Yakutta","url":"https:\/\/yakutta.com\/","logo":{"@id":"https:\/\/yakutta.com\/product\/olive-pomace-oil\/#local-main-organization-logo"},"image":{"@id":"https:\/\/yakutta.com\/product\/olive-pomace-oil\/#local-main-organization-logo"},"telephone":[],"openingHoursSpecification":[{"@type":"OpeningHoursSpecification","dayOfWeek":["Monday","Tuesday","Wednesday","Thursday","Friday","Saturday","Sunday"],"opens":"09:00","closes":"17:00"}]},{"@type":"ImageObject","inLanguage":"fr-FR","@id":"https:\/\/yakutta.com\/product\/olive-pomace-oil\/#local-main-organization-logo","url":"https:\/\/yakutta.com\/wp-content\/uploads\/2025\/04\/cropped-yakutta-icon-no-bg-2-2.png","contentUrl":"https:\/\/yakutta.com\/wp-content\/uploads\/2025\/04\/cropped-yakutta-icon-no-bg-2-2.png","width":512,"height":512,"caption":"Yakutta"}]}},"_links":{"self":[{"href":"https:\/\/yakutta.com\/fr\/wp-json\/wp\/v2\/product\/20092","targetHints":{"allow":["GET"]}}],"collection":[{"href":"https:\/\/yakutta.com\/fr\/wp-json\/wp\/v2\/product"}],"about":[{"href":"https:\/\/yakutta.com\/fr\/wp-json\/wp\/v2\/types\/product"}],"replies":[{"embeddable":true,"href":"https:\/\/yakutta.com\/fr\/wp-json\/wp\/v2\/comments?post=20092"}],"wp:featuredmedia":[{"embeddable":true,"href":"https:\/\/yakutta.com\/fr\/wp-json\/wp\/v2\/media\/33226"}],"wp:attachment":[{"href":"https:\/\/yakutta.com\/fr\/wp-json\/wp\/v2\/media?parent=20092"}],"wp:term":[{"taxonomy":"product_brand","embeddable":true,"href":"https:\/\/yakutta.com\/fr\/wp-json\/wp\/v2\/product_brand?post=20092"},{"taxonomy":"product_cat","embeddable":true,"href":"https:\/\/yakutta.com\/fr\/wp-json\/wp\/v2\/product_cat?post=20092"},{"taxonomy":"product_tag","embeddable":true,"href":"https:\/\/yakutta.com\/fr\/wp-json\/wp\/v2\/product_tag?post=20092"}],"curies":[{"name":"wp","href":"https:\/\/api.w.org\/{rel}","templated":true}]}}