{"id":20091,"date":"2025-11-17T23:53:29","date_gmt":"2025-11-17T23:53:29","guid":{"rendered":"https:\/\/yakutta.com\/?post_type=product&#038;p=20091"},"modified":"2026-01-26T22:59:04","modified_gmt":"2026-01-26T22:59:04","slug":"huile-dolive-vierge-en-vrac","status":"publish","type":"product","link":"https:\/\/yakutta.com\/fr\/produit\/huile-dolive-vierge-en-vrac\/","title":{"rendered":"Huile d'olive vierge"},"content":{"rendered":"<p class=\"text-sm\">L'huile d'olive vierge de Yakutta est sp\u00e9cialement con\u00e7ue pour les fabricants, les grandes entreprises et les fournisseurs en gros qui exigent une qualit\u00e9 constante. Nous s\u00e9lectionnons nos olives avec soin pour garantir un go\u00fbt pur, une composition stable et des performances fiables pour tous vos besoins industriels. Nous proposons de l'huile d'olive vierge en vrac, id\u00e9ale pour les op\u00e9rations \u00e0 grand volume. Vous pouvez choisir parmi des quantit\u00e9s flexibles, que vous ayez besoin de lots de taille moyenne ou de charges industrielles compl\u00e8tes. Cela en fait un excellent choix pour les transformateurs alimentaires, les conditionneurs sous contrat et les grands distributeurs qui g\u00e8rent une production continue.<\/p>\n<p>&nbsp;<\/p>\n<p class=\"text-sm\">Chez Yakutta, nous maintenons un contr\u00f4le qualit\u00e9 strict pour chaque exp\u00e9dition. Chaque lot de notre huile d'olive vierge respecte les normes internationales, garantissant une int\u00e9gration fluide dans vos lignes de produits. Nos options d'approvisionnement en vrac simplifient le processus d'achat et aident \u00e0 maintenir une stabilit\u00e9 de production \u00e0 long terme. Pour les grossistes et les fabricants \u00e0 la recherche d'une source \u00e9volutive, efficace et fiable, l'huile d'olive vierge de Yakutta offre le parfait \u00e9quilibre entre qualit\u00e9 et volume, pr\u00eate \u00e0 soutenir la croissance de votre entreprise.<\/p>","protected":false},"excerpt":{"rendered":"<p class=\"\" data-start=\"0\" data-end=\"341\">\u00c9levez votre gamme de produits avec notre huile d'olive vierge premium, un favori parmi les fabricants alimentaires, les distributeurs et les marques d'h\u00f4tellerie \u00e0 travers le monde. Con\u00e7ue pour une qualit\u00e9 constante et un approvisionnement fiable, notre huile d'olive vierge offre une saveur propre et \u00e9quilibr\u00e9e, parfaite pour la production alimentaire industrielle, les marques en marque blanche, les restaurants et m\u00eame les utilisations dans la beaut\u00e9 ou le bien-\u00eatre.<\/p>\n<p class=\"\" data-start=\"0\" data-end=\"341\">Nous proposons des options en vrac flexibles afin que vous puissiez choisir exactement ce qui convient \u00e0 vos besoins.<\/p>\n<ul>\n<li data-start=\"0\" data-end=\"341\" class=\"translation-block\"><strong data-start=\"376\" data-end=\"391\">Moyen volume<\/strong> : 50L, 100L, 200L<\/li>\n<li data-start=\"0\" data-end=\"341\" class=\"translation-block\"><strong data-start=\"413\" data-end=\"427\">Grand volume<\/strong> : 500L, 1000L<\/li>\n<li data-start=\"0\" data-end=\"341\"><strong>Wholesale bulk: 5,000L \u2013 25,000L <\/strong><\/li>\n<\/ul>\n<p class=\"\" data-start=\"0\" data-end=\"341\">Notre huile d'olive vierge est produite avec des contr\u00f4les de qualit\u00e9 rigoureux pour garantir une constance d'un lot \u00e0 l'autre. Que vous l'utilisiez pour des m\u00e9langes, de l'embouteillage ou comme ingr\u00e9dient cl\u00e9 dans votre processus de fabrication. Les entreprises se tournent vers nous pour notre cha\u00eene d'approvisionnement fiable, nos prix comp\u00e9titifs et notre soutien d\u00e9di\u00e9 pour les commandes r\u00e9currentes.<\/p>\n<p class=\"translation-block\" data-start=\"0\" data-end=\"341\">Nous exp\u00e9dions toutes les tailles via le <strong>transport terrestre<\/strong> ou le <strong>fret maritime<\/strong>, garantissant que chaque commande d'huile d'olive en vrac arrive en toute s\u00e9curit\u00e9 et dans les d\u00e9lais. De plus, comme nous sommes exp\u00e9riment\u00e9s dans la s\u00e9lection des meilleures olives, vous pouvez toujours compter sur la r\u00e9ception de l'huile d'olive vierge de la plus haute qualit\u00e9 pour vos produits.<\/p>","protected":false},"featured_media":28480,"comment_status":"open","ping_status":"closed","template":"","meta":[],"product_brand":[],"product_cat":[74],"product_tag":[121,113,118,120,122,119],"class_list":{"0":"post-20091","1":"product","2":"type-product","3":"status-publish","4":"has-post-thumbnail","6":"product_cat-organic-oils-wholesale-products","7":"product_tag-bulk-olive-oil","8":"product_tag-olive-oil","9":"product_tag-olive-oil-bulk","10":"product_tag-olive-oil-wholesale","11":"product_tag-tunisian-olive-oil","12":"product_tag-virgin-olive-oil","14":"first","15":"instock","16":"shipping-taxable","17":"product-type-simple"},"yoast_head":"<!-- This site is optimized with the Yoast SEO Premium plugin v26.6 (Yoast SEO v27.4) - https:\/\/yoast.com\/product\/yoast-seo-premium-wordpress\/ -->\n<title>Virgin olive oil in bulk - Yakutta<\/title>\n<meta name=\"description\" content=\"Discover premium virgin olive oil in bulk for your business. Secure high-quality virgin olive oil with consistent flavor and scalable wholesale options.\" \/>\n<meta name=\"robots\" content=\"index, follow, max-snippet:-1, max-image-preview:large, max-video-preview:-1\" \/>\n<link rel=\"canonical\" href=\"https:\/\/yakutta.com\/fr\/produit\/huile-dolive-vierge-en-vrac\/\" \/>\n<meta property=\"og:locale\" content=\"fr_FR\" \/>\n<meta property=\"og:type\" content=\"article\" \/>\n<meta property=\"og:title\" content=\"Virgin Olive Oil\" \/>\n<meta property=\"og:description\" content=\"Discover premium virgin olive oil in bulk for your business. Secure high-quality virgin olive oil with consistent flavor and scalable wholesale options.\" \/>\n<meta property=\"og:url\" content=\"https:\/\/yakutta.com\/fr\/produit\/huile-dolive-vierge-en-vrac\/\" \/>\n<meta property=\"og:site_name\" content=\"Yakutta\" \/>\n<meta property=\"article:modified_time\" content=\"2026-01-26T22:59:04+00:00\" \/>\n<meta property=\"og:image\" content=\"https:\/\/yakutta.com\/wp-content\/uploads\/2025\/11\/virgin-olive-oil-1.webp\" \/>\n\t<meta property=\"og:image:width\" content=\"2048\" \/>\n\t<meta property=\"og:image:height\" content=\"2048\" \/>\n\t<meta property=\"og:image:type\" content=\"image\/webp\" \/>\n<meta name=\"twitter:card\" content=\"summary_large_image\" \/>\n<meta name=\"twitter:label1\" content=\"Dur\u00e9e de lecture estim\u00e9e\" \/>\n\t<meta name=\"twitter:data1\" content=\"1 minute\" \/>\n<script type=\"application\/ld+json\" class=\"yoast-schema-graph\">{\"@context\":\"https:\\\/\\\/schema.org\",\"@graph\":[{\"@type\":\"WebPage\",\"@id\":\"https:\\\/\\\/yakutta.com\\\/product\\\/virgin-olive-oil-in-bulk\\\/\",\"url\":\"https:\\\/\\\/yakutta.com\\\/product\\\/virgin-olive-oil-in-bulk\\\/\",\"name\":\"Virgin olive oil in bulk - Yakutta\",\"isPartOf\":{\"@id\":\"https:\\\/\\\/yakutta.com\\\/#website\"},\"primaryImageOfPage\":{\"@id\":\"https:\\\/\\\/yakutta.com\\\/product\\\/virgin-olive-oil-in-bulk\\\/#primaryimage\"},\"image\":{\"@id\":\"https:\\\/\\\/yakutta.com\\\/product\\\/virgin-olive-oil-in-bulk\\\/#primaryimage\"},\"thumbnailUrl\":\"https:\\\/\\\/yakutta.com\\\/wp-content\\\/uploads\\\/2025\\\/11\\\/virgin-olive-oil-1.webp\",\"datePublished\":\"2025-11-17T23:53:29+00:00\",\"dateModified\":\"2026-01-26T22:59:04+00:00\",\"description\":\"Discover premium virgin olive oil in bulk for your business. Secure high-quality virgin olive oil with consistent flavor and scalable wholesale options.\",\"breadcrumb\":{\"@id\":\"https:\\\/\\\/yakutta.com\\\/product\\\/virgin-olive-oil-in-bulk\\\/#breadcrumb\"},\"inLanguage\":\"fr-FR\",\"potentialAction\":[{\"@type\":\"ReadAction\",\"target\":[\"https:\\\/\\\/yakutta.com\\\/product\\\/virgin-olive-oil-in-bulk\\\/\"]}]},{\"@type\":\"ImageObject\",\"inLanguage\":\"fr-FR\",\"@id\":\"https:\\\/\\\/yakutta.com\\\/product\\\/virgin-olive-oil-in-bulk\\\/#primaryimage\",\"url\":\"https:\\\/\\\/yakutta.com\\\/wp-content\\\/uploads\\\/2025\\\/11\\\/virgin-olive-oil-1.webp\",\"contentUrl\":\"https:\\\/\\\/yakutta.com\\\/wp-content\\\/uploads\\\/2025\\\/11\\\/virgin-olive-oil-1.webp\",\"width\":2048,\"height\":2048,\"caption\":\"Yakutta: Organic Virgin Olive Oil, bulk and bottled.\"},{\"@type\":\"BreadcrumbList\",\"@id\":\"https:\\\/\\\/yakutta.com\\\/product\\\/virgin-olive-oil-in-bulk\\\/#breadcrumb\",\"itemListElement\":[{\"@type\":\"ListItem\",\"position\":1,\"name\":\"Home\",\"item\":\"https:\\\/\\\/yakutta.com\\\/\"},{\"@type\":\"ListItem\",\"position\":2,\"name\":\"Shop\",\"item\":\"https:\\\/\\\/yakutta.com\\\/shop\\\/\"},{\"@type\":\"ListItem\",\"position\":3,\"name\":\"Virgin Olive Oil\"}]},{\"@type\":\"WebSite\",\"@id\":\"https:\\\/\\\/yakutta.com\\\/#website\",\"url\":\"https:\\\/\\\/yakutta.com\\\/\",\"name\":\"Yakutta\",\"description\":\"Oils Wholesale | Organic &amp; Essential Oils Wholesale\",\"publisher\":{\"@id\":\"https:\\\/\\\/yakutta.com\\\/#organization\"},\"potentialAction\":[{\"@type\":\"SearchAction\",\"target\":{\"@type\":\"EntryPoint\",\"urlTemplate\":\"https:\\\/\\\/yakutta.com\\\/?s={search_term_string}\"},\"query-input\":{\"@type\":\"PropertyValueSpecification\",\"valueRequired\":true,\"valueName\":\"search_term_string\"}}],\"inLanguage\":\"fr-FR\"},{\"@type\":[\"Organization\",\"Place\"],\"@id\":\"https:\\\/\\\/yakutta.com\\\/#organization\",\"name\":\"Yakutta\",\"url\":\"https:\\\/\\\/yakutta.com\\\/\",\"logo\":{\"@id\":\"https:\\\/\\\/yakutta.com\\\/product\\\/virgin-olive-oil-in-bulk\\\/#local-main-organization-logo\"},\"image\":{\"@id\":\"https:\\\/\\\/yakutta.com\\\/product\\\/virgin-olive-oil-in-bulk\\\/#local-main-organization-logo\"},\"telephone\":[],\"openingHoursSpecification\":[{\"@type\":\"OpeningHoursSpecification\",\"dayOfWeek\":[\"Monday\",\"Tuesday\",\"Wednesday\",\"Thursday\",\"Friday\",\"Saturday\",\"Sunday\"],\"opens\":\"09:00\",\"closes\":\"17:00\"}]},{\"@type\":\"ImageObject\",\"inLanguage\":\"fr-FR\",\"@id\":\"https:\\\/\\\/yakutta.com\\\/product\\\/virgin-olive-oil-in-bulk\\\/#local-main-organization-logo\",\"url\":\"https:\\\/\\\/yakutta.com\\\/wp-content\\\/uploads\\\/2025\\\/04\\\/cropped-yakutta-icon-no-bg-2-2.png\",\"contentUrl\":\"https:\\\/\\\/yakutta.com\\\/wp-content\\\/uploads\\\/2025\\\/04\\\/cropped-yakutta-icon-no-bg-2-2.png\",\"width\":512,\"height\":512,\"caption\":\"Yakutta\"}]}<\/script>\n<!-- \/ Yoast SEO Premium plugin. -->","yoast_head_json":{"title":"Huile d'olive vierge en vrac - Yakutta","description":"D\u00e9couvrez de l'huile d'olive vierge premium en vrac pour votre entreprise. Assurez-vous une huile d'olive vierge de haute qualit\u00e9 avec une saveur constante et des options de gros \u00e9volutives.","robots":{"index":"index","follow":"follow","max-snippet":"max-snippet:-1","max-image-preview":"max-image-preview:large","max-video-preview":"max-video-preview:-1"},"canonical":"https:\/\/yakutta.com\/fr\/produit\/huile-dolive-vierge-en-vrac\/","og_locale":"fr_FR","og_type":"article","og_title":"Virgin Olive Oil","og_description":"Discover premium virgin olive oil in bulk for your business. Secure high-quality virgin olive oil with consistent flavor and scalable wholesale options.","og_url":"https:\/\/yakutta.com\/fr\/produit\/huile-dolive-vierge-en-vrac\/","og_site_name":"Yakutta","article_modified_time":"2026-01-26T22:59:04+00:00","og_image":[{"width":2048,"height":2048,"url":"https:\/\/yakutta.com\/wp-content\/uploads\/2025\/11\/virgin-olive-oil-1.webp","type":"image\/webp"}],"twitter_card":"summary_large_image","twitter_misc":{"Dur\u00e9e de lecture estim\u00e9e":"1 minute"},"schema":{"@context":"https:\/\/schema.org","@graph":[{"@type":"WebPage","@id":"https:\/\/yakutta.com\/product\/virgin-olive-oil-in-bulk\/","url":"https:\/\/yakutta.com\/product\/virgin-olive-oil-in-bulk\/","name":"Huile d'olive vierge en vrac - Yakutta","isPartOf":{"@id":"https:\/\/yakutta.com\/#website"},"primaryImageOfPage":{"@id":"https:\/\/yakutta.com\/product\/virgin-olive-oil-in-bulk\/#primaryimage"},"image":{"@id":"https:\/\/yakutta.com\/product\/virgin-olive-oil-in-bulk\/#primaryimage"},"thumbnailUrl":"https:\/\/yakutta.com\/wp-content\/uploads\/2025\/11\/virgin-olive-oil-1.webp","datePublished":"2025-11-17T23:53:29+00:00","dateModified":"2026-01-26T22:59:04+00:00","description":"D\u00e9couvrez de l'huile d'olive vierge premium en vrac pour votre entreprise. Assurez-vous une huile d'olive vierge de haute qualit\u00e9 avec une saveur constante et des options de gros \u00e9volutives.","breadcrumb":{"@id":"https:\/\/yakutta.com\/product\/virgin-olive-oil-in-bulk\/#breadcrumb"},"inLanguage":"fr-FR","potentialAction":[{"@type":"ReadAction","target":["https:\/\/yakutta.com\/product\/virgin-olive-oil-in-bulk\/"]}]},{"@type":"ImageObject","inLanguage":"fr-FR","@id":"https:\/\/yakutta.com\/product\/virgin-olive-oil-in-bulk\/#primaryimage","url":"https:\/\/yakutta.com\/wp-content\/uploads\/2025\/11\/virgin-olive-oil-1.webp","contentUrl":"https:\/\/yakutta.com\/wp-content\/uploads\/2025\/11\/virgin-olive-oil-1.webp","width":2048,"height":2048,"caption":"Yakutta: Organic Virgin Olive Oil, bulk and bottled."},{"@type":"BreadcrumbList","@id":"https:\/\/yakutta.com\/product\/virgin-olive-oil-in-bulk\/#breadcrumb","itemListElement":[{"@type":"ListItem","position":1,"name":"Home","item":"https:\/\/yakutta.com\/"},{"@type":"ListItem","position":2,"name":"Shop","item":"https:\/\/yakutta.com\/shop\/"},{"@type":"ListItem","position":3,"name":"Virgin Olive Oil"}]},{"@type":"WebSite","@id":"https:\/\/yakutta.com\/#website","url":"https:\/\/yakutta.com\/","name":"Yakutta","description":"Huiles en gros | Huiles essentielles et biologiques en gros","publisher":{"@id":"https:\/\/yakutta.com\/#organization"},"potentialAction":[{"@type":"SearchAction","target":{"@type":"EntryPoint","urlTemplate":"https:\/\/yakutta.com\/?s={search_term_string}"},"query-input":{"@type":"PropertyValueSpecification","valueRequired":true,"valueName":"search_term_string"}}],"inLanguage":"fr-FR"},{"@type":["Organization","Place"],"@id":"https:\/\/yakutta.com\/#organization","name":"Yakutta","url":"https:\/\/yakutta.com\/","logo":{"@id":"https:\/\/yakutta.com\/product\/virgin-olive-oil-in-bulk\/#local-main-organization-logo"},"image":{"@id":"https:\/\/yakutta.com\/product\/virgin-olive-oil-in-bulk\/#local-main-organization-logo"},"telephone":[],"openingHoursSpecification":[{"@type":"OpeningHoursSpecification","dayOfWeek":["Monday","Tuesday","Wednesday","Thursday","Friday","Saturday","Sunday"],"opens":"09:00","closes":"17:00"}]},{"@type":"ImageObject","inLanguage":"fr-FR","@id":"https:\/\/yakutta.com\/product\/virgin-olive-oil-in-bulk\/#local-main-organization-logo","url":"https:\/\/yakutta.com\/wp-content\/uploads\/2025\/04\/cropped-yakutta-icon-no-bg-2-2.png","contentUrl":"https:\/\/yakutta.com\/wp-content\/uploads\/2025\/04\/cropped-yakutta-icon-no-bg-2-2.png","width":512,"height":512,"caption":"Yakutta"}]}},"_links":{"self":[{"href":"https:\/\/yakutta.com\/fr\/wp-json\/wp\/v2\/product\/20091","targetHints":{"allow":["GET"]}}],"collection":[{"href":"https:\/\/yakutta.com\/fr\/wp-json\/wp\/v2\/product"}],"about":[{"href":"https:\/\/yakutta.com\/fr\/wp-json\/wp\/v2\/types\/product"}],"replies":[{"embeddable":true,"href":"https:\/\/yakutta.com\/fr\/wp-json\/wp\/v2\/comments?post=20091"}],"wp:featuredmedia":[{"embeddable":true,"href":"https:\/\/yakutta.com\/fr\/wp-json\/wp\/v2\/media\/28480"}],"wp:attachment":[{"href":"https:\/\/yakutta.com\/fr\/wp-json\/wp\/v2\/media?parent=20091"}],"wp:term":[{"taxonomy":"product_brand","embeddable":true,"href":"https:\/\/yakutta.com\/fr\/wp-json\/wp\/v2\/product_brand?post=20091"},{"taxonomy":"product_cat","embeddable":true,"href":"https:\/\/yakutta.com\/fr\/wp-json\/wp\/v2\/product_cat?post=20091"},{"taxonomy":"product_tag","embeddable":true,"href":"https:\/\/yakutta.com\/fr\/wp-json\/wp\/v2\/product_tag?post=20091"}],"curies":[{"name":"wp","href":"https:\/\/api.w.org\/{rel}","templated":true}]}}