{"id":6523,"date":"2025-04-14T17:25:58","date_gmt":"2025-04-14T17:25:58","guid":{"rendered":"https:\/\/yakutta.com\/?post_type=product&#038;p=6523"},"modified":"2026-02-16T13:17:03","modified_gmt":"2026-02-16T13:17:03","slug":"melaza-de-datil","status":"publish","type":"product","link":"https:\/\/yakutta.com\/es\/producto\/melaza-de-datil\/","title":{"rendered":"Melaza de d\u00e1tiles"},"content":{"rendered":"<p data-start=\"169\" data-end=\"448\">Con presencia global en T\u00fanez, Marruecos, Reino Unido y Suiza, Yakutta atiende con orgullo a clientes de todo el mundo. Nuestra experiencia en melaza y mermeladas al por mayor nos permite ofrecer soluciones fiables a distribuidores, minoristas y proveedores de servicios alimentarios. Cada env\u00edo se maneja con cuidado, reflejando nuestro compromiso con la calidad y la autenticidad de nuestros productos. Ya sea que busque satisfacer demandas de mercados nicho o ampliar su gama de productos, el servicio de melaza de d\u00e1tiles al por mayor de Yakutta ofrece una experiencia rica y llena de sabor.<\/p>\n<p data-start=\"727\" data-end=\"922\">Elaborada con d\u00e1tiles seleccionados a mano y maduros al sol, nuestra melaza ofrece dulzura natural, sabor profundo y una versatilidad excepcional. Es perfecta para postres, bebidas, salsas y recetas saladas. Al elegir Yakutta, obtiene acceso a melaza de d\u00e1tiles al por mayor, que combina la esencia ex\u00f3tica de T\u00fanez con est\u00e1ndares internacionales consistentes. Colabore con nosotros para llevar la riqueza dorada de nuestra melaza a sus clientes, asegurando calidad premium en cada frasco.<\/p>","protected":false},"excerpt":{"rendered":"<p>Yakutta se centra en la melaza de d\u00e1tiles al por mayor, combinando los aut\u00e9nticos sabores tunecinos con una calidad excepcional. Ideal para postres, bebidas y comidas saladas, nuestra melaza de d\u00e1tiles a granel es una opci\u00f3n saludable y vers\u00e1til para distribuidores y profesionales culinarios de todo el mundo.<\/p>\n<ul>\n<li data-start=\"413\" data-end=\"449\" class=\"translation-block\"><b>Cantidad 60,000 kg<\/b><strong> \/ mes<\/strong><\/li>\n<\/ul>\n<p class=\"translation-block\" data-start=\"535\" data-end=\"847\">Este producto est\u00e1 disponible para el env\u00edo mediante <strong data-start=\"729\" data-end=\"747\">servicio terrestre<\/strong> y <strong data-start=\"752\" data-end=\"767\">transporte mar\u00edtimo<\/strong>, garantizando opciones de entrega flexibles y confiables para pedidos al por mayor y a granel.<\/p>","protected":false},"featured_media":31719,"comment_status":"open","ping_status":"closed","template":"","meta":[],"product_brand":[],"product_cat":[103],"product_tag":[92,105,106,100,95,91],"class_list":{"0":"post-6523","1":"product","2":"type-product","3":"status-publish","4":"has-post-thumbnail","6":"product_cat-molasse-jam","7":"product_tag-bulk","8":"product_tag-date","9":"product_tag-molasse","10":"product_tag-tunisia","11":"product_tag-tunisian-date","12":"product_tag-wholesale","14":"first","15":"instock","16":"shipping-taxable","17":"product-type-simple"},"yoast_head":"<!-- This site is optimized with the Yoast SEO Premium plugin v26.6 (Yoast SEO v27.6) - https:\/\/yoast.com\/product\/yoast-seo-premium-wordpress\/ -->\n<title>Date Molasses Wholesale - Bulk supplier - Yakutta<\/title>\n<meta name=\"description\" content=\"Explore Yakutta\u2019s premium bulk date molasses wholesale range, crafted from the finest dates. We serve globally, offering date molasse in bulk for health-conscious consumers and culinary professionals.\" \/>\n<meta name=\"robots\" content=\"index, follow, max-snippet:-1, max-image-preview:large, max-video-preview:-1\" \/>\n<link rel=\"canonical\" href=\"https:\/\/yakutta.com\/es\/producto\/melaza-de-datil\/\" \/>\n<meta property=\"og:locale\" content=\"es_ES\" \/>\n<meta property=\"og:type\" content=\"article\" \/>\n<meta property=\"og:title\" content=\"Date Molasse\" \/>\n<meta property=\"og:description\" content=\"Explore Yakutta\u2019s premium bulk date molasses wholesale range, crafted from the finest dates. We serve globally, offering date molasse in bulk for health-conscious consumers and culinary professionals.\" \/>\n<meta property=\"og:url\" content=\"https:\/\/yakutta.com\/es\/producto\/melaza-de-datil\/\" \/>\n<meta property=\"og:site_name\" content=\"Yakutta\" \/>\n<meta property=\"article:modified_time\" content=\"2026-02-16T13:17:03+00:00\" \/>\n<meta property=\"og:image\" content=\"https:\/\/yakutta.com\/wp-content\/uploads\/2025\/04\/date-molasses-in-bulk-scaled.webp\" \/>\n\t<meta property=\"og:image:width\" content=\"2560\" \/>\n\t<meta property=\"og:image:height\" content=\"1396\" \/>\n\t<meta property=\"og:image:type\" content=\"image\/webp\" \/>\n<meta name=\"twitter:card\" content=\"summary_large_image\" \/>\n<meta name=\"twitter:label1\" content=\"Tiempo de lectura\" \/>\n\t<meta name=\"twitter:data1\" content=\"1 minuto\" \/>\n<script type=\"application\/ld+json\" class=\"yoast-schema-graph\">{\"@context\":\"https:\\\/\\\/schema.org\",\"@graph\":[{\"@type\":\"WebPage\",\"@id\":\"https:\\\/\\\/yakutta.com\\\/product\\\/date-molasse\\\/\",\"url\":\"https:\\\/\\\/yakutta.com\\\/product\\\/date-molasse\\\/\",\"name\":\"Date Molasses Wholesale - Bulk supplier - Yakutta\",\"isPartOf\":{\"@id\":\"https:\\\/\\\/yakutta.com\\\/#website\"},\"primaryImageOfPage\":{\"@id\":\"https:\\\/\\\/yakutta.com\\\/product\\\/date-molasse\\\/#primaryimage\"},\"image\":{\"@id\":\"https:\\\/\\\/yakutta.com\\\/product\\\/date-molasse\\\/#primaryimage\"},\"thumbnailUrl\":\"https:\\\/\\\/yakutta.com\\\/wp-content\\\/uploads\\\/2025\\\/04\\\/date-molasses-in-bulk-scaled.webp\",\"datePublished\":\"2025-04-14T17:25:58+00:00\",\"dateModified\":\"2026-02-16T13:17:03+00:00\",\"description\":\"Explore Yakutta\u2019s premium bulk date molasses wholesale range, crafted from the finest dates. We serve globally, offering date molasse in bulk for health-conscious consumers and culinary professionals.\",\"breadcrumb\":{\"@id\":\"https:\\\/\\\/yakutta.com\\\/product\\\/date-molasse\\\/#breadcrumb\"},\"inLanguage\":\"es\",\"potentialAction\":[{\"@type\":\"ReadAction\",\"target\":[\"https:\\\/\\\/yakutta.com\\\/product\\\/date-molasse\\\/\"]}]},{\"@type\":\"ImageObject\",\"inLanguage\":\"es\",\"@id\":\"https:\\\/\\\/yakutta.com\\\/product\\\/date-molasse\\\/#primaryimage\",\"url\":\"https:\\\/\\\/yakutta.com\\\/wp-content\\\/uploads\\\/2025\\\/04\\\/date-molasses-in-bulk-scaled.webp\",\"contentUrl\":\"https:\\\/\\\/yakutta.com\\\/wp-content\\\/uploads\\\/2025\\\/04\\\/date-molasses-in-bulk-scaled.webp\",\"width\":2560,\"height\":1396,\"caption\":\"date molasses in bulk\"},{\"@type\":\"BreadcrumbList\",\"@id\":\"https:\\\/\\\/yakutta.com\\\/product\\\/date-molasse\\\/#breadcrumb\",\"itemListElement\":[{\"@type\":\"ListItem\",\"position\":1,\"name\":\"Home\",\"item\":\"https:\\\/\\\/yakutta.com\\\/\"},{\"@type\":\"ListItem\",\"position\":2,\"name\":\"Shop\",\"item\":\"https:\\\/\\\/yakutta.com\\\/shop\\\/\"},{\"@type\":\"ListItem\",\"position\":3,\"name\":\"Date Molasse\"}]},{\"@type\":\"WebSite\",\"@id\":\"https:\\\/\\\/yakutta.com\\\/#website\",\"url\":\"https:\\\/\\\/yakutta.com\\\/\",\"name\":\"Yakutta\",\"description\":\"Oils Wholesale | Organic &amp; Essential Oils Wholesale\",\"publisher\":{\"@id\":\"https:\\\/\\\/yakutta.com\\\/#organization\"},\"potentialAction\":[{\"@type\":\"SearchAction\",\"target\":{\"@type\":\"EntryPoint\",\"urlTemplate\":\"https:\\\/\\\/yakutta.com\\\/?s={search_term_string}\"},\"query-input\":{\"@type\":\"PropertyValueSpecification\",\"valueRequired\":true,\"valueName\":\"search_term_string\"}}],\"inLanguage\":\"es\"},{\"@type\":[\"Organization\",\"Place\"],\"@id\":\"https:\\\/\\\/yakutta.com\\\/#organization\",\"name\":\"Yakutta\",\"url\":\"https:\\\/\\\/yakutta.com\\\/\",\"logo\":{\"@id\":\"https:\\\/\\\/yakutta.com\\\/product\\\/date-molasse\\\/#local-main-organization-logo\"},\"image\":{\"@id\":\"https:\\\/\\\/yakutta.com\\\/product\\\/date-molasse\\\/#local-main-organization-logo\"},\"telephone\":[],\"openingHoursSpecification\":[{\"@type\":\"OpeningHoursSpecification\",\"dayOfWeek\":[\"Monday\",\"Tuesday\",\"Wednesday\",\"Thursday\",\"Friday\",\"Saturday\",\"Sunday\"],\"opens\":\"09:00\",\"closes\":\"17:00\"}]},{\"@type\":\"ImageObject\",\"inLanguage\":\"es\",\"@id\":\"https:\\\/\\\/yakutta.com\\\/product\\\/date-molasse\\\/#local-main-organization-logo\",\"url\":\"https:\\\/\\\/yakutta.com\\\/wp-content\\\/uploads\\\/2025\\\/04\\\/cropped-yakutta-icon-no-bg-2-2.png\",\"contentUrl\":\"https:\\\/\\\/yakutta.com\\\/wp-content\\\/uploads\\\/2025\\\/04\\\/cropped-yakutta-icon-no-bg-2-2.png\",\"width\":512,\"height\":512,\"caption\":\"Yakutta\"}]}<\/script>\n<!-- \/ Yoast SEO Premium plugin. -->","yoast_head_json":{"title":"Melaza de d\u00e1tiles al por mayor \u2013 Proveedor a granel \u2013 Yakutta","description":"Explore la gama premium de melaza de d\u00e1tiles al por mayor de Yakutta, elaborada con los mejores d\u00e1tiles. Servimos a nivel mundial, ofreciendo melaza de d\u00e1tiles a granel para consumidores conscientes de su salud y profesionales culinarios.","robots":{"index":"index","follow":"follow","max-snippet":"max-snippet:-1","max-image-preview":"max-image-preview:large","max-video-preview":"max-video-preview:-1"},"canonical":"https:\/\/yakutta.com\/es\/producto\/melaza-de-datil\/","og_locale":"es_ES","og_type":"article","og_title":"Date Molasse","og_description":"Explore Yakutta\u2019s premium bulk date molasses wholesale range, crafted from the finest dates. We serve globally, offering date molasse in bulk for health-conscious consumers and culinary professionals.","og_url":"https:\/\/yakutta.com\/es\/producto\/melaza-de-datil\/","og_site_name":"Yakutta","article_modified_time":"2026-02-16T13:17:03+00:00","og_image":[{"width":2560,"height":1396,"url":"https:\/\/yakutta.com\/wp-content\/uploads\/2025\/04\/date-molasses-in-bulk-scaled.webp","type":"image\/webp"}],"twitter_card":"summary_large_image","twitter_misc":{"Tiempo de lectura":"1 minuto"},"schema":{"@context":"https:\/\/schema.org","@graph":[{"@type":"WebPage","@id":"https:\/\/yakutta.com\/product\/date-molasse\/","url":"https:\/\/yakutta.com\/product\/date-molasse\/","name":"Melaza de d\u00e1tiles al por mayor \u2013 Proveedor a granel \u2013 Yakutta","isPartOf":{"@id":"https:\/\/yakutta.com\/#website"},"primaryImageOfPage":{"@id":"https:\/\/yakutta.com\/product\/date-molasse\/#primaryimage"},"image":{"@id":"https:\/\/yakutta.com\/product\/date-molasse\/#primaryimage"},"thumbnailUrl":"https:\/\/yakutta.com\/wp-content\/uploads\/2025\/04\/date-molasses-in-bulk-scaled.webp","datePublished":"2025-04-14T17:25:58+00:00","dateModified":"2026-02-16T13:17:03+00:00","description":"Explore la gama premium de melaza de d\u00e1tiles al por mayor de Yakutta, elaborada con los mejores d\u00e1tiles. Servimos a nivel mundial, ofreciendo melaza de d\u00e1tiles a granel para consumidores conscientes de su salud y profesionales culinarios.","breadcrumb":{"@id":"https:\/\/yakutta.com\/product\/date-molasse\/#breadcrumb"},"inLanguage":"es","potentialAction":[{"@type":"ReadAction","target":["https:\/\/yakutta.com\/product\/date-molasse\/"]}]},{"@type":"ImageObject","inLanguage":"es","@id":"https:\/\/yakutta.com\/product\/date-molasse\/#primaryimage","url":"https:\/\/yakutta.com\/wp-content\/uploads\/2025\/04\/date-molasses-in-bulk-scaled.webp","contentUrl":"https:\/\/yakutta.com\/wp-content\/uploads\/2025\/04\/date-molasses-in-bulk-scaled.webp","width":2560,"height":1396,"caption":"date molasses in bulk"},{"@type":"BreadcrumbList","@id":"https:\/\/yakutta.com\/product\/date-molasse\/#breadcrumb","itemListElement":[{"@type":"ListItem","position":1,"name":"Home","item":"https:\/\/yakutta.com\/"},{"@type":"ListItem","position":2,"name":"Shop","item":"https:\/\/yakutta.com\/shop\/"},{"@type":"ListItem","position":3,"name":"Date Molasse"}]},{"@type":"WebSite","@id":"https:\/\/yakutta.com\/#website","url":"https:\/\/yakutta.com\/","name":"Yakutta","description":"Aceites al por mayor | Aceites org\u00e1nicos y esenciales al por mayor","publisher":{"@id":"https:\/\/yakutta.com\/#organization"},"potentialAction":[{"@type":"SearchAction","target":{"@type":"EntryPoint","urlTemplate":"https:\/\/yakutta.com\/?s={search_term_string}"},"query-input":{"@type":"PropertyValueSpecification","valueRequired":true,"valueName":"search_term_string"}}],"inLanguage":"es"},{"@type":["Organization","Place"],"@id":"https:\/\/yakutta.com\/#organization","name":"Yakutta","url":"https:\/\/yakutta.com\/","logo":{"@id":"https:\/\/yakutta.com\/product\/date-molasse\/#local-main-organization-logo"},"image":{"@id":"https:\/\/yakutta.com\/product\/date-molasse\/#local-main-organization-logo"},"telephone":[],"openingHoursSpecification":[{"@type":"OpeningHoursSpecification","dayOfWeek":["Monday","Tuesday","Wednesday","Thursday","Friday","Saturday","Sunday"],"opens":"09:00","closes":"17:00"}]},{"@type":"ImageObject","inLanguage":"es","@id":"https:\/\/yakutta.com\/product\/date-molasse\/#local-main-organization-logo","url":"https:\/\/yakutta.com\/wp-content\/uploads\/2025\/04\/cropped-yakutta-icon-no-bg-2-2.png","contentUrl":"https:\/\/yakutta.com\/wp-content\/uploads\/2025\/04\/cropped-yakutta-icon-no-bg-2-2.png","width":512,"height":512,"caption":"Yakutta"}]}},"_links":{"self":[{"href":"https:\/\/yakutta.com\/es\/wp-json\/wp\/v2\/product\/6523","targetHints":{"allow":["GET"]}}],"collection":[{"href":"https:\/\/yakutta.com\/es\/wp-json\/wp\/v2\/product"}],"about":[{"href":"https:\/\/yakutta.com\/es\/wp-json\/wp\/v2\/types\/product"}],"replies":[{"embeddable":true,"href":"https:\/\/yakutta.com\/es\/wp-json\/wp\/v2\/comments?post=6523"}],"wp:featuredmedia":[{"embeddable":true,"href":"https:\/\/yakutta.com\/es\/wp-json\/wp\/v2\/media\/31719"}],"wp:attachment":[{"href":"https:\/\/yakutta.com\/es\/wp-json\/wp\/v2\/media?parent=6523"}],"wp:term":[{"taxonomy":"product_brand","embeddable":true,"href":"https:\/\/yakutta.com\/es\/wp-json\/wp\/v2\/product_brand?post=6523"},{"taxonomy":"product_cat","embeddable":true,"href":"https:\/\/yakutta.com\/es\/wp-json\/wp\/v2\/product_cat?post=6523"},{"taxonomy":"product_tag","embeddable":true,"href":"https:\/\/yakutta.com\/es\/wp-json\/wp\/v2\/product_tag?post=6523"}],"curies":[{"name":"wp","href":"https:\/\/api.w.org\/{rel}","templated":true}]}}