{"id":6515,"date":"2025-04-14T16:30:31","date_gmt":"2025-04-14T16:30:31","guid":{"rendered":"https:\/\/yakutta.com\/?post_type=product&#038;p=6515"},"modified":"2026-02-16T13:14:21","modified_gmt":"2026-02-16T13:14:21","slug":"mermelada-de-datil","status":"publish","type":"product","link":"https:\/\/yakutta.com\/es\/producto\/mermelada-de-datil\/","title":{"rendered":"Mermelada de d\u00e1tiles"},"content":{"rendered":"<p class=\"text-body font-regular leading-[24px] pt-[9px] pb-[2px]\">Yakutta\u2019s date jam is a true celebration of Tunisia\u2019s rich culinary traditions, crafted from the finest locally sourced dates. With its natural sweetness and silky texture, our premium jam is the perfect addition to pastries, desserts, or morning spreads. Carefully designed to capture the essence of Tunisian dates, it offers a delightful treat for health-conscious consumers and gourmet enthusiasts. Whether you&#8217;re seeking\u00a0<em>date jam wholesale<\/em>\u00a0or\u00a0<em>date jam in bulk<\/em>, Yakutta ensures exceptional quality tailored to meet your requirements.<\/p>\n<p class=\"text-body font-regular leading-[24px] pt-[9px] pb-[2px]\">With four operational locations and a global distribution network, Yakutta takes pride in specialising in\u00a0<em>molasse and jam wholesale<\/em>. Our date jam offers a premium and versatile option for international distributors, retailers, and food service businesses aiming to present a distinctive product to their customers. Combining tradition with innovation, Yakutta delivers a taste of Tunisia that transcends borders, ensuring every jar showcases unmatched authenticity and excellence.<\/p>\n","protected":false},"excerpt":{"rendered":"<p class=\"translation-block\">La mermelada de d\u00e1tiles tunecina de Yakutta es una mezcla premium hecha con los mejores d\u00e1tiles locales. Con su dulzura natural y textura suave, es perfecta para creaciones culinarias o para untar en el desayuno. Disponible para <em>mermelada de d\u00e1tiles al por mayor<\/em> y <em>mermelada de d\u00e1tiles a granel<\/em>, satisface a minoristas y distribuidores de todo el mundo, garantizando una calidad excepcional en cada frasco.<\/p>\n<ul>\n<li data-start=\"413\" data-end=\"449\" class=\"translation-block\"><b>Cantidad 60,000 kg<\/b><strong> \/ mes<\/strong><\/li>\n<\/ul>\n<p class=\"translation-block\" data-start=\"535\" data-end=\"847\">Este producto est\u00e1 disponible para el env\u00edo mediante <strong data-start=\"729\" data-end=\"747\">servicio terrestre<\/strong> y <strong data-start=\"752\" data-end=\"767\">transporte mar\u00edtimo<\/strong>, garantizando opciones de entrega flexibles y confiables para pedidos al por mayor y a granel.<\/p>","protected":false},"featured_media":31718,"comment_status":"open","ping_status":"closed","template":"","meta":[],"product_brand":[],"product_cat":[103],"product_tag":[92,105,104,100,95,91],"class_list":{"0":"post-6515","1":"product","2":"type-product","3":"status-publish","4":"has-post-thumbnail","6":"product_cat-molasse-jam","7":"product_tag-bulk","8":"product_tag-date","9":"product_tag-jam","10":"product_tag-tunisia","11":"product_tag-tunisian-date","12":"product_tag-wholesale","14":"first","15":"instock","16":"shipping-taxable","17":"product-type-simple"},"yoast_head":"<!-- This site is optimized with the Yoast SEO Premium plugin v26.6 (Yoast SEO v27.4) - https:\/\/yoast.com\/product\/yoast-seo-premium-wordpress\/ -->\n<title>Tunisian Date Jam Wholesale - Bulk Date Jam | Yakutta<\/title>\n<meta name=\"description\" content=\"Discover Yakutta\u2019s Tunisian date jam, a luxurious product crafted from the finest dates and perfect for bulk date jam wholesale. Specialising in molasse and jam wholesale, Yakutta brings the authentic taste of Tunisia to the world, offering premium quality and global delivery. Perfect for retailers and food businesses looking for excellence.\" \/>\n<meta name=\"robots\" content=\"index, follow, max-snippet:-1, max-image-preview:large, max-video-preview:-1\" \/>\n<link rel=\"canonical\" href=\"https:\/\/yakutta.com\/es\/producto\/mermelada-de-datil\/\" \/>\n<meta property=\"og:locale\" content=\"es_ES\" \/>\n<meta property=\"og:type\" content=\"article\" \/>\n<meta property=\"og:title\" content=\"Date Jam\" \/>\n<meta property=\"og:description\" content=\"Discover Yakutta\u2019s Tunisian date jam, a luxurious product crafted from the finest dates and perfect for bulk date jam wholesale. Specialising in molasse and jam wholesale, Yakutta brings the authentic taste of Tunisia to the world, offering premium quality and global delivery. Perfect for retailers and food businesses looking for excellence.\" \/>\n<meta property=\"og:url\" content=\"https:\/\/yakutta.com\/es\/producto\/mermelada-de-datil\/\" \/>\n<meta property=\"og:site_name\" content=\"Yakutta\" \/>\n<meta property=\"article:modified_time\" content=\"2026-02-16T13:14:21+00:00\" \/>\n<meta property=\"og:image\" content=\"https:\/\/yakutta.com\/wp-content\/uploads\/2025\/04\/datejam-in-bulk-1.webp\" \/>\n\t<meta property=\"og:image:width\" content=\"2486\" \/>\n\t<meta property=\"og:image:height\" content=\"1536\" \/>\n\t<meta property=\"og:image:type\" content=\"image\/webp\" \/>\n<meta name=\"twitter:card\" content=\"summary_large_image\" \/>\n<meta name=\"twitter:label1\" content=\"Tiempo de lectura\" \/>\n\t<meta name=\"twitter:data1\" content=\"1 minuto\" \/>\n<script type=\"application\/ld+json\" class=\"yoast-schema-graph\">{\"@context\":\"https:\\\/\\\/schema.org\",\"@graph\":[{\"@type\":\"WebPage\",\"@id\":\"https:\\\/\\\/yakutta.com\\\/product\\\/date-jam\\\/\",\"url\":\"https:\\\/\\\/yakutta.com\\\/product\\\/date-jam\\\/\",\"name\":\"Tunisian Date Jam Wholesale - Bulk Date Jam | Yakutta\",\"isPartOf\":{\"@id\":\"https:\\\/\\\/yakutta.com\\\/#website\"},\"primaryImageOfPage\":{\"@id\":\"https:\\\/\\\/yakutta.com\\\/product\\\/date-jam\\\/#primaryimage\"},\"image\":{\"@id\":\"https:\\\/\\\/yakutta.com\\\/product\\\/date-jam\\\/#primaryimage\"},\"thumbnailUrl\":\"https:\\\/\\\/yakutta.com\\\/wp-content\\\/uploads\\\/2025\\\/04\\\/datejam-in-bulk-1.webp\",\"datePublished\":\"2025-04-14T16:30:31+00:00\",\"dateModified\":\"2026-02-16T13:14:21+00:00\",\"description\":\"Discover Yakutta\u2019s Tunisian date jam, a luxurious product crafted from the finest dates and perfect for bulk date jam wholesale. Specialising in molasse and jam wholesale, Yakutta brings the authentic taste of Tunisia to the world, offering premium quality and global delivery. Perfect for retailers and food businesses looking for excellence.\",\"breadcrumb\":{\"@id\":\"https:\\\/\\\/yakutta.com\\\/product\\\/date-jam\\\/#breadcrumb\"},\"inLanguage\":\"es\",\"potentialAction\":[{\"@type\":\"ReadAction\",\"target\":[\"https:\\\/\\\/yakutta.com\\\/product\\\/date-jam\\\/\"]}]},{\"@type\":\"ImageObject\",\"inLanguage\":\"es\",\"@id\":\"https:\\\/\\\/yakutta.com\\\/product\\\/date-jam\\\/#primaryimage\",\"url\":\"https:\\\/\\\/yakutta.com\\\/wp-content\\\/uploads\\\/2025\\\/04\\\/datejam-in-bulk-1.webp\",\"contentUrl\":\"https:\\\/\\\/yakutta.com\\\/wp-content\\\/uploads\\\/2025\\\/04\\\/datejam-in-bulk-1.webp\",\"width\":2486,\"height\":1536,\"caption\":\"date jam in bulk\"},{\"@type\":\"BreadcrumbList\",\"@id\":\"https:\\\/\\\/yakutta.com\\\/product\\\/date-jam\\\/#breadcrumb\",\"itemListElement\":[{\"@type\":\"ListItem\",\"position\":1,\"name\":\"Home\",\"item\":\"https:\\\/\\\/yakutta.com\\\/\"},{\"@type\":\"ListItem\",\"position\":2,\"name\":\"Shop\",\"item\":\"https:\\\/\\\/yakutta.com\\\/shop\\\/\"},{\"@type\":\"ListItem\",\"position\":3,\"name\":\"Date Jam\"}]},{\"@type\":\"WebSite\",\"@id\":\"https:\\\/\\\/yakutta.com\\\/#website\",\"url\":\"https:\\\/\\\/yakutta.com\\\/\",\"name\":\"Yakutta\",\"description\":\"Oils Wholesale | Organic &amp; Essential Oils Wholesale\",\"publisher\":{\"@id\":\"https:\\\/\\\/yakutta.com\\\/#organization\"},\"potentialAction\":[{\"@type\":\"SearchAction\",\"target\":{\"@type\":\"EntryPoint\",\"urlTemplate\":\"https:\\\/\\\/yakutta.com\\\/?s={search_term_string}\"},\"query-input\":{\"@type\":\"PropertyValueSpecification\",\"valueRequired\":true,\"valueName\":\"search_term_string\"}}],\"inLanguage\":\"es\"},{\"@type\":[\"Organization\",\"Place\"],\"@id\":\"https:\\\/\\\/yakutta.com\\\/#organization\",\"name\":\"Yakutta\",\"url\":\"https:\\\/\\\/yakutta.com\\\/\",\"logo\":{\"@id\":\"https:\\\/\\\/yakutta.com\\\/product\\\/date-jam\\\/#local-main-organization-logo\"},\"image\":{\"@id\":\"https:\\\/\\\/yakutta.com\\\/product\\\/date-jam\\\/#local-main-organization-logo\"},\"telephone\":[],\"openingHoursSpecification\":[{\"@type\":\"OpeningHoursSpecification\",\"dayOfWeek\":[\"Monday\",\"Tuesday\",\"Wednesday\",\"Thursday\",\"Friday\",\"Saturday\",\"Sunday\"],\"opens\":\"09:00\",\"closes\":\"17:00\"}]},{\"@type\":\"ImageObject\",\"inLanguage\":\"es\",\"@id\":\"https:\\\/\\\/yakutta.com\\\/product\\\/date-jam\\\/#local-main-organization-logo\",\"url\":\"https:\\\/\\\/yakutta.com\\\/wp-content\\\/uploads\\\/2025\\\/04\\\/cropped-yakutta-icon-no-bg-2-2.png\",\"contentUrl\":\"https:\\\/\\\/yakutta.com\\\/wp-content\\\/uploads\\\/2025\\\/04\\\/cropped-yakutta-icon-no-bg-2-2.png\",\"width\":512,\"height\":512,\"caption\":\"Yakutta\"}]}<\/script>\n<!-- \/ Yoast SEO Premium plugin. -->","yoast_head_json":{"title":"Mermelada de d\u00e1tiles tunecina al por mayor - Mermelada de d\u00e1tiles a granel | Yakutta","description":"Descubra la mermelada de d\u00e1tiles tunecina de Yakutta, un producto de lujo elaborado con los mejores d\u00e1tiles y perfecto para la venta al por mayor de mermelada de d\u00e1tiles. Especializada en melaza y mermelada al por mayor, Yakutta lleva el aut\u00e9ntico sabor de T\u00fanez al mundo, ofreciendo calidad premium y entrega global. Perfecto para minoristas y negocios de alimentos que buscan excelencia.","robots":{"index":"index","follow":"follow","max-snippet":"max-snippet:-1","max-image-preview":"max-image-preview:large","max-video-preview":"max-video-preview:-1"},"canonical":"https:\/\/yakutta.com\/es\/producto\/mermelada-de-datil\/","og_locale":"es_ES","og_type":"article","og_title":"Date Jam","og_description":"Discover Yakutta\u2019s Tunisian date jam, a luxurious product crafted from the finest dates and perfect for bulk date jam wholesale. Specialising in molasse and jam wholesale, Yakutta brings the authentic taste of Tunisia to the world, offering premium quality and global delivery. Perfect for retailers and food businesses looking for excellence.","og_url":"https:\/\/yakutta.com\/es\/producto\/mermelada-de-datil\/","og_site_name":"Yakutta","article_modified_time":"2026-02-16T13:14:21+00:00","og_image":[{"width":2486,"height":1536,"url":"https:\/\/yakutta.com\/wp-content\/uploads\/2025\/04\/datejam-in-bulk-1.webp","type":"image\/webp"}],"twitter_card":"summary_large_image","twitter_misc":{"Tiempo de lectura":"1 minuto"},"schema":{"@context":"https:\/\/schema.org","@graph":[{"@type":"WebPage","@id":"https:\/\/yakutta.com\/product\/date-jam\/","url":"https:\/\/yakutta.com\/product\/date-jam\/","name":"Mermelada de d\u00e1tiles tunecina al por mayor - Mermelada de d\u00e1tiles a granel | Yakutta","isPartOf":{"@id":"https:\/\/yakutta.com\/#website"},"primaryImageOfPage":{"@id":"https:\/\/yakutta.com\/product\/date-jam\/#primaryimage"},"image":{"@id":"https:\/\/yakutta.com\/product\/date-jam\/#primaryimage"},"thumbnailUrl":"https:\/\/yakutta.com\/wp-content\/uploads\/2025\/04\/datejam-in-bulk-1.webp","datePublished":"2025-04-14T16:30:31+00:00","dateModified":"2026-02-16T13:14:21+00:00","description":"Descubra la mermelada de d\u00e1tiles tunecina de Yakutta, un producto de lujo elaborado con los mejores d\u00e1tiles y perfecto para la venta al por mayor de mermelada de d\u00e1tiles. Especializada en melaza y mermelada al por mayor, Yakutta lleva el aut\u00e9ntico sabor de T\u00fanez al mundo, ofreciendo calidad premium y entrega global. Perfecto para minoristas y negocios de alimentos que buscan excelencia.","breadcrumb":{"@id":"https:\/\/yakutta.com\/product\/date-jam\/#breadcrumb"},"inLanguage":"es","potentialAction":[{"@type":"ReadAction","target":["https:\/\/yakutta.com\/product\/date-jam\/"]}]},{"@type":"ImageObject","inLanguage":"es","@id":"https:\/\/yakutta.com\/product\/date-jam\/#primaryimage","url":"https:\/\/yakutta.com\/wp-content\/uploads\/2025\/04\/datejam-in-bulk-1.webp","contentUrl":"https:\/\/yakutta.com\/wp-content\/uploads\/2025\/04\/datejam-in-bulk-1.webp","width":2486,"height":1536,"caption":"date jam in bulk"},{"@type":"BreadcrumbList","@id":"https:\/\/yakutta.com\/product\/date-jam\/#breadcrumb","itemListElement":[{"@type":"ListItem","position":1,"name":"Home","item":"https:\/\/yakutta.com\/"},{"@type":"ListItem","position":2,"name":"Shop","item":"https:\/\/yakutta.com\/shop\/"},{"@type":"ListItem","position":3,"name":"Date Jam"}]},{"@type":"WebSite","@id":"https:\/\/yakutta.com\/#website","url":"https:\/\/yakutta.com\/","name":"Yakutta","description":"Aceites al por mayor | Aceites org\u00e1nicos y esenciales al por mayor","publisher":{"@id":"https:\/\/yakutta.com\/#organization"},"potentialAction":[{"@type":"SearchAction","target":{"@type":"EntryPoint","urlTemplate":"https:\/\/yakutta.com\/?s={search_term_string}"},"query-input":{"@type":"PropertyValueSpecification","valueRequired":true,"valueName":"search_term_string"}}],"inLanguage":"es"},{"@type":["Organization","Place"],"@id":"https:\/\/yakutta.com\/#organization","name":"Yakutta","url":"https:\/\/yakutta.com\/","logo":{"@id":"https:\/\/yakutta.com\/product\/date-jam\/#local-main-organization-logo"},"image":{"@id":"https:\/\/yakutta.com\/product\/date-jam\/#local-main-organization-logo"},"telephone":[],"openingHoursSpecification":[{"@type":"OpeningHoursSpecification","dayOfWeek":["Monday","Tuesday","Wednesday","Thursday","Friday","Saturday","Sunday"],"opens":"09:00","closes":"17:00"}]},{"@type":"ImageObject","inLanguage":"es","@id":"https:\/\/yakutta.com\/product\/date-jam\/#local-main-organization-logo","url":"https:\/\/yakutta.com\/wp-content\/uploads\/2025\/04\/cropped-yakutta-icon-no-bg-2-2.png","contentUrl":"https:\/\/yakutta.com\/wp-content\/uploads\/2025\/04\/cropped-yakutta-icon-no-bg-2-2.png","width":512,"height":512,"caption":"Yakutta"}]}},"_links":{"self":[{"href":"https:\/\/yakutta.com\/es\/wp-json\/wp\/v2\/product\/6515","targetHints":{"allow":["GET"]}}],"collection":[{"href":"https:\/\/yakutta.com\/es\/wp-json\/wp\/v2\/product"}],"about":[{"href":"https:\/\/yakutta.com\/es\/wp-json\/wp\/v2\/types\/product"}],"replies":[{"embeddable":true,"href":"https:\/\/yakutta.com\/es\/wp-json\/wp\/v2\/comments?post=6515"}],"wp:featuredmedia":[{"embeddable":true,"href":"https:\/\/yakutta.com\/es\/wp-json\/wp\/v2\/media\/31718"}],"wp:attachment":[{"href":"https:\/\/yakutta.com\/es\/wp-json\/wp\/v2\/media?parent=6515"}],"wp:term":[{"taxonomy":"product_brand","embeddable":true,"href":"https:\/\/yakutta.com\/es\/wp-json\/wp\/v2\/product_brand?post=6515"},{"taxonomy":"product_cat","embeddable":true,"href":"https:\/\/yakutta.com\/es\/wp-json\/wp\/v2\/product_cat?post=6515"},{"taxonomy":"product_tag","embeddable":true,"href":"https:\/\/yakutta.com\/es\/wp-json\/wp\/v2\/product_tag?post=6515"}],"curies":[{"name":"wp","href":"https:\/\/api.w.org\/{rel}","templated":true}]}}