{"id":23347,"date":"2025-12-23T23:14:48","date_gmt":"2025-12-23T23:14:48","guid":{"rendered":"https:\/\/yakutta.com\/?post_type=product&#038;p=23347"},"modified":"2026-01-12T13:43:50","modified_gmt":"2026-01-12T13:43:50","slug":"jarabe-datiles","status":"publish","type":"product","link":"https:\/\/yakutta.com\/es\/producto\/jarabe-datiles\/","title":{"rendered":"Jarabe de d\u00e1tiles"},"content":{"rendered":"<p class=\"text-sm\">El jarabe de d\u00e1tiles es un edulcorante natural elaborado a partir de d\u00e1tiles maduros cuidadosamente seleccionados mediante un proceso suave de extracci\u00f3n y concentraci\u00f3n que preserva su rico sabor y valor nutricional. Con su textura suave, color \u00e1mbar intenso y sabor naturalmente dulce, es la mejor alternativa al az\u00facar refinado y a los edulcorantes artificiales.<\/p>\n<p class=\"text-sm\">Perfecto para fabricantes de alimentos, mayoristas y distribuidores, el jarabe de d\u00e1tiles org\u00e1nico se utiliza ampliamente en productos de panader\u00eda, confiter\u00eda, bebidas, l\u00e1cteos, salsas y alimentos saludables. Se disuelve f\u00e1cilmente, se mezcla sin problemas con otros ingredientes y proporciona un dulzor constante con un perfil afrutado \u00fanico.<\/p>\n<p class=\"text-sm\">Disponible en formatos a granel para satisfacer las necesidades industriales y comerciales, nuestro producto no contiene aditivos, conservantes ni colorantes artificiales. Se valora por su etiqueta limpia, su larga vida \u00fatil y su compatibilidad con l\u00edneas de productos naturales, org\u00e1nicos y orientados al bienestar. Con suministro confiable, calidad constante y opciones de envasado flexibles, nuestro jarabe org\u00e1nico es la elecci\u00f3n ideal para mercados mayoristas e internacionales.<\/p>","protected":false},"excerpt":{"rendered":"<p>Compre el jarabe de d\u00e1tiles org\u00e1nico premium de Yakutta, disponible al por mayor para empresas. Perfecto para reposter\u00eda, bebidas y alimentos saludables, nuestro jarabe de d\u00e1tiles rico en nutrientes ofrece calidad de etiqueta limpia y est\u00e1 libre de aditivos. Asegure su suministro al por mayor hoy mismo y mejore su oferta de productos con Yakutta.<\/p>\n<ul>\n<li data-start=\"413\" data-end=\"449\" class=\"translation-block\"><b>Cantidad 60,000 kg<\/b><strong> \/ mes<\/strong><\/li>\n<\/ul>\n<p class=\"translation-block\" data-start=\"535\" data-end=\"847\">Este producto est\u00e1 disponible para el env\u00edo mediante <strong data-start=\"729\" data-end=\"747\">servicio terrestre<\/strong> y <strong data-start=\"752\" data-end=\"767\">transporte mar\u00edtimo<\/strong>, garantizando opciones de entrega flexibles y confiables para pedidos al por mayor y a granel.<\/p>","protected":false},"featured_media":23348,"comment_status":"open","ping_status":"closed","template":"","meta":[],"product_brand":[],"product_cat":[147],"product_tag":[92,105,145,91],"class_list":{"0":"post-23347","1":"product","2":"type-product","3":"status-publish","4":"has-post-thumbnail","6":"product_cat-syrups","7":"product_tag-bulk","8":"product_tag-date","9":"product_tag-syrup","10":"product_tag-wholesale","12":"first","13":"instock","14":"shipping-taxable","15":"product-type-simple"},"yoast_head":"<!-- This site is optimized with the Yoast SEO Premium plugin v26.6 (Yoast SEO v27.6) - https:\/\/yoast.com\/product\/yoast-seo-premium-wordpress\/ -->\n<title>Date Syrup Wholesale - Bulk Date Syrup - Yakutta<\/title>\n<meta name=\"description\" content=\"Discover Yakutta\u2019s Date Syrup, a luxurious product crafted from the finest dates. Specialising in Date Syrup wholesale, Yakutta brings the authentic taste of the desert to the world, offering premium quality and global delivery.\" \/>\n<meta name=\"robots\" content=\"index, follow, max-snippet:-1, max-image-preview:large, max-video-preview:-1\" \/>\n<link rel=\"canonical\" href=\"https:\/\/yakutta.com\/es\/producto\/jarabe-datiles\/\" \/>\n<meta property=\"og:locale\" content=\"es_ES\" \/>\n<meta property=\"og:type\" content=\"article\" \/>\n<meta property=\"og:title\" content=\"Date Syrup\" \/>\n<meta property=\"og:description\" content=\"Discover Yakutta\u2019s Date Syrup, a luxurious product crafted from the finest dates. Specialising in Date Syrup wholesale, Yakutta brings the authentic taste of the desert to the world, offering premium quality and global delivery.\" \/>\n<meta property=\"og:url\" content=\"https:\/\/yakutta.com\/es\/producto\/jarabe-datiles\/\" \/>\n<meta property=\"og:site_name\" content=\"Yakutta\" \/>\n<meta property=\"article:modified_time\" content=\"2026-01-12T13:43:50+00:00\" \/>\n<meta property=\"og:image\" content=\"https:\/\/yakutta.com\/wp-content\/uploads\/2025\/12\/date-syrup.webp\" \/>\n\t<meta property=\"og:image:width\" content=\"899\" \/>\n\t<meta property=\"og:image:height\" content=\"899\" \/>\n\t<meta property=\"og:image:type\" content=\"image\/webp\" \/>\n<meta name=\"twitter:card\" content=\"summary_large_image\" \/>\n<meta name=\"twitter:label1\" content=\"Tiempo de lectura\" \/>\n\t<meta name=\"twitter:data1\" content=\"1 minuto\" \/>\n<script type=\"application\/ld+json\" class=\"yoast-schema-graph\">{\"@context\":\"https:\\\/\\\/schema.org\",\"@graph\":[{\"@type\":\"WebPage\",\"@id\":\"https:\\\/\\\/yakutta.com\\\/product\\\/date-syrup\\\/\",\"url\":\"https:\\\/\\\/yakutta.com\\\/product\\\/date-syrup\\\/\",\"name\":\"Date Syrup Wholesale - Bulk Date Syrup - Yakutta\",\"isPartOf\":{\"@id\":\"https:\\\/\\\/yakutta.com\\\/#website\"},\"primaryImageOfPage\":{\"@id\":\"https:\\\/\\\/yakutta.com\\\/product\\\/date-syrup\\\/#primaryimage\"},\"image\":{\"@id\":\"https:\\\/\\\/yakutta.com\\\/product\\\/date-syrup\\\/#primaryimage\"},\"thumbnailUrl\":\"https:\\\/\\\/yakutta.com\\\/wp-content\\\/uploads\\\/2025\\\/12\\\/date-syrup.webp\",\"datePublished\":\"2025-12-23T23:14:48+00:00\",\"dateModified\":\"2026-01-12T13:43:50+00:00\",\"description\":\"Discover Yakutta\u2019s Date Syrup, a luxurious product crafted from the finest dates. Specialising in Date Syrup wholesale, Yakutta brings the authentic taste of the desert to the world, offering premium quality and global delivery.\",\"breadcrumb\":{\"@id\":\"https:\\\/\\\/yakutta.com\\\/product\\\/date-syrup\\\/#breadcrumb\"},\"inLanguage\":\"es\",\"potentialAction\":[{\"@type\":\"ReadAction\",\"target\":[\"https:\\\/\\\/yakutta.com\\\/product\\\/date-syrup\\\/\"]}]},{\"@type\":\"ImageObject\",\"inLanguage\":\"es\",\"@id\":\"https:\\\/\\\/yakutta.com\\\/product\\\/date-syrup\\\/#primaryimage\",\"url\":\"https:\\\/\\\/yakutta.com\\\/wp-content\\\/uploads\\\/2025\\\/12\\\/date-syrup.webp\",\"contentUrl\":\"https:\\\/\\\/yakutta.com\\\/wp-content\\\/uploads\\\/2025\\\/12\\\/date-syrup.webp\",\"width\":899,\"height\":899,\"caption\":\"Date Syrup\"},{\"@type\":\"BreadcrumbList\",\"@id\":\"https:\\\/\\\/yakutta.com\\\/product\\\/date-syrup\\\/#breadcrumb\",\"itemListElement\":[{\"@type\":\"ListItem\",\"position\":1,\"name\":\"Home\",\"item\":\"https:\\\/\\\/yakutta.com\\\/\"},{\"@type\":\"ListItem\",\"position\":2,\"name\":\"Shop\",\"item\":\"https:\\\/\\\/yakutta.com\\\/shop\\\/\"},{\"@type\":\"ListItem\",\"position\":3,\"name\":\"Date Syrup\"}]},{\"@type\":\"WebSite\",\"@id\":\"https:\\\/\\\/yakutta.com\\\/#website\",\"url\":\"https:\\\/\\\/yakutta.com\\\/\",\"name\":\"Yakutta\",\"description\":\"Oils Wholesale | Organic &amp; Essential Oils Wholesale\",\"publisher\":{\"@id\":\"https:\\\/\\\/yakutta.com\\\/#organization\"},\"potentialAction\":[{\"@type\":\"SearchAction\",\"target\":{\"@type\":\"EntryPoint\",\"urlTemplate\":\"https:\\\/\\\/yakutta.com\\\/?s={search_term_string}\"},\"query-input\":{\"@type\":\"PropertyValueSpecification\",\"valueRequired\":true,\"valueName\":\"search_term_string\"}}],\"inLanguage\":\"es\"},{\"@type\":[\"Organization\",\"Place\"],\"@id\":\"https:\\\/\\\/yakutta.com\\\/#organization\",\"name\":\"Yakutta\",\"url\":\"https:\\\/\\\/yakutta.com\\\/\",\"logo\":{\"@id\":\"https:\\\/\\\/yakutta.com\\\/product\\\/date-syrup\\\/#local-main-organization-logo\"},\"image\":{\"@id\":\"https:\\\/\\\/yakutta.com\\\/product\\\/date-syrup\\\/#local-main-organization-logo\"},\"telephone\":[],\"openingHoursSpecification\":[{\"@type\":\"OpeningHoursSpecification\",\"dayOfWeek\":[\"Monday\",\"Tuesday\",\"Wednesday\",\"Thursday\",\"Friday\",\"Saturday\",\"Sunday\"],\"opens\":\"09:00\",\"closes\":\"17:00\"}]},{\"@type\":\"ImageObject\",\"inLanguage\":\"es\",\"@id\":\"https:\\\/\\\/yakutta.com\\\/product\\\/date-syrup\\\/#local-main-organization-logo\",\"url\":\"https:\\\/\\\/yakutta.com\\\/wp-content\\\/uploads\\\/2025\\\/04\\\/cropped-yakutta-icon-no-bg-2-2.png\",\"contentUrl\":\"https:\\\/\\\/yakutta.com\\\/wp-content\\\/uploads\\\/2025\\\/04\\\/cropped-yakutta-icon-no-bg-2-2.png\",\"width\":512,\"height\":512,\"caption\":\"Yakutta\"}]}<\/script>\n<!-- \/ Yoast SEO Premium plugin. -->","yoast_head_json":{"title":"Jarabe de d\u00e1tiles al por mayor \u2013 Jarabe de d\u00e1tiles a granel \u2013 Yakutta","description":"Descubra el jarabe de d\u00e1tiles de Yakutta, un producto lujoso elaborado con los mejores d\u00e1tiles. Especializada en jarabe de d\u00e1tiles al por mayor, Yakutta lleva el aut\u00e9ntico sabor del desierto al mundo, ofreciendo calidad premium y env\u00edo global.","robots":{"index":"index","follow":"follow","max-snippet":"max-snippet:-1","max-image-preview":"max-image-preview:large","max-video-preview":"max-video-preview:-1"},"canonical":"https:\/\/yakutta.com\/es\/producto\/jarabe-datiles\/","og_locale":"es_ES","og_type":"article","og_title":"Date Syrup","og_description":"Discover Yakutta\u2019s Date Syrup, a luxurious product crafted from the finest dates. Specialising in Date Syrup wholesale, Yakutta brings the authentic taste of the desert to the world, offering premium quality and global delivery.","og_url":"https:\/\/yakutta.com\/es\/producto\/jarabe-datiles\/","og_site_name":"Yakutta","article_modified_time":"2026-01-12T13:43:50+00:00","og_image":[{"width":899,"height":899,"url":"https:\/\/yakutta.com\/wp-content\/uploads\/2025\/12\/date-syrup.webp","type":"image\/webp"}],"twitter_card":"summary_large_image","twitter_misc":{"Tiempo de lectura":"1 minuto"},"schema":{"@context":"https:\/\/schema.org","@graph":[{"@type":"WebPage","@id":"https:\/\/yakutta.com\/product\/date-syrup\/","url":"https:\/\/yakutta.com\/product\/date-syrup\/","name":"Jarabe de d\u00e1tiles al por mayor \u2013 Jarabe de d\u00e1tiles a granel \u2013 Yakutta","isPartOf":{"@id":"https:\/\/yakutta.com\/#website"},"primaryImageOfPage":{"@id":"https:\/\/yakutta.com\/product\/date-syrup\/#primaryimage"},"image":{"@id":"https:\/\/yakutta.com\/product\/date-syrup\/#primaryimage"},"thumbnailUrl":"https:\/\/yakutta.com\/wp-content\/uploads\/2025\/12\/date-syrup.webp","datePublished":"2025-12-23T23:14:48+00:00","dateModified":"2026-01-12T13:43:50+00:00","description":"Descubra el jarabe de d\u00e1tiles de Yakutta, un producto lujoso elaborado con los mejores d\u00e1tiles. Especializada en jarabe de d\u00e1tiles al por mayor, Yakutta lleva el aut\u00e9ntico sabor del desierto al mundo, ofreciendo calidad premium y env\u00edo global.","breadcrumb":{"@id":"https:\/\/yakutta.com\/product\/date-syrup\/#breadcrumb"},"inLanguage":"es","potentialAction":[{"@type":"ReadAction","target":["https:\/\/yakutta.com\/product\/date-syrup\/"]}]},{"@type":"ImageObject","inLanguage":"es","@id":"https:\/\/yakutta.com\/product\/date-syrup\/#primaryimage","url":"https:\/\/yakutta.com\/wp-content\/uploads\/2025\/12\/date-syrup.webp","contentUrl":"https:\/\/yakutta.com\/wp-content\/uploads\/2025\/12\/date-syrup.webp","width":899,"height":899,"caption":"Date Syrup"},{"@type":"BreadcrumbList","@id":"https:\/\/yakutta.com\/product\/date-syrup\/#breadcrumb","itemListElement":[{"@type":"ListItem","position":1,"name":"Home","item":"https:\/\/yakutta.com\/"},{"@type":"ListItem","position":2,"name":"Shop","item":"https:\/\/yakutta.com\/shop\/"},{"@type":"ListItem","position":3,"name":"Date Syrup"}]},{"@type":"WebSite","@id":"https:\/\/yakutta.com\/#website","url":"https:\/\/yakutta.com\/","name":"Yakutta","description":"Aceites al por mayor | Aceites org\u00e1nicos y esenciales al por mayor","publisher":{"@id":"https:\/\/yakutta.com\/#organization"},"potentialAction":[{"@type":"SearchAction","target":{"@type":"EntryPoint","urlTemplate":"https:\/\/yakutta.com\/?s={search_term_string}"},"query-input":{"@type":"PropertyValueSpecification","valueRequired":true,"valueName":"search_term_string"}}],"inLanguage":"es"},{"@type":["Organization","Place"],"@id":"https:\/\/yakutta.com\/#organization","name":"Yakutta","url":"https:\/\/yakutta.com\/","logo":{"@id":"https:\/\/yakutta.com\/product\/date-syrup\/#local-main-organization-logo"},"image":{"@id":"https:\/\/yakutta.com\/product\/date-syrup\/#local-main-organization-logo"},"telephone":[],"openingHoursSpecification":[{"@type":"OpeningHoursSpecification","dayOfWeek":["Monday","Tuesday","Wednesday","Thursday","Friday","Saturday","Sunday"],"opens":"09:00","closes":"17:00"}]},{"@type":"ImageObject","inLanguage":"es","@id":"https:\/\/yakutta.com\/product\/date-syrup\/#local-main-organization-logo","url":"https:\/\/yakutta.com\/wp-content\/uploads\/2025\/04\/cropped-yakutta-icon-no-bg-2-2.png","contentUrl":"https:\/\/yakutta.com\/wp-content\/uploads\/2025\/04\/cropped-yakutta-icon-no-bg-2-2.png","width":512,"height":512,"caption":"Yakutta"}]}},"_links":{"self":[{"href":"https:\/\/yakutta.com\/es\/wp-json\/wp\/v2\/product\/23347","targetHints":{"allow":["GET"]}}],"collection":[{"href":"https:\/\/yakutta.com\/es\/wp-json\/wp\/v2\/product"}],"about":[{"href":"https:\/\/yakutta.com\/es\/wp-json\/wp\/v2\/types\/product"}],"replies":[{"embeddable":true,"href":"https:\/\/yakutta.com\/es\/wp-json\/wp\/v2\/comments?post=23347"}],"wp:featuredmedia":[{"embeddable":true,"href":"https:\/\/yakutta.com\/es\/wp-json\/wp\/v2\/media\/23348"}],"wp:attachment":[{"href":"https:\/\/yakutta.com\/es\/wp-json\/wp\/v2\/media?parent=23347"}],"wp:term":[{"taxonomy":"product_brand","embeddable":true,"href":"https:\/\/yakutta.com\/es\/wp-json\/wp\/v2\/product_brand?post=23347"},{"taxonomy":"product_cat","embeddable":true,"href":"https:\/\/yakutta.com\/es\/wp-json\/wp\/v2\/product_cat?post=23347"},{"taxonomy":"product_tag","embeddable":true,"href":"https:\/\/yakutta.com\/es\/wp-json\/wp\/v2\/product_tag?post=23347"}],"curies":[{"name":"wp","href":"https:\/\/api.w.org\/{rel}","templated":true}]}}