{"id":2226,"date":"2021-08-09T16:16:11","date_gmt":"2021-08-09T16:16:11","guid":{"rendered":"https:\/\/amfissa.qodeinteractive.com\/?post_type=product&#038;p=2226"},"modified":"2025-12-28T21:15:16","modified_gmt":"2025-12-28T21:15:16","slug":"aceite-de-datil","status":"publish","type":"product","link":"https:\/\/yakutta.com\/es\/producto\/aceite-de-datil\/","title":{"rendered":"Fecha aceite"},"content":{"rendered":"<p class=\"text-sm\">El aceite de d\u00e1tiles org\u00e1nico es un aceite esencial rico en nutrientes, reconocido por su versatilidad y beneficios. Extra\u00eddo de las semillas de d\u00e1til, este aceite dorado est\u00e1 lleno de vitaminas, antioxidantes y \u00e1cidos grasos esenciales, lo que lo hace perfecto para el cuidado de la piel y del cabello. Proporciona hidrataci\u00f3n profunda, repara y nutre la piel, minimizando l\u00edneas finas, imperfecciones y sequedad, mientras promueve un cutis radiante. Ligero y no graso, es adecuado para todo tipo de piel.<\/p>\n<p class=\"text-sm\">En el cuidado del cabello, el aceite de d\u00e1tiles devuelve humedad, brillo y fortaleza al cabello seco y da\u00f1ado, ya sea aplicado solo o incorporado en champ\u00fas y mascarillas. Sus propiedades naturales y sostenibles lo hacen popular entre los consumidores conscientes del medio ambiente.<\/p>\n<p class=\"text-sm\">Para las empresas, el aceite de d\u00e1tiles es un ingrediente lujoso para cremas, sueros y productos de bienestar. Disponible a granel, ofrece opciones rentables tanto para peque\u00f1os artesanos como para grandes fabricantes. Al obtener aceite de d\u00e1tiles de alta calidad a granel, puede satisfacer la creciente demanda de productos naturales y de origen vegetal.<\/p>","protected":false},"excerpt":{"rendered":"<p class=\"translation-block\">Nuestro aceite de d\u00e1tiles org\u00e1nico est\u00e1 disponible a granel y se obtiene y procesa para cumplir con los altos est\u00e1ndares de fabricantes, mayoristas y distribuidores de todo el mundo.<br> Su textura ligera y su excelente absorci\u00f3n lo hacen perfecto para cremas, sueros, lociones, jabones, aceites para el cabello, mezclas para masajes y productos de aromaterapia.<br> El aceite de d\u00e1tiles se mezcla bien con otros ingredientes, asegurando una formulaci\u00f3n y rendimiento consistentes.<\/p>\n<p class=\"translation-block\">Como proveedor mayorista confiable, ofrecemos suministro seguro, calidad constante y opciones de embalaje flexibles para apoyar tanto la producci\u00f3n a peque\u00f1a como a gran escala.<br> Cada lote pasa por un riguroso control de calidad para garantizar pureza, estabilidad y cumplimiento con los est\u00e1ndares internacionales del mercado cosm\u00e9tico y de bienestar.<\/p>\n<p>Para pedidos internacionales al por mayor, la Cantidad M\u00ednima de Pedido (MOQ) comienza en 100 kg, lo que lo hace adecuado para grandes producciones, proyectos de marca privada y distribuci\u00f3n para exportaci\u00f3n.<\/p>\n<p>Ya sea que est\u00e9 iniciando una nueva l\u00ednea de productos o ampliando formulaciones existentes, nuestro aceite de d\u00e1tiles a granel ofrece una soluci\u00f3n confiable y de alta calidad para empresas que buscan ingredientes naturales, funcionales y listos para el mercado.<\/p>","protected":false},"featured_media":21290,"comment_status":"open","ping_status":"closed","template":"","meta":[],"product_brand":[],"product_cat":[73],"product_tag":[],"class_list":{"0":"post-2226","1":"product","2":"type-product","3":"status-publish","4":"has-post-thumbnail","6":"product_cat-essential-oils-products","8":"first","9":"instock","10":"shipping-taxable","11":"product-type-simple"},"yoast_head":"<!-- This site is optimized with the Yoast SEO Premium plugin v26.6 (Yoast SEO v27.4) - https:\/\/yoast.com\/product\/yoast-seo-premium-wordpress\/ -->\n<title>Organic date oil Wholesale - buy bulk - Yakutta<\/title>\n<meta name=\"description\" content=\"Find premium date oil in bulk, perfect for skincare and wellness purposes, from a reliable wholesale supplier. Buy bulk date oil today and experience its enriching natural properties.\" \/>\n<meta name=\"robots\" content=\"index, follow, max-snippet:-1, max-image-preview:large, max-video-preview:-1\" \/>\n<link rel=\"canonical\" href=\"https:\/\/yakutta.com\/es\/producto\/aceite-de-datil\/\" \/>\n<meta property=\"og:locale\" content=\"es_ES\" \/>\n<meta property=\"og:type\" content=\"article\" \/>\n<meta property=\"og:title\" content=\"Date oil\" \/>\n<meta property=\"og:description\" content=\"Find premium date oil in bulk, perfect for skincare and wellness purposes, from a reliable wholesale supplier. Buy bulk date oil today and experience its enriching natural properties.\" \/>\n<meta property=\"og:url\" content=\"https:\/\/yakutta.com\/es\/producto\/aceite-de-datil\/\" \/>\n<meta property=\"og:site_name\" content=\"Yakutta\" \/>\n<meta property=\"article:modified_time\" content=\"2025-12-28T21:15:16+00:00\" \/>\n<meta property=\"og:image\" content=\"https:\/\/yakutta.com\/wp-content\/uploads\/2021\/08\/date-oil-in-bulk-webp.webp\" \/>\n\t<meta property=\"og:image:width\" content=\"2048\" \/>\n\t<meta property=\"og:image:height\" content=\"2048\" \/>\n\t<meta property=\"og:image:type\" content=\"image\/webp\" \/>\n<meta name=\"twitter:card\" content=\"summary_large_image\" \/>\n<meta name=\"twitter:label1\" content=\"Tiempo de lectura\" \/>\n\t<meta name=\"twitter:data1\" content=\"1 minuto\" \/>\n<script type=\"application\/ld+json\" class=\"yoast-schema-graph\">{\"@context\":\"https:\\\/\\\/schema.org\",\"@graph\":[{\"@type\":\"WebPage\",\"@id\":\"https:\\\/\\\/yakutta.com\\\/product\\\/date-oil\\\/\",\"url\":\"https:\\\/\\\/yakutta.com\\\/product\\\/date-oil\\\/\",\"name\":\"Organic date oil Wholesale - buy bulk - Yakutta\",\"isPartOf\":{\"@id\":\"https:\\\/\\\/yakutta.com\\\/#website\"},\"primaryImageOfPage\":{\"@id\":\"https:\\\/\\\/yakutta.com\\\/product\\\/date-oil\\\/#primaryimage\"},\"image\":{\"@id\":\"https:\\\/\\\/yakutta.com\\\/product\\\/date-oil\\\/#primaryimage\"},\"thumbnailUrl\":\"https:\\\/\\\/yakutta.com\\\/wp-content\\\/uploads\\\/2021\\\/08\\\/date-oil-in-bulk-webp.webp\",\"datePublished\":\"2021-08-09T16:16:11+00:00\",\"dateModified\":\"2025-12-28T21:15:16+00:00\",\"description\":\"Find premium date oil in bulk, perfect for skincare and wellness purposes, from a reliable wholesale supplier. Buy bulk date oil today and experience its enriching natural properties.\",\"breadcrumb\":{\"@id\":\"https:\\\/\\\/yakutta.com\\\/product\\\/date-oil\\\/#breadcrumb\"},\"inLanguage\":\"es\",\"potentialAction\":[{\"@type\":\"ReadAction\",\"target\":[\"https:\\\/\\\/yakutta.com\\\/product\\\/date-oil\\\/\"]}]},{\"@type\":\"ImageObject\",\"inLanguage\":\"es\",\"@id\":\"https:\\\/\\\/yakutta.com\\\/product\\\/date-oil\\\/#primaryimage\",\"url\":\"https:\\\/\\\/yakutta.com\\\/wp-content\\\/uploads\\\/2021\\\/08\\\/date-oil-in-bulk-webp.webp\",\"contentUrl\":\"https:\\\/\\\/yakutta.com\\\/wp-content\\\/uploads\\\/2021\\\/08\\\/date-oil-in-bulk-webp.webp\",\"width\":2048,\"height\":2048,\"caption\":\"date oil in bulk\"},{\"@type\":\"BreadcrumbList\",\"@id\":\"https:\\\/\\\/yakutta.com\\\/product\\\/date-oil\\\/#breadcrumb\",\"itemListElement\":[{\"@type\":\"ListItem\",\"position\":1,\"name\":\"Home\",\"item\":\"https:\\\/\\\/yakutta.com\\\/\"},{\"@type\":\"ListItem\",\"position\":2,\"name\":\"Shop\",\"item\":\"https:\\\/\\\/yakutta.com\\\/shop\\\/\"},{\"@type\":\"ListItem\",\"position\":3,\"name\":\"Date oil\"}]},{\"@type\":\"WebSite\",\"@id\":\"https:\\\/\\\/yakutta.com\\\/#website\",\"url\":\"https:\\\/\\\/yakutta.com\\\/\",\"name\":\"Yakutta\",\"description\":\"Oils Wholesale | Organic &amp; Essential Oils Wholesale\",\"publisher\":{\"@id\":\"https:\\\/\\\/yakutta.com\\\/#organization\"},\"potentialAction\":[{\"@type\":\"SearchAction\",\"target\":{\"@type\":\"EntryPoint\",\"urlTemplate\":\"https:\\\/\\\/yakutta.com\\\/?s={search_term_string}\"},\"query-input\":{\"@type\":\"PropertyValueSpecification\",\"valueRequired\":true,\"valueName\":\"search_term_string\"}}],\"inLanguage\":\"es\"},{\"@type\":[\"Organization\",\"Place\"],\"@id\":\"https:\\\/\\\/yakutta.com\\\/#organization\",\"name\":\"Yakutta\",\"url\":\"https:\\\/\\\/yakutta.com\\\/\",\"logo\":{\"@id\":\"https:\\\/\\\/yakutta.com\\\/product\\\/date-oil\\\/#local-main-organization-logo\"},\"image\":{\"@id\":\"https:\\\/\\\/yakutta.com\\\/product\\\/date-oil\\\/#local-main-organization-logo\"},\"telephone\":[],\"openingHoursSpecification\":[{\"@type\":\"OpeningHoursSpecification\",\"dayOfWeek\":[\"Monday\",\"Tuesday\",\"Wednesday\",\"Thursday\",\"Friday\",\"Saturday\",\"Sunday\"],\"opens\":\"09:00\",\"closes\":\"17:00\"}]},{\"@type\":\"ImageObject\",\"inLanguage\":\"es\",\"@id\":\"https:\\\/\\\/yakutta.com\\\/product\\\/date-oil\\\/#local-main-organization-logo\",\"url\":\"https:\\\/\\\/yakutta.com\\\/wp-content\\\/uploads\\\/2025\\\/04\\\/cropped-yakutta-icon-no-bg-2-2.png\",\"contentUrl\":\"https:\\\/\\\/yakutta.com\\\/wp-content\\\/uploads\\\/2025\\\/04\\\/cropped-yakutta-icon-no-bg-2-2.png\",\"width\":512,\"height\":512,\"caption\":\"Yakutta\"}]}<\/script>\n<!-- \/ Yoast SEO Premium plugin. -->","yoast_head_json":{"title":"Aceite de d\u00e1tiles org\u00e1nico al por mayor \u2013 Yakutta","description":"Encuentre aceite de d\u00e1tiles premium a granel, perfecto para el cuidado de la piel y el bienestar, de un proveedor mayorista de confianza. Compre aceite de d\u00e1tiles a granel hoy y descubra sus propiedades naturales enriquecedoras.","robots":{"index":"index","follow":"follow","max-snippet":"max-snippet:-1","max-image-preview":"max-image-preview:large","max-video-preview":"max-video-preview:-1"},"canonical":"https:\/\/yakutta.com\/es\/producto\/aceite-de-datil\/","og_locale":"es_ES","og_type":"article","og_title":"Date oil","og_description":"Find premium date oil in bulk, perfect for skincare and wellness purposes, from a reliable wholesale supplier. Buy bulk date oil today and experience its enriching natural properties.","og_url":"https:\/\/yakutta.com\/es\/producto\/aceite-de-datil\/","og_site_name":"Yakutta","article_modified_time":"2025-12-28T21:15:16+00:00","og_image":[{"width":2048,"height":2048,"url":"https:\/\/yakutta.com\/wp-content\/uploads\/2021\/08\/date-oil-in-bulk-webp.webp","type":"image\/webp"}],"twitter_card":"summary_large_image","twitter_misc":{"Tiempo de lectura":"1 minuto"},"schema":{"@context":"https:\/\/schema.org","@graph":[{"@type":"WebPage","@id":"https:\/\/yakutta.com\/product\/date-oil\/","url":"https:\/\/yakutta.com\/product\/date-oil\/","name":"Aceite de d\u00e1tiles org\u00e1nico al por mayor \u2013 Yakutta","isPartOf":{"@id":"https:\/\/yakutta.com\/#website"},"primaryImageOfPage":{"@id":"https:\/\/yakutta.com\/product\/date-oil\/#primaryimage"},"image":{"@id":"https:\/\/yakutta.com\/product\/date-oil\/#primaryimage"},"thumbnailUrl":"https:\/\/yakutta.com\/wp-content\/uploads\/2021\/08\/date-oil-in-bulk-webp.webp","datePublished":"2021-08-09T16:16:11+00:00","dateModified":"2025-12-28T21:15:16+00:00","description":"Encuentre aceite de d\u00e1tiles premium a granel, perfecto para el cuidado de la piel y el bienestar, de un proveedor mayorista de confianza. Compre aceite de d\u00e1tiles a granel hoy y descubra sus propiedades naturales enriquecedoras.","breadcrumb":{"@id":"https:\/\/yakutta.com\/product\/date-oil\/#breadcrumb"},"inLanguage":"es","potentialAction":[{"@type":"ReadAction","target":["https:\/\/yakutta.com\/product\/date-oil\/"]}]},{"@type":"ImageObject","inLanguage":"es","@id":"https:\/\/yakutta.com\/product\/date-oil\/#primaryimage","url":"https:\/\/yakutta.com\/wp-content\/uploads\/2021\/08\/date-oil-in-bulk-webp.webp","contentUrl":"https:\/\/yakutta.com\/wp-content\/uploads\/2021\/08\/date-oil-in-bulk-webp.webp","width":2048,"height":2048,"caption":"date oil in bulk"},{"@type":"BreadcrumbList","@id":"https:\/\/yakutta.com\/product\/date-oil\/#breadcrumb","itemListElement":[{"@type":"ListItem","position":1,"name":"Home","item":"https:\/\/yakutta.com\/"},{"@type":"ListItem","position":2,"name":"Shop","item":"https:\/\/yakutta.com\/shop\/"},{"@type":"ListItem","position":3,"name":"Date oil"}]},{"@type":"WebSite","@id":"https:\/\/yakutta.com\/#website","url":"https:\/\/yakutta.com\/","name":"Yakutta","description":"Aceites al por mayor | Aceites org\u00e1nicos y esenciales al por mayor","publisher":{"@id":"https:\/\/yakutta.com\/#organization"},"potentialAction":[{"@type":"SearchAction","target":{"@type":"EntryPoint","urlTemplate":"https:\/\/yakutta.com\/?s={search_term_string}"},"query-input":{"@type":"PropertyValueSpecification","valueRequired":true,"valueName":"search_term_string"}}],"inLanguage":"es"},{"@type":["Organization","Place"],"@id":"https:\/\/yakutta.com\/#organization","name":"Yakutta","url":"https:\/\/yakutta.com\/","logo":{"@id":"https:\/\/yakutta.com\/product\/date-oil\/#local-main-organization-logo"},"image":{"@id":"https:\/\/yakutta.com\/product\/date-oil\/#local-main-organization-logo"},"telephone":[],"openingHoursSpecification":[{"@type":"OpeningHoursSpecification","dayOfWeek":["Monday","Tuesday","Wednesday","Thursday","Friday","Saturday","Sunday"],"opens":"09:00","closes":"17:00"}]},{"@type":"ImageObject","inLanguage":"es","@id":"https:\/\/yakutta.com\/product\/date-oil\/#local-main-organization-logo","url":"https:\/\/yakutta.com\/wp-content\/uploads\/2025\/04\/cropped-yakutta-icon-no-bg-2-2.png","contentUrl":"https:\/\/yakutta.com\/wp-content\/uploads\/2025\/04\/cropped-yakutta-icon-no-bg-2-2.png","width":512,"height":512,"caption":"Yakutta"}]}},"_links":{"self":[{"href":"https:\/\/yakutta.com\/es\/wp-json\/wp\/v2\/product\/2226","targetHints":{"allow":["GET"]}}],"collection":[{"href":"https:\/\/yakutta.com\/es\/wp-json\/wp\/v2\/product"}],"about":[{"href":"https:\/\/yakutta.com\/es\/wp-json\/wp\/v2\/types\/product"}],"replies":[{"embeddable":true,"href":"https:\/\/yakutta.com\/es\/wp-json\/wp\/v2\/comments?post=2226"}],"wp:featuredmedia":[{"embeddable":true,"href":"https:\/\/yakutta.com\/es\/wp-json\/wp\/v2\/media\/21290"}],"wp:attachment":[{"href":"https:\/\/yakutta.com\/es\/wp-json\/wp\/v2\/media?parent=2226"}],"wp:term":[{"taxonomy":"product_brand","embeddable":true,"href":"https:\/\/yakutta.com\/es\/wp-json\/wp\/v2\/product_brand?post=2226"},{"taxonomy":"product_cat","embeddable":true,"href":"https:\/\/yakutta.com\/es\/wp-json\/wp\/v2\/product_cat?post=2226"},{"taxonomy":"product_tag","embeddable":true,"href":"https:\/\/yakutta.com\/es\/wp-json\/wp\/v2\/product_tag?post=2226"}],"curies":[{"name":"wp","href":"https:\/\/api.w.org\/{rel}","templated":true}]}}