{"id":20098,"date":"2025-11-18T17:50:01","date_gmt":"2025-11-18T17:50:01","guid":{"rendered":"https:\/\/yakutta.com\/?post_type=product&#038;p=20098"},"modified":"2025-11-18T18:35:36","modified_gmt":"2025-11-18T18:35:36","slug":"contenedor-flexitank-para-aceite-de-oliva-virgen-extra","status":"publish","type":"product","link":"https:\/\/yakutta.com\/es\/producto\/contenedor-flexitank-para-aceite-de-oliva-virgen-extra\/","title":{"rendered":"Contenedor Flexitank para aceite de oliva virgen extra"},"content":{"rendered":"<p class=\"text-sm\">Yakutta se especializa en aceite de oliva virgen extra premium y ofrece una soluci\u00f3n de transporte a granel fant\u00e1stica dise\u00f1ada espec\u00edficamente para fabricantes, grandes compradores y distribuidores mayoristas: el contenedor Flexitank EVOO. Nuestro Flexitank est\u00e1 dise\u00f1ado especialmente para el aceite de oliva, fabricado con materiales multicapa de grado alimenticio que protegen el aceite del ox\u00edgeno, la humedad y la luz (elementos clave que pueden afectar el sabor y la calidad durante el env\u00edo internacional). Esto significa que su env\u00edo mantendr\u00e1 esa baja acidez y ese sabor excepcional que espera de un aceite de oliva virgen extra org\u00e1nico de alta calidad.<\/p>\n<p class=\"text-sm\">Nuestro sistema Flexitank es perfecto para el aceite de oliva virgen extra org\u00e1nico certificado, cumpliendo con los est\u00e1ndares EU Organic, USDA Organic e ISO. Cada env\u00edo pasa por rigurosos controles de calidad para garantizar la pureza, la trazabilidad y el cumplimiento de las normativas globales de seguridad alimentaria. Con una capacidad de hasta 24,000 litros por contenedor, el Flexitank optimiza el volumen mientras reduce los costos de transporte, haciendo que las operaciones sean m\u00e1s fluidas y aumentando la rentabilidad para los grandes compradores.<\/p>\n<p class=\"text-sm\">Con un enfoque en la estabilidad, la eficiencia y la protecci\u00f3n a larga distancia, el Flexitank EVOO de Yakutta crea un entorno sellado que mantiene a raya la contaminaci\u00f3n y preserva la integridad natural del aceite. Es una excelente opci\u00f3n para plantas de embotellado, procesadores de alimentos, marcas de etiqueta privada y redes mayoristas que necesitan aceite de alta calidad, alto volumen y consistencia. Optar por nuestro contenedor Flexitank EVOO significa elegir una forma escalable, segura y rentable de transportar aceite de oliva virgen extra premium por todo el mundo, asegurando que su aceite org\u00e1nico llegue fresco, certificado y listo para un procesamiento inmediato.<\/p>","protected":false},"excerpt":{"rendered":"<div class=\"css-186bnk2 css-lb9cx4-stack css-3sj1cp css-1bjhv8d css-1vznryd css-1soja3n\">\n<div>\n<p class=\"css-uoqnqe css-rr08kv-textFontWeight css-oi9nct-textDisplay css-1frjf7n-textWhiteSpace css-0 css-542wex\">El contenedor Flexitank EVOO de Yakutta es la soluci\u00f3n perfecta para transportar aceite de oliva virgen extra a granel. Fabricado con materiales multicapa de grado alimenticio, asegura que la baja acidez, las certificaciones org\u00e1nicas y el sabor natural se conserven durante los env\u00edos de larga distancia. Cada Flexitank puede contener hasta 24,000 litros, lo que facilita a los fabricantes, grandes empresas y compradores mayoristas reducir los costos log\u00edsticos mientras entregan EVOO org\u00e1nico certificado de alta calidad. El sistema sellado y libre de contaminaci\u00f3n garantiza que su aceite de oliva llegue listo para ser procesado.<\/p>\n<\/div>\n<\/div>\n<p class=\"\" data-start=\"0\" data-end=\"341\"><strong>Proporcionamos Flexitanks con una capacidad de almacenamiento de hasta 24,000 litros.<\/strong><\/p>\n<p class=\"\" data-start=\"0\" data-end=\"341\">Unser natives Oliven\u00f6l extra (EVOO) wird mit strengen Qualit\u00e4tskontrollen hergestellt, um eine gleichbleibende Qualit\u00e4t von Charge zu Charge zu gew\u00e4hrleisten. Ob Sie es f\u00fcr Mischungen, Abf\u00fcllungen oder als Schl\u00fcsselzutat in Ihrem Herstellungsprozess verwenden \u2013 Unternehmen wenden sich an uns wegen unserer zuverl\u00e4ssigen Lieferkette, wettbewerbsf\u00e4higen Preise und engagierten Unterst\u00fctzung f\u00fcr laufende Bestellungen.<\/p>\n<p class=\"translation-block\" data-start=\"0\" data-end=\"341\">Enviamos todos los tama\u00f1os a trav\u00e9s de <strong>transporte terrestre<\/strong> o <strong>flete mar\u00edtimo<\/strong>, asegurando que cada pedido de aceite de oliva virgen extra a granel llegue de manera segura y puntual.<\/p>","protected":false},"featured_media":19831,"comment_status":"open","ping_status":"closed","template":"","meta":[],"product_brand":[],"product_cat":[74],"product_tag":[114,132,133,131],"class_list":{"0":"post-20098","1":"product","2":"type-product","3":"status-publish","4":"has-post-thumbnail","6":"product_cat-organic-oils-wholesale-products","7":"product_tag-evoo","8":"product_tag-flexitank-container","9":"product_tag-organic-evoo","10":"product_tag-organic-olive-oil","12":"first","13":"instock","14":"shipping-taxable","15":"product-type-simple"},"yoast_head":"<!-- This site is optimized with the Yoast SEO Premium plugin v26.6 (Yoast SEO v27.4) - https:\/\/yoast.com\/product\/yoast-seo-premium-wordpress\/ -->\n<title>EVOO Flexitank container - Yakutta<\/title>\n<meta name=\"description\" content=\"Yakutta delivers premium bulk EVOO globally, specialising in reliable flexitank container supply. Our EVOO boasts exceptional quality, confirmed by its low acidity and organic certifications.\" \/>\n<meta name=\"robots\" content=\"index, follow, max-snippet:-1, max-image-preview:large, max-video-preview:-1\" \/>\n<link rel=\"canonical\" href=\"https:\/\/yakutta.com\/es\/producto\/contenedor-flexitank-para-aceite-de-oliva-virgen-extra\/\" \/>\n<meta property=\"og:locale\" content=\"es_ES\" \/>\n<meta property=\"og:type\" content=\"article\" \/>\n<meta property=\"og:title\" content=\"EVOO Flexitank container\" \/>\n<meta property=\"og:description\" content=\"Yakutta delivers premium bulk EVOO globally, specialising in reliable flexitank container supply. Our EVOO boasts exceptional quality, confirmed by its low acidity and organic certifications.\" \/>\n<meta property=\"og:url\" content=\"https:\/\/yakutta.com\/es\/producto\/contenedor-flexitank-para-aceite-de-oliva-virgen-extra\/\" \/>\n<meta property=\"og:site_name\" content=\"Yakutta\" \/>\n<meta property=\"article:modified_time\" content=\"2025-11-18T18:35:36+00:00\" \/>\n<meta property=\"og:image\" content=\"https:\/\/yakutta.com\/wp-content\/uploads\/2025\/11\/flexitank-in-warehouse-v4.webp\" \/>\n\t<meta property=\"og:image:width\" content=\"806\" \/>\n\t<meta property=\"og:image:height\" content=\"805\" \/>\n\t<meta property=\"og:image:type\" content=\"image\/webp\" \/>\n<meta name=\"twitter:card\" content=\"summary_large_image\" \/>\n<meta name=\"twitter:label1\" content=\"Tiempo de lectura\" \/>\n\t<meta name=\"twitter:data1\" content=\"2 minutos\" \/>\n<script type=\"application\/ld+json\" class=\"yoast-schema-graph\">{\"@context\":\"https:\\\/\\\/schema.org\",\"@graph\":[{\"@type\":\"WebPage\",\"@id\":\"https:\\\/\\\/yakutta.com\\\/product\\\/evoo-flexitank-container\\\/\",\"url\":\"https:\\\/\\\/yakutta.com\\\/product\\\/evoo-flexitank-container\\\/\",\"name\":\"EVOO Flexitank container - Yakutta\",\"isPartOf\":{\"@id\":\"https:\\\/\\\/yakutta.com\\\/#website\"},\"primaryImageOfPage\":{\"@id\":\"https:\\\/\\\/yakutta.com\\\/product\\\/evoo-flexitank-container\\\/#primaryimage\"},\"image\":{\"@id\":\"https:\\\/\\\/yakutta.com\\\/product\\\/evoo-flexitank-container\\\/#primaryimage\"},\"thumbnailUrl\":\"https:\\\/\\\/yakutta.com\\\/wp-content\\\/uploads\\\/2025\\\/11\\\/flexitank-in-warehouse-v4.webp\",\"datePublished\":\"2025-11-18T17:50:01+00:00\",\"dateModified\":\"2025-11-18T18:35:36+00:00\",\"description\":\"Yakutta delivers premium bulk EVOO globally, specialising in reliable flexitank container supply. Our EVOO boasts exceptional quality, confirmed by its low acidity and organic certifications.\",\"breadcrumb\":{\"@id\":\"https:\\\/\\\/yakutta.com\\\/product\\\/evoo-flexitank-container\\\/#breadcrumb\"},\"inLanguage\":\"es\",\"potentialAction\":[{\"@type\":\"ReadAction\",\"target\":[\"https:\\\/\\\/yakutta.com\\\/product\\\/evoo-flexitank-container\\\/\"]}]},{\"@type\":\"ImageObject\",\"inLanguage\":\"es\",\"@id\":\"https:\\\/\\\/yakutta.com\\\/product\\\/evoo-flexitank-container\\\/#primaryimage\",\"url\":\"https:\\\/\\\/yakutta.com\\\/wp-content\\\/uploads\\\/2025\\\/11\\\/flexitank-in-warehouse-v4.webp\",\"contentUrl\":\"https:\\\/\\\/yakutta.com\\\/wp-content\\\/uploads\\\/2025\\\/11\\\/flexitank-in-warehouse-v4.webp\",\"width\":806,\"height\":805,\"caption\":\"flexitank in warehouse\"},{\"@type\":\"BreadcrumbList\",\"@id\":\"https:\\\/\\\/yakutta.com\\\/product\\\/evoo-flexitank-container\\\/#breadcrumb\",\"itemListElement\":[{\"@type\":\"ListItem\",\"position\":1,\"name\":\"Home\",\"item\":\"https:\\\/\\\/yakutta.com\\\/\"},{\"@type\":\"ListItem\",\"position\":2,\"name\":\"Shop\",\"item\":\"https:\\\/\\\/yakutta.com\\\/shop\\\/\"},{\"@type\":\"ListItem\",\"position\":3,\"name\":\"EVOO Flexitank container\"}]},{\"@type\":\"WebSite\",\"@id\":\"https:\\\/\\\/yakutta.com\\\/#website\",\"url\":\"https:\\\/\\\/yakutta.com\\\/\",\"name\":\"Yakutta\",\"description\":\"Oils Wholesale | Organic &amp; Essential Oils Wholesale\",\"publisher\":{\"@id\":\"https:\\\/\\\/yakutta.com\\\/#organization\"},\"potentialAction\":[{\"@type\":\"SearchAction\",\"target\":{\"@type\":\"EntryPoint\",\"urlTemplate\":\"https:\\\/\\\/yakutta.com\\\/?s={search_term_string}\"},\"query-input\":{\"@type\":\"PropertyValueSpecification\",\"valueRequired\":true,\"valueName\":\"search_term_string\"}}],\"inLanguage\":\"es\"},{\"@type\":[\"Organization\",\"Place\"],\"@id\":\"https:\\\/\\\/yakutta.com\\\/#organization\",\"name\":\"Yakutta\",\"url\":\"https:\\\/\\\/yakutta.com\\\/\",\"logo\":{\"@id\":\"https:\\\/\\\/yakutta.com\\\/product\\\/evoo-flexitank-container\\\/#local-main-organization-logo\"},\"image\":{\"@id\":\"https:\\\/\\\/yakutta.com\\\/product\\\/evoo-flexitank-container\\\/#local-main-organization-logo\"},\"telephone\":[],\"openingHoursSpecification\":[{\"@type\":\"OpeningHoursSpecification\",\"dayOfWeek\":[\"Monday\",\"Tuesday\",\"Wednesday\",\"Thursday\",\"Friday\",\"Saturday\",\"Sunday\"],\"opens\":\"09:00\",\"closes\":\"17:00\"}]},{\"@type\":\"ImageObject\",\"inLanguage\":\"es\",\"@id\":\"https:\\\/\\\/yakutta.com\\\/product\\\/evoo-flexitank-container\\\/#local-main-organization-logo\",\"url\":\"https:\\\/\\\/yakutta.com\\\/wp-content\\\/uploads\\\/2025\\\/04\\\/cropped-yakutta-icon-no-bg-2-2.png\",\"contentUrl\":\"https:\\\/\\\/yakutta.com\\\/wp-content\\\/uploads\\\/2025\\\/04\\\/cropped-yakutta-icon-no-bg-2-2.png\",\"width\":512,\"height\":512,\"caption\":\"Yakutta\"}]}<\/script>\n<!-- \/ Yoast SEO Premium plugin. -->","yoast_head_json":{"title":"Contenedor Flexitank para aceite de oliva virgen extra - Yakutta","description":"Yakutta entrega aceite de oliva virgen extra (EVOO) a granel de calidad premium a nivel mundial, especializ\u00e1ndose en el suministro confiable de contenedores Flexitank. Nuestro EVOO cuenta con una calidad excepcional, confirmada por su baja acidez y certificaciones org\u00e1nicas.","robots":{"index":"index","follow":"follow","max-snippet":"max-snippet:-1","max-image-preview":"max-image-preview:large","max-video-preview":"max-video-preview:-1"},"canonical":"https:\/\/yakutta.com\/es\/producto\/contenedor-flexitank-para-aceite-de-oliva-virgen-extra\/","og_locale":"es_ES","og_type":"article","og_title":"EVOO Flexitank container","og_description":"Yakutta delivers premium bulk EVOO globally, specialising in reliable flexitank container supply. Our EVOO boasts exceptional quality, confirmed by its low acidity and organic certifications.","og_url":"https:\/\/yakutta.com\/es\/producto\/contenedor-flexitank-para-aceite-de-oliva-virgen-extra\/","og_site_name":"Yakutta","article_modified_time":"2025-11-18T18:35:36+00:00","og_image":[{"width":806,"height":805,"url":"https:\/\/yakutta.com\/wp-content\/uploads\/2025\/11\/flexitank-in-warehouse-v4.webp","type":"image\/webp"}],"twitter_card":"summary_large_image","twitter_misc":{"Tiempo de lectura":"2 minutos"},"schema":{"@context":"https:\/\/schema.org","@graph":[{"@type":"WebPage","@id":"https:\/\/yakutta.com\/product\/evoo-flexitank-container\/","url":"https:\/\/yakutta.com\/product\/evoo-flexitank-container\/","name":"Contenedor Flexitank para aceite de oliva virgen extra - Yakutta","isPartOf":{"@id":"https:\/\/yakutta.com\/#website"},"primaryImageOfPage":{"@id":"https:\/\/yakutta.com\/product\/evoo-flexitank-container\/#primaryimage"},"image":{"@id":"https:\/\/yakutta.com\/product\/evoo-flexitank-container\/#primaryimage"},"thumbnailUrl":"https:\/\/yakutta.com\/wp-content\/uploads\/2025\/11\/flexitank-in-warehouse-v4.webp","datePublished":"2025-11-18T17:50:01+00:00","dateModified":"2025-11-18T18:35:36+00:00","description":"Yakutta entrega aceite de oliva virgen extra (EVOO) a granel de calidad premium a nivel mundial, especializ\u00e1ndose en el suministro confiable de contenedores Flexitank. Nuestro EVOO cuenta con una calidad excepcional, confirmada por su baja acidez y certificaciones org\u00e1nicas.","breadcrumb":{"@id":"https:\/\/yakutta.com\/product\/evoo-flexitank-container\/#breadcrumb"},"inLanguage":"es","potentialAction":[{"@type":"ReadAction","target":["https:\/\/yakutta.com\/product\/evoo-flexitank-container\/"]}]},{"@type":"ImageObject","inLanguage":"es","@id":"https:\/\/yakutta.com\/product\/evoo-flexitank-container\/#primaryimage","url":"https:\/\/yakutta.com\/wp-content\/uploads\/2025\/11\/flexitank-in-warehouse-v4.webp","contentUrl":"https:\/\/yakutta.com\/wp-content\/uploads\/2025\/11\/flexitank-in-warehouse-v4.webp","width":806,"height":805,"caption":"flexitank in warehouse"},{"@type":"BreadcrumbList","@id":"https:\/\/yakutta.com\/product\/evoo-flexitank-container\/#breadcrumb","itemListElement":[{"@type":"ListItem","position":1,"name":"Home","item":"https:\/\/yakutta.com\/"},{"@type":"ListItem","position":2,"name":"Shop","item":"https:\/\/yakutta.com\/shop\/"},{"@type":"ListItem","position":3,"name":"EVOO Flexitank container"}]},{"@type":"WebSite","@id":"https:\/\/yakutta.com\/#website","url":"https:\/\/yakutta.com\/","name":"Yakutta","description":"Aceites al por mayor | Aceites org\u00e1nicos y esenciales al por mayor","publisher":{"@id":"https:\/\/yakutta.com\/#organization"},"potentialAction":[{"@type":"SearchAction","target":{"@type":"EntryPoint","urlTemplate":"https:\/\/yakutta.com\/?s={search_term_string}"},"query-input":{"@type":"PropertyValueSpecification","valueRequired":true,"valueName":"search_term_string"}}],"inLanguage":"es"},{"@type":["Organization","Place"],"@id":"https:\/\/yakutta.com\/#organization","name":"Yakutta","url":"https:\/\/yakutta.com\/","logo":{"@id":"https:\/\/yakutta.com\/product\/evoo-flexitank-container\/#local-main-organization-logo"},"image":{"@id":"https:\/\/yakutta.com\/product\/evoo-flexitank-container\/#local-main-organization-logo"},"telephone":[],"openingHoursSpecification":[{"@type":"OpeningHoursSpecification","dayOfWeek":["Monday","Tuesday","Wednesday","Thursday","Friday","Saturday","Sunday"],"opens":"09:00","closes":"17:00"}]},{"@type":"ImageObject","inLanguage":"es","@id":"https:\/\/yakutta.com\/product\/evoo-flexitank-container\/#local-main-organization-logo","url":"https:\/\/yakutta.com\/wp-content\/uploads\/2025\/04\/cropped-yakutta-icon-no-bg-2-2.png","contentUrl":"https:\/\/yakutta.com\/wp-content\/uploads\/2025\/04\/cropped-yakutta-icon-no-bg-2-2.png","width":512,"height":512,"caption":"Yakutta"}]}},"_links":{"self":[{"href":"https:\/\/yakutta.com\/es\/wp-json\/wp\/v2\/product\/20098","targetHints":{"allow":["GET"]}}],"collection":[{"href":"https:\/\/yakutta.com\/es\/wp-json\/wp\/v2\/product"}],"about":[{"href":"https:\/\/yakutta.com\/es\/wp-json\/wp\/v2\/types\/product"}],"replies":[{"embeddable":true,"href":"https:\/\/yakutta.com\/es\/wp-json\/wp\/v2\/comments?post=20098"}],"wp:featuredmedia":[{"embeddable":true,"href":"https:\/\/yakutta.com\/es\/wp-json\/wp\/v2\/media\/19831"}],"wp:attachment":[{"href":"https:\/\/yakutta.com\/es\/wp-json\/wp\/v2\/media?parent=20098"}],"wp:term":[{"taxonomy":"product_brand","embeddable":true,"href":"https:\/\/yakutta.com\/es\/wp-json\/wp\/v2\/product_brand?post=20098"},{"taxonomy":"product_cat","embeddable":true,"href":"https:\/\/yakutta.com\/es\/wp-json\/wp\/v2\/product_cat?post=20098"},{"taxonomy":"product_tag","embeddable":true,"href":"https:\/\/yakutta.com\/es\/wp-json\/wp\/v2\/product_tag?post=20098"}],"curies":[{"name":"wp","href":"https:\/\/api.w.org\/{rel}","templated":true}]}}