{"id":20093,"date":"2025-11-18T00:30:26","date_gmt":"2025-11-18T00:30:26","guid":{"rendered":"https:\/\/yakutta.com\/?post_type=product&#038;p=20093"},"modified":"2026-01-27T10:44:47","modified_gmt":"2026-01-27T10:44:47","slug":"aceite-de-oliva-refinado","status":"publish","type":"product","link":"https:\/\/yakutta.com\/es\/producto\/aceite-de-oliva-refinado\/","title":{"rendered":"Aceite de oliva refinado"},"content":{"rendered":"<p class=\"text-sm\">El aceite de oliva refinado de Yakutta est\u00e1 dise\u00f1ado espec\u00edficamente para fabricantes y grandes empresas que requieren un aceite estable y consistente para la producci\u00f3n a gran escala. Este aceite de oliva refinado cuenta con un sabor neutro, un color claro y una impresionante resistencia al calor, lo que lo hace perfecto para procesadores de alimentos, operaciones de fritura y diversas aplicaciones industriales. Cada lote de aceite de oliva refinado pasa por una purificaci\u00f3n meticulosa para eliminar impurezas mientras garantiza un rendimiento confiable en diversos entornos de producci\u00f3n. Su estabilidad ayuda a minimizar el desperdicio, gestionar costos y mejorar la eficiencia para f\u00e1bricas y compradores mayoristas.<\/p>\n<p>&nbsp;<\/p>\n<p class=\"text-sm\">Yakutta tambi\u00e9n ofrece programas de suministro a granel dise\u00f1ados para grandes importadores y distribuidores, garantizando una log\u00edstica fluida y una disponibilidad confiable de productos. Al elegir a Yakutta como su proveedor de aceite de oliva refinado, est\u00e1 asegurando una soluci\u00f3n escalable lista para la producci\u00f3n continua, el etiquetado privado y los contratos de suministro a largo plazo.<\/p>","protected":false},"excerpt":{"rendered":"<p class=\"\" data-start=\"0\" data-end=\"341\">El aceite de oliva refinado premium de Yakutta ofrece un sabor limpio, una estabilidad impresionante y una calidad confiable, lo que lo convierte en una opci\u00f3n destacada para fabricantes y mayoristas. Es perfecto para el procesamiento industrial de alimentos, tareas de fritura y l\u00edneas de producci\u00f3n a gran escala. \u00a1Adem\u00e1s, es confiable, econ\u00f3mico y est\u00e1 disponible a granel!<\/p>\n<p class=\"\" data-start=\"0\" data-end=\"341\">Ofrecemos opciones a granel flexibles para que pueda seleccionar exactamente lo que se adapte a sus necesidades.<\/p>\n<ul>\n<li data-start=\"0\" data-end=\"341\" class=\"translation-block\"><strong data-start=\"376\" data-end=\"391\">Volumen medio<\/strong> : 50L, 100L, 200L<\/li>\n<li data-start=\"0\" data-end=\"341\" class=\"translation-block\"><strong data-start=\"413\" data-end=\"427\">Gran volumen<\/strong> : 500L, 1000L<\/li>\n<li data-start=\"0\" data-end=\"341\"><strong>Granel al por mayor: 5.000 L \u2013 25.000 L <\/strong><\/li>\n<\/ul>\n<p class=\"\" data-start=\"0\" data-end=\"341\">Nuestro aceite de oliva refinado se produce con rigurosos controles de calidad para garantizar la consistencia de un lote a otro. Ya sea que lo utilice para mezclas, embotellado o como ingrediente clave en su proceso de fabricaci\u00f3n, las empresas conf\u00edan en nosotros por nuestra cadena de suministro confiable, precios competitivos y soporte dedicado para pedidos continuos.<\/p>\n<p class=\"translation-block\" data-start=\"0\" data-end=\"341\">Enviamos todos los tama\u00f1os a trav\u00e9s de <strong>transporte terrestre<\/strong> o <strong>flete mar\u00edtimo<\/strong>, asegurando que cada pedido de aceite de oliva refinado a granel llegue de manera segura y puntual. Adem\u00e1s, gracias a nuestra experiencia en el abastecimiento de aceitunas, siempre puede confiar en recibir el mejor aceite de oliva refinado para sus productos.<\/p>","protected":false},"featured_media":28528,"comment_status":"open","ping_status":"closed","template":"","meta":[],"product_brand":[],"product_cat":[74],"product_tag":[127,126],"class_list":{"0":"post-20093","1":"product","2":"type-product","3":"status-publish","4":"has-post-thumbnail","6":"product_cat-organic-oils-wholesale-products","7":"product_tag-bulk-refined-olive-oil","8":"product_tag-refined-olive-oil","10":"first","11":"instock","12":"shipping-taxable","13":"product-type-simple"},"yoast_head":"<!-- This site is optimized with the Yoast SEO Premium plugin v26.6 (Yoast SEO v27.4) - https:\/\/yoast.com\/product\/yoast-seo-premium-wordpress\/ -->\n<title>Refined olive oil - Yakutta<\/title>\n<meta name=\"description\" content=\"Discover premium bulk refined olive oil for your business. Secure high-quality olive oil with consistent flavor and scalable wholesale options.\" \/>\n<meta name=\"robots\" content=\"index, follow, max-snippet:-1, max-image-preview:large, max-video-preview:-1\" \/>\n<link rel=\"canonical\" href=\"https:\/\/yakutta.com\/es\/producto\/aceite-de-oliva-refinado\/\" \/>\n<meta property=\"og:locale\" content=\"es_ES\" \/>\n<meta property=\"og:type\" content=\"article\" \/>\n<meta property=\"og:title\" content=\"Refined olive oil\" \/>\n<meta property=\"og:description\" content=\"Discover premium bulk refined olive oil for your business. Secure high-quality olive oil with consistent flavor and scalable wholesale options.\" \/>\n<meta property=\"og:url\" content=\"https:\/\/yakutta.com\/es\/producto\/aceite-de-oliva-refinado\/\" \/>\n<meta property=\"og:site_name\" content=\"Yakutta\" \/>\n<meta property=\"article:modified_time\" content=\"2026-01-27T10:44:47+00:00\" \/>\n<meta property=\"og:image\" content=\"https:\/\/yakutta.com\/wp-content\/uploads\/2025\/11\/Refined-olive-oil-web-version.webp\" \/>\n\t<meta property=\"og:image:width\" content=\"2048\" \/>\n\t<meta property=\"og:image:height\" content=\"2048\" \/>\n\t<meta property=\"og:image:type\" content=\"image\/webp\" \/>\n<meta name=\"twitter:card\" content=\"summary_large_image\" \/>\n<meta name=\"twitter:label1\" content=\"Tiempo de lectura\" \/>\n\t<meta name=\"twitter:data1\" content=\"1 minuto\" \/>\n<script type=\"application\/ld+json\" class=\"yoast-schema-graph\">{\"@context\":\"https:\\\/\\\/schema.org\",\"@graph\":[{\"@type\":\"WebPage\",\"@id\":\"https:\\\/\\\/yakutta.com\\\/product\\\/refined-olive-oil\\\/\",\"url\":\"https:\\\/\\\/yakutta.com\\\/product\\\/refined-olive-oil\\\/\",\"name\":\"Refined olive oil - Yakutta\",\"isPartOf\":{\"@id\":\"https:\\\/\\\/yakutta.com\\\/#website\"},\"primaryImageOfPage\":{\"@id\":\"https:\\\/\\\/yakutta.com\\\/product\\\/refined-olive-oil\\\/#primaryimage\"},\"image\":{\"@id\":\"https:\\\/\\\/yakutta.com\\\/product\\\/refined-olive-oil\\\/#primaryimage\"},\"thumbnailUrl\":\"https:\\\/\\\/yakutta.com\\\/wp-content\\\/uploads\\\/2025\\\/11\\\/Refined-olive-oil-web-version.webp\",\"datePublished\":\"2025-11-18T00:30:26+00:00\",\"dateModified\":\"2026-01-27T10:44:47+00:00\",\"description\":\"Discover premium bulk refined olive oil for your business. Secure high-quality olive oil with consistent flavor and scalable wholesale options.\",\"breadcrumb\":{\"@id\":\"https:\\\/\\\/yakutta.com\\\/product\\\/refined-olive-oil\\\/#breadcrumb\"},\"inLanguage\":\"es\",\"potentialAction\":[{\"@type\":\"ReadAction\",\"target\":[\"https:\\\/\\\/yakutta.com\\\/product\\\/refined-olive-oil\\\/\"]}]},{\"@type\":\"ImageObject\",\"inLanguage\":\"es\",\"@id\":\"https:\\\/\\\/yakutta.com\\\/product\\\/refined-olive-oil\\\/#primaryimage\",\"url\":\"https:\\\/\\\/yakutta.com\\\/wp-content\\\/uploads\\\/2025\\\/11\\\/Refined-olive-oil-web-version.webp\",\"contentUrl\":\"https:\\\/\\\/yakutta.com\\\/wp-content\\\/uploads\\\/2025\\\/11\\\/Refined-olive-oil-web-version.webp\",\"width\":2048,\"height\":2048,\"caption\":\"Yakutta: Organic Refined Olive Oil for industry.\"},{\"@type\":\"BreadcrumbList\",\"@id\":\"https:\\\/\\\/yakutta.com\\\/product\\\/refined-olive-oil\\\/#breadcrumb\",\"itemListElement\":[{\"@type\":\"ListItem\",\"position\":1,\"name\":\"Home\",\"item\":\"https:\\\/\\\/yakutta.com\\\/\"},{\"@type\":\"ListItem\",\"position\":2,\"name\":\"Shop\",\"item\":\"https:\\\/\\\/yakutta.com\\\/shop\\\/\"},{\"@type\":\"ListItem\",\"position\":3,\"name\":\"Refined olive oil\"}]},{\"@type\":\"WebSite\",\"@id\":\"https:\\\/\\\/yakutta.com\\\/#website\",\"url\":\"https:\\\/\\\/yakutta.com\\\/\",\"name\":\"Yakutta\",\"description\":\"Oils Wholesale | Organic &amp; Essential Oils Wholesale\",\"publisher\":{\"@id\":\"https:\\\/\\\/yakutta.com\\\/#organization\"},\"potentialAction\":[{\"@type\":\"SearchAction\",\"target\":{\"@type\":\"EntryPoint\",\"urlTemplate\":\"https:\\\/\\\/yakutta.com\\\/?s={search_term_string}\"},\"query-input\":{\"@type\":\"PropertyValueSpecification\",\"valueRequired\":true,\"valueName\":\"search_term_string\"}}],\"inLanguage\":\"es\"},{\"@type\":[\"Organization\",\"Place\"],\"@id\":\"https:\\\/\\\/yakutta.com\\\/#organization\",\"name\":\"Yakutta\",\"url\":\"https:\\\/\\\/yakutta.com\\\/\",\"logo\":{\"@id\":\"https:\\\/\\\/yakutta.com\\\/product\\\/refined-olive-oil\\\/#local-main-organization-logo\"},\"image\":{\"@id\":\"https:\\\/\\\/yakutta.com\\\/product\\\/refined-olive-oil\\\/#local-main-organization-logo\"},\"telephone\":[],\"openingHoursSpecification\":[{\"@type\":\"OpeningHoursSpecification\",\"dayOfWeek\":[\"Monday\",\"Tuesday\",\"Wednesday\",\"Thursday\",\"Friday\",\"Saturday\",\"Sunday\"],\"opens\":\"09:00\",\"closes\":\"17:00\"}]},{\"@type\":\"ImageObject\",\"inLanguage\":\"es\",\"@id\":\"https:\\\/\\\/yakutta.com\\\/product\\\/refined-olive-oil\\\/#local-main-organization-logo\",\"url\":\"https:\\\/\\\/yakutta.com\\\/wp-content\\\/uploads\\\/2025\\\/04\\\/cropped-yakutta-icon-no-bg-2-2.png\",\"contentUrl\":\"https:\\\/\\\/yakutta.com\\\/wp-content\\\/uploads\\\/2025\\\/04\\\/cropped-yakutta-icon-no-bg-2-2.png\",\"width\":512,\"height\":512,\"caption\":\"Yakutta\"}]}<\/script>\n<!-- \/ Yoast SEO Premium plugin. -->","yoast_head_json":{"title":"Aceite de oliva refinado - Yakutta","description":"Descubra aceite de oliva refinado a granel de primera calidad para su negocio. Asegure aceite de oliva de alta calidad con sabor consistente y opciones mayoristas escalables.","robots":{"index":"index","follow":"follow","max-snippet":"max-snippet:-1","max-image-preview":"max-image-preview:large","max-video-preview":"max-video-preview:-1"},"canonical":"https:\/\/yakutta.com\/es\/producto\/aceite-de-oliva-refinado\/","og_locale":"es_ES","og_type":"article","og_title":"Refined olive oil","og_description":"Discover premium bulk refined olive oil for your business. Secure high-quality olive oil with consistent flavor and scalable wholesale options.","og_url":"https:\/\/yakutta.com\/es\/producto\/aceite-de-oliva-refinado\/","og_site_name":"Yakutta","article_modified_time":"2026-01-27T10:44:47+00:00","og_image":[{"width":2048,"height":2048,"url":"https:\/\/yakutta.com\/wp-content\/uploads\/2025\/11\/Refined-olive-oil-web-version.webp","type":"image\/webp"}],"twitter_card":"summary_large_image","twitter_misc":{"Tiempo de lectura":"1 minuto"},"schema":{"@context":"https:\/\/schema.org","@graph":[{"@type":"WebPage","@id":"https:\/\/yakutta.com\/product\/refined-olive-oil\/","url":"https:\/\/yakutta.com\/product\/refined-olive-oil\/","name":"Aceite de oliva refinado - Yakutta","isPartOf":{"@id":"https:\/\/yakutta.com\/#website"},"primaryImageOfPage":{"@id":"https:\/\/yakutta.com\/product\/refined-olive-oil\/#primaryimage"},"image":{"@id":"https:\/\/yakutta.com\/product\/refined-olive-oil\/#primaryimage"},"thumbnailUrl":"https:\/\/yakutta.com\/wp-content\/uploads\/2025\/11\/Refined-olive-oil-web-version.webp","datePublished":"2025-11-18T00:30:26+00:00","dateModified":"2026-01-27T10:44:47+00:00","description":"Descubra aceite de oliva refinado a granel de primera calidad para su negocio. Asegure aceite de oliva de alta calidad con sabor consistente y opciones mayoristas escalables.","breadcrumb":{"@id":"https:\/\/yakutta.com\/product\/refined-olive-oil\/#breadcrumb"},"inLanguage":"es","potentialAction":[{"@type":"ReadAction","target":["https:\/\/yakutta.com\/product\/refined-olive-oil\/"]}]},{"@type":"ImageObject","inLanguage":"es","@id":"https:\/\/yakutta.com\/product\/refined-olive-oil\/#primaryimage","url":"https:\/\/yakutta.com\/wp-content\/uploads\/2025\/11\/Refined-olive-oil-web-version.webp","contentUrl":"https:\/\/yakutta.com\/wp-content\/uploads\/2025\/11\/Refined-olive-oil-web-version.webp","width":2048,"height":2048,"caption":"Yakutta: Organic Refined Olive Oil for industry."},{"@type":"BreadcrumbList","@id":"https:\/\/yakutta.com\/product\/refined-olive-oil\/#breadcrumb","itemListElement":[{"@type":"ListItem","position":1,"name":"Home","item":"https:\/\/yakutta.com\/"},{"@type":"ListItem","position":2,"name":"Shop","item":"https:\/\/yakutta.com\/shop\/"},{"@type":"ListItem","position":3,"name":"Refined olive oil"}]},{"@type":"WebSite","@id":"https:\/\/yakutta.com\/#website","url":"https:\/\/yakutta.com\/","name":"Yakutta","description":"Aceites al por mayor | Aceites org\u00e1nicos y esenciales al por mayor","publisher":{"@id":"https:\/\/yakutta.com\/#organization"},"potentialAction":[{"@type":"SearchAction","target":{"@type":"EntryPoint","urlTemplate":"https:\/\/yakutta.com\/?s={search_term_string}"},"query-input":{"@type":"PropertyValueSpecification","valueRequired":true,"valueName":"search_term_string"}}],"inLanguage":"es"},{"@type":["Organization","Place"],"@id":"https:\/\/yakutta.com\/#organization","name":"Yakutta","url":"https:\/\/yakutta.com\/","logo":{"@id":"https:\/\/yakutta.com\/product\/refined-olive-oil\/#local-main-organization-logo"},"image":{"@id":"https:\/\/yakutta.com\/product\/refined-olive-oil\/#local-main-organization-logo"},"telephone":[],"openingHoursSpecification":[{"@type":"OpeningHoursSpecification","dayOfWeek":["Monday","Tuesday","Wednesday","Thursday","Friday","Saturday","Sunday"],"opens":"09:00","closes":"17:00"}]},{"@type":"ImageObject","inLanguage":"es","@id":"https:\/\/yakutta.com\/product\/refined-olive-oil\/#local-main-organization-logo","url":"https:\/\/yakutta.com\/wp-content\/uploads\/2025\/04\/cropped-yakutta-icon-no-bg-2-2.png","contentUrl":"https:\/\/yakutta.com\/wp-content\/uploads\/2025\/04\/cropped-yakutta-icon-no-bg-2-2.png","width":512,"height":512,"caption":"Yakutta"}]}},"_links":{"self":[{"href":"https:\/\/yakutta.com\/es\/wp-json\/wp\/v2\/product\/20093","targetHints":{"allow":["GET"]}}],"collection":[{"href":"https:\/\/yakutta.com\/es\/wp-json\/wp\/v2\/product"}],"about":[{"href":"https:\/\/yakutta.com\/es\/wp-json\/wp\/v2\/types\/product"}],"replies":[{"embeddable":true,"href":"https:\/\/yakutta.com\/es\/wp-json\/wp\/v2\/comments?post=20093"}],"wp:featuredmedia":[{"embeddable":true,"href":"https:\/\/yakutta.com\/es\/wp-json\/wp\/v2\/media\/28528"}],"wp:attachment":[{"href":"https:\/\/yakutta.com\/es\/wp-json\/wp\/v2\/media?parent=20093"}],"wp:term":[{"taxonomy":"product_brand","embeddable":true,"href":"https:\/\/yakutta.com\/es\/wp-json\/wp\/v2\/product_brand?post=20093"},{"taxonomy":"product_cat","embeddable":true,"href":"https:\/\/yakutta.com\/es\/wp-json\/wp\/v2\/product_cat?post=20093"},{"taxonomy":"product_tag","embeddable":true,"href":"https:\/\/yakutta.com\/es\/wp-json\/wp\/v2\/product_tag?post=20093"}],"curies":[{"name":"wp","href":"https:\/\/api.w.org\/{rel}","templated":true}]}}