{"id":20092,"date":"2025-11-18T00:12:00","date_gmt":"2025-11-18T00:12:00","guid":{"rendered":"https:\/\/yakutta.com\/?post_type=product&#038;p=20092"},"modified":"2026-03-14T00:15:23","modified_gmt":"2026-03-14T00:15:23","slug":"aceite-de-orujo-de-oliva","status":"publish","type":"product","link":"https:\/\/yakutta.com\/es\/producto\/aceite-de-orujo-de-oliva\/","title":{"rendered":"Olive Pomace Oil"},"content":{"rendered":"<p class=\"text-sm\">El aceite de orujo de oliva de Yakutta est\u00e1 especialmente dise\u00f1ado para fabricantes, grandes empresas y distribuidores mayoristas que necesitan calidad constante sin gastar de m\u00e1s. Nuestro aceite de orujo de oliva est\u00e1 refinado y mezclado expertamente con aceites v\u00edrgenes de alta calidad, asegurando un sabor confiable, un excelente rendimiento al calor y resultados consistentes para la producci\u00f3n a gran escala.<\/p>\n<p class=\"text-sm\">Ofrecemos aceite de orujo de oliva a granel en cantidades flexibles para satisfacer las diversas necesidades de procesadores de alimentos, operaciones de fritura, fabricantes de snacks, productores de cosm\u00e9ticos y marcas de etiqueta privada. Cada lote pasa por pruebas rigurosas de pureza, estabilidad a la oxidaci\u00f3n y rendimiento, lo que lo convierte en la opci\u00f3n perfecta para empresas que dependen de resultados consistentes.<\/p>\n<p class=\"text-sm\">Yakutta est\u00e1 aqu\u00ed para apoyar a los compradores internacionales con log\u00edstica segura, documentaci\u00f3n clara y opciones de embalaje adaptadas para uso industrial. Con nuestro aceite de orujo de oliva, obtiene una soluci\u00f3n confiable y rentable que mantiene sus l\u00edneas de producci\u00f3n funcionando sin problemas mientras asegura una calidad de producto de primer nivel.<\/p>","protected":false},"excerpt":{"rendered":"<p class=\"\" data-start=\"0\" data-end=\"341\">El aceite de orujo de oliva de Yakutta es una opci\u00f3n confiable para fabricantes, mayoristas y grandes empresas. Nuestro aceite de orujo de oliva garantiza un rendimiento constante y un gran valor para quienes est\u00e1n involucrados en la producci\u00f3n a gran escala. Ofrecido en envases a granel, es perfecto para el procesamiento de alimentos, la fritura, los cosm\u00e9ticos y los productos de marca blanca. Es una soluci\u00f3n estable y rentable dise\u00f1ada para satisfacer las necesidades industriales.<\/p>\n<p class=\"\" data-start=\"0\" data-end=\"341\">Ofrecemos opciones a granel flexibles para que pueda seleccionar exactamente lo que se adapte a sus necesidades.<\/p>\n<ul>\n<li data-start=\"0\" data-end=\"341\" class=\"translation-block\"><strong data-start=\"376\" data-end=\"391\">Volumen medio<\/strong> : 50L, 100L, 200L<\/li>\n<li data-start=\"0\" data-end=\"341\" class=\"translation-block\"><strong data-start=\"413\" data-end=\"427\">Gran volumen<\/strong> : 500L, 1000L<\/li>\n<li data-start=\"0\" data-end=\"341\"><strong>Granel al por mayor: 5.000 L \u2013 25.000 L <\/strong><\/li>\n<\/ul>\n<p class=\"\" data-start=\"0\" data-end=\"341\">Nuestro aceite de orujo de oliva se produce con rigurosos controles de calidad para garantizar la consistencia de un lote a otro. Ya sea que lo utilice para mezclas, embotellado o como un ingrediente clave en su proceso de fabricaci\u00f3n, las empresas conf\u00edan en nosotros por nuestra cadena de suministro confiable, precios competitivos y soporte dedicado para pedidos continuos.<\/p>\n<p class=\"translation-block\" data-start=\"0\" data-end=\"341\">Enviamos todos los tama\u00f1os a trav\u00e9s de <strong>transporte terrestre<\/strong> o <strong>flete mar\u00edtimo<\/strong>, asegurando que cada pedido de aceite de orujo de oliva a granel llegue de manera segura y a tiempo. Adem\u00e1s, dado que tenemos experiencia en la selecci\u00f3n de aceitunas premium, siempre puede contar con recibir el mejor aceite de orujo de oliva para sus productos.<\/p>","protected":false},"featured_media":33226,"comment_status":"open","ping_status":"closed","template":"","meta":[],"product_brand":[],"product_cat":[74],"product_tag":[125,113,123,124],"class_list":{"0":"post-20092","1":"product","2":"type-product","3":"status-publish","4":"has-post-thumbnail","6":"product_cat-organic-oils-wholesale-products","7":"product_tag-bulk-pomace-olive-oil","8":"product_tag-olive-oil","9":"product_tag-olive-pomace-oil","10":"product_tag-pomace-olive-oil","12":"first","13":"instock","14":"shipping-taxable","15":"product-type-simple"},"yoast_head":"<!-- This site is optimized with the Yoast SEO Premium plugin v26.6 (Yoast SEO v27.6) - https:\/\/yoast.com\/product\/yoast-seo-premium-wordpress\/ -->\n<title>Olive Pomace Oil - Bulk Supply &amp; Exporter<\/title>\n<meta name=\"description\" content=\"Discover premium bulk olive pomace oil for your business. Secure high-quality olive oil with consistent flavor and scalable wholesale options.\" \/>\n<meta name=\"robots\" content=\"index, follow, max-snippet:-1, max-image-preview:large, max-video-preview:-1\" \/>\n<link rel=\"canonical\" href=\"https:\/\/yakutta.com\/es\/producto\/aceite-de-orujo-de-oliva\/\" \/>\n<meta property=\"og:locale\" content=\"es_ES\" \/>\n<meta property=\"og:type\" content=\"article\" \/>\n<meta property=\"og:title\" content=\"Olive Pomace Oil\" \/>\n<meta property=\"og:description\" content=\"Discover premium bulk olive pomace oil for your business. Secure high-quality olive oil with consistent flavor and scalable wholesale options.\" \/>\n<meta property=\"og:url\" content=\"https:\/\/yakutta.com\/es\/producto\/aceite-de-orujo-de-oliva\/\" \/>\n<meta property=\"og:site_name\" content=\"Yakutta\" \/>\n<meta property=\"article:modified_time\" content=\"2026-03-14T00:15:23+00:00\" \/>\n<meta property=\"og:image\" content=\"https:\/\/yakutta.com\/wp-content\/uploads\/2025\/11\/Olive-Pomace-Oil-1.png\" \/>\n\t<meta property=\"og:image:width\" content=\"484\" \/>\n\t<meta property=\"og:image:height\" content=\"484\" \/>\n\t<meta property=\"og:image:type\" content=\"image\/png\" \/>\n<meta name=\"twitter:card\" content=\"summary_large_image\" \/>\n<meta name=\"twitter:label1\" content=\"Tiempo de lectura\" \/>\n\t<meta name=\"twitter:data1\" content=\"1 minuto\" \/>\n<script type=\"application\/ld+json\" class=\"yoast-schema-graph\">{\"@context\":\"https:\\\/\\\/schema.org\",\"@graph\":[{\"@type\":\"WebPage\",\"@id\":\"https:\\\/\\\/yakutta.com\\\/product\\\/olive-pomace-oil\\\/\",\"url\":\"https:\\\/\\\/yakutta.com\\\/product\\\/olive-pomace-oil\\\/\",\"name\":\"Olive Pomace Oil - Bulk Supply & Exporter\",\"isPartOf\":{\"@id\":\"https:\\\/\\\/yakutta.com\\\/#website\"},\"primaryImageOfPage\":{\"@id\":\"https:\\\/\\\/yakutta.com\\\/product\\\/olive-pomace-oil\\\/#primaryimage\"},\"image\":{\"@id\":\"https:\\\/\\\/yakutta.com\\\/product\\\/olive-pomace-oil\\\/#primaryimage\"},\"thumbnailUrl\":\"https:\\\/\\\/yakutta.com\\\/wp-content\\\/uploads\\\/2025\\\/11\\\/Olive-Pomace-Oil-1.png\",\"datePublished\":\"2025-11-18T00:12:00+00:00\",\"dateModified\":\"2026-03-14T00:15:23+00:00\",\"description\":\"Discover premium bulk olive pomace oil for your business. Secure high-quality olive oil with consistent flavor and scalable wholesale options.\",\"breadcrumb\":{\"@id\":\"https:\\\/\\\/yakutta.com\\\/product\\\/olive-pomace-oil\\\/#breadcrumb\"},\"inLanguage\":\"es\",\"potentialAction\":[{\"@type\":\"ReadAction\",\"target\":[\"https:\\\/\\\/yakutta.com\\\/product\\\/olive-pomace-oil\\\/\"]}]},{\"@type\":\"ImageObject\",\"inLanguage\":\"es\",\"@id\":\"https:\\\/\\\/yakutta.com\\\/product\\\/olive-pomace-oil\\\/#primaryimage\",\"url\":\"https:\\\/\\\/yakutta.com\\\/wp-content\\\/uploads\\\/2025\\\/11\\\/Olive-Pomace-Oil-1.png\",\"contentUrl\":\"https:\\\/\\\/yakutta.com\\\/wp-content\\\/uploads\\\/2025\\\/11\\\/Olive-Pomace-Oil-1.png\",\"width\":484,\"height\":484,\"caption\":\"Olive-Pomace-Oil\"},{\"@type\":\"BreadcrumbList\",\"@id\":\"https:\\\/\\\/yakutta.com\\\/product\\\/olive-pomace-oil\\\/#breadcrumb\",\"itemListElement\":[{\"@type\":\"ListItem\",\"position\":1,\"name\":\"Home\",\"item\":\"https:\\\/\\\/yakutta.com\\\/\"},{\"@type\":\"ListItem\",\"position\":2,\"name\":\"Shop\",\"item\":\"https:\\\/\\\/yakutta.com\\\/shop\\\/\"},{\"@type\":\"ListItem\",\"position\":3,\"name\":\"Olive Pomace Oil\"}]},{\"@type\":\"WebSite\",\"@id\":\"https:\\\/\\\/yakutta.com\\\/#website\",\"url\":\"https:\\\/\\\/yakutta.com\\\/\",\"name\":\"Yakutta\",\"description\":\"Oils Wholesale | Organic &amp; Essential Oils Wholesale\",\"publisher\":{\"@id\":\"https:\\\/\\\/yakutta.com\\\/#organization\"},\"potentialAction\":[{\"@type\":\"SearchAction\",\"target\":{\"@type\":\"EntryPoint\",\"urlTemplate\":\"https:\\\/\\\/yakutta.com\\\/?s={search_term_string}\"},\"query-input\":{\"@type\":\"PropertyValueSpecification\",\"valueRequired\":true,\"valueName\":\"search_term_string\"}}],\"inLanguage\":\"es\"},{\"@type\":[\"Organization\",\"Place\"],\"@id\":\"https:\\\/\\\/yakutta.com\\\/#organization\",\"name\":\"Yakutta\",\"url\":\"https:\\\/\\\/yakutta.com\\\/\",\"logo\":{\"@id\":\"https:\\\/\\\/yakutta.com\\\/product\\\/olive-pomace-oil\\\/#local-main-organization-logo\"},\"image\":{\"@id\":\"https:\\\/\\\/yakutta.com\\\/product\\\/olive-pomace-oil\\\/#local-main-organization-logo\"},\"telephone\":[],\"openingHoursSpecification\":[{\"@type\":\"OpeningHoursSpecification\",\"dayOfWeek\":[\"Monday\",\"Tuesday\",\"Wednesday\",\"Thursday\",\"Friday\",\"Saturday\",\"Sunday\"],\"opens\":\"09:00\",\"closes\":\"17:00\"}]},{\"@type\":\"ImageObject\",\"inLanguage\":\"es\",\"@id\":\"https:\\\/\\\/yakutta.com\\\/product\\\/olive-pomace-oil\\\/#local-main-organization-logo\",\"url\":\"https:\\\/\\\/yakutta.com\\\/wp-content\\\/uploads\\\/2025\\\/04\\\/cropped-yakutta-icon-no-bg-2-2.png\",\"contentUrl\":\"https:\\\/\\\/yakutta.com\\\/wp-content\\\/uploads\\\/2025\\\/04\\\/cropped-yakutta-icon-no-bg-2-2.png\",\"width\":512,\"height\":512,\"caption\":\"Yakutta\"}]}<\/script>\n<!-- \/ Yoast SEO Premium plugin. -->","yoast_head_json":{"title":"Olive Pomace Oil - Bulk Supply & Exporter","description":"Discover premium bulk olive pomace oil for your business. Secure high-quality olive oil with consistent flavor and scalable wholesale options.","robots":{"index":"index","follow":"follow","max-snippet":"max-snippet:-1","max-image-preview":"max-image-preview:large","max-video-preview":"max-video-preview:-1"},"canonical":"https:\/\/yakutta.com\/es\/producto\/aceite-de-orujo-de-oliva\/","og_locale":"es_ES","og_type":"article","og_title":"Olive Pomace Oil","og_description":"Discover premium bulk olive pomace oil for your business. Secure high-quality olive oil with consistent flavor and scalable wholesale options.","og_url":"https:\/\/yakutta.com\/es\/producto\/aceite-de-orujo-de-oliva\/","og_site_name":"Yakutta","article_modified_time":"2026-03-14T00:15:23+00:00","og_image":[{"width":484,"height":484,"url":"https:\/\/yakutta.com\/wp-content\/uploads\/2025\/11\/Olive-Pomace-Oil-1.png","type":"image\/png"}],"twitter_card":"summary_large_image","twitter_misc":{"Tiempo de lectura":"1 minuto"},"schema":{"@context":"https:\/\/schema.org","@graph":[{"@type":"WebPage","@id":"https:\/\/yakutta.com\/product\/olive-pomace-oil\/","url":"https:\/\/yakutta.com\/product\/olive-pomace-oil\/","name":"Olive Pomace Oil - Bulk Supply & Exporter","isPartOf":{"@id":"https:\/\/yakutta.com\/#website"},"primaryImageOfPage":{"@id":"https:\/\/yakutta.com\/product\/olive-pomace-oil\/#primaryimage"},"image":{"@id":"https:\/\/yakutta.com\/product\/olive-pomace-oil\/#primaryimage"},"thumbnailUrl":"https:\/\/yakutta.com\/wp-content\/uploads\/2025\/11\/Olive-Pomace-Oil-1.png","datePublished":"2025-11-18T00:12:00+00:00","dateModified":"2026-03-14T00:15:23+00:00","description":"Discover premium bulk olive pomace oil for your business. Secure high-quality olive oil with consistent flavor and scalable wholesale options.","breadcrumb":{"@id":"https:\/\/yakutta.com\/product\/olive-pomace-oil\/#breadcrumb"},"inLanguage":"es","potentialAction":[{"@type":"ReadAction","target":["https:\/\/yakutta.com\/product\/olive-pomace-oil\/"]}]},{"@type":"ImageObject","inLanguage":"es","@id":"https:\/\/yakutta.com\/product\/olive-pomace-oil\/#primaryimage","url":"https:\/\/yakutta.com\/wp-content\/uploads\/2025\/11\/Olive-Pomace-Oil-1.png","contentUrl":"https:\/\/yakutta.com\/wp-content\/uploads\/2025\/11\/Olive-Pomace-Oil-1.png","width":484,"height":484,"caption":"Olive-Pomace-Oil"},{"@type":"BreadcrumbList","@id":"https:\/\/yakutta.com\/product\/olive-pomace-oil\/#breadcrumb","itemListElement":[{"@type":"ListItem","position":1,"name":"Home","item":"https:\/\/yakutta.com\/"},{"@type":"ListItem","position":2,"name":"Shop","item":"https:\/\/yakutta.com\/shop\/"},{"@type":"ListItem","position":3,"name":"Olive Pomace Oil"}]},{"@type":"WebSite","@id":"https:\/\/yakutta.com\/#website","url":"https:\/\/yakutta.com\/","name":"Yakutta","description":"Aceites al por mayor | Aceites org\u00e1nicos y esenciales al por mayor","publisher":{"@id":"https:\/\/yakutta.com\/#organization"},"potentialAction":[{"@type":"SearchAction","target":{"@type":"EntryPoint","urlTemplate":"https:\/\/yakutta.com\/?s={search_term_string}"},"query-input":{"@type":"PropertyValueSpecification","valueRequired":true,"valueName":"search_term_string"}}],"inLanguage":"es"},{"@type":["Organization","Place"],"@id":"https:\/\/yakutta.com\/#organization","name":"Yakutta","url":"https:\/\/yakutta.com\/","logo":{"@id":"https:\/\/yakutta.com\/product\/olive-pomace-oil\/#local-main-organization-logo"},"image":{"@id":"https:\/\/yakutta.com\/product\/olive-pomace-oil\/#local-main-organization-logo"},"telephone":[],"openingHoursSpecification":[{"@type":"OpeningHoursSpecification","dayOfWeek":["Monday","Tuesday","Wednesday","Thursday","Friday","Saturday","Sunday"],"opens":"09:00","closes":"17:00"}]},{"@type":"ImageObject","inLanguage":"es","@id":"https:\/\/yakutta.com\/product\/olive-pomace-oil\/#local-main-organization-logo","url":"https:\/\/yakutta.com\/wp-content\/uploads\/2025\/04\/cropped-yakutta-icon-no-bg-2-2.png","contentUrl":"https:\/\/yakutta.com\/wp-content\/uploads\/2025\/04\/cropped-yakutta-icon-no-bg-2-2.png","width":512,"height":512,"caption":"Yakutta"}]}},"_links":{"self":[{"href":"https:\/\/yakutta.com\/es\/wp-json\/wp\/v2\/product\/20092","targetHints":{"allow":["GET"]}}],"collection":[{"href":"https:\/\/yakutta.com\/es\/wp-json\/wp\/v2\/product"}],"about":[{"href":"https:\/\/yakutta.com\/es\/wp-json\/wp\/v2\/types\/product"}],"replies":[{"embeddable":true,"href":"https:\/\/yakutta.com\/es\/wp-json\/wp\/v2\/comments?post=20092"}],"wp:featuredmedia":[{"embeddable":true,"href":"https:\/\/yakutta.com\/es\/wp-json\/wp\/v2\/media\/33226"}],"wp:attachment":[{"href":"https:\/\/yakutta.com\/es\/wp-json\/wp\/v2\/media?parent=20092"}],"wp:term":[{"taxonomy":"product_brand","embeddable":true,"href":"https:\/\/yakutta.com\/es\/wp-json\/wp\/v2\/product_brand?post=20092"},{"taxonomy":"product_cat","embeddable":true,"href":"https:\/\/yakutta.com\/es\/wp-json\/wp\/v2\/product_cat?post=20092"},{"taxonomy":"product_tag","embeddable":true,"href":"https:\/\/yakutta.com\/es\/wp-json\/wp\/v2\/product_tag?post=20092"}],"curies":[{"name":"wp","href":"https:\/\/api.w.org\/{rel}","templated":true}]}}