{"id":20090,"date":"2025-11-17T22:24:21","date_gmt":"2025-11-17T22:24:21","guid":{"rendered":"https:\/\/yakutta.com\/?post_type=product&#038;p=20090"},"modified":"2026-01-27T11:43:47","modified_gmt":"2026-01-27T11:43:47","slug":"aceite-de-oliva-virgen-extra-a-granel","status":"publish","type":"product","link":"https:\/\/yakutta.com\/es\/producto\/aceite-de-oliva-virgen-extra-a-granel\/","title":{"rendered":"Aceite de oliva virgen extra"},"content":{"rendered":"<p class=\"text-sm\">Experimente la calidad excepcional de nuestro aceite de oliva virgen extra a granel, elaborado tanto para uso comercial como personal. Obtenido de aceitunas cultivadas de manera sostenible, ofrece un aroma rico, un sabor equilibrado y una frescura notable, perfecto para chefs, marcas de bienestar y consumidores conscientes de la calidad. Ya sea que est\u00e9 creando platos gourmet, formulando productos o mejorando el cuidado de la piel, nuestro AOVE garantiza resultados superiores y consistentes.<\/p>\n<p class=\"text-sm\">Para las empresas, ofrecemos soluciones de abastecimiento escalables y eficientes. Nuestras opciones a granel brindan a fabricantes, distribuidores y chefs acceso a aceite de oliva premium a precios competitivos. Es ideal para la producci\u00f3n a gran escala, el procesamiento de alimentos o l\u00edneas de belleza y bienestar de alta gama. Con certificaciones de abastecimiento \u00e9tico y sostenible, es una opci\u00f3n perfecta para marcas comprometidas con la excelencia.<\/p>\n<p class=\"text-sm\">Para los particulares, nuestro AOVE aporta versatilidad a su cocina y m\u00e1s all\u00e1. Su sabor audaz realza la cocina, los aderezos y los dips, mientras que su perfil rico en nutrientes respalda las rutinas naturales de cuidado de la piel.<\/p>\n<p class=\"text-sm\">Whether for commercial needs or home use, our pure extra virgin olive oil delivers unmatched quality, sustainability, and value. Elevate your products, dishes, and lifestyle with our premium EVOO.<\/p>","protected":false},"excerpt":{"rendered":"<p class=\"\" data-start=\"0\" data-end=\"341\">Discover the exceptional quality and convenience of our best extra virgin olive oil, crafted for both businesses who appreciate great flavor and consistent purity. Our olive oil is smooth, fresh, and packed with natural nutrients. It is ideal for cooking, food production, skincare formulations, or wellness applications.<\/p>\n<p class=\"\" data-start=\"0\" data-end=\"341\">Ofrecemos opciones a granel flexibles para que pueda seleccionar exactamente lo que se adapte a sus necesidades.<\/p>\n<ul>\n<li data-start=\"0\" data-end=\"341\" class=\"translation-block\"><strong data-start=\"376\" data-end=\"391\">Volumen medio<\/strong> : 50L, 100L, 200L<\/li>\n<li data-start=\"0\" data-end=\"341\" class=\"translation-block\"><strong data-start=\"413\" data-end=\"427\">Gran volumen<\/strong> : 500L, 1000L<\/li>\n<li data-start=\"0\" data-end=\"341\"><strong>Granel al por mayor: 5.000 L \u2013 25.000 L <\/strong><\/li>\n<\/ul>\n<p class=\"\" data-start=\"0\" data-end=\"341\">Whether you run a small shop or a large manufacturing operation, our wholesale solutions for <span class=\"\">olive oil extra virgin <\/span>ensures reliable quality with every order. Food brands trust us for our EVOO clean taste, while skincare creators love its gentle, nourishing properties.<\/p>\n<p class=\"translation-block\" data-start=\"0\" data-end=\"341\">Enviamos todos los tama\u00f1os a trav\u00e9s de <strong>transporte terrestre<\/strong> o <strong>flete mar\u00edtimo<\/strong>, asegurando que cada pedido de aceite de oliva a granel llegue de manera segura y a tiempo. Adem\u00e1s, dado que tenemos experiencia en la selecci\u00f3n de aceitunas premium, siempre puede contar con recibir el mejor AOVE para sus productos.<\/p>","protected":false},"featured_media":26455,"comment_status":"open","ping_status":"closed","template":"","meta":[],"product_brand":[],"product_cat":[74],"product_tag":[112,114,117,116,115,113],"class_list":{"0":"post-20090","1":"product","2":"type-product","3":"status-publish","4":"has-post-thumbnail","6":"product_cat-organic-oils-wholesale-products","7":"product_tag-bulk-extra-virgin-olive-oil","8":"product_tag-evoo","9":"product_tag-evoo-oil","10":"product_tag-extra-virgin-olive-oil","11":"product_tag-extra-virgin-olive-oil-in-bulk","12":"product_tag-olive-oil","14":"first","15":"instock","16":"shipping-taxable","17":"product-type-simple"},"yoast_head":"<!-- This site is optimized with the Yoast SEO Premium plugin v26.6 (Yoast SEO v27.4) - https:\/\/yoast.com\/product\/yoast-seo-premium-wordpress\/ -->\n<title>Extra virgin olive oil<\/title>\n<meta name=\"description\" content=\"Discover premium bulk extra virgin olive oil for your business. Secure high-quality olive oil extra virgin with consistent flavor and scalable wholesale options.\" \/>\n<meta name=\"robots\" content=\"index, follow, max-snippet:-1, max-image-preview:large, max-video-preview:-1\" \/>\n<link rel=\"canonical\" href=\"https:\/\/yakutta.com\/es\/producto\/aceite-de-oliva-virgen-extra-a-granel\/\" \/>\n<meta property=\"og:locale\" content=\"es_ES\" \/>\n<meta property=\"og:type\" content=\"article\" \/>\n<meta property=\"og:title\" content=\"Extra Virgin Olive Oil\" \/>\n<meta property=\"og:description\" content=\"Discover premium bulk extra virgin olive oil for your business. Secure high-quality olive oil extra virgin with consistent flavor and scalable wholesale options.\" \/>\n<meta property=\"og:url\" content=\"https:\/\/yakutta.com\/es\/producto\/aceite-de-oliva-virgen-extra-a-granel\/\" \/>\n<meta property=\"og:site_name\" content=\"Yakutta\" \/>\n<meta property=\"article:modified_time\" content=\"2026-01-27T11:43:47+00:00\" \/>\n<meta property=\"og:image\" content=\"https:\/\/yakutta.com\/wp-content\/uploads\/2026\/01\/extra-virgin-olive-oil-packaging.webp\" \/>\n\t<meta property=\"og:image:width\" content=\"1024\" \/>\n\t<meta property=\"og:image:height\" content=\"1024\" \/>\n\t<meta property=\"og:image:type\" content=\"image\/webp\" \/>\n<meta name=\"twitter:card\" content=\"summary_large_image\" \/>\n<meta name=\"twitter:label1\" content=\"Tiempo de lectura\" \/>\n\t<meta name=\"twitter:data1\" content=\"1 minuto\" \/>\n<script type=\"application\/ld+json\" class=\"yoast-schema-graph\">{\"@context\":\"https:\\\/\\\/schema.org\",\"@graph\":[{\"@type\":\"WebPage\",\"@id\":\"https:\\\/\\\/yakutta.com\\\/product\\\/bulk-extra-virgin-olive-oil\\\/\",\"url\":\"https:\\\/\\\/yakutta.com\\\/product\\\/bulk-extra-virgin-olive-oil\\\/\",\"name\":\"Extra virgin olive oil\",\"isPartOf\":{\"@id\":\"https:\\\/\\\/yakutta.com\\\/#website\"},\"primaryImageOfPage\":{\"@id\":\"https:\\\/\\\/yakutta.com\\\/product\\\/bulk-extra-virgin-olive-oil\\\/#primaryimage\"},\"image\":{\"@id\":\"https:\\\/\\\/yakutta.com\\\/product\\\/bulk-extra-virgin-olive-oil\\\/#primaryimage\"},\"thumbnailUrl\":\"https:\\\/\\\/yakutta.com\\\/wp-content\\\/uploads\\\/2026\\\/01\\\/extra-virgin-olive-oil-packaging.webp\",\"datePublished\":\"2025-11-17T22:24:21+00:00\",\"dateModified\":\"2026-01-27T11:43:47+00:00\",\"description\":\"Discover premium bulk extra virgin olive oil for your business. Secure high-quality olive oil extra virgin with consistent flavor and scalable wholesale options.\",\"breadcrumb\":{\"@id\":\"https:\\\/\\\/yakutta.com\\\/product\\\/bulk-extra-virgin-olive-oil\\\/#breadcrumb\"},\"inLanguage\":\"es\",\"potentialAction\":[{\"@type\":\"ReadAction\",\"target\":[\"https:\\\/\\\/yakutta.com\\\/product\\\/bulk-extra-virgin-olive-oil\\\/\"]}]},{\"@type\":\"ImageObject\",\"inLanguage\":\"es\",\"@id\":\"https:\\\/\\\/yakutta.com\\\/product\\\/bulk-extra-virgin-olive-oil\\\/#primaryimage\",\"url\":\"https:\\\/\\\/yakutta.com\\\/wp-content\\\/uploads\\\/2026\\\/01\\\/extra-virgin-olive-oil-packaging.webp\",\"contentUrl\":\"https:\\\/\\\/yakutta.com\\\/wp-content\\\/uploads\\\/2026\\\/01\\\/extra-virgin-olive-oil-packaging.webp\",\"width\":1024,\"height\":1024,\"caption\":\"extra virgin olive oil packaging\"},{\"@type\":\"BreadcrumbList\",\"@id\":\"https:\\\/\\\/yakutta.com\\\/product\\\/bulk-extra-virgin-olive-oil\\\/#breadcrumb\",\"itemListElement\":[{\"@type\":\"ListItem\",\"position\":1,\"name\":\"Home\",\"item\":\"https:\\\/\\\/yakutta.com\\\/\"},{\"@type\":\"ListItem\",\"position\":2,\"name\":\"Shop\",\"item\":\"https:\\\/\\\/yakutta.com\\\/shop\\\/\"},{\"@type\":\"ListItem\",\"position\":3,\"name\":\"Extra Virgin Olive Oil\"}]},{\"@type\":\"WebSite\",\"@id\":\"https:\\\/\\\/yakutta.com\\\/#website\",\"url\":\"https:\\\/\\\/yakutta.com\\\/\",\"name\":\"Yakutta\",\"description\":\"Oils Wholesale | Organic &amp; Essential Oils Wholesale\",\"publisher\":{\"@id\":\"https:\\\/\\\/yakutta.com\\\/#organization\"},\"potentialAction\":[{\"@type\":\"SearchAction\",\"target\":{\"@type\":\"EntryPoint\",\"urlTemplate\":\"https:\\\/\\\/yakutta.com\\\/?s={search_term_string}\"},\"query-input\":{\"@type\":\"PropertyValueSpecification\",\"valueRequired\":true,\"valueName\":\"search_term_string\"}}],\"inLanguage\":\"es\"},{\"@type\":[\"Organization\",\"Place\"],\"@id\":\"https:\\\/\\\/yakutta.com\\\/#organization\",\"name\":\"Yakutta\",\"url\":\"https:\\\/\\\/yakutta.com\\\/\",\"logo\":{\"@id\":\"https:\\\/\\\/yakutta.com\\\/product\\\/bulk-extra-virgin-olive-oil\\\/#local-main-organization-logo\"},\"image\":{\"@id\":\"https:\\\/\\\/yakutta.com\\\/product\\\/bulk-extra-virgin-olive-oil\\\/#local-main-organization-logo\"},\"telephone\":[],\"openingHoursSpecification\":[{\"@type\":\"OpeningHoursSpecification\",\"dayOfWeek\":[\"Monday\",\"Tuesday\",\"Wednesday\",\"Thursday\",\"Friday\",\"Saturday\",\"Sunday\"],\"opens\":\"09:00\",\"closes\":\"17:00\"}]},{\"@type\":\"ImageObject\",\"inLanguage\":\"es\",\"@id\":\"https:\\\/\\\/yakutta.com\\\/product\\\/bulk-extra-virgin-olive-oil\\\/#local-main-organization-logo\",\"url\":\"https:\\\/\\\/yakutta.com\\\/wp-content\\\/uploads\\\/2025\\\/04\\\/cropped-yakutta-icon-no-bg-2-2.png\",\"contentUrl\":\"https:\\\/\\\/yakutta.com\\\/wp-content\\\/uploads\\\/2025\\\/04\\\/cropped-yakutta-icon-no-bg-2-2.png\",\"width\":512,\"height\":512,\"caption\":\"Yakutta\"}]}<\/script>\n<!-- \/ Yoast SEO Premium plugin. -->","yoast_head_json":{"title":"Extra virgin olive oil","description":"Discover premium bulk extra virgin olive oil for your business. Secure high-quality olive oil extra virgin with consistent flavor and scalable wholesale options.","robots":{"index":"index","follow":"follow","max-snippet":"max-snippet:-1","max-image-preview":"max-image-preview:large","max-video-preview":"max-video-preview:-1"},"canonical":"https:\/\/yakutta.com\/es\/producto\/aceite-de-oliva-virgen-extra-a-granel\/","og_locale":"es_ES","og_type":"article","og_title":"Extra Virgin Olive Oil","og_description":"Discover premium bulk extra virgin olive oil for your business. Secure high-quality olive oil extra virgin with consistent flavor and scalable wholesale options.","og_url":"https:\/\/yakutta.com\/es\/producto\/aceite-de-oliva-virgen-extra-a-granel\/","og_site_name":"Yakutta","article_modified_time":"2026-01-27T11:43:47+00:00","og_image":[{"width":1024,"height":1024,"url":"https:\/\/yakutta.com\/wp-content\/uploads\/2026\/01\/extra-virgin-olive-oil-packaging.webp","type":"image\/webp"}],"twitter_card":"summary_large_image","twitter_misc":{"Tiempo de lectura":"1 minuto"},"schema":{"@context":"https:\/\/schema.org","@graph":[{"@type":"WebPage","@id":"https:\/\/yakutta.com\/product\/bulk-extra-virgin-olive-oil\/","url":"https:\/\/yakutta.com\/product\/bulk-extra-virgin-olive-oil\/","name":"Extra virgin olive oil","isPartOf":{"@id":"https:\/\/yakutta.com\/#website"},"primaryImageOfPage":{"@id":"https:\/\/yakutta.com\/product\/bulk-extra-virgin-olive-oil\/#primaryimage"},"image":{"@id":"https:\/\/yakutta.com\/product\/bulk-extra-virgin-olive-oil\/#primaryimage"},"thumbnailUrl":"https:\/\/yakutta.com\/wp-content\/uploads\/2026\/01\/extra-virgin-olive-oil-packaging.webp","datePublished":"2025-11-17T22:24:21+00:00","dateModified":"2026-01-27T11:43:47+00:00","description":"Discover premium bulk extra virgin olive oil for your business. Secure high-quality olive oil extra virgin with consistent flavor and scalable wholesale options.","breadcrumb":{"@id":"https:\/\/yakutta.com\/product\/bulk-extra-virgin-olive-oil\/#breadcrumb"},"inLanguage":"es","potentialAction":[{"@type":"ReadAction","target":["https:\/\/yakutta.com\/product\/bulk-extra-virgin-olive-oil\/"]}]},{"@type":"ImageObject","inLanguage":"es","@id":"https:\/\/yakutta.com\/product\/bulk-extra-virgin-olive-oil\/#primaryimage","url":"https:\/\/yakutta.com\/wp-content\/uploads\/2026\/01\/extra-virgin-olive-oil-packaging.webp","contentUrl":"https:\/\/yakutta.com\/wp-content\/uploads\/2026\/01\/extra-virgin-olive-oil-packaging.webp","width":1024,"height":1024,"caption":"extra virgin olive oil packaging"},{"@type":"BreadcrumbList","@id":"https:\/\/yakutta.com\/product\/bulk-extra-virgin-olive-oil\/#breadcrumb","itemListElement":[{"@type":"ListItem","position":1,"name":"Home","item":"https:\/\/yakutta.com\/"},{"@type":"ListItem","position":2,"name":"Shop","item":"https:\/\/yakutta.com\/shop\/"},{"@type":"ListItem","position":3,"name":"Extra Virgin Olive Oil"}]},{"@type":"WebSite","@id":"https:\/\/yakutta.com\/#website","url":"https:\/\/yakutta.com\/","name":"Yakutta","description":"Aceites al por mayor | Aceites org\u00e1nicos y esenciales al por mayor","publisher":{"@id":"https:\/\/yakutta.com\/#organization"},"potentialAction":[{"@type":"SearchAction","target":{"@type":"EntryPoint","urlTemplate":"https:\/\/yakutta.com\/?s={search_term_string}"},"query-input":{"@type":"PropertyValueSpecification","valueRequired":true,"valueName":"search_term_string"}}],"inLanguage":"es"},{"@type":["Organization","Place"],"@id":"https:\/\/yakutta.com\/#organization","name":"Yakutta","url":"https:\/\/yakutta.com\/","logo":{"@id":"https:\/\/yakutta.com\/product\/bulk-extra-virgin-olive-oil\/#local-main-organization-logo"},"image":{"@id":"https:\/\/yakutta.com\/product\/bulk-extra-virgin-olive-oil\/#local-main-organization-logo"},"telephone":[],"openingHoursSpecification":[{"@type":"OpeningHoursSpecification","dayOfWeek":["Monday","Tuesday","Wednesday","Thursday","Friday","Saturday","Sunday"],"opens":"09:00","closes":"17:00"}]},{"@type":"ImageObject","inLanguage":"es","@id":"https:\/\/yakutta.com\/product\/bulk-extra-virgin-olive-oil\/#local-main-organization-logo","url":"https:\/\/yakutta.com\/wp-content\/uploads\/2025\/04\/cropped-yakutta-icon-no-bg-2-2.png","contentUrl":"https:\/\/yakutta.com\/wp-content\/uploads\/2025\/04\/cropped-yakutta-icon-no-bg-2-2.png","width":512,"height":512,"caption":"Yakutta"}]}},"_links":{"self":[{"href":"https:\/\/yakutta.com\/es\/wp-json\/wp\/v2\/product\/20090","targetHints":{"allow":["GET"]}}],"collection":[{"href":"https:\/\/yakutta.com\/es\/wp-json\/wp\/v2\/product"}],"about":[{"href":"https:\/\/yakutta.com\/es\/wp-json\/wp\/v2\/types\/product"}],"replies":[{"embeddable":true,"href":"https:\/\/yakutta.com\/es\/wp-json\/wp\/v2\/comments?post=20090"}],"wp:featuredmedia":[{"embeddable":true,"href":"https:\/\/yakutta.com\/es\/wp-json\/wp\/v2\/media\/26455"}],"wp:attachment":[{"href":"https:\/\/yakutta.com\/es\/wp-json\/wp\/v2\/media?parent=20090"}],"wp:term":[{"taxonomy":"product_brand","embeddable":true,"href":"https:\/\/yakutta.com\/es\/wp-json\/wp\/v2\/product_brand?post=20090"},{"taxonomy":"product_cat","embeddable":true,"href":"https:\/\/yakutta.com\/es\/wp-json\/wp\/v2\/product_cat?post=20090"},{"taxonomy":"product_tag","embeddable":true,"href":"https:\/\/yakutta.com\/es\/wp-json\/wp\/v2\/product_tag?post=20090"}],"curies":[{"name":"wp","href":"https:\/\/api.w.org\/{rel}","templated":true}]}}