{"id":6523,"date":"2025-04-14T17:25:58","date_gmt":"2025-04-14T17:25:58","guid":{"rendered":"https:\/\/yakutta.com\/?post_type=product&#038;p=6523"},"modified":"2026-02-16T13:17:03","modified_gmt":"2026-02-16T13:17:03","slug":"dattelsirup","status":"publish","type":"product","link":"https:\/\/yakutta.com\/de\/produkt\/dattelsirup\/","title":{"rendered":"Dattelsirup"},"content":{"rendered":"<p data-start=\"169\" data-end=\"448\">Mit einer globalen Pr\u00e4senz in Tunesien, Marokko, dem Vereinigten K\u00f6nigreich und der Schweiz bedient Yakutta stolz Kunden weltweit. Unsere Expertise im Gro\u00dfhandel von Sirup und Marmeladen erm\u00f6glicht es uns, zuverl\u00e4ssige L\u00f6sungen f\u00fcr Distributoren, Einzelh\u00e4ndler und Gastronomiedienstleister anzubieten. Jede Lieferung wird sorgf\u00e4ltig gehandhabt und spiegelt unser Engagement f\u00fcr Qualit\u00e4t und Authentizit\u00e4t wider. Ob Sie Nischenm\u00e4rkte bedienen oder Ihr Produktsortiment erweitern m\u00f6chten \u2013 Yakuttas Dattelsirup Gro\u00dfhandel bietet ein reichhaltiges und geschmackvolles Erlebnis.<\/p>\n<p data-start=\"727\" data-end=\"922\">Hergestellt aus handverlesenen, sonnengetrockneten Datteln, bietet unser Sirup nat\u00fcrliche S\u00fc\u00dfe, intensiven Geschmack und au\u00dfergew\u00f6hnliche Vielseitigkeit. Er ist ideal f\u00fcr Desserts, Getr\u00e4nke, Saucen und herzhafte Rezepte. Mit Yakutta erhalten Sie Zugang zu Dattelsirup Gro\u00dfhandel, der die exotische Essenz Tunesiens mit konstanten internationalen Standards vereint. Arbeiten Sie mit uns zusammen, um Ihren Kunden die goldene Reichhaltigkeit unseres Sirups zu bieten und Premiumqualit\u00e4t in jedem Glas zu gew\u00e4hrleisten.<\/p>","protected":false},"excerpt":{"rendered":"<p>Yakutta konzentriert sich auf Bulk-Dattelsirup, der authentische tunesische Aromen mit au\u00dfergew\u00f6hnlicher Qualit\u00e4t vereint. Ideal f\u00fcr Desserts, Getr\u00e4nke und herzhafte Gerichte, ist unser Bulk-Dattelsirup eine gesunde und vielseitige Wahl f\u00fcr Distributoren und Profik\u00f6che weltweit.<\/p>\n<ul>\n<li data-start=\"413\" data-end=\"449\" class=\"translation-block\"><b>Menge 60.000 kg<\/b><strong> \/ Monat<\/strong><\/li>\n<\/ul>\n<p class=\"translation-block\" data-start=\"535\" data-end=\"847\">Dieses Produkt ist f\u00fcr den Versand per <strong data-start=\"729\" data-end=\"747\">Bodendienst<\/strong> und <strong data-start=\"752\" data-end=\"767\">Seefracht<\/strong> verf\u00fcgbar und bietet flexible und zuverl\u00e4ssige Lieferoptionen f\u00fcr Gro\u00df- und Massenbestellungen.<\/p>","protected":false},"featured_media":31719,"comment_status":"open","ping_status":"closed","template":"","meta":[],"product_brand":[],"product_cat":[103],"product_tag":[92,105,106,100,95,91],"class_list":{"0":"post-6523","1":"product","2":"type-product","3":"status-publish","4":"has-post-thumbnail","6":"product_cat-molasse-jam","7":"product_tag-bulk","8":"product_tag-date","9":"product_tag-molasse","10":"product_tag-tunisia","11":"product_tag-tunisian-date","12":"product_tag-wholesale","14":"first","15":"instock","16":"shipping-taxable","17":"product-type-simple"},"yoast_head":"<!-- This site is optimized with the Yoast SEO Premium plugin v26.6 (Yoast SEO v27.6) - https:\/\/yoast.com\/product\/yoast-seo-premium-wordpress\/ -->\n<title>Date Molasses Wholesale - Bulk supplier - Yakutta<\/title>\n<meta name=\"description\" content=\"Explore Yakutta\u2019s premium bulk date molasses wholesale range, crafted from the finest dates. We serve globally, offering date molasse in bulk for health-conscious consumers and culinary professionals.\" \/>\n<meta name=\"robots\" content=\"index, follow, max-snippet:-1, max-image-preview:large, max-video-preview:-1\" \/>\n<link rel=\"canonical\" href=\"https:\/\/yakutta.com\/de\/produkt\/dattelsirup\/\" \/>\n<meta property=\"og:locale\" content=\"de_DE\" \/>\n<meta property=\"og:type\" content=\"article\" \/>\n<meta property=\"og:title\" content=\"Date Molasse\" \/>\n<meta property=\"og:description\" content=\"Explore Yakutta\u2019s premium bulk date molasses wholesale range, crafted from the finest dates. We serve globally, offering date molasse in bulk for health-conscious consumers and culinary professionals.\" \/>\n<meta property=\"og:url\" content=\"https:\/\/yakutta.com\/de\/produkt\/dattelsirup\/\" \/>\n<meta property=\"og:site_name\" content=\"Yakutta\" \/>\n<meta property=\"article:modified_time\" content=\"2026-02-16T13:17:03+00:00\" \/>\n<meta property=\"og:image\" content=\"https:\/\/yakutta.com\/wp-content\/uploads\/2025\/04\/date-molasses-in-bulk-scaled.webp\" \/>\n\t<meta property=\"og:image:width\" content=\"2560\" \/>\n\t<meta property=\"og:image:height\" content=\"1396\" \/>\n\t<meta property=\"og:image:type\" content=\"image\/webp\" \/>\n<meta name=\"twitter:card\" content=\"summary_large_image\" \/>\n<meta name=\"twitter:label1\" content=\"Gesch\u00e4tzte Lesezeit\" \/>\n\t<meta name=\"twitter:data1\" content=\"1\u00a0Minute\" \/>\n<script type=\"application\/ld+json\" class=\"yoast-schema-graph\">{\"@context\":\"https:\\\/\\\/schema.org\",\"@graph\":[{\"@type\":\"WebPage\",\"@id\":\"https:\\\/\\\/yakutta.com\\\/product\\\/date-molasse\\\/\",\"url\":\"https:\\\/\\\/yakutta.com\\\/product\\\/date-molasse\\\/\",\"name\":\"Date Molasses Wholesale - Bulk supplier - Yakutta\",\"isPartOf\":{\"@id\":\"https:\\\/\\\/yakutta.com\\\/#website\"},\"primaryImageOfPage\":{\"@id\":\"https:\\\/\\\/yakutta.com\\\/product\\\/date-molasse\\\/#primaryimage\"},\"image\":{\"@id\":\"https:\\\/\\\/yakutta.com\\\/product\\\/date-molasse\\\/#primaryimage\"},\"thumbnailUrl\":\"https:\\\/\\\/yakutta.com\\\/wp-content\\\/uploads\\\/2025\\\/04\\\/date-molasses-in-bulk-scaled.webp\",\"datePublished\":\"2025-04-14T17:25:58+00:00\",\"dateModified\":\"2026-02-16T13:17:03+00:00\",\"description\":\"Explore Yakutta\u2019s premium bulk date molasses wholesale range, crafted from the finest dates. We serve globally, offering date molasse in bulk for health-conscious consumers and culinary professionals.\",\"breadcrumb\":{\"@id\":\"https:\\\/\\\/yakutta.com\\\/product\\\/date-molasse\\\/#breadcrumb\"},\"inLanguage\":\"de\",\"potentialAction\":[{\"@type\":\"ReadAction\",\"target\":[\"https:\\\/\\\/yakutta.com\\\/product\\\/date-molasse\\\/\"]}]},{\"@type\":\"ImageObject\",\"inLanguage\":\"de\",\"@id\":\"https:\\\/\\\/yakutta.com\\\/product\\\/date-molasse\\\/#primaryimage\",\"url\":\"https:\\\/\\\/yakutta.com\\\/wp-content\\\/uploads\\\/2025\\\/04\\\/date-molasses-in-bulk-scaled.webp\",\"contentUrl\":\"https:\\\/\\\/yakutta.com\\\/wp-content\\\/uploads\\\/2025\\\/04\\\/date-molasses-in-bulk-scaled.webp\",\"width\":2560,\"height\":1396,\"caption\":\"date molasses in bulk\"},{\"@type\":\"BreadcrumbList\",\"@id\":\"https:\\\/\\\/yakutta.com\\\/product\\\/date-molasse\\\/#breadcrumb\",\"itemListElement\":[{\"@type\":\"ListItem\",\"position\":1,\"name\":\"Home\",\"item\":\"https:\\\/\\\/yakutta.com\\\/\"},{\"@type\":\"ListItem\",\"position\":2,\"name\":\"Shop\",\"item\":\"https:\\\/\\\/yakutta.com\\\/shop\\\/\"},{\"@type\":\"ListItem\",\"position\":3,\"name\":\"Date Molasse\"}]},{\"@type\":\"WebSite\",\"@id\":\"https:\\\/\\\/yakutta.com\\\/#website\",\"url\":\"https:\\\/\\\/yakutta.com\\\/\",\"name\":\"Yakutta\",\"description\":\"Oils Wholesale | Organic &amp; Essential Oils Wholesale\",\"publisher\":{\"@id\":\"https:\\\/\\\/yakutta.com\\\/#organization\"},\"potentialAction\":[{\"@type\":\"SearchAction\",\"target\":{\"@type\":\"EntryPoint\",\"urlTemplate\":\"https:\\\/\\\/yakutta.com\\\/?s={search_term_string}\"},\"query-input\":{\"@type\":\"PropertyValueSpecification\",\"valueRequired\":true,\"valueName\":\"search_term_string\"}}],\"inLanguage\":\"de\"},{\"@type\":[\"Organization\",\"Place\"],\"@id\":\"https:\\\/\\\/yakutta.com\\\/#organization\",\"name\":\"Yakutta\",\"url\":\"https:\\\/\\\/yakutta.com\\\/\",\"logo\":{\"@id\":\"https:\\\/\\\/yakutta.com\\\/product\\\/date-molasse\\\/#local-main-organization-logo\"},\"image\":{\"@id\":\"https:\\\/\\\/yakutta.com\\\/product\\\/date-molasse\\\/#local-main-organization-logo\"},\"telephone\":[],\"openingHoursSpecification\":[{\"@type\":\"OpeningHoursSpecification\",\"dayOfWeek\":[\"Monday\",\"Tuesday\",\"Wednesday\",\"Thursday\",\"Friday\",\"Saturday\",\"Sunday\"],\"opens\":\"09:00\",\"closes\":\"17:00\"}]},{\"@type\":\"ImageObject\",\"inLanguage\":\"de\",\"@id\":\"https:\\\/\\\/yakutta.com\\\/product\\\/date-molasse\\\/#local-main-organization-logo\",\"url\":\"https:\\\/\\\/yakutta.com\\\/wp-content\\\/uploads\\\/2025\\\/04\\\/cropped-yakutta-icon-no-bg-2-2.png\",\"contentUrl\":\"https:\\\/\\\/yakutta.com\\\/wp-content\\\/uploads\\\/2025\\\/04\\\/cropped-yakutta-icon-no-bg-2-2.png\",\"width\":512,\"height\":512,\"caption\":\"Yakutta\"}]}<\/script>\n<!-- \/ Yoast SEO Premium plugin. -->","yoast_head_json":{"title":"Dattelsirup Gro\u00dfhandel \u2013 Bulk-Lieferant \u2013 Yakutta","description":"Entdecken Sie Yakuttas Premium-Sortiment f\u00fcr Dattelsirup Gro\u00dfhandel, hergestellt aus den feinsten Datteln. Wir liefern weltweit und bieten Dattelsirup in Bulk f\u00fcr gesundheitsbewusste Verbraucher und professionelle K\u00f6che.","robots":{"index":"index","follow":"follow","max-snippet":"max-snippet:-1","max-image-preview":"max-image-preview:large","max-video-preview":"max-video-preview:-1"},"canonical":"https:\/\/yakutta.com\/de\/produkt\/dattelsirup\/","og_locale":"de_DE","og_type":"article","og_title":"Date Molasse","og_description":"Explore Yakutta\u2019s premium bulk date molasses wholesale range, crafted from the finest dates. We serve globally, offering date molasse in bulk for health-conscious consumers and culinary professionals.","og_url":"https:\/\/yakutta.com\/de\/produkt\/dattelsirup\/","og_site_name":"Yakutta","article_modified_time":"2026-02-16T13:17:03+00:00","og_image":[{"width":2560,"height":1396,"url":"https:\/\/yakutta.com\/wp-content\/uploads\/2025\/04\/date-molasses-in-bulk-scaled.webp","type":"image\/webp"}],"twitter_card":"summary_large_image","twitter_misc":{"Gesch\u00e4tzte Lesezeit":"1\u00a0Minute"},"schema":{"@context":"https:\/\/schema.org","@graph":[{"@type":"WebPage","@id":"https:\/\/yakutta.com\/product\/date-molasse\/","url":"https:\/\/yakutta.com\/product\/date-molasse\/","name":"Dattelsirup Gro\u00dfhandel \u2013 Bulk-Lieferant \u2013 Yakutta","isPartOf":{"@id":"https:\/\/yakutta.com\/#website"},"primaryImageOfPage":{"@id":"https:\/\/yakutta.com\/product\/date-molasse\/#primaryimage"},"image":{"@id":"https:\/\/yakutta.com\/product\/date-molasse\/#primaryimage"},"thumbnailUrl":"https:\/\/yakutta.com\/wp-content\/uploads\/2025\/04\/date-molasses-in-bulk-scaled.webp","datePublished":"2025-04-14T17:25:58+00:00","dateModified":"2026-02-16T13:17:03+00:00","description":"Entdecken Sie Yakuttas Premium-Sortiment f\u00fcr Dattelsirup Gro\u00dfhandel, hergestellt aus den feinsten Datteln. Wir liefern weltweit und bieten Dattelsirup in Bulk f\u00fcr gesundheitsbewusste Verbraucher und professionelle K\u00f6che.","breadcrumb":{"@id":"https:\/\/yakutta.com\/product\/date-molasse\/#breadcrumb"},"inLanguage":"de","potentialAction":[{"@type":"ReadAction","target":["https:\/\/yakutta.com\/product\/date-molasse\/"]}]},{"@type":"ImageObject","inLanguage":"de","@id":"https:\/\/yakutta.com\/product\/date-molasse\/#primaryimage","url":"https:\/\/yakutta.com\/wp-content\/uploads\/2025\/04\/date-molasses-in-bulk-scaled.webp","contentUrl":"https:\/\/yakutta.com\/wp-content\/uploads\/2025\/04\/date-molasses-in-bulk-scaled.webp","width":2560,"height":1396,"caption":"date molasses in bulk"},{"@type":"BreadcrumbList","@id":"https:\/\/yakutta.com\/product\/date-molasse\/#breadcrumb","itemListElement":[{"@type":"ListItem","position":1,"name":"Home","item":"https:\/\/yakutta.com\/"},{"@type":"ListItem","position":2,"name":"Shop","item":"https:\/\/yakutta.com\/shop\/"},{"@type":"ListItem","position":3,"name":"Date Molasse"}]},{"@type":"WebSite","@id":"https:\/\/yakutta.com\/#website","url":"https:\/\/yakutta.com\/","name":"Yakutta","description":"\u00d6le Gro\u00dfhandel | Bio &amp; \u00c4therische \u00d6le Gro\u00dfhandel","publisher":{"@id":"https:\/\/yakutta.com\/#organization"},"potentialAction":[{"@type":"SearchAction","target":{"@type":"EntryPoint","urlTemplate":"https:\/\/yakutta.com\/?s={search_term_string}"},"query-input":{"@type":"PropertyValueSpecification","valueRequired":true,"valueName":"search_term_string"}}],"inLanguage":"de"},{"@type":["Organization","Place"],"@id":"https:\/\/yakutta.com\/#organization","name":"Yakutta","url":"https:\/\/yakutta.com\/","logo":{"@id":"https:\/\/yakutta.com\/product\/date-molasse\/#local-main-organization-logo"},"image":{"@id":"https:\/\/yakutta.com\/product\/date-molasse\/#local-main-organization-logo"},"telephone":[],"openingHoursSpecification":[{"@type":"OpeningHoursSpecification","dayOfWeek":["Monday","Tuesday","Wednesday","Thursday","Friday","Saturday","Sunday"],"opens":"09:00","closes":"17:00"}]},{"@type":"ImageObject","inLanguage":"de","@id":"https:\/\/yakutta.com\/product\/date-molasse\/#local-main-organization-logo","url":"https:\/\/yakutta.com\/wp-content\/uploads\/2025\/04\/cropped-yakutta-icon-no-bg-2-2.png","contentUrl":"https:\/\/yakutta.com\/wp-content\/uploads\/2025\/04\/cropped-yakutta-icon-no-bg-2-2.png","width":512,"height":512,"caption":"Yakutta"}]}},"_links":{"self":[{"href":"https:\/\/yakutta.com\/de\/wp-json\/wp\/v2\/product\/6523","targetHints":{"allow":["GET"]}}],"collection":[{"href":"https:\/\/yakutta.com\/de\/wp-json\/wp\/v2\/product"}],"about":[{"href":"https:\/\/yakutta.com\/de\/wp-json\/wp\/v2\/types\/product"}],"replies":[{"embeddable":true,"href":"https:\/\/yakutta.com\/de\/wp-json\/wp\/v2\/comments?post=6523"}],"wp:featuredmedia":[{"embeddable":true,"href":"https:\/\/yakutta.com\/de\/wp-json\/wp\/v2\/media\/31719"}],"wp:attachment":[{"href":"https:\/\/yakutta.com\/de\/wp-json\/wp\/v2\/media?parent=6523"}],"wp:term":[{"taxonomy":"product_brand","embeddable":true,"href":"https:\/\/yakutta.com\/de\/wp-json\/wp\/v2\/product_brand?post=6523"},{"taxonomy":"product_cat","embeddable":true,"href":"https:\/\/yakutta.com\/de\/wp-json\/wp\/v2\/product_cat?post=6523"},{"taxonomy":"product_tag","embeddable":true,"href":"https:\/\/yakutta.com\/de\/wp-json\/wp\/v2\/product_tag?post=6523"}],"curies":[{"name":"wp","href":"https:\/\/api.w.org\/{rel}","templated":true}]}}