{"id":30005,"date":"2026-01-30T23:06:33","date_gmt":"2026-01-30T23:06:33","guid":{"rendered":"https:\/\/yakutta.com\/?post_type=product&#038;p=30005"},"modified":"2026-04-15T14:52:35","modified_gmt":"2026-04-15T14:52:35","slug":"getrocknete-feigen","status":"publish","type":"product","link":"https:\/\/yakutta.com\/de\/produkt\/getrocknete-feigen\/","title":{"rendered":"Getrocknete Feigen"},"content":{"rendered":"<p data-start=\"623\" data-end=\"971\" class=\"translation-block\">Yakutta bietet <strong data-start=\"646\" data-end=\"676\">Bio-Feigen in Bulk<\/strong> von Premiumqualit\u00e4t, die aus sorgf\u00e4ltig ausgew\u00e4hlten Obstg\u00e4rten stammen und nach strengen Qualit\u00e4ts- und Lebensmittelsicherheitsstandards verarbeitet werden. Unsere Feigen werden nat\u00fcrlich sonnengetrocknet, um ihre authentische S\u00fc\u00dfe, ihren N\u00e4hrwert und ihre weiche, z\u00e4he Textur zu bewahren, ohne den Einsatz von Konservierungsstoffen, Schwefeldioxid oder k\u00fcnstlichen Zusatzstoffen.<\/p>\n<p data-start=\"973\" data-end=\"1374\" class=\"translation-block\">Estos higos secos son ricos en <strong data-start=\"1002\" data-end=\"1073\">fibra diet\u00e9tica, az\u00facares naturales, antioxidantes, calcio y potasio<\/strong>, lo que los convierte en un ingrediente muy demandado para productos alimenticios orientados a la salud, marcas de snacks, panader\u00edas, fabricantes de cereales y minoristas de marca privada. Su tama\u00f1o uniforme, color atractivo y contenido de humedad equilibrado aseguran una excelente estabilidad en estanter\u00eda y facilidad de manejo en aplicaciones a gran escala.<\/p>\n<p data-start=\"1376\" data-end=\"1733\">Die Bulk-Feigen von Yakutta eignen sich f\u00fcr eine Vielzahl von Anwendungen, einschlie\u00dflich direkter Einzelhandelsverpackung, S\u00fc\u00dfwaren, Backwarenf\u00fcllungen, Energieriegel, Fr\u00fchst\u00fccksmischungen und Feinkostzubereitungen. Wir bieten flexible Bulk-Verpackungsoptionen, um internationale Logistik- und Lageranforderungen zu erf\u00fcllen, mit vollst\u00e4ndiger R\u00fcckverfolgbarkeit und auf Anfrage verf\u00fcgbarer Dokumentation.<\/p>\n<p data-start=\"1735\" data-end=\"1964\" class=\"translation-block\">Als vertrauensw\u00fcrdiger Bulk-Lieferant unterst\u00fctzt Yakutta Importeure und Distributoren mit <strong data-start=\"1812\" data-end=\"1903\">konstanter Qualit\u00e4t, wettbewerbsf\u00e4higen Gro\u00dfhandelspreisen und Einhaltung der Bio-Zertifizierung<\/strong>, wodurch unsere getrockneten Feigen eine verl\u00e4ssliche Wahl f\u00fcr die globalen M\u00e4rkte sind.<\/p>","protected":false},"excerpt":{"rendered":"<div class=\"container\">\n<div id=\"model-response-message-contentr_3344c60cd90ca622\" class=\"markdown markdown-main-panel stronger enable-updated-hr-color\" dir=\"ltr\" aria-live=\"polite\" aria-busy=\"false\">\n<p data-start=\"267\" data-end=\"580\">Die Bio-Feigen von Yakutta werden nat\u00fcrlich sonnengetrocknet, sind frei von Zusatzstoffen und sorgf\u00e4ltig f\u00fcr Premiumqualit\u00e4t ausgew\u00e4hlt. In Bulk erh\u00e4ltlich f\u00fcr Gro\u00dfh\u00e4ndler, Einzelh\u00e4ndler und Lebensmittelhersteller, bieten unsere Feigen reichen Geschmack, weiche Textur und gleichm\u00e4\u00dfige Gr\u00f6\u00dfe, ideal f\u00fcr Einzelhandelsverpackungen, Backwaren und Lebensmittelverarbeitung.<\/p>\n<\/div>\n<\/div>","protected":false},"featured_media":30006,"comment_status":"open","ping_status":"closed","template":"","meta":[],"product_brand":[],"product_cat":[151],"product_tag":[152],"class_list":{"0":"post-30005","1":"product","2":"type-product","3":"status-publish","4":"has-post-thumbnail","6":"product_cat-dried-fruit","7":"product_tag-figs","9":"first","10":"instock","11":"shipping-taxable","12":"product-type-simple"},"yoast_head":"<!-- This site is optimized with the Yoast SEO Premium plugin v26.6 (Yoast SEO v27.5) - https:\/\/yoast.com\/product\/yoast-seo-premium-wordpress\/ -->\n<title>Organic Dried Figs in Bulk - Wholesale Supply \u2013 Yakutta<\/title>\n<meta name=\"description\" content=\"Buy organic dried figs in bulk from Yakutta. Naturally sun-dried, additive-free, and ideal for wholesalers, retailers, and food manufacturers. Reliable global supply.\" \/>\n<meta name=\"robots\" content=\"index, follow, max-snippet:-1, max-image-preview:large, max-video-preview:-1\" \/>\n<link rel=\"canonical\" href=\"https:\/\/yakutta.com\/de\/produkt\/getrocknete-feigen\/\" \/>\n<meta property=\"og:locale\" content=\"de_DE\" \/>\n<meta property=\"og:type\" content=\"article\" \/>\n<meta property=\"og:title\" content=\"Dried figs\" \/>\n<meta property=\"og:description\" content=\"Buy organic dried figs in bulk from Yakutta. Naturally sun-dried, additive-free, and ideal for wholesalers, retailers, and food manufacturers. Reliable global supply.\" \/>\n<meta property=\"og:url\" content=\"https:\/\/yakutta.com\/de\/produkt\/getrocknete-feigen\/\" \/>\n<meta property=\"og:site_name\" content=\"Yakutta\" \/>\n<meta property=\"article:modified_time\" content=\"2026-04-15T14:52:35+00:00\" \/>\n<meta property=\"og:image\" content=\"https:\/\/yakutta.com\/wp-content\/uploads\/2026\/01\/dired-figs.webp\" \/>\n\t<meta property=\"og:image:width\" content=\"1024\" \/>\n\t<meta property=\"og:image:height\" content=\"1024\" \/>\n\t<meta property=\"og:image:type\" content=\"image\/webp\" \/>\n<meta name=\"twitter:card\" content=\"summary_large_image\" \/>\n<meta name=\"twitter:label1\" content=\"Gesch\u00e4tzte Lesezeit\" \/>\n\t<meta name=\"twitter:data1\" content=\"1\u00a0Minute\" \/>\n<script type=\"application\/ld+json\" class=\"yoast-schema-graph\">{\"@context\":\"https:\\\/\\\/schema.org\",\"@graph\":[{\"@type\":\"WebPage\",\"@id\":\"https:\\\/\\\/yakutta.com\\\/product\\\/dried-figs\\\/\",\"url\":\"https:\\\/\\\/yakutta.com\\\/product\\\/dried-figs\\\/\",\"name\":\"Organic Dried Figs in Bulk - Wholesale Supply \u2013 Yakutta\",\"isPartOf\":{\"@id\":\"https:\\\/\\\/yakutta.com\\\/#website\"},\"primaryImageOfPage\":{\"@id\":\"https:\\\/\\\/yakutta.com\\\/product\\\/dried-figs\\\/#primaryimage\"},\"image\":{\"@id\":\"https:\\\/\\\/yakutta.com\\\/product\\\/dried-figs\\\/#primaryimage\"},\"thumbnailUrl\":\"https:\\\/\\\/yakutta.com\\\/wp-content\\\/uploads\\\/2026\\\/01\\\/dired-figs.webp\",\"datePublished\":\"2026-01-30T23:06:33+00:00\",\"dateModified\":\"2026-04-15T14:52:35+00:00\",\"description\":\"Buy organic dried figs in bulk from Yakutta. Naturally sun-dried, additive-free, and ideal for wholesalers, retailers, and food manufacturers. Reliable global supply.\",\"breadcrumb\":{\"@id\":\"https:\\\/\\\/yakutta.com\\\/product\\\/dried-figs\\\/#breadcrumb\"},\"inLanguage\":\"de\",\"potentialAction\":[{\"@type\":\"ReadAction\",\"target\":[\"https:\\\/\\\/yakutta.com\\\/product\\\/dried-figs\\\/\"]}]},{\"@type\":\"ImageObject\",\"inLanguage\":\"de\",\"@id\":\"https:\\\/\\\/yakutta.com\\\/product\\\/dried-figs\\\/#primaryimage\",\"url\":\"https:\\\/\\\/yakutta.com\\\/wp-content\\\/uploads\\\/2026\\\/01\\\/dired-figs.webp\",\"contentUrl\":\"https:\\\/\\\/yakutta.com\\\/wp-content\\\/uploads\\\/2026\\\/01\\\/dired-figs.webp\",\"width\":1024,\"height\":1024,\"caption\":\"dried figs\"},{\"@type\":\"BreadcrumbList\",\"@id\":\"https:\\\/\\\/yakutta.com\\\/product\\\/dried-figs\\\/#breadcrumb\",\"itemListElement\":[{\"@type\":\"ListItem\",\"position\":1,\"name\":\"Home\",\"item\":\"https:\\\/\\\/yakutta.com\\\/\"},{\"@type\":\"ListItem\",\"position\":2,\"name\":\"Shop\",\"item\":\"https:\\\/\\\/yakutta.com\\\/shop\\\/\"},{\"@type\":\"ListItem\",\"position\":3,\"name\":\"Dried figs\"}]},{\"@type\":\"WebSite\",\"@id\":\"https:\\\/\\\/yakutta.com\\\/#website\",\"url\":\"https:\\\/\\\/yakutta.com\\\/\",\"name\":\"Yakutta\",\"description\":\"Oils Wholesale | Organic &amp; Essential Oils Wholesale\",\"publisher\":{\"@id\":\"https:\\\/\\\/yakutta.com\\\/#organization\"},\"potentialAction\":[{\"@type\":\"SearchAction\",\"target\":{\"@type\":\"EntryPoint\",\"urlTemplate\":\"https:\\\/\\\/yakutta.com\\\/?s={search_term_string}\"},\"query-input\":{\"@type\":\"PropertyValueSpecification\",\"valueRequired\":true,\"valueName\":\"search_term_string\"}}],\"inLanguage\":\"de\"},{\"@type\":[\"Organization\",\"Place\"],\"@id\":\"https:\\\/\\\/yakutta.com\\\/#organization\",\"name\":\"Yakutta\",\"url\":\"https:\\\/\\\/yakutta.com\\\/\",\"logo\":{\"@id\":\"https:\\\/\\\/yakutta.com\\\/product\\\/dried-figs\\\/#local-main-organization-logo\"},\"image\":{\"@id\":\"https:\\\/\\\/yakutta.com\\\/product\\\/dried-figs\\\/#local-main-organization-logo\"},\"telephone\":[],\"openingHoursSpecification\":[{\"@type\":\"OpeningHoursSpecification\",\"dayOfWeek\":[\"Monday\",\"Tuesday\",\"Wednesday\",\"Thursday\",\"Friday\",\"Saturday\",\"Sunday\"],\"opens\":\"09:00\",\"closes\":\"17:00\"}]},{\"@type\":\"ImageObject\",\"inLanguage\":\"de\",\"@id\":\"https:\\\/\\\/yakutta.com\\\/product\\\/dried-figs\\\/#local-main-organization-logo\",\"url\":\"https:\\\/\\\/yakutta.com\\\/wp-content\\\/uploads\\\/2025\\\/04\\\/cropped-yakutta-icon-no-bg-2-2.png\",\"contentUrl\":\"https:\\\/\\\/yakutta.com\\\/wp-content\\\/uploads\\\/2025\\\/04\\\/cropped-yakutta-icon-no-bg-2-2.png\",\"width\":512,\"height\":512,\"caption\":\"Yakutta\"}]}<\/script>\n<!-- \/ Yoast SEO Premium plugin. -->","yoast_head_json":{"title":"Bio-Feigen in Bulk \u2013 Gro\u00dfhandelslieferung \u2013 Yakutta","description":"Kaufen Sie Bio-Feigen in Bulk bei Yakutta. Nat\u00fcrlich sonnengetrocknet, frei von Zusatzstoffen, ideal f\u00fcr Gro\u00dfh\u00e4ndler, Einzelh\u00e4ndler und Lebensmittelhersteller. Zuverl\u00e4ssige weltweite Lieferung.","robots":{"index":"index","follow":"follow","max-snippet":"max-snippet:-1","max-image-preview":"max-image-preview:large","max-video-preview":"max-video-preview:-1"},"canonical":"https:\/\/yakutta.com\/de\/produkt\/getrocknete-feigen\/","og_locale":"de_DE","og_type":"article","og_title":"Dried figs","og_description":"Buy organic dried figs in bulk from Yakutta. Naturally sun-dried, additive-free, and ideal for wholesalers, retailers, and food manufacturers. Reliable global supply.","og_url":"https:\/\/yakutta.com\/de\/produkt\/getrocknete-feigen\/","og_site_name":"Yakutta","article_modified_time":"2026-04-15T14:52:35+00:00","og_image":[{"width":1024,"height":1024,"url":"https:\/\/yakutta.com\/wp-content\/uploads\/2026\/01\/dired-figs.webp","type":"image\/webp"}],"twitter_card":"summary_large_image","twitter_misc":{"Gesch\u00e4tzte Lesezeit":"1\u00a0Minute"},"schema":{"@context":"https:\/\/schema.org","@graph":[{"@type":"WebPage","@id":"https:\/\/yakutta.com\/product\/dried-figs\/","url":"https:\/\/yakutta.com\/product\/dried-figs\/","name":"Bio-Feigen in Bulk \u2013 Gro\u00dfhandelslieferung \u2013 Yakutta","isPartOf":{"@id":"https:\/\/yakutta.com\/#website"},"primaryImageOfPage":{"@id":"https:\/\/yakutta.com\/product\/dried-figs\/#primaryimage"},"image":{"@id":"https:\/\/yakutta.com\/product\/dried-figs\/#primaryimage"},"thumbnailUrl":"https:\/\/yakutta.com\/wp-content\/uploads\/2026\/01\/dired-figs.webp","datePublished":"2026-01-30T23:06:33+00:00","dateModified":"2026-04-15T14:52:35+00:00","description":"Kaufen Sie Bio-Feigen in Bulk bei Yakutta. Nat\u00fcrlich sonnengetrocknet, frei von Zusatzstoffen, ideal f\u00fcr Gro\u00dfh\u00e4ndler, Einzelh\u00e4ndler und Lebensmittelhersteller. Zuverl\u00e4ssige weltweite Lieferung.","breadcrumb":{"@id":"https:\/\/yakutta.com\/product\/dried-figs\/#breadcrumb"},"inLanguage":"de","potentialAction":[{"@type":"ReadAction","target":["https:\/\/yakutta.com\/product\/dried-figs\/"]}]},{"@type":"ImageObject","inLanguage":"de","@id":"https:\/\/yakutta.com\/product\/dried-figs\/#primaryimage","url":"https:\/\/yakutta.com\/wp-content\/uploads\/2026\/01\/dired-figs.webp","contentUrl":"https:\/\/yakutta.com\/wp-content\/uploads\/2026\/01\/dired-figs.webp","width":1024,"height":1024,"caption":"dried figs"},{"@type":"BreadcrumbList","@id":"https:\/\/yakutta.com\/product\/dried-figs\/#breadcrumb","itemListElement":[{"@type":"ListItem","position":1,"name":"Home","item":"https:\/\/yakutta.com\/"},{"@type":"ListItem","position":2,"name":"Shop","item":"https:\/\/yakutta.com\/shop\/"},{"@type":"ListItem","position":3,"name":"Dried figs"}]},{"@type":"WebSite","@id":"https:\/\/yakutta.com\/#website","url":"https:\/\/yakutta.com\/","name":"Yakutta","description":"\u00d6le Gro\u00dfhandel | Bio &amp; \u00c4therische \u00d6le Gro\u00dfhandel","publisher":{"@id":"https:\/\/yakutta.com\/#organization"},"potentialAction":[{"@type":"SearchAction","target":{"@type":"EntryPoint","urlTemplate":"https:\/\/yakutta.com\/?s={search_term_string}"},"query-input":{"@type":"PropertyValueSpecification","valueRequired":true,"valueName":"search_term_string"}}],"inLanguage":"de"},{"@type":["Organization","Place"],"@id":"https:\/\/yakutta.com\/#organization","name":"Yakutta","url":"https:\/\/yakutta.com\/","logo":{"@id":"https:\/\/yakutta.com\/product\/dried-figs\/#local-main-organization-logo"},"image":{"@id":"https:\/\/yakutta.com\/product\/dried-figs\/#local-main-organization-logo"},"telephone":[],"openingHoursSpecification":[{"@type":"OpeningHoursSpecification","dayOfWeek":["Monday","Tuesday","Wednesday","Thursday","Friday","Saturday","Sunday"],"opens":"09:00","closes":"17:00"}]},{"@type":"ImageObject","inLanguage":"de","@id":"https:\/\/yakutta.com\/product\/dried-figs\/#local-main-organization-logo","url":"https:\/\/yakutta.com\/wp-content\/uploads\/2025\/04\/cropped-yakutta-icon-no-bg-2-2.png","contentUrl":"https:\/\/yakutta.com\/wp-content\/uploads\/2025\/04\/cropped-yakutta-icon-no-bg-2-2.png","width":512,"height":512,"caption":"Yakutta"}]}},"_links":{"self":[{"href":"https:\/\/yakutta.com\/de\/wp-json\/wp\/v2\/product\/30005","targetHints":{"allow":["GET"]}}],"collection":[{"href":"https:\/\/yakutta.com\/de\/wp-json\/wp\/v2\/product"}],"about":[{"href":"https:\/\/yakutta.com\/de\/wp-json\/wp\/v2\/types\/product"}],"replies":[{"embeddable":true,"href":"https:\/\/yakutta.com\/de\/wp-json\/wp\/v2\/comments?post=30005"}],"wp:featuredmedia":[{"embeddable":true,"href":"https:\/\/yakutta.com\/de\/wp-json\/wp\/v2\/media\/30006"}],"wp:attachment":[{"href":"https:\/\/yakutta.com\/de\/wp-json\/wp\/v2\/media?parent=30005"}],"wp:term":[{"taxonomy":"product_brand","embeddable":true,"href":"https:\/\/yakutta.com\/de\/wp-json\/wp\/v2\/product_brand?post=30005"},{"taxonomy":"product_cat","embeddable":true,"href":"https:\/\/yakutta.com\/de\/wp-json\/wp\/v2\/product_cat?post=30005"},{"taxonomy":"product_tag","embeddable":true,"href":"https:\/\/yakutta.com\/de\/wp-json\/wp\/v2\/product_tag?post=30005"}],"curies":[{"name":"wp","href":"https:\/\/api.w.org\/{rel}","templated":true}]}}