{"id":23347,"date":"2025-12-23T23:14:48","date_gmt":"2025-12-23T23:14:48","guid":{"rendered":"https:\/\/yakutta.com\/?post_type=product&#038;p=23347"},"modified":"2026-01-12T13:43:50","modified_gmt":"2026-01-12T13:43:50","slug":"dattelsirup-2","status":"publish","type":"product","link":"https:\/\/yakutta.com\/de\/produkt\/dattelsirup-2\/","title":{"rendered":"Dattelsirup"},"content":{"rendered":"<p class=\"text-sm\">Dattelsirup ist ein nat\u00fcrlicher S\u00fc\u00dfstoff, der aus sorgf\u00e4ltig ausgew\u00e4hlten reifen Datteln durch ein schonendes Extraktions- und Konzentrationsverfahren hergestellt wird, das deren reichhaltigen Geschmack und N\u00e4hrwert bewahrt. Mit seiner glatten Textur, tief bernsteinfarbenen Farbe und seinem nat\u00fcrlichen s\u00fc\u00dfen Geschmack ist es die beste Alternative zu raffiniertem Zucker und k\u00fcnstlichen S\u00fc\u00dfstoffen.<\/p>\n<p class=\"text-sm\">Ideal f\u00fcr Lebensmittelhersteller, Gro\u00dfh\u00e4ndler und H\u00e4ndler wird Bio-Dattelsirup h\u00e4ufig in Backwaren, S\u00fc\u00dfwaren, Getr\u00e4nken, Milchprodukten, Saucen und Gesundheitsnahrungsmitteln verwendet. Er l\u00f6st sich leicht auf, l\u00e4sst sich nahtlos mit anderen Zutaten vermischen und sorgt f\u00fcr eine gleichbleibende S\u00fc\u00dfe mit einem einzigartigen fruchtigen Aroma.<\/p>\n<p class=\"text-sm\">Erh\u00e4ltlich in Gro\u00dfformaten, um industrielle und gewerbliche Anforderungen zu erf\u00fcllen, ist unser Produkt frei von Zusatzstoffen, Konservierungsmitteln und k\u00fcnstlichen Farbstoffen. Es wird f\u00fcr sein sauberes Label, lange Haltbarkeit und die Kompatibilit\u00e4t mit nat\u00fcrlichen, biologischen und wellnessorientierten Produktlinien gesch\u00e4tzt. Mit zuverl\u00e4ssiger Versorgung, gleichbleibender Qualit\u00e4t und flexiblen Verpackungsoptionen ist unser Bio-Sirup die ideale Wahl f\u00fcr den Gro\u00dfhandel und internationale M\u00e4rkte.<\/p>","protected":false},"excerpt":{"rendered":"<p>Kaufen Sie Yakuttas Premium-Bio-Dattelsirup, verf\u00fcgbar im Gro\u00dfhandel f\u00fcr Unternehmen. Ideal zum Backen, f\u00fcr Getr\u00e4nke und Gesundheitsnahrungsmittel, bietet unser n\u00e4hrstoffreicher Dattelsirup Clean-Label-Qualit\u00e4t und ist frei von Zusatzstoffen. Sichern Sie sich noch heute Ihre Gro\u00dfhandelslieferung und erweitern Sie Ihr Produktangebot mit Yakutta!<\/p>\n<ul>\n<li data-start=\"413\" data-end=\"449\" class=\"translation-block\"><b>Menge 60.000 kg<\/b><strong> \/ Monat<\/strong><\/li>\n<\/ul>\n<p class=\"translation-block\" data-start=\"535\" data-end=\"847\">Dieses Produkt ist f\u00fcr den Versand per <strong data-start=\"729\" data-end=\"747\">Bodendienst<\/strong> und <strong data-start=\"752\" data-end=\"767\">Seefracht<\/strong> verf\u00fcgbar und bietet flexible und zuverl\u00e4ssige Lieferoptionen f\u00fcr Gro\u00df- und Massenbestellungen.<\/p>","protected":false},"featured_media":23348,"comment_status":"open","ping_status":"closed","template":"","meta":[],"product_brand":[],"product_cat":[147],"product_tag":[92,105,145,91],"class_list":{"0":"post-23347","1":"product","2":"type-product","3":"status-publish","4":"has-post-thumbnail","6":"product_cat-syrups","7":"product_tag-bulk","8":"product_tag-date","9":"product_tag-syrup","10":"product_tag-wholesale","12":"first","13":"instock","14":"shipping-taxable","15":"product-type-simple"},"yoast_head":"<!-- This site is optimized with the Yoast SEO Premium plugin v26.6 (Yoast SEO v27.6) - https:\/\/yoast.com\/product\/yoast-seo-premium-wordpress\/ -->\n<title>Date Syrup Wholesale - Bulk Date Syrup - Yakutta<\/title>\n<meta name=\"description\" content=\"Discover Yakutta\u2019s Date Syrup, a luxurious product crafted from the finest dates. Specialising in Date Syrup wholesale, Yakutta brings the authentic taste of the desert to the world, offering premium quality and global delivery.\" \/>\n<meta name=\"robots\" content=\"index, follow, max-snippet:-1, max-image-preview:large, max-video-preview:-1\" \/>\n<link rel=\"canonical\" href=\"https:\/\/yakutta.com\/de\/produkt\/dattelsirup-2\/\" \/>\n<meta property=\"og:locale\" content=\"de_DE\" \/>\n<meta property=\"og:type\" content=\"article\" \/>\n<meta property=\"og:title\" content=\"Date Syrup\" \/>\n<meta property=\"og:description\" content=\"Discover Yakutta\u2019s Date Syrup, a luxurious product crafted from the finest dates. Specialising in Date Syrup wholesale, Yakutta brings the authentic taste of the desert to the world, offering premium quality and global delivery.\" \/>\n<meta property=\"og:url\" content=\"https:\/\/yakutta.com\/de\/produkt\/dattelsirup-2\/\" \/>\n<meta property=\"og:site_name\" content=\"Yakutta\" \/>\n<meta property=\"article:modified_time\" content=\"2026-01-12T13:43:50+00:00\" \/>\n<meta property=\"og:image\" content=\"https:\/\/yakutta.com\/wp-content\/uploads\/2025\/12\/date-syrup.webp\" \/>\n\t<meta property=\"og:image:width\" content=\"899\" \/>\n\t<meta property=\"og:image:height\" content=\"899\" \/>\n\t<meta property=\"og:image:type\" content=\"image\/webp\" \/>\n<meta name=\"twitter:card\" content=\"summary_large_image\" \/>\n<meta name=\"twitter:label1\" content=\"Gesch\u00e4tzte Lesezeit\" \/>\n\t<meta name=\"twitter:data1\" content=\"1\u00a0Minute\" \/>\n<script type=\"application\/ld+json\" class=\"yoast-schema-graph\">{\"@context\":\"https:\\\/\\\/schema.org\",\"@graph\":[{\"@type\":\"WebPage\",\"@id\":\"https:\\\/\\\/yakutta.com\\\/product\\\/date-syrup\\\/\",\"url\":\"https:\\\/\\\/yakutta.com\\\/product\\\/date-syrup\\\/\",\"name\":\"Date Syrup Wholesale - Bulk Date Syrup - Yakutta\",\"isPartOf\":{\"@id\":\"https:\\\/\\\/yakutta.com\\\/#website\"},\"primaryImageOfPage\":{\"@id\":\"https:\\\/\\\/yakutta.com\\\/product\\\/date-syrup\\\/#primaryimage\"},\"image\":{\"@id\":\"https:\\\/\\\/yakutta.com\\\/product\\\/date-syrup\\\/#primaryimage\"},\"thumbnailUrl\":\"https:\\\/\\\/yakutta.com\\\/wp-content\\\/uploads\\\/2025\\\/12\\\/date-syrup.webp\",\"datePublished\":\"2025-12-23T23:14:48+00:00\",\"dateModified\":\"2026-01-12T13:43:50+00:00\",\"description\":\"Discover Yakutta\u2019s Date Syrup, a luxurious product crafted from the finest dates. Specialising in Date Syrup wholesale, Yakutta brings the authentic taste of the desert to the world, offering premium quality and global delivery.\",\"breadcrumb\":{\"@id\":\"https:\\\/\\\/yakutta.com\\\/product\\\/date-syrup\\\/#breadcrumb\"},\"inLanguage\":\"de\",\"potentialAction\":[{\"@type\":\"ReadAction\",\"target\":[\"https:\\\/\\\/yakutta.com\\\/product\\\/date-syrup\\\/\"]}]},{\"@type\":\"ImageObject\",\"inLanguage\":\"de\",\"@id\":\"https:\\\/\\\/yakutta.com\\\/product\\\/date-syrup\\\/#primaryimage\",\"url\":\"https:\\\/\\\/yakutta.com\\\/wp-content\\\/uploads\\\/2025\\\/12\\\/date-syrup.webp\",\"contentUrl\":\"https:\\\/\\\/yakutta.com\\\/wp-content\\\/uploads\\\/2025\\\/12\\\/date-syrup.webp\",\"width\":899,\"height\":899,\"caption\":\"Date Syrup\"},{\"@type\":\"BreadcrumbList\",\"@id\":\"https:\\\/\\\/yakutta.com\\\/product\\\/date-syrup\\\/#breadcrumb\",\"itemListElement\":[{\"@type\":\"ListItem\",\"position\":1,\"name\":\"Home\",\"item\":\"https:\\\/\\\/yakutta.com\\\/\"},{\"@type\":\"ListItem\",\"position\":2,\"name\":\"Shop\",\"item\":\"https:\\\/\\\/yakutta.com\\\/shop\\\/\"},{\"@type\":\"ListItem\",\"position\":3,\"name\":\"Date Syrup\"}]},{\"@type\":\"WebSite\",\"@id\":\"https:\\\/\\\/yakutta.com\\\/#website\",\"url\":\"https:\\\/\\\/yakutta.com\\\/\",\"name\":\"Yakutta\",\"description\":\"Oils Wholesale | Organic &amp; Essential Oils Wholesale\",\"publisher\":{\"@id\":\"https:\\\/\\\/yakutta.com\\\/#organization\"},\"potentialAction\":[{\"@type\":\"SearchAction\",\"target\":{\"@type\":\"EntryPoint\",\"urlTemplate\":\"https:\\\/\\\/yakutta.com\\\/?s={search_term_string}\"},\"query-input\":{\"@type\":\"PropertyValueSpecification\",\"valueRequired\":true,\"valueName\":\"search_term_string\"}}],\"inLanguage\":\"de\"},{\"@type\":[\"Organization\",\"Place\"],\"@id\":\"https:\\\/\\\/yakutta.com\\\/#organization\",\"name\":\"Yakutta\",\"url\":\"https:\\\/\\\/yakutta.com\\\/\",\"logo\":{\"@id\":\"https:\\\/\\\/yakutta.com\\\/product\\\/date-syrup\\\/#local-main-organization-logo\"},\"image\":{\"@id\":\"https:\\\/\\\/yakutta.com\\\/product\\\/date-syrup\\\/#local-main-organization-logo\"},\"telephone\":[],\"openingHoursSpecification\":[{\"@type\":\"OpeningHoursSpecification\",\"dayOfWeek\":[\"Monday\",\"Tuesday\",\"Wednesday\",\"Thursday\",\"Friday\",\"Saturday\",\"Sunday\"],\"opens\":\"09:00\",\"closes\":\"17:00\"}]},{\"@type\":\"ImageObject\",\"inLanguage\":\"de\",\"@id\":\"https:\\\/\\\/yakutta.com\\\/product\\\/date-syrup\\\/#local-main-organization-logo\",\"url\":\"https:\\\/\\\/yakutta.com\\\/wp-content\\\/uploads\\\/2025\\\/04\\\/cropped-yakutta-icon-no-bg-2-2.png\",\"contentUrl\":\"https:\\\/\\\/yakutta.com\\\/wp-content\\\/uploads\\\/2025\\\/04\\\/cropped-yakutta-icon-no-bg-2-2.png\",\"width\":512,\"height\":512,\"caption\":\"Yakutta\"}]}<\/script>\n<!-- \/ Yoast SEO Premium plugin. -->","yoast_head_json":{"title":"Dattelsirup Gro\u00dfhandel \u2013 Dattelsirup in gro\u00dfen Mengen \u2013 Yakutta","description":"Entdecken Sie Yakuttas Dattelsirup, ein luxuri\u00f6ses Produkt aus den besten Datteln. Als Spezialist f\u00fcr Dattelsirup im Gro\u00dfhandel bringt Yakutta den authentischen Geschmack der W\u00fcste in die Welt und bietet Premium-Qualit\u00e4t sowie weltweiten Versand.","robots":{"index":"index","follow":"follow","max-snippet":"max-snippet:-1","max-image-preview":"max-image-preview:large","max-video-preview":"max-video-preview:-1"},"canonical":"https:\/\/yakutta.com\/de\/produkt\/dattelsirup-2\/","og_locale":"de_DE","og_type":"article","og_title":"Date Syrup","og_description":"Discover Yakutta\u2019s Date Syrup, a luxurious product crafted from the finest dates. Specialising in Date Syrup wholesale, Yakutta brings the authentic taste of the desert to the world, offering premium quality and global delivery.","og_url":"https:\/\/yakutta.com\/de\/produkt\/dattelsirup-2\/","og_site_name":"Yakutta","article_modified_time":"2026-01-12T13:43:50+00:00","og_image":[{"width":899,"height":899,"url":"https:\/\/yakutta.com\/wp-content\/uploads\/2025\/12\/date-syrup.webp","type":"image\/webp"}],"twitter_card":"summary_large_image","twitter_misc":{"Gesch\u00e4tzte Lesezeit":"1\u00a0Minute"},"schema":{"@context":"https:\/\/schema.org","@graph":[{"@type":"WebPage","@id":"https:\/\/yakutta.com\/product\/date-syrup\/","url":"https:\/\/yakutta.com\/product\/date-syrup\/","name":"Dattelsirup Gro\u00dfhandel \u2013 Dattelsirup in gro\u00dfen Mengen \u2013 Yakutta","isPartOf":{"@id":"https:\/\/yakutta.com\/#website"},"primaryImageOfPage":{"@id":"https:\/\/yakutta.com\/product\/date-syrup\/#primaryimage"},"image":{"@id":"https:\/\/yakutta.com\/product\/date-syrup\/#primaryimage"},"thumbnailUrl":"https:\/\/yakutta.com\/wp-content\/uploads\/2025\/12\/date-syrup.webp","datePublished":"2025-12-23T23:14:48+00:00","dateModified":"2026-01-12T13:43:50+00:00","description":"Entdecken Sie Yakuttas Dattelsirup, ein luxuri\u00f6ses Produkt aus den besten Datteln. Als Spezialist f\u00fcr Dattelsirup im Gro\u00dfhandel bringt Yakutta den authentischen Geschmack der W\u00fcste in die Welt und bietet Premium-Qualit\u00e4t sowie weltweiten Versand.","breadcrumb":{"@id":"https:\/\/yakutta.com\/product\/date-syrup\/#breadcrumb"},"inLanguage":"de","potentialAction":[{"@type":"ReadAction","target":["https:\/\/yakutta.com\/product\/date-syrup\/"]}]},{"@type":"ImageObject","inLanguage":"de","@id":"https:\/\/yakutta.com\/product\/date-syrup\/#primaryimage","url":"https:\/\/yakutta.com\/wp-content\/uploads\/2025\/12\/date-syrup.webp","contentUrl":"https:\/\/yakutta.com\/wp-content\/uploads\/2025\/12\/date-syrup.webp","width":899,"height":899,"caption":"Date Syrup"},{"@type":"BreadcrumbList","@id":"https:\/\/yakutta.com\/product\/date-syrup\/#breadcrumb","itemListElement":[{"@type":"ListItem","position":1,"name":"Home","item":"https:\/\/yakutta.com\/"},{"@type":"ListItem","position":2,"name":"Shop","item":"https:\/\/yakutta.com\/shop\/"},{"@type":"ListItem","position":3,"name":"Date Syrup"}]},{"@type":"WebSite","@id":"https:\/\/yakutta.com\/#website","url":"https:\/\/yakutta.com\/","name":"Yakutta","description":"\u00d6le Gro\u00dfhandel | Bio &amp; \u00c4therische \u00d6le Gro\u00dfhandel","publisher":{"@id":"https:\/\/yakutta.com\/#organization"},"potentialAction":[{"@type":"SearchAction","target":{"@type":"EntryPoint","urlTemplate":"https:\/\/yakutta.com\/?s={search_term_string}"},"query-input":{"@type":"PropertyValueSpecification","valueRequired":true,"valueName":"search_term_string"}}],"inLanguage":"de"},{"@type":["Organization","Place"],"@id":"https:\/\/yakutta.com\/#organization","name":"Yakutta","url":"https:\/\/yakutta.com\/","logo":{"@id":"https:\/\/yakutta.com\/product\/date-syrup\/#local-main-organization-logo"},"image":{"@id":"https:\/\/yakutta.com\/product\/date-syrup\/#local-main-organization-logo"},"telephone":[],"openingHoursSpecification":[{"@type":"OpeningHoursSpecification","dayOfWeek":["Monday","Tuesday","Wednesday","Thursday","Friday","Saturday","Sunday"],"opens":"09:00","closes":"17:00"}]},{"@type":"ImageObject","inLanguage":"de","@id":"https:\/\/yakutta.com\/product\/date-syrup\/#local-main-organization-logo","url":"https:\/\/yakutta.com\/wp-content\/uploads\/2025\/04\/cropped-yakutta-icon-no-bg-2-2.png","contentUrl":"https:\/\/yakutta.com\/wp-content\/uploads\/2025\/04\/cropped-yakutta-icon-no-bg-2-2.png","width":512,"height":512,"caption":"Yakutta"}]}},"_links":{"self":[{"href":"https:\/\/yakutta.com\/de\/wp-json\/wp\/v2\/product\/23347","targetHints":{"allow":["GET"]}}],"collection":[{"href":"https:\/\/yakutta.com\/de\/wp-json\/wp\/v2\/product"}],"about":[{"href":"https:\/\/yakutta.com\/de\/wp-json\/wp\/v2\/types\/product"}],"replies":[{"embeddable":true,"href":"https:\/\/yakutta.com\/de\/wp-json\/wp\/v2\/comments?post=23347"}],"wp:featuredmedia":[{"embeddable":true,"href":"https:\/\/yakutta.com\/de\/wp-json\/wp\/v2\/media\/23348"}],"wp:attachment":[{"href":"https:\/\/yakutta.com\/de\/wp-json\/wp\/v2\/media?parent=23347"}],"wp:term":[{"taxonomy":"product_brand","embeddable":true,"href":"https:\/\/yakutta.com\/de\/wp-json\/wp\/v2\/product_brand?post=23347"},{"taxonomy":"product_cat","embeddable":true,"href":"https:\/\/yakutta.com\/de\/wp-json\/wp\/v2\/product_cat?post=23347"},{"taxonomy":"product_tag","embeddable":true,"href":"https:\/\/yakutta.com\/de\/wp-json\/wp\/v2\/product_tag?post=23347"}],"curies":[{"name":"wp","href":"https:\/\/api.w.org\/{rel}","templated":true}]}}