{"id":2226,"date":"2021-08-09T16:16:11","date_gmt":"2021-08-09T16:16:11","guid":{"rendered":"https:\/\/amfissa.qodeinteractive.com\/?post_type=product&#038;p=2226"},"modified":"2025-12-28T21:15:16","modified_gmt":"2025-12-28T21:15:16","slug":"datteloel","status":"publish","type":"product","link":"https:\/\/yakutta.com\/de\/produkt\/datteloel\/","title":{"rendered":"Dattel\u00f6l"},"content":{"rendered":"<p class=\"text-sm\">Bio-Dattel\u00f6l ist ein n\u00e4hrstoffreiches \u00e4therisches \u00d6l, das f\u00fcr seine Vielseitigkeit und seine Vorteile gesch\u00e4tzt wird. Gewonnen aus Dattelsamen, ist dieses goldene \u00d6l reich an Vitaminen, Antioxidantien und essenziellen Fetts\u00e4uren, wodurch es ideal f\u00fcr Haut- und Haarpflege ist. Es spendet intensive Feuchtigkeit, repariert und n\u00e4hrt die Haut, reduziert feine Linien, Unreinheiten und Trockenheit und sorgt f\u00fcr einen strahlenden Teint. Leicht und nicht fettend, ist es f\u00fcr alle Hauttypen geeignet.<\/p>\n<p class=\"text-sm\">In der Haarpflege verleiht Dattel\u00f6l Feuchtigkeit, Glanz und St\u00e4rke zur\u00fcck zu trockenem, gesch\u00e4digtem Haar, egal ob es pur angewendet oder in Shampoos und Masken enthalten ist. Seine nat\u00fcrlichen und nachhaltigen Eigenschaften machen es bei umweltbewussten Verbrauchern beliebt.<\/p>\n<p class=\"text-sm\">F\u00fcr Unternehmen dient Dattel\u00f6l als luxuri\u00f6ser Inhaltsstoff f\u00fcr Cremes, Seren und Wellnessprodukte. In gro\u00dfen Mengen erh\u00e4ltlich, bietet es kosteneffiziente Optionen sowohl f\u00fcr kleine Handwerker als auch f\u00fcr gro\u00dfe Hersteller. Durch die Beschaffung von hochwertigem Dattel\u00f6l in Bulk k\u00f6nnen Sie die steigende Nachfrage nach nat\u00fcrlichen, pflanzlichen Produkten decken.<\/p>","protected":false},"excerpt":{"rendered":"<p class=\"translation-block\">Unser Bio-Dattel\u00f6l ist in gro\u00dfen Mengen erh\u00e4ltlich und wird sorgf\u00e4ltig gewonnen und verarbeitet, um den hohen Standards von Herstellern, Gro\u00dfh\u00e4ndlern und Distributoren weltweit zu entsprechen.<br> Seine leichte Textur und die hervorragende Aufnahmef\u00e4higkeit machen es ideal f\u00fcr Cremes, Seren, Lotionen, Seifen, Haar\u00f6le, Massage\u00f6le und Aromatherapieprodukte.<br> Dattel\u00f6l l\u00e4sst sich gut mit anderen Inhaltsstoffen mischen, wodurch eine gleichbleibende Formulierung und Leistungsf\u00e4higkeit gew\u00e4hrleistet wird.<\/p>\n<p class=\"translation-block\">Als zuverl\u00e4ssiger Gro\u00dfh\u00e4ndler bieten wir eine verl\u00e4ssliche Lieferf\u00e4higkeit, gleichbleibende Qualit\u00e4t und flexible Verpackungsoptionen, um sowohl die Klein- als auch die Gro\u00dfproduktion zu unterst\u00fctzen.<br> Jede Charge wird sorgf\u00e4ltig einer Qualit\u00e4tskontrolle unterzogen, um Reinheit, Stabilit\u00e4t und die Einhaltung internationaler Standards f\u00fcr Kosmetik- und Wellnessm\u00e4rkte zu gew\u00e4hrleisten.<\/p>\n<p>F\u00fcr internationale Gro\u00dfhandelsbestellungen beginnt die Mindestbestellmenge (MOQ) bei 100 kg, wodurch sie sich f\u00fcr gro\u00dfe Produktionsmengen, Private-Label-Projekte und Exportdistribution eignet.<\/p>\n<p>Egal, ob Sie eine neue Produktlinie starten oder bestehende Formulierungen erweitern \u2013 unser Dattel\u00f6l in Bulk bietet eine zuverl\u00e4ssige, hochwertige L\u00f6sung f\u00fcr Unternehmen, die nat\u00fcrliche, funktionale und marktf\u00e4hige Inhaltsstoffe suchen.<\/p>","protected":false},"featured_media":21290,"comment_status":"open","ping_status":"closed","template":"","meta":[],"product_brand":[],"product_cat":[73],"product_tag":[],"class_list":{"0":"post-2226","1":"product","2":"type-product","3":"status-publish","4":"has-post-thumbnail","6":"product_cat-essential-oils-products","8":"first","9":"instock","10":"shipping-taxable","11":"product-type-simple"},"yoast_head":"<!-- This site is optimized with the Yoast SEO Premium plugin v26.6 (Yoast SEO v27.4) - https:\/\/yoast.com\/product\/yoast-seo-premium-wordpress\/ -->\n<title>Organic date oil Wholesale - buy bulk - Yakutta<\/title>\n<meta name=\"description\" content=\"Find premium date oil in bulk, perfect for skincare and wellness purposes, from a reliable wholesale supplier. Buy bulk date oil today and experience its enriching natural properties.\" \/>\n<meta name=\"robots\" content=\"index, follow, max-snippet:-1, max-image-preview:large, max-video-preview:-1\" \/>\n<link rel=\"canonical\" href=\"https:\/\/yakutta.com\/de\/produkt\/datteloel\/\" \/>\n<meta property=\"og:locale\" content=\"de_DE\" \/>\n<meta property=\"og:type\" content=\"article\" \/>\n<meta property=\"og:title\" content=\"Date oil\" \/>\n<meta property=\"og:description\" content=\"Find premium date oil in bulk, perfect for skincare and wellness purposes, from a reliable wholesale supplier. Buy bulk date oil today and experience its enriching natural properties.\" \/>\n<meta property=\"og:url\" content=\"https:\/\/yakutta.com\/de\/produkt\/datteloel\/\" \/>\n<meta property=\"og:site_name\" content=\"Yakutta\" \/>\n<meta property=\"article:modified_time\" content=\"2025-12-28T21:15:16+00:00\" \/>\n<meta property=\"og:image\" content=\"https:\/\/yakutta.com\/wp-content\/uploads\/2021\/08\/date-oil-in-bulk-webp.webp\" \/>\n\t<meta property=\"og:image:width\" content=\"2048\" \/>\n\t<meta property=\"og:image:height\" content=\"2048\" \/>\n\t<meta property=\"og:image:type\" content=\"image\/webp\" \/>\n<meta name=\"twitter:card\" content=\"summary_large_image\" \/>\n<meta name=\"twitter:label1\" content=\"Gesch\u00e4tzte Lesezeit\" \/>\n\t<meta name=\"twitter:data1\" content=\"1\u00a0Minute\" \/>\n<script type=\"application\/ld+json\" class=\"yoast-schema-graph\">{\"@context\":\"https:\\\/\\\/schema.org\",\"@graph\":[{\"@type\":\"WebPage\",\"@id\":\"https:\\\/\\\/yakutta.com\\\/product\\\/date-oil\\\/\",\"url\":\"https:\\\/\\\/yakutta.com\\\/product\\\/date-oil\\\/\",\"name\":\"Organic date oil Wholesale - buy bulk - Yakutta\",\"isPartOf\":{\"@id\":\"https:\\\/\\\/yakutta.com\\\/#website\"},\"primaryImageOfPage\":{\"@id\":\"https:\\\/\\\/yakutta.com\\\/product\\\/date-oil\\\/#primaryimage\"},\"image\":{\"@id\":\"https:\\\/\\\/yakutta.com\\\/product\\\/date-oil\\\/#primaryimage\"},\"thumbnailUrl\":\"https:\\\/\\\/yakutta.com\\\/wp-content\\\/uploads\\\/2021\\\/08\\\/date-oil-in-bulk-webp.webp\",\"datePublished\":\"2021-08-09T16:16:11+00:00\",\"dateModified\":\"2025-12-28T21:15:16+00:00\",\"description\":\"Find premium date oil in bulk, perfect for skincare and wellness purposes, from a reliable wholesale supplier. Buy bulk date oil today and experience its enriching natural properties.\",\"breadcrumb\":{\"@id\":\"https:\\\/\\\/yakutta.com\\\/product\\\/date-oil\\\/#breadcrumb\"},\"inLanguage\":\"de\",\"potentialAction\":[{\"@type\":\"ReadAction\",\"target\":[\"https:\\\/\\\/yakutta.com\\\/product\\\/date-oil\\\/\"]}]},{\"@type\":\"ImageObject\",\"inLanguage\":\"de\",\"@id\":\"https:\\\/\\\/yakutta.com\\\/product\\\/date-oil\\\/#primaryimage\",\"url\":\"https:\\\/\\\/yakutta.com\\\/wp-content\\\/uploads\\\/2021\\\/08\\\/date-oil-in-bulk-webp.webp\",\"contentUrl\":\"https:\\\/\\\/yakutta.com\\\/wp-content\\\/uploads\\\/2021\\\/08\\\/date-oil-in-bulk-webp.webp\",\"width\":2048,\"height\":2048,\"caption\":\"date oil in bulk\"},{\"@type\":\"BreadcrumbList\",\"@id\":\"https:\\\/\\\/yakutta.com\\\/product\\\/date-oil\\\/#breadcrumb\",\"itemListElement\":[{\"@type\":\"ListItem\",\"position\":1,\"name\":\"Home\",\"item\":\"https:\\\/\\\/yakutta.com\\\/\"},{\"@type\":\"ListItem\",\"position\":2,\"name\":\"Shop\",\"item\":\"https:\\\/\\\/yakutta.com\\\/shop\\\/\"},{\"@type\":\"ListItem\",\"position\":3,\"name\":\"Date oil\"}]},{\"@type\":\"WebSite\",\"@id\":\"https:\\\/\\\/yakutta.com\\\/#website\",\"url\":\"https:\\\/\\\/yakutta.com\\\/\",\"name\":\"Yakutta\",\"description\":\"Oils Wholesale | Organic &amp; Essential Oils Wholesale\",\"publisher\":{\"@id\":\"https:\\\/\\\/yakutta.com\\\/#organization\"},\"potentialAction\":[{\"@type\":\"SearchAction\",\"target\":{\"@type\":\"EntryPoint\",\"urlTemplate\":\"https:\\\/\\\/yakutta.com\\\/?s={search_term_string}\"},\"query-input\":{\"@type\":\"PropertyValueSpecification\",\"valueRequired\":true,\"valueName\":\"search_term_string\"}}],\"inLanguage\":\"de\"},{\"@type\":[\"Organization\",\"Place\"],\"@id\":\"https:\\\/\\\/yakutta.com\\\/#organization\",\"name\":\"Yakutta\",\"url\":\"https:\\\/\\\/yakutta.com\\\/\",\"logo\":{\"@id\":\"https:\\\/\\\/yakutta.com\\\/product\\\/date-oil\\\/#local-main-organization-logo\"},\"image\":{\"@id\":\"https:\\\/\\\/yakutta.com\\\/product\\\/date-oil\\\/#local-main-organization-logo\"},\"telephone\":[],\"openingHoursSpecification\":[{\"@type\":\"OpeningHoursSpecification\",\"dayOfWeek\":[\"Monday\",\"Tuesday\",\"Wednesday\",\"Thursday\",\"Friday\",\"Saturday\",\"Sunday\"],\"opens\":\"09:00\",\"closes\":\"17:00\"}]},{\"@type\":\"ImageObject\",\"inLanguage\":\"de\",\"@id\":\"https:\\\/\\\/yakutta.com\\\/product\\\/date-oil\\\/#local-main-organization-logo\",\"url\":\"https:\\\/\\\/yakutta.com\\\/wp-content\\\/uploads\\\/2025\\\/04\\\/cropped-yakutta-icon-no-bg-2-2.png\",\"contentUrl\":\"https:\\\/\\\/yakutta.com\\\/wp-content\\\/uploads\\\/2025\\\/04\\\/cropped-yakutta-icon-no-bg-2-2.png\",\"width\":512,\"height\":512,\"caption\":\"Yakutta\"}]}<\/script>\n<!-- \/ Yoast SEO Premium plugin. -->","yoast_head_json":{"title":"Bio-Dattel\u00f6l Gro\u00dfhandel \u2013 in gro\u00dfen Mengen kaufen \u2013 Yakutta","description":"Finden Sie hochwertiges Dattel\u00f6l in gro\u00dfen Mengen, ideal f\u00fcr Hautpflege und Wellness, bei einem zuverl\u00e4ssigen Gro\u00dfh\u00e4ndler. Kaufen Sie noch heute Dattel\u00f6l in Bulk und erleben Sie seine nat\u00fcrlichen, pflegenden Eigenschaften.","robots":{"index":"index","follow":"follow","max-snippet":"max-snippet:-1","max-image-preview":"max-image-preview:large","max-video-preview":"max-video-preview:-1"},"canonical":"https:\/\/yakutta.com\/de\/produkt\/datteloel\/","og_locale":"de_DE","og_type":"article","og_title":"Date oil","og_description":"Find premium date oil in bulk, perfect for skincare and wellness purposes, from a reliable wholesale supplier. Buy bulk date oil today and experience its enriching natural properties.","og_url":"https:\/\/yakutta.com\/de\/produkt\/datteloel\/","og_site_name":"Yakutta","article_modified_time":"2025-12-28T21:15:16+00:00","og_image":[{"width":2048,"height":2048,"url":"https:\/\/yakutta.com\/wp-content\/uploads\/2021\/08\/date-oil-in-bulk-webp.webp","type":"image\/webp"}],"twitter_card":"summary_large_image","twitter_misc":{"Gesch\u00e4tzte Lesezeit":"1\u00a0Minute"},"schema":{"@context":"https:\/\/schema.org","@graph":[{"@type":"WebPage","@id":"https:\/\/yakutta.com\/product\/date-oil\/","url":"https:\/\/yakutta.com\/product\/date-oil\/","name":"Bio-Dattel\u00f6l Gro\u00dfhandel \u2013 in gro\u00dfen Mengen kaufen \u2013 Yakutta","isPartOf":{"@id":"https:\/\/yakutta.com\/#website"},"primaryImageOfPage":{"@id":"https:\/\/yakutta.com\/product\/date-oil\/#primaryimage"},"image":{"@id":"https:\/\/yakutta.com\/product\/date-oil\/#primaryimage"},"thumbnailUrl":"https:\/\/yakutta.com\/wp-content\/uploads\/2021\/08\/date-oil-in-bulk-webp.webp","datePublished":"2021-08-09T16:16:11+00:00","dateModified":"2025-12-28T21:15:16+00:00","description":"Finden Sie hochwertiges Dattel\u00f6l in gro\u00dfen Mengen, ideal f\u00fcr Hautpflege und Wellness, bei einem zuverl\u00e4ssigen Gro\u00dfh\u00e4ndler. Kaufen Sie noch heute Dattel\u00f6l in Bulk und erleben Sie seine nat\u00fcrlichen, pflegenden Eigenschaften.","breadcrumb":{"@id":"https:\/\/yakutta.com\/product\/date-oil\/#breadcrumb"},"inLanguage":"de","potentialAction":[{"@type":"ReadAction","target":["https:\/\/yakutta.com\/product\/date-oil\/"]}]},{"@type":"ImageObject","inLanguage":"de","@id":"https:\/\/yakutta.com\/product\/date-oil\/#primaryimage","url":"https:\/\/yakutta.com\/wp-content\/uploads\/2021\/08\/date-oil-in-bulk-webp.webp","contentUrl":"https:\/\/yakutta.com\/wp-content\/uploads\/2021\/08\/date-oil-in-bulk-webp.webp","width":2048,"height":2048,"caption":"date oil in bulk"},{"@type":"BreadcrumbList","@id":"https:\/\/yakutta.com\/product\/date-oil\/#breadcrumb","itemListElement":[{"@type":"ListItem","position":1,"name":"Home","item":"https:\/\/yakutta.com\/"},{"@type":"ListItem","position":2,"name":"Shop","item":"https:\/\/yakutta.com\/shop\/"},{"@type":"ListItem","position":3,"name":"Date oil"}]},{"@type":"WebSite","@id":"https:\/\/yakutta.com\/#website","url":"https:\/\/yakutta.com\/","name":"Yakutta","description":"\u00d6le Gro\u00dfhandel | Bio &amp; \u00c4therische \u00d6le Gro\u00dfhandel","publisher":{"@id":"https:\/\/yakutta.com\/#organization"},"potentialAction":[{"@type":"SearchAction","target":{"@type":"EntryPoint","urlTemplate":"https:\/\/yakutta.com\/?s={search_term_string}"},"query-input":{"@type":"PropertyValueSpecification","valueRequired":true,"valueName":"search_term_string"}}],"inLanguage":"de"},{"@type":["Organization","Place"],"@id":"https:\/\/yakutta.com\/#organization","name":"Yakutta","url":"https:\/\/yakutta.com\/","logo":{"@id":"https:\/\/yakutta.com\/product\/date-oil\/#local-main-organization-logo"},"image":{"@id":"https:\/\/yakutta.com\/product\/date-oil\/#local-main-organization-logo"},"telephone":[],"openingHoursSpecification":[{"@type":"OpeningHoursSpecification","dayOfWeek":["Monday","Tuesday","Wednesday","Thursday","Friday","Saturday","Sunday"],"opens":"09:00","closes":"17:00"}]},{"@type":"ImageObject","inLanguage":"de","@id":"https:\/\/yakutta.com\/product\/date-oil\/#local-main-organization-logo","url":"https:\/\/yakutta.com\/wp-content\/uploads\/2025\/04\/cropped-yakutta-icon-no-bg-2-2.png","contentUrl":"https:\/\/yakutta.com\/wp-content\/uploads\/2025\/04\/cropped-yakutta-icon-no-bg-2-2.png","width":512,"height":512,"caption":"Yakutta"}]}},"_links":{"self":[{"href":"https:\/\/yakutta.com\/de\/wp-json\/wp\/v2\/product\/2226","targetHints":{"allow":["GET"]}}],"collection":[{"href":"https:\/\/yakutta.com\/de\/wp-json\/wp\/v2\/product"}],"about":[{"href":"https:\/\/yakutta.com\/de\/wp-json\/wp\/v2\/types\/product"}],"replies":[{"embeddable":true,"href":"https:\/\/yakutta.com\/de\/wp-json\/wp\/v2\/comments?post=2226"}],"wp:featuredmedia":[{"embeddable":true,"href":"https:\/\/yakutta.com\/de\/wp-json\/wp\/v2\/media\/21290"}],"wp:attachment":[{"href":"https:\/\/yakutta.com\/de\/wp-json\/wp\/v2\/media?parent=2226"}],"wp:term":[{"taxonomy":"product_brand","embeddable":true,"href":"https:\/\/yakutta.com\/de\/wp-json\/wp\/v2\/product_brand?post=2226"},{"taxonomy":"product_cat","embeddable":true,"href":"https:\/\/yakutta.com\/de\/wp-json\/wp\/v2\/product_cat?post=2226"},{"taxonomy":"product_tag","embeddable":true,"href":"https:\/\/yakutta.com\/de\/wp-json\/wp\/v2\/product_tag?post=2226"}],"curies":[{"name":"wp","href":"https:\/\/api.w.org\/{rel}","templated":true}]}}