{"id":20098,"date":"2025-11-18T17:50:01","date_gmt":"2025-11-18T17:50:01","guid":{"rendered":"https:\/\/yakutta.com\/?post_type=product&#038;p=20098"},"modified":"2025-11-18T18:35:36","modified_gmt":"2025-11-18T18:35:36","slug":"flexitank-container-fur-natives-olivenol-extra","status":"publish","type":"product","link":"https:\/\/yakutta.com\/de\/produkt\/flexitank-container-fur-natives-olivenol-extra\/","title":{"rendered":"Flexitank-Container f\u00fcr natives Oliven\u00f6l extra"},"content":{"rendered":"<p class=\"text-sm\">Yakutta steht f\u00fcr hochwertiges natives Oliven\u00f6l extra und bietet eine fantastische L\u00f6sung f\u00fcr den Massentransport, die speziell f\u00fcr Hersteller, Gro\u00dfabnehmer und Gro\u00dfh\u00e4ndler entwickelt wurde: den EVOO Flexitank-Container. Unser Flexitank ist speziell f\u00fcr Oliven\u00f6l konzipiert und besteht aus mehrschichtigen, lebensmittelechten Materialien, die das \u00d6l vor Sauerstoff, Feuchtigkeit und Licht sch\u00fctzen (Schl\u00fcsselelemente, die Geschmack und Qualit\u00e4t beim internationalen Versand beeintr\u00e4chtigen k\u00f6nnen). Das bedeutet, dass Ihre Lieferung die niedrige S\u00e4ure und den au\u00dfergew\u00f6hnlichen Geschmack beibeh\u00e4lt, die Sie von erstklassigem, biologischem, nativem Oliven\u00f6l extra erwarten.<\/p>\n<p class=\"text-sm\">Unser Flexitank-System ist perfekt f\u00fcr zertifiziertes Bio-Oliven\u00f6l extra vergine (EVOO) und erf\u00fcllt die Standards der EU Organic, USDA Organic und ISO. Jede Lieferung durchl\u00e4uft strenge Qualit\u00e4tskontrollen, um Reinheit, R\u00fcckverfolgbarkeit und die Einhaltung globaler Lebensmittelsicherheitsvorschriften zu gew\u00e4hrleisten. Mit einer Kapazit\u00e4t von bis zu 24.000 Litern pro Container optimiert der Flexitank das Volumen und senkt gleichzeitig die Frachtkosten, wodurch die Abl\u00e4ufe reibungsloser und die Rentabilit\u00e4t f\u00fcr Gro\u00dfabnehmer gesteigert werden.<\/p>\n<p class=\"text-sm\">Mit einem Fokus auf Stabilit\u00e4t, Effizienz und Langstreckenschutz schafft der EVOO Flexitank von Yakutta eine versiegelte Umgebung, die Kontaminationen fernh\u00e4lt und die nat\u00fcrliche Integrit\u00e4t des \u00d6ls bewahrt. Er ist eine ausgezeichnete Wahl f\u00fcr Abf\u00fcllanlagen, Lebensmittelverarbeiter, Eigenmarken und Gro\u00dfhandelsnetzwerke, die hochwertiges, konsistentes und gro\u00dfvolumiges \u00d6l ben\u00f6tigen. Die Entscheidung f\u00fcr unseren EVOO Flexitank-Container bedeutet, eine skalierbare, sichere und kosteneffiziente M\u00f6glichkeit zu w\u00e4hlen, hochwertiges natives Oliven\u00f6l extra weltweit zu transportieren, und sicherzustellen, dass Ihr Bio-Oliven\u00f6l frisch, zertifiziert und bereit f\u00fcr die sofortige Verarbeitung ankommt.<\/p>","protected":false},"excerpt":{"rendered":"<div class=\"css-186bnk2 css-lb9cx4-stack css-3sj1cp css-1bjhv8d css-1vznryd css-1soja3n\">\n<div>\n<p class=\"css-uoqnqe css-rr08kv-textFontWeight css-oi9nct-textDisplay css-1frjf7n-textWhiteSpace css-0 css-542wex\">Der EVOO Flexitank-Container von Yakutta ist die perfekte L\u00f6sung f\u00fcr den Transport von nativem Oliven\u00f6l extra in gro\u00dfen Mengen. Hergestellt aus mehrschichtigen, lebensmittelechten Materialien, stellt er sicher, dass die niedrige S\u00e4ure, die Bio-Zertifizierungen und der nat\u00fcrliche Geschmack w\u00e4hrend des Langstreckentransports erhalten bleiben. Jeder Flexitank kann bis zu 24.000 Liter fassen, was es Herstellern, gro\u00dfen Unternehmen und Gro\u00dfh\u00e4ndlern erleichtert, Logistikkosten zu senken und gleichzeitig hochwertiges, zertifiziertes Bio-EVOO zu liefern. Das versiegelte, kontaminationsfreie System garantiert, dass Ihr Oliven\u00f6l verarbeitungsbereit ankommt.<\/p>\n<\/div>\n<\/div>\n<p class=\"\" data-start=\"0\" data-end=\"341\"><strong>Wir bieten Flexitanks mit einer Speicherkapazit\u00e4t von bis zu 24.000 Litern an.<\/strong><\/p>\n<p class=\"\" data-start=\"0\" data-end=\"341\">Il nostro olio extra vergine di oliva (EVOO) \u00e8 prodotto con rigorosi controlli di qualit\u00e0 per garantire la coerenza da un lotto all'altro. Che lo utilizziate per miscelazione, imbottigliamento o come ingrediente chiave nel vostro processo di produzione, le aziende si affidano a noi per la nostra catena di approvvigionamento affidabile, prezzi competitivi e supporto dedicato per ordini continuativi.<\/p>\n<p class=\"translation-block\" data-start=\"0\" data-end=\"341\">Wir versenden alle Gr\u00f6\u00dfen per <strong>Landtransport<\/strong> oder <strong>Seefracht<\/strong> und stellen sicher, dass jede Bestellung von nativem Oliven\u00f6l extra in gro\u00dfen Mengen sicher und p\u00fcnktlich ankommt.<\/p>","protected":false},"featured_media":19831,"comment_status":"open","ping_status":"closed","template":"","meta":[],"product_brand":[],"product_cat":[74],"product_tag":[114,132,133,131],"class_list":{"0":"post-20098","1":"product","2":"type-product","3":"status-publish","4":"has-post-thumbnail","6":"product_cat-organic-oils-wholesale-products","7":"product_tag-evoo","8":"product_tag-flexitank-container","9":"product_tag-organic-evoo","10":"product_tag-organic-olive-oil","12":"first","13":"instock","14":"shipping-taxable","15":"product-type-simple"},"yoast_head":"<!-- This site is optimized with the Yoast SEO Premium plugin v26.6 (Yoast SEO v27.4) - https:\/\/yoast.com\/product\/yoast-seo-premium-wordpress\/ -->\n<title>EVOO Flexitank container - Yakutta<\/title>\n<meta name=\"description\" content=\"Yakutta delivers premium bulk EVOO globally, specialising in reliable flexitank container supply. Our EVOO boasts exceptional quality, confirmed by its low acidity and organic certifications.\" \/>\n<meta name=\"robots\" content=\"index, follow, max-snippet:-1, max-image-preview:large, max-video-preview:-1\" \/>\n<link rel=\"canonical\" href=\"https:\/\/yakutta.com\/de\/produkt\/flexitank-container-fur-natives-olivenol-extra\/\" \/>\n<meta property=\"og:locale\" content=\"de_DE\" \/>\n<meta property=\"og:type\" content=\"article\" \/>\n<meta property=\"og:title\" content=\"EVOO Flexitank container\" \/>\n<meta property=\"og:description\" content=\"Yakutta delivers premium bulk EVOO globally, specialising in reliable flexitank container supply. Our EVOO boasts exceptional quality, confirmed by its low acidity and organic certifications.\" \/>\n<meta property=\"og:url\" content=\"https:\/\/yakutta.com\/de\/produkt\/flexitank-container-fur-natives-olivenol-extra\/\" \/>\n<meta property=\"og:site_name\" content=\"Yakutta\" \/>\n<meta property=\"article:modified_time\" content=\"2025-11-18T18:35:36+00:00\" \/>\n<meta property=\"og:image\" content=\"https:\/\/yakutta.com\/wp-content\/uploads\/2025\/11\/flexitank-in-warehouse-v4.webp\" \/>\n\t<meta property=\"og:image:width\" content=\"806\" \/>\n\t<meta property=\"og:image:height\" content=\"805\" \/>\n\t<meta property=\"og:image:type\" content=\"image\/webp\" \/>\n<meta name=\"twitter:card\" content=\"summary_large_image\" \/>\n<meta name=\"twitter:label1\" content=\"Gesch\u00e4tzte Lesezeit\" \/>\n\t<meta name=\"twitter:data1\" content=\"2\u00a0Minuten\" \/>\n<script type=\"application\/ld+json\" class=\"yoast-schema-graph\">{\"@context\":\"https:\\\/\\\/schema.org\",\"@graph\":[{\"@type\":\"WebPage\",\"@id\":\"https:\\\/\\\/yakutta.com\\\/product\\\/evoo-flexitank-container\\\/\",\"url\":\"https:\\\/\\\/yakutta.com\\\/product\\\/evoo-flexitank-container\\\/\",\"name\":\"EVOO Flexitank container - Yakutta\",\"isPartOf\":{\"@id\":\"https:\\\/\\\/yakutta.com\\\/#website\"},\"primaryImageOfPage\":{\"@id\":\"https:\\\/\\\/yakutta.com\\\/product\\\/evoo-flexitank-container\\\/#primaryimage\"},\"image\":{\"@id\":\"https:\\\/\\\/yakutta.com\\\/product\\\/evoo-flexitank-container\\\/#primaryimage\"},\"thumbnailUrl\":\"https:\\\/\\\/yakutta.com\\\/wp-content\\\/uploads\\\/2025\\\/11\\\/flexitank-in-warehouse-v4.webp\",\"datePublished\":\"2025-11-18T17:50:01+00:00\",\"dateModified\":\"2025-11-18T18:35:36+00:00\",\"description\":\"Yakutta delivers premium bulk EVOO globally, specialising in reliable flexitank container supply. Our EVOO boasts exceptional quality, confirmed by its low acidity and organic certifications.\",\"breadcrumb\":{\"@id\":\"https:\\\/\\\/yakutta.com\\\/product\\\/evoo-flexitank-container\\\/#breadcrumb\"},\"inLanguage\":\"de\",\"potentialAction\":[{\"@type\":\"ReadAction\",\"target\":[\"https:\\\/\\\/yakutta.com\\\/product\\\/evoo-flexitank-container\\\/\"]}]},{\"@type\":\"ImageObject\",\"inLanguage\":\"de\",\"@id\":\"https:\\\/\\\/yakutta.com\\\/product\\\/evoo-flexitank-container\\\/#primaryimage\",\"url\":\"https:\\\/\\\/yakutta.com\\\/wp-content\\\/uploads\\\/2025\\\/11\\\/flexitank-in-warehouse-v4.webp\",\"contentUrl\":\"https:\\\/\\\/yakutta.com\\\/wp-content\\\/uploads\\\/2025\\\/11\\\/flexitank-in-warehouse-v4.webp\",\"width\":806,\"height\":805,\"caption\":\"flexitank in warehouse\"},{\"@type\":\"BreadcrumbList\",\"@id\":\"https:\\\/\\\/yakutta.com\\\/product\\\/evoo-flexitank-container\\\/#breadcrumb\",\"itemListElement\":[{\"@type\":\"ListItem\",\"position\":1,\"name\":\"Home\",\"item\":\"https:\\\/\\\/yakutta.com\\\/\"},{\"@type\":\"ListItem\",\"position\":2,\"name\":\"Shop\",\"item\":\"https:\\\/\\\/yakutta.com\\\/shop\\\/\"},{\"@type\":\"ListItem\",\"position\":3,\"name\":\"EVOO Flexitank container\"}]},{\"@type\":\"WebSite\",\"@id\":\"https:\\\/\\\/yakutta.com\\\/#website\",\"url\":\"https:\\\/\\\/yakutta.com\\\/\",\"name\":\"Yakutta\",\"description\":\"Oils Wholesale | Organic &amp; Essential Oils Wholesale\",\"publisher\":{\"@id\":\"https:\\\/\\\/yakutta.com\\\/#organization\"},\"potentialAction\":[{\"@type\":\"SearchAction\",\"target\":{\"@type\":\"EntryPoint\",\"urlTemplate\":\"https:\\\/\\\/yakutta.com\\\/?s={search_term_string}\"},\"query-input\":{\"@type\":\"PropertyValueSpecification\",\"valueRequired\":true,\"valueName\":\"search_term_string\"}}],\"inLanguage\":\"de\"},{\"@type\":[\"Organization\",\"Place\"],\"@id\":\"https:\\\/\\\/yakutta.com\\\/#organization\",\"name\":\"Yakutta\",\"url\":\"https:\\\/\\\/yakutta.com\\\/\",\"logo\":{\"@id\":\"https:\\\/\\\/yakutta.com\\\/product\\\/evoo-flexitank-container\\\/#local-main-organization-logo\"},\"image\":{\"@id\":\"https:\\\/\\\/yakutta.com\\\/product\\\/evoo-flexitank-container\\\/#local-main-organization-logo\"},\"telephone\":[],\"openingHoursSpecification\":[{\"@type\":\"OpeningHoursSpecification\",\"dayOfWeek\":[\"Monday\",\"Tuesday\",\"Wednesday\",\"Thursday\",\"Friday\",\"Saturday\",\"Sunday\"],\"opens\":\"09:00\",\"closes\":\"17:00\"}]},{\"@type\":\"ImageObject\",\"inLanguage\":\"de\",\"@id\":\"https:\\\/\\\/yakutta.com\\\/product\\\/evoo-flexitank-container\\\/#local-main-organization-logo\",\"url\":\"https:\\\/\\\/yakutta.com\\\/wp-content\\\/uploads\\\/2025\\\/04\\\/cropped-yakutta-icon-no-bg-2-2.png\",\"contentUrl\":\"https:\\\/\\\/yakutta.com\\\/wp-content\\\/uploads\\\/2025\\\/04\\\/cropped-yakutta-icon-no-bg-2-2.png\",\"width\":512,\"height\":512,\"caption\":\"Yakutta\"}]}<\/script>\n<!-- \/ Yoast SEO Premium plugin. -->","yoast_head_json":{"title":"Flexitank-Container f\u00fcr natives Oliven\u00f6l extra - Yakutta","description":"Yakutta liefert hochwertiges natives Oliven\u00f6l extra (EVOO) in gro\u00dfen Mengen weltweit und ist auf die zuverl\u00e4ssige Bereitstellung von Flexitank-Containern spezialisiert. Unser EVOO zeichnet sich durch au\u00dfergew\u00f6hnliche Qualit\u00e4t aus, best\u00e4tigt durch seine niedrige S\u00e4ure und Bio-Zertifizierungen.","robots":{"index":"index","follow":"follow","max-snippet":"max-snippet:-1","max-image-preview":"max-image-preview:large","max-video-preview":"max-video-preview:-1"},"canonical":"https:\/\/yakutta.com\/de\/produkt\/flexitank-container-fur-natives-olivenol-extra\/","og_locale":"de_DE","og_type":"article","og_title":"EVOO Flexitank container","og_description":"Yakutta delivers premium bulk EVOO globally, specialising in reliable flexitank container supply. Our EVOO boasts exceptional quality, confirmed by its low acidity and organic certifications.","og_url":"https:\/\/yakutta.com\/de\/produkt\/flexitank-container-fur-natives-olivenol-extra\/","og_site_name":"Yakutta","article_modified_time":"2025-11-18T18:35:36+00:00","og_image":[{"width":806,"height":805,"url":"https:\/\/yakutta.com\/wp-content\/uploads\/2025\/11\/flexitank-in-warehouse-v4.webp","type":"image\/webp"}],"twitter_card":"summary_large_image","twitter_misc":{"Gesch\u00e4tzte Lesezeit":"2\u00a0Minuten"},"schema":{"@context":"https:\/\/schema.org","@graph":[{"@type":"WebPage","@id":"https:\/\/yakutta.com\/product\/evoo-flexitank-container\/","url":"https:\/\/yakutta.com\/product\/evoo-flexitank-container\/","name":"Flexitank-Container f\u00fcr natives Oliven\u00f6l extra - Yakutta","isPartOf":{"@id":"https:\/\/yakutta.com\/#website"},"primaryImageOfPage":{"@id":"https:\/\/yakutta.com\/product\/evoo-flexitank-container\/#primaryimage"},"image":{"@id":"https:\/\/yakutta.com\/product\/evoo-flexitank-container\/#primaryimage"},"thumbnailUrl":"https:\/\/yakutta.com\/wp-content\/uploads\/2025\/11\/flexitank-in-warehouse-v4.webp","datePublished":"2025-11-18T17:50:01+00:00","dateModified":"2025-11-18T18:35:36+00:00","description":"Yakutta liefert hochwertiges natives Oliven\u00f6l extra (EVOO) in gro\u00dfen Mengen weltweit und ist auf die zuverl\u00e4ssige Bereitstellung von Flexitank-Containern spezialisiert. Unser EVOO zeichnet sich durch au\u00dfergew\u00f6hnliche Qualit\u00e4t aus, best\u00e4tigt durch seine niedrige S\u00e4ure und Bio-Zertifizierungen.","breadcrumb":{"@id":"https:\/\/yakutta.com\/product\/evoo-flexitank-container\/#breadcrumb"},"inLanguage":"de","potentialAction":[{"@type":"ReadAction","target":["https:\/\/yakutta.com\/product\/evoo-flexitank-container\/"]}]},{"@type":"ImageObject","inLanguage":"de","@id":"https:\/\/yakutta.com\/product\/evoo-flexitank-container\/#primaryimage","url":"https:\/\/yakutta.com\/wp-content\/uploads\/2025\/11\/flexitank-in-warehouse-v4.webp","contentUrl":"https:\/\/yakutta.com\/wp-content\/uploads\/2025\/11\/flexitank-in-warehouse-v4.webp","width":806,"height":805,"caption":"flexitank in warehouse"},{"@type":"BreadcrumbList","@id":"https:\/\/yakutta.com\/product\/evoo-flexitank-container\/#breadcrumb","itemListElement":[{"@type":"ListItem","position":1,"name":"Home","item":"https:\/\/yakutta.com\/"},{"@type":"ListItem","position":2,"name":"Shop","item":"https:\/\/yakutta.com\/shop\/"},{"@type":"ListItem","position":3,"name":"EVOO Flexitank container"}]},{"@type":"WebSite","@id":"https:\/\/yakutta.com\/#website","url":"https:\/\/yakutta.com\/","name":"Yakutta","description":"\u00d6le Gro\u00dfhandel | Bio &amp; \u00c4therische \u00d6le Gro\u00dfhandel","publisher":{"@id":"https:\/\/yakutta.com\/#organization"},"potentialAction":[{"@type":"SearchAction","target":{"@type":"EntryPoint","urlTemplate":"https:\/\/yakutta.com\/?s={search_term_string}"},"query-input":{"@type":"PropertyValueSpecification","valueRequired":true,"valueName":"search_term_string"}}],"inLanguage":"de"},{"@type":["Organization","Place"],"@id":"https:\/\/yakutta.com\/#organization","name":"Yakutta","url":"https:\/\/yakutta.com\/","logo":{"@id":"https:\/\/yakutta.com\/product\/evoo-flexitank-container\/#local-main-organization-logo"},"image":{"@id":"https:\/\/yakutta.com\/product\/evoo-flexitank-container\/#local-main-organization-logo"},"telephone":[],"openingHoursSpecification":[{"@type":"OpeningHoursSpecification","dayOfWeek":["Monday","Tuesday","Wednesday","Thursday","Friday","Saturday","Sunday"],"opens":"09:00","closes":"17:00"}]},{"@type":"ImageObject","inLanguage":"de","@id":"https:\/\/yakutta.com\/product\/evoo-flexitank-container\/#local-main-organization-logo","url":"https:\/\/yakutta.com\/wp-content\/uploads\/2025\/04\/cropped-yakutta-icon-no-bg-2-2.png","contentUrl":"https:\/\/yakutta.com\/wp-content\/uploads\/2025\/04\/cropped-yakutta-icon-no-bg-2-2.png","width":512,"height":512,"caption":"Yakutta"}]}},"_links":{"self":[{"href":"https:\/\/yakutta.com\/de\/wp-json\/wp\/v2\/product\/20098","targetHints":{"allow":["GET"]}}],"collection":[{"href":"https:\/\/yakutta.com\/de\/wp-json\/wp\/v2\/product"}],"about":[{"href":"https:\/\/yakutta.com\/de\/wp-json\/wp\/v2\/types\/product"}],"replies":[{"embeddable":true,"href":"https:\/\/yakutta.com\/de\/wp-json\/wp\/v2\/comments?post=20098"}],"wp:featuredmedia":[{"embeddable":true,"href":"https:\/\/yakutta.com\/de\/wp-json\/wp\/v2\/media\/19831"}],"wp:attachment":[{"href":"https:\/\/yakutta.com\/de\/wp-json\/wp\/v2\/media?parent=20098"}],"wp:term":[{"taxonomy":"product_brand","embeddable":true,"href":"https:\/\/yakutta.com\/de\/wp-json\/wp\/v2\/product_brand?post=20098"},{"taxonomy":"product_cat","embeddable":true,"href":"https:\/\/yakutta.com\/de\/wp-json\/wp\/v2\/product_cat?post=20098"},{"taxonomy":"product_tag","embeddable":true,"href":"https:\/\/yakutta.com\/de\/wp-json\/wp\/v2\/product_tag?post=20098"}],"curies":[{"name":"wp","href":"https:\/\/api.w.org\/{rel}","templated":true}]}}