{"id":20093,"date":"2025-11-18T00:30:26","date_gmt":"2025-11-18T00:30:26","guid":{"rendered":"https:\/\/yakutta.com\/?post_type=product&#038;p=20093"},"modified":"2026-01-27T10:44:47","modified_gmt":"2026-01-27T10:44:47","slug":"raffiniertes-olivenoel","status":"publish","type":"product","link":"https:\/\/yakutta.com\/de\/produkt\/raffiniertes-olivenoel\/","title":{"rendered":"Raffiniertes Oliven\u00f6l"},"content":{"rendered":"<p class=\"text-sm\">Das raffinierte Oliven\u00f6l von Yakutta wurde speziell f\u00fcr Hersteller und Gro\u00dfunternehmen entwickelt, die ein stabiles und konsistentes \u00d6l f\u00fcr die Massenproduktion ben\u00f6tigen. Dieses raffinierte Oliven\u00f6l zeichnet sich durch einen neutralen Geschmack, eine helle Farbe und eine beeindruckende Hitzebest\u00e4ndigkeit aus, was es ideal f\u00fcr Lebensmittelverarbeiter, Frittierbetriebe und verschiedene industrielle Anwendungen macht. Jede Charge raffinierten Oliven\u00f6ls wird sorgf\u00e4ltig gereinigt, um Verunreinigungen zu entfernen und gleichzeitig eine zuverl\u00e4ssige Leistung in unterschiedlichen Produktionsumgebungen zu gew\u00e4hrleisten. Seine Stabilit\u00e4t hilft, Abfall zu minimieren, Kosten zu kontrollieren und die Effizienz f\u00fcr Fabriken und Gro\u00dfh\u00e4ndler zu steigern.<\/p>\n<p>&nbsp;<\/p>\n<p class=\"text-sm\">Yakutta bietet auch Programme f\u00fcr die Lieferung in gro\u00dfen Mengen an, die speziell f\u00fcr gro\u00dfe Importeure und H\u00e4ndler entwickelt wurden und eine reibungslose Logistik sowie eine zuverl\u00e4ssige Produktverf\u00fcgbarkeit gew\u00e4hrleisten. Wenn Sie sich f\u00fcr Yakutta als Ihren Lieferanten f\u00fcr raffiniertes Oliven\u00f6l entscheiden, sichern Sie sich eine skalierbare L\u00f6sung, die f\u00fcr kontinuierliche Produktion, Eigenmarken und langfristige Liefervertr\u00e4ge bereit ist.<\/p>","protected":false},"excerpt":{"rendered":"<p class=\"\" data-start=\"0\" data-end=\"341\">Das Premium-Oliven\u00f6l von Yakutta bietet einen reinen Geschmack, beeindruckende Stabilit\u00e4t und zuverl\u00e4ssige Qualit\u00e4t, was es zur ersten Wahl f\u00fcr Hersteller und Gro\u00dfh\u00e4ndler macht. Es ist perfekt f\u00fcr die industrielle Lebensmittelverarbeitung, Frittieraufgaben und gro\u00df angelegte Produktionslinien. Au\u00dferdem ist es zuverl\u00e4ssig, kosteng\u00fcnstig und in gro\u00dfen Mengen erh\u00e4ltlich!<\/p>\n<p class=\"\" data-start=\"0\" data-end=\"341\">Wir bieten flexible Gro\u00dfhandelsoptionen, damit Sie genau das ausw\u00e4hlen k\u00f6nnen, was Ihren Bed\u00fcrfnissen entspricht.<\/p>\n<ul>\n<li data-start=\"0\" data-end=\"341\" class=\"translation-block\"><strong data-start=\"376\" data-end=\"391\">Mittlere Menge<\/strong> : 50L, 100L, 200L<\/li>\n<li data-start=\"0\" data-end=\"341\" class=\"translation-block\"><strong data-start=\"413\" data-end=\"427\">Gro\u00dfe Menge<\/strong> : 500L, 1000L<\/li>\n<li data-start=\"0\" data-end=\"341\"><strong>Gro\u00dfhandel in gro\u00dfen Mengen: 5.000 L \u2013 25.000 L <\/strong><\/li>\n<\/ul>\n<p class=\"\" data-start=\"0\" data-end=\"341\">Unser raffiniertes Oliven\u00f6l wird mit strengen Qualit\u00e4tskontrollen hergestellt, um eine gleichbleibende Konsistenz von Charge zu Charge zu gew\u00e4hrleisten. Ob Sie es f\u00fcr Mischungen, Abf\u00fcllungen oder als Schl\u00fcsselzutat in Ihrem Herstellungsprozess verwenden \u2013 Unternehmen vertrauen auf uns wegen unserer zuverl\u00e4ssigen Lieferkette, wettbewerbsf\u00e4higen Preise und engagierten Unterst\u00fctzung f\u00fcr laufende Bestellungen.<\/p>\n<p class=\"translation-block\" data-start=\"0\" data-end=\"341\">Wir versenden alle Gr\u00f6\u00dfen per <strong>Landtransport<\/strong> oder <strong>Seefracht<\/strong> und stellen sicher, dass jede Bestellung von raffiniertem Oliven\u00f6l in gro\u00dfen Mengen sicher und p\u00fcnktlich ankommt. Dar\u00fcber hinaus k\u00f6nnen Sie dank unserer Erfahrung in der Olivenbeschaffung stets darauf vertrauen, das beste raffinierte Oliven\u00f6l f\u00fcr Ihre Produkte zu erhalten.<\/p>","protected":false},"featured_media":28528,"comment_status":"open","ping_status":"closed","template":"","meta":[],"product_brand":[],"product_cat":[74],"product_tag":[127,126],"class_list":{"0":"post-20093","1":"product","2":"type-product","3":"status-publish","4":"has-post-thumbnail","6":"product_cat-organic-oils-wholesale-products","7":"product_tag-bulk-refined-olive-oil","8":"product_tag-refined-olive-oil","10":"first","11":"instock","12":"shipping-taxable","13":"product-type-simple"},"yoast_head":"<!-- This site is optimized with the Yoast SEO Premium plugin v26.6 (Yoast SEO v27.4) - https:\/\/yoast.com\/product\/yoast-seo-premium-wordpress\/ -->\n<title>Refined olive oil - Yakutta<\/title>\n<meta name=\"description\" content=\"Discover premium bulk refined olive oil for your business. Secure high-quality olive oil with consistent flavor and scalable wholesale options.\" \/>\n<meta name=\"robots\" content=\"index, follow, max-snippet:-1, max-image-preview:large, max-video-preview:-1\" \/>\n<link rel=\"canonical\" href=\"https:\/\/yakutta.com\/de\/produkt\/raffiniertes-olivenoel\/\" \/>\n<meta property=\"og:locale\" content=\"de_DE\" \/>\n<meta property=\"og:type\" content=\"article\" \/>\n<meta property=\"og:title\" content=\"Refined olive oil\" \/>\n<meta property=\"og:description\" content=\"Discover premium bulk refined olive oil for your business. Secure high-quality olive oil with consistent flavor and scalable wholesale options.\" \/>\n<meta property=\"og:url\" content=\"https:\/\/yakutta.com\/de\/produkt\/raffiniertes-olivenoel\/\" \/>\n<meta property=\"og:site_name\" content=\"Yakutta\" \/>\n<meta property=\"article:modified_time\" content=\"2026-01-27T10:44:47+00:00\" \/>\n<meta property=\"og:image\" content=\"https:\/\/yakutta.com\/wp-content\/uploads\/2025\/11\/Refined-olive-oil-web-version.webp\" \/>\n\t<meta property=\"og:image:width\" content=\"2048\" \/>\n\t<meta property=\"og:image:height\" content=\"2048\" \/>\n\t<meta property=\"og:image:type\" content=\"image\/webp\" \/>\n<meta name=\"twitter:card\" content=\"summary_large_image\" \/>\n<meta name=\"twitter:label1\" content=\"Gesch\u00e4tzte Lesezeit\" \/>\n\t<meta name=\"twitter:data1\" content=\"1\u00a0Minute\" \/>\n<script type=\"application\/ld+json\" class=\"yoast-schema-graph\">{\"@context\":\"https:\\\/\\\/schema.org\",\"@graph\":[{\"@type\":\"WebPage\",\"@id\":\"https:\\\/\\\/yakutta.com\\\/product\\\/refined-olive-oil\\\/\",\"url\":\"https:\\\/\\\/yakutta.com\\\/product\\\/refined-olive-oil\\\/\",\"name\":\"Refined olive oil - Yakutta\",\"isPartOf\":{\"@id\":\"https:\\\/\\\/yakutta.com\\\/#website\"},\"primaryImageOfPage\":{\"@id\":\"https:\\\/\\\/yakutta.com\\\/product\\\/refined-olive-oil\\\/#primaryimage\"},\"image\":{\"@id\":\"https:\\\/\\\/yakutta.com\\\/product\\\/refined-olive-oil\\\/#primaryimage\"},\"thumbnailUrl\":\"https:\\\/\\\/yakutta.com\\\/wp-content\\\/uploads\\\/2025\\\/11\\\/Refined-olive-oil-web-version.webp\",\"datePublished\":\"2025-11-18T00:30:26+00:00\",\"dateModified\":\"2026-01-27T10:44:47+00:00\",\"description\":\"Discover premium bulk refined olive oil for your business. Secure high-quality olive oil with consistent flavor and scalable wholesale options.\",\"breadcrumb\":{\"@id\":\"https:\\\/\\\/yakutta.com\\\/product\\\/refined-olive-oil\\\/#breadcrumb\"},\"inLanguage\":\"de\",\"potentialAction\":[{\"@type\":\"ReadAction\",\"target\":[\"https:\\\/\\\/yakutta.com\\\/product\\\/refined-olive-oil\\\/\"]}]},{\"@type\":\"ImageObject\",\"inLanguage\":\"de\",\"@id\":\"https:\\\/\\\/yakutta.com\\\/product\\\/refined-olive-oil\\\/#primaryimage\",\"url\":\"https:\\\/\\\/yakutta.com\\\/wp-content\\\/uploads\\\/2025\\\/11\\\/Refined-olive-oil-web-version.webp\",\"contentUrl\":\"https:\\\/\\\/yakutta.com\\\/wp-content\\\/uploads\\\/2025\\\/11\\\/Refined-olive-oil-web-version.webp\",\"width\":2048,\"height\":2048,\"caption\":\"Yakutta: Organic Refined Olive Oil for industry.\"},{\"@type\":\"BreadcrumbList\",\"@id\":\"https:\\\/\\\/yakutta.com\\\/product\\\/refined-olive-oil\\\/#breadcrumb\",\"itemListElement\":[{\"@type\":\"ListItem\",\"position\":1,\"name\":\"Home\",\"item\":\"https:\\\/\\\/yakutta.com\\\/\"},{\"@type\":\"ListItem\",\"position\":2,\"name\":\"Shop\",\"item\":\"https:\\\/\\\/yakutta.com\\\/shop\\\/\"},{\"@type\":\"ListItem\",\"position\":3,\"name\":\"Refined olive oil\"}]},{\"@type\":\"WebSite\",\"@id\":\"https:\\\/\\\/yakutta.com\\\/#website\",\"url\":\"https:\\\/\\\/yakutta.com\\\/\",\"name\":\"Yakutta\",\"description\":\"Oils Wholesale | Organic &amp; Essential Oils Wholesale\",\"publisher\":{\"@id\":\"https:\\\/\\\/yakutta.com\\\/#organization\"},\"potentialAction\":[{\"@type\":\"SearchAction\",\"target\":{\"@type\":\"EntryPoint\",\"urlTemplate\":\"https:\\\/\\\/yakutta.com\\\/?s={search_term_string}\"},\"query-input\":{\"@type\":\"PropertyValueSpecification\",\"valueRequired\":true,\"valueName\":\"search_term_string\"}}],\"inLanguage\":\"de\"},{\"@type\":[\"Organization\",\"Place\"],\"@id\":\"https:\\\/\\\/yakutta.com\\\/#organization\",\"name\":\"Yakutta\",\"url\":\"https:\\\/\\\/yakutta.com\\\/\",\"logo\":{\"@id\":\"https:\\\/\\\/yakutta.com\\\/product\\\/refined-olive-oil\\\/#local-main-organization-logo\"},\"image\":{\"@id\":\"https:\\\/\\\/yakutta.com\\\/product\\\/refined-olive-oil\\\/#local-main-organization-logo\"},\"telephone\":[],\"openingHoursSpecification\":[{\"@type\":\"OpeningHoursSpecification\",\"dayOfWeek\":[\"Monday\",\"Tuesday\",\"Wednesday\",\"Thursday\",\"Friday\",\"Saturday\",\"Sunday\"],\"opens\":\"09:00\",\"closes\":\"17:00\"}]},{\"@type\":\"ImageObject\",\"inLanguage\":\"de\",\"@id\":\"https:\\\/\\\/yakutta.com\\\/product\\\/refined-olive-oil\\\/#local-main-organization-logo\",\"url\":\"https:\\\/\\\/yakutta.com\\\/wp-content\\\/uploads\\\/2025\\\/04\\\/cropped-yakutta-icon-no-bg-2-2.png\",\"contentUrl\":\"https:\\\/\\\/yakutta.com\\\/wp-content\\\/uploads\\\/2025\\\/04\\\/cropped-yakutta-icon-no-bg-2-2.png\",\"width\":512,\"height\":512,\"caption\":\"Yakutta\"}]}<\/script>\n<!-- \/ Yoast SEO Premium plugin. -->","yoast_head_json":{"title":"Raffiniertes Oliven\u00f6l - Yakutta","description":"Entdecken Sie hochwertiges raffiniertes Oliven\u00f6l in gro\u00dfen Mengen f\u00fcr Ihr Unternehmen. Sichern Sie sich Oliven\u00f6l von hoher Qualit\u00e4t mit gleichbleibendem Geschmack und skalierbaren Gro\u00dfhandelsoptionen.","robots":{"index":"index","follow":"follow","max-snippet":"max-snippet:-1","max-image-preview":"max-image-preview:large","max-video-preview":"max-video-preview:-1"},"canonical":"https:\/\/yakutta.com\/de\/produkt\/raffiniertes-olivenoel\/","og_locale":"de_DE","og_type":"article","og_title":"Refined olive oil","og_description":"Discover premium bulk refined olive oil for your business. Secure high-quality olive oil with consistent flavor and scalable wholesale options.","og_url":"https:\/\/yakutta.com\/de\/produkt\/raffiniertes-olivenoel\/","og_site_name":"Yakutta","article_modified_time":"2026-01-27T10:44:47+00:00","og_image":[{"width":2048,"height":2048,"url":"https:\/\/yakutta.com\/wp-content\/uploads\/2025\/11\/Refined-olive-oil-web-version.webp","type":"image\/webp"}],"twitter_card":"summary_large_image","twitter_misc":{"Gesch\u00e4tzte Lesezeit":"1\u00a0Minute"},"schema":{"@context":"https:\/\/schema.org","@graph":[{"@type":"WebPage","@id":"https:\/\/yakutta.com\/product\/refined-olive-oil\/","url":"https:\/\/yakutta.com\/product\/refined-olive-oil\/","name":"Raffiniertes Oliven\u00f6l - Yakutta","isPartOf":{"@id":"https:\/\/yakutta.com\/#website"},"primaryImageOfPage":{"@id":"https:\/\/yakutta.com\/product\/refined-olive-oil\/#primaryimage"},"image":{"@id":"https:\/\/yakutta.com\/product\/refined-olive-oil\/#primaryimage"},"thumbnailUrl":"https:\/\/yakutta.com\/wp-content\/uploads\/2025\/11\/Refined-olive-oil-web-version.webp","datePublished":"2025-11-18T00:30:26+00:00","dateModified":"2026-01-27T10:44:47+00:00","description":"Entdecken Sie hochwertiges raffiniertes Oliven\u00f6l in gro\u00dfen Mengen f\u00fcr Ihr Unternehmen. Sichern Sie sich Oliven\u00f6l von hoher Qualit\u00e4t mit gleichbleibendem Geschmack und skalierbaren Gro\u00dfhandelsoptionen.","breadcrumb":{"@id":"https:\/\/yakutta.com\/product\/refined-olive-oil\/#breadcrumb"},"inLanguage":"de","potentialAction":[{"@type":"ReadAction","target":["https:\/\/yakutta.com\/product\/refined-olive-oil\/"]}]},{"@type":"ImageObject","inLanguage":"de","@id":"https:\/\/yakutta.com\/product\/refined-olive-oil\/#primaryimage","url":"https:\/\/yakutta.com\/wp-content\/uploads\/2025\/11\/Refined-olive-oil-web-version.webp","contentUrl":"https:\/\/yakutta.com\/wp-content\/uploads\/2025\/11\/Refined-olive-oil-web-version.webp","width":2048,"height":2048,"caption":"Yakutta: Organic Refined Olive Oil for industry."},{"@type":"BreadcrumbList","@id":"https:\/\/yakutta.com\/product\/refined-olive-oil\/#breadcrumb","itemListElement":[{"@type":"ListItem","position":1,"name":"Home","item":"https:\/\/yakutta.com\/"},{"@type":"ListItem","position":2,"name":"Shop","item":"https:\/\/yakutta.com\/shop\/"},{"@type":"ListItem","position":3,"name":"Refined olive oil"}]},{"@type":"WebSite","@id":"https:\/\/yakutta.com\/#website","url":"https:\/\/yakutta.com\/","name":"Yakutta","description":"\u00d6le Gro\u00dfhandel | Bio &amp; \u00c4therische \u00d6le Gro\u00dfhandel","publisher":{"@id":"https:\/\/yakutta.com\/#organization"},"potentialAction":[{"@type":"SearchAction","target":{"@type":"EntryPoint","urlTemplate":"https:\/\/yakutta.com\/?s={search_term_string}"},"query-input":{"@type":"PropertyValueSpecification","valueRequired":true,"valueName":"search_term_string"}}],"inLanguage":"de"},{"@type":["Organization","Place"],"@id":"https:\/\/yakutta.com\/#organization","name":"Yakutta","url":"https:\/\/yakutta.com\/","logo":{"@id":"https:\/\/yakutta.com\/product\/refined-olive-oil\/#local-main-organization-logo"},"image":{"@id":"https:\/\/yakutta.com\/product\/refined-olive-oil\/#local-main-organization-logo"},"telephone":[],"openingHoursSpecification":[{"@type":"OpeningHoursSpecification","dayOfWeek":["Monday","Tuesday","Wednesday","Thursday","Friday","Saturday","Sunday"],"opens":"09:00","closes":"17:00"}]},{"@type":"ImageObject","inLanguage":"de","@id":"https:\/\/yakutta.com\/product\/refined-olive-oil\/#local-main-organization-logo","url":"https:\/\/yakutta.com\/wp-content\/uploads\/2025\/04\/cropped-yakutta-icon-no-bg-2-2.png","contentUrl":"https:\/\/yakutta.com\/wp-content\/uploads\/2025\/04\/cropped-yakutta-icon-no-bg-2-2.png","width":512,"height":512,"caption":"Yakutta"}]}},"_links":{"self":[{"href":"https:\/\/yakutta.com\/de\/wp-json\/wp\/v2\/product\/20093","targetHints":{"allow":["GET"]}}],"collection":[{"href":"https:\/\/yakutta.com\/de\/wp-json\/wp\/v2\/product"}],"about":[{"href":"https:\/\/yakutta.com\/de\/wp-json\/wp\/v2\/types\/product"}],"replies":[{"embeddable":true,"href":"https:\/\/yakutta.com\/de\/wp-json\/wp\/v2\/comments?post=20093"}],"wp:featuredmedia":[{"embeddable":true,"href":"https:\/\/yakutta.com\/de\/wp-json\/wp\/v2\/media\/28528"}],"wp:attachment":[{"href":"https:\/\/yakutta.com\/de\/wp-json\/wp\/v2\/media?parent=20093"}],"wp:term":[{"taxonomy":"product_brand","embeddable":true,"href":"https:\/\/yakutta.com\/de\/wp-json\/wp\/v2\/product_brand?post=20093"},{"taxonomy":"product_cat","embeddable":true,"href":"https:\/\/yakutta.com\/de\/wp-json\/wp\/v2\/product_cat?post=20093"},{"taxonomy":"product_tag","embeddable":true,"href":"https:\/\/yakutta.com\/de\/wp-json\/wp\/v2\/product_tag?post=20093"}],"curies":[{"name":"wp","href":"https:\/\/api.w.org\/{rel}","templated":true}]}}