{"id":20091,"date":"2025-11-17T23:53:29","date_gmt":"2025-11-17T23:53:29","guid":{"rendered":"https:\/\/yakutta.com\/?post_type=product&#038;p=20091"},"modified":"2026-01-26T22:59:04","modified_gmt":"2026-01-26T22:59:04","slug":"natives-olivenol-in-grosen-mengen","status":"publish","type":"product","link":"https:\/\/yakutta.com\/de\/produkt\/natives-olivenol-in-grosen-mengen\/","title":{"rendered":"Natives Oliven\u00f6l"},"content":{"rendered":"<p class=\"text-sm\">Das native Oliven\u00f6l von Yakutta wird speziell f\u00fcr Hersteller, Gro\u00dfunternehmen und Gro\u00dfh\u00e4ndler hergestellt, die nichts weniger als gleichbleibende Qualit\u00e4t erwarten. Wir w\u00e4hlen unsere Oliven sorgf\u00e4ltig aus, um einen reinen Geschmack, eine stabile Zusammensetzung und eine zuverl\u00e4ssige Leistung f\u00fcr all Ihre industriellen Anforderungen zu gew\u00e4hrleisten. Wir bieten natives Oliven\u00f6l in gro\u00dfen Mengen an, ideal f\u00fcr gro\u00dfvolumige Betriebe. Sie k\u00f6nnen aus flexiblen Mengen w\u00e4hlen, egal ob Sie mittelgro\u00dfe Chargen oder vollst\u00e4ndige industrielle Ladungen ben\u00f6tigen. Dies macht es zu einer ausgezeichneten Wahl f\u00fcr Lebensmittelverarbeiter, Lohnabf\u00fcller und gro\u00dfe H\u00e4ndler, die eine kontinuierliche Produktion verwalten.<\/p>\n<p>&nbsp;<\/p>\n<p class=\"text-sm\">Bei Yakutta halten wir bei jeder Lieferung strenge Qualit\u00e4tskontrollen ein. Jede Charge unseres nativen Oliven\u00f6ls entspricht internationalen Standards und l\u00e4sst sich nahtlos in Ihre Produktlinien integrieren. Unsere Optionen f\u00fcr die Lieferung in gro\u00dfen Mengen vereinfachen den Beschaffungsprozess und tragen zur langfristigen Produktionsstabilit\u00e4t bei. F\u00fcr Gro\u00dfh\u00e4ndler und Hersteller, die eine skalierbare, effiziente und zuverl\u00e4ssige Beschaffung suchen, bietet das native Oliven\u00f6l von Yakutta die perfekte Balance zwischen Qualit\u00e4t und Volumen \u2013 bereit, Ihr Unternehmenswachstum zu f\u00f6rdern.<\/p>","protected":false},"excerpt":{"rendered":"<p class=\"\" data-start=\"0\" data-end=\"341\">Erweitern Sie Ihr Produktangebot mit unserem hochwertigen nativen Oliven\u00f6l, einem Favoriten unter Lebensmittelherstellern, Vertriebspartnern und Hospitality-Marken weltweit. Entwickelt f\u00fcr gleichbleibende Qualit\u00e4t und zuverl\u00e4ssige Versorgung, bietet unser natives Oliven\u00f6l einen reinen, ausgewogenen Geschmack, der sich perfekt f\u00fcr die industrielle Lebensmittelproduktion, Eigenmarken, Restaurants und sogar f\u00fcr Anwendungen in der Sch\u00f6nheit oder im Wellnessbereich eignet.<\/p>\n<p class=\"\" data-start=\"0\" data-end=\"341\">Wir bieten flexible Gro\u00dfhandelsoptionen, damit Sie genau das ausw\u00e4hlen k\u00f6nnen, was Ihren Bed\u00fcrfnissen entspricht.<\/p>\n<ul>\n<li data-start=\"0\" data-end=\"341\" class=\"translation-block\"><strong data-start=\"376\" data-end=\"391\">Mittlere Menge<\/strong> : 50L, 100L, 200L<\/li>\n<li data-start=\"0\" data-end=\"341\" class=\"translation-block\"><strong data-start=\"413\" data-end=\"427\">Gro\u00dfe Menge<\/strong> : 500L, 1000L<\/li>\n<li data-start=\"0\" data-end=\"341\"><strong>Gro\u00dfhandel in gro\u00dfen Mengen: 5.000 L \u2013 25.000 L <\/strong><\/li>\n<\/ul>\n<p class=\"\" data-start=\"0\" data-end=\"341\">Unser natives Oliven\u00f6l wird mit strengen Qualit\u00e4tskontrollen hergestellt, um eine gleichbleibende Konsistenz von Charge zu Charge zu gew\u00e4hrleisten. Egal, ob Sie es zum Mischen, Abf\u00fcllen oder als Schl\u00fcsselzutat in Ihrem Herstellungsprozess verwenden. Unternehmen vertrauen auf uns wegen unserer zuverl\u00e4ssigen Lieferkette, wettbewerbsf\u00e4higen Preise und engagierten Unterst\u00fctzung f\u00fcr laufende Bestellungen.<\/p>\n<p class=\"translation-block\" data-start=\"0\" data-end=\"341\">Wir versenden alle Gr\u00f6\u00dfen per <strong>Landtransport<\/strong> oder <strong>Seefracht<\/strong> und stellen sicher, dass jede Bestellung von Oliven\u00f6l in gro\u00dfen Mengen sicher und p\u00fcnktlich ankommt. Da wir \u00fcber Erfahrung in der Beschaffung hochwertiger Oliven verf\u00fcgen, k\u00f6nnen Sie sich au\u00dferdem darauf verlassen, dass Sie stets das beste native Oliven\u00f6l f\u00fcr Ihre Produkte erhalten.<\/p>","protected":false},"featured_media":28480,"comment_status":"open","ping_status":"closed","template":"","meta":[],"product_brand":[],"product_cat":[74],"product_tag":[121,113,118,120,122,119],"class_list":{"0":"post-20091","1":"product","2":"type-product","3":"status-publish","4":"has-post-thumbnail","6":"product_cat-organic-oils-wholesale-products","7":"product_tag-bulk-olive-oil","8":"product_tag-olive-oil","9":"product_tag-olive-oil-bulk","10":"product_tag-olive-oil-wholesale","11":"product_tag-tunisian-olive-oil","12":"product_tag-virgin-olive-oil","14":"first","15":"instock","16":"shipping-taxable","17":"product-type-simple"},"yoast_head":"<!-- This site is optimized with the Yoast SEO Premium plugin v26.6 (Yoast SEO v27.4) - https:\/\/yoast.com\/product\/yoast-seo-premium-wordpress\/ -->\n<title>Virgin olive oil in bulk - Yakutta<\/title>\n<meta name=\"description\" content=\"Discover premium virgin olive oil in bulk for your business. Secure high-quality virgin olive oil with consistent flavor and scalable wholesale options.\" \/>\n<meta name=\"robots\" content=\"index, follow, max-snippet:-1, max-image-preview:large, max-video-preview:-1\" \/>\n<link rel=\"canonical\" href=\"https:\/\/yakutta.com\/de\/produkt\/natives-olivenol-in-grosen-mengen\/\" \/>\n<meta property=\"og:locale\" content=\"de_DE\" \/>\n<meta property=\"og:type\" content=\"article\" \/>\n<meta property=\"og:title\" content=\"Virgin Olive Oil\" \/>\n<meta property=\"og:description\" content=\"Discover premium virgin olive oil in bulk for your business. Secure high-quality virgin olive oil with consistent flavor and scalable wholesale options.\" \/>\n<meta property=\"og:url\" content=\"https:\/\/yakutta.com\/de\/produkt\/natives-olivenol-in-grosen-mengen\/\" \/>\n<meta property=\"og:site_name\" content=\"Yakutta\" \/>\n<meta property=\"article:modified_time\" content=\"2026-01-26T22:59:04+00:00\" \/>\n<meta property=\"og:image\" content=\"https:\/\/yakutta.com\/wp-content\/uploads\/2025\/11\/virgin-olive-oil-1.webp\" \/>\n\t<meta property=\"og:image:width\" content=\"2048\" \/>\n\t<meta property=\"og:image:height\" content=\"2048\" \/>\n\t<meta property=\"og:image:type\" content=\"image\/webp\" \/>\n<meta name=\"twitter:card\" content=\"summary_large_image\" \/>\n<meta name=\"twitter:label1\" content=\"Gesch\u00e4tzte Lesezeit\" \/>\n\t<meta name=\"twitter:data1\" content=\"1\u00a0Minute\" \/>\n<script type=\"application\/ld+json\" class=\"yoast-schema-graph\">{\"@context\":\"https:\\\/\\\/schema.org\",\"@graph\":[{\"@type\":\"WebPage\",\"@id\":\"https:\\\/\\\/yakutta.com\\\/product\\\/virgin-olive-oil-in-bulk\\\/\",\"url\":\"https:\\\/\\\/yakutta.com\\\/product\\\/virgin-olive-oil-in-bulk\\\/\",\"name\":\"Virgin olive oil in bulk - Yakutta\",\"isPartOf\":{\"@id\":\"https:\\\/\\\/yakutta.com\\\/#website\"},\"primaryImageOfPage\":{\"@id\":\"https:\\\/\\\/yakutta.com\\\/product\\\/virgin-olive-oil-in-bulk\\\/#primaryimage\"},\"image\":{\"@id\":\"https:\\\/\\\/yakutta.com\\\/product\\\/virgin-olive-oil-in-bulk\\\/#primaryimage\"},\"thumbnailUrl\":\"https:\\\/\\\/yakutta.com\\\/wp-content\\\/uploads\\\/2025\\\/11\\\/virgin-olive-oil-1.webp\",\"datePublished\":\"2025-11-17T23:53:29+00:00\",\"dateModified\":\"2026-01-26T22:59:04+00:00\",\"description\":\"Discover premium virgin olive oil in bulk for your business. Secure high-quality virgin olive oil with consistent flavor and scalable wholesale options.\",\"breadcrumb\":{\"@id\":\"https:\\\/\\\/yakutta.com\\\/product\\\/virgin-olive-oil-in-bulk\\\/#breadcrumb\"},\"inLanguage\":\"de\",\"potentialAction\":[{\"@type\":\"ReadAction\",\"target\":[\"https:\\\/\\\/yakutta.com\\\/product\\\/virgin-olive-oil-in-bulk\\\/\"]}]},{\"@type\":\"ImageObject\",\"inLanguage\":\"de\",\"@id\":\"https:\\\/\\\/yakutta.com\\\/product\\\/virgin-olive-oil-in-bulk\\\/#primaryimage\",\"url\":\"https:\\\/\\\/yakutta.com\\\/wp-content\\\/uploads\\\/2025\\\/11\\\/virgin-olive-oil-1.webp\",\"contentUrl\":\"https:\\\/\\\/yakutta.com\\\/wp-content\\\/uploads\\\/2025\\\/11\\\/virgin-olive-oil-1.webp\",\"width\":2048,\"height\":2048,\"caption\":\"Yakutta: Organic Virgin Olive Oil, bulk and bottled.\"},{\"@type\":\"BreadcrumbList\",\"@id\":\"https:\\\/\\\/yakutta.com\\\/product\\\/virgin-olive-oil-in-bulk\\\/#breadcrumb\",\"itemListElement\":[{\"@type\":\"ListItem\",\"position\":1,\"name\":\"Home\",\"item\":\"https:\\\/\\\/yakutta.com\\\/\"},{\"@type\":\"ListItem\",\"position\":2,\"name\":\"Shop\",\"item\":\"https:\\\/\\\/yakutta.com\\\/shop\\\/\"},{\"@type\":\"ListItem\",\"position\":3,\"name\":\"Virgin Olive Oil\"}]},{\"@type\":\"WebSite\",\"@id\":\"https:\\\/\\\/yakutta.com\\\/#website\",\"url\":\"https:\\\/\\\/yakutta.com\\\/\",\"name\":\"Yakutta\",\"description\":\"Oils Wholesale | Organic &amp; Essential Oils Wholesale\",\"publisher\":{\"@id\":\"https:\\\/\\\/yakutta.com\\\/#organization\"},\"potentialAction\":[{\"@type\":\"SearchAction\",\"target\":{\"@type\":\"EntryPoint\",\"urlTemplate\":\"https:\\\/\\\/yakutta.com\\\/?s={search_term_string}\"},\"query-input\":{\"@type\":\"PropertyValueSpecification\",\"valueRequired\":true,\"valueName\":\"search_term_string\"}}],\"inLanguage\":\"de\"},{\"@type\":[\"Organization\",\"Place\"],\"@id\":\"https:\\\/\\\/yakutta.com\\\/#organization\",\"name\":\"Yakutta\",\"url\":\"https:\\\/\\\/yakutta.com\\\/\",\"logo\":{\"@id\":\"https:\\\/\\\/yakutta.com\\\/product\\\/virgin-olive-oil-in-bulk\\\/#local-main-organization-logo\"},\"image\":{\"@id\":\"https:\\\/\\\/yakutta.com\\\/product\\\/virgin-olive-oil-in-bulk\\\/#local-main-organization-logo\"},\"telephone\":[],\"openingHoursSpecification\":[{\"@type\":\"OpeningHoursSpecification\",\"dayOfWeek\":[\"Monday\",\"Tuesday\",\"Wednesday\",\"Thursday\",\"Friday\",\"Saturday\",\"Sunday\"],\"opens\":\"09:00\",\"closes\":\"17:00\"}]},{\"@type\":\"ImageObject\",\"inLanguage\":\"de\",\"@id\":\"https:\\\/\\\/yakutta.com\\\/product\\\/virgin-olive-oil-in-bulk\\\/#local-main-organization-logo\",\"url\":\"https:\\\/\\\/yakutta.com\\\/wp-content\\\/uploads\\\/2025\\\/04\\\/cropped-yakutta-icon-no-bg-2-2.png\",\"contentUrl\":\"https:\\\/\\\/yakutta.com\\\/wp-content\\\/uploads\\\/2025\\\/04\\\/cropped-yakutta-icon-no-bg-2-2.png\",\"width\":512,\"height\":512,\"caption\":\"Yakutta\"}]}<\/script>\n<!-- \/ Yoast SEO Premium plugin. -->","yoast_head_json":{"title":"Natives Oliven\u00f6l in gro\u00dfen Mengen - Yakutta","description":"Entdecken Sie hochwertiges natives Oliven\u00f6l in gro\u00dfen Mengen f\u00fcr Ihr Unternehmen. Sichern Sie sich hochwertiges natives Oliven\u00f6l mit konstantem Geschmack und skalierbaren Gro\u00dfhandelsoptionen.","robots":{"index":"index","follow":"follow","max-snippet":"max-snippet:-1","max-image-preview":"max-image-preview:large","max-video-preview":"max-video-preview:-1"},"canonical":"https:\/\/yakutta.com\/de\/produkt\/natives-olivenol-in-grosen-mengen\/","og_locale":"de_DE","og_type":"article","og_title":"Virgin Olive Oil","og_description":"Discover premium virgin olive oil in bulk for your business. Secure high-quality virgin olive oil with consistent flavor and scalable wholesale options.","og_url":"https:\/\/yakutta.com\/de\/produkt\/natives-olivenol-in-grosen-mengen\/","og_site_name":"Yakutta","article_modified_time":"2026-01-26T22:59:04+00:00","og_image":[{"width":2048,"height":2048,"url":"https:\/\/yakutta.com\/wp-content\/uploads\/2025\/11\/virgin-olive-oil-1.webp","type":"image\/webp"}],"twitter_card":"summary_large_image","twitter_misc":{"Gesch\u00e4tzte Lesezeit":"1\u00a0Minute"},"schema":{"@context":"https:\/\/schema.org","@graph":[{"@type":"WebPage","@id":"https:\/\/yakutta.com\/product\/virgin-olive-oil-in-bulk\/","url":"https:\/\/yakutta.com\/product\/virgin-olive-oil-in-bulk\/","name":"Natives Oliven\u00f6l in gro\u00dfen Mengen - Yakutta","isPartOf":{"@id":"https:\/\/yakutta.com\/#website"},"primaryImageOfPage":{"@id":"https:\/\/yakutta.com\/product\/virgin-olive-oil-in-bulk\/#primaryimage"},"image":{"@id":"https:\/\/yakutta.com\/product\/virgin-olive-oil-in-bulk\/#primaryimage"},"thumbnailUrl":"https:\/\/yakutta.com\/wp-content\/uploads\/2025\/11\/virgin-olive-oil-1.webp","datePublished":"2025-11-17T23:53:29+00:00","dateModified":"2026-01-26T22:59:04+00:00","description":"Entdecken Sie hochwertiges natives Oliven\u00f6l in gro\u00dfen Mengen f\u00fcr Ihr Unternehmen. Sichern Sie sich hochwertiges natives Oliven\u00f6l mit konstantem Geschmack und skalierbaren Gro\u00dfhandelsoptionen.","breadcrumb":{"@id":"https:\/\/yakutta.com\/product\/virgin-olive-oil-in-bulk\/#breadcrumb"},"inLanguage":"de","potentialAction":[{"@type":"ReadAction","target":["https:\/\/yakutta.com\/product\/virgin-olive-oil-in-bulk\/"]}]},{"@type":"ImageObject","inLanguage":"de","@id":"https:\/\/yakutta.com\/product\/virgin-olive-oil-in-bulk\/#primaryimage","url":"https:\/\/yakutta.com\/wp-content\/uploads\/2025\/11\/virgin-olive-oil-1.webp","contentUrl":"https:\/\/yakutta.com\/wp-content\/uploads\/2025\/11\/virgin-olive-oil-1.webp","width":2048,"height":2048,"caption":"Yakutta: Organic Virgin Olive Oil, bulk and bottled."},{"@type":"BreadcrumbList","@id":"https:\/\/yakutta.com\/product\/virgin-olive-oil-in-bulk\/#breadcrumb","itemListElement":[{"@type":"ListItem","position":1,"name":"Home","item":"https:\/\/yakutta.com\/"},{"@type":"ListItem","position":2,"name":"Shop","item":"https:\/\/yakutta.com\/shop\/"},{"@type":"ListItem","position":3,"name":"Virgin Olive Oil"}]},{"@type":"WebSite","@id":"https:\/\/yakutta.com\/#website","url":"https:\/\/yakutta.com\/","name":"Yakutta","description":"\u00d6le Gro\u00dfhandel | Bio &amp; \u00c4therische \u00d6le Gro\u00dfhandel","publisher":{"@id":"https:\/\/yakutta.com\/#organization"},"potentialAction":[{"@type":"SearchAction","target":{"@type":"EntryPoint","urlTemplate":"https:\/\/yakutta.com\/?s={search_term_string}"},"query-input":{"@type":"PropertyValueSpecification","valueRequired":true,"valueName":"search_term_string"}}],"inLanguage":"de"},{"@type":["Organization","Place"],"@id":"https:\/\/yakutta.com\/#organization","name":"Yakutta","url":"https:\/\/yakutta.com\/","logo":{"@id":"https:\/\/yakutta.com\/product\/virgin-olive-oil-in-bulk\/#local-main-organization-logo"},"image":{"@id":"https:\/\/yakutta.com\/product\/virgin-olive-oil-in-bulk\/#local-main-organization-logo"},"telephone":[],"openingHoursSpecification":[{"@type":"OpeningHoursSpecification","dayOfWeek":["Monday","Tuesday","Wednesday","Thursday","Friday","Saturday","Sunday"],"opens":"09:00","closes":"17:00"}]},{"@type":"ImageObject","inLanguage":"de","@id":"https:\/\/yakutta.com\/product\/virgin-olive-oil-in-bulk\/#local-main-organization-logo","url":"https:\/\/yakutta.com\/wp-content\/uploads\/2025\/04\/cropped-yakutta-icon-no-bg-2-2.png","contentUrl":"https:\/\/yakutta.com\/wp-content\/uploads\/2025\/04\/cropped-yakutta-icon-no-bg-2-2.png","width":512,"height":512,"caption":"Yakutta"}]}},"_links":{"self":[{"href":"https:\/\/yakutta.com\/de\/wp-json\/wp\/v2\/product\/20091","targetHints":{"allow":["GET"]}}],"collection":[{"href":"https:\/\/yakutta.com\/de\/wp-json\/wp\/v2\/product"}],"about":[{"href":"https:\/\/yakutta.com\/de\/wp-json\/wp\/v2\/types\/product"}],"replies":[{"embeddable":true,"href":"https:\/\/yakutta.com\/de\/wp-json\/wp\/v2\/comments?post=20091"}],"wp:featuredmedia":[{"embeddable":true,"href":"https:\/\/yakutta.com\/de\/wp-json\/wp\/v2\/media\/28480"}],"wp:attachment":[{"href":"https:\/\/yakutta.com\/de\/wp-json\/wp\/v2\/media?parent=20091"}],"wp:term":[{"taxonomy":"product_brand","embeddable":true,"href":"https:\/\/yakutta.com\/de\/wp-json\/wp\/v2\/product_brand?post=20091"},{"taxonomy":"product_cat","embeddable":true,"href":"https:\/\/yakutta.com\/de\/wp-json\/wp\/v2\/product_cat?post=20091"},{"taxonomy":"product_tag","embeddable":true,"href":"https:\/\/yakutta.com\/de\/wp-json\/wp\/v2\/product_tag?post=20091"}],"curies":[{"name":"wp","href":"https:\/\/api.w.org\/{rel}","templated":true}]}}