{"id":1937,"date":"2021-08-05T12:31:33","date_gmt":"2021-08-05T12:31:33","guid":{"rendered":"https:\/\/amfissa.qodeinteractive.com\/?post_type=product&#038;p=1937"},"modified":"2026-03-13T23:23:57","modified_gmt":"2026-03-13T23:23:57","slug":"feigenoel","status":"publish","type":"product","link":"https:\/\/yakutta.com\/de\/produkt\/feigenoel\/","title":{"rendered":"Feigen\u00f6l"},"content":{"rendered":"<p class=\"text-body font-regular leading-[24px] pt-[9px] pb-[2px]\">Indulge in the luxurious essence of Fig Oil, a delightful addition to any collection of essential oils. Renowned for its sweet and subtle aroma, this premium oil is perfect for crafting custom skincare products, enhancing aromatherapy, or creating unique fragrances. Extracted with care to preserve its natural properties, our Fig Oil offers unmatched purity and versatility.<\/p>\n<p class=\"text-body font-regular leading-[24px] pt-[9px] pb-[2px]\">Whether you&#8217;re looking to buy essential oils for personal use or need bulk essential oil for professional applications, this product is tailored to meet your needs. Available in bulk essential oils options, it\u2019s ideal for businesses seeking reliable supply through our essential oils wholesale program. Choose to buy bulk and take advantage of exceptional quality at competitive prices, supported by our trusted essential oils wholesale supplies. Experience the aromatic allure and therapeutic benefits of our products today!<\/p>\n","protected":false},"excerpt":{"rendered":"<p>Erleben Sie den exquisiten Duft und die therapeutischen Eigenschaften unseres Feigen\u00f6ls. Dieses luxuri\u00f6se \u00d6l ist eine perfekte Erg\u00e4nzung Ihrer Sammlung \u00e4therischer \u00d6le, ideal zur Herstellung von Hautpflegeprodukten, Aromatherapie-Mischungen oder individuellen D\u00fcften. In Gro\u00dfmengen als \u00e4therisches \u00d6l erh\u00e4ltlich, ist es die ideale Wahl f\u00fcr den privaten und professionellen Gebrauch. Bestellen Sie noch heute und genie\u00dfen Sie seine unvergleichliche Qualit\u00e4t.<\/p>","protected":false},"featured_media":21292,"comment_status":"open","ping_status":"closed","template":"","meta":[],"product_brand":[],"product_cat":[73],"product_tag":[],"class_list":{"0":"post-1937","1":"product","2":"type-product","3":"status-publish","4":"has-post-thumbnail","6":"product_cat-essential-oils-products","8":"first","9":"instock","10":"shipping-taxable","11":"product-type-simple"},"yoast_head":"<!-- This site is optimized with the Yoast SEO Premium plugin v26.6 (Yoast SEO v27.4) - https:\/\/yoast.com\/product\/yoast-seo-premium-wordpress\/ -->\n<title>Fig oil wholesale - buy in bulk | Yakutta<\/title>\n<meta name=\"description\" content=\"Discover exceptional Fig oil for retail and wholesale buyers. Perfect for skincare, custom fragrances, and aromatherapy, our Fig Oil is available in bulk essential oil orders for convenience. Whether you&#039;re looking to buy essential oils individually or in bulk, our essential oils wholesale supplies promise superior purity and value. Buy bulk and enjoy flexible options tailored to meet your needs!\" \/>\n<meta name=\"robots\" content=\"index, follow, max-snippet:-1, max-image-preview:large, max-video-preview:-1\" \/>\n<link rel=\"canonical\" href=\"https:\/\/yakutta.com\/de\/produkt\/feigenoel\/\" \/>\n<meta property=\"og:locale\" content=\"de_DE\" \/>\n<meta property=\"og:type\" content=\"article\" \/>\n<meta property=\"og:title\" content=\"Fig Oil\" \/>\n<meta property=\"og:description\" content=\"Discover exceptional Fig oil for retail and wholesale buyers. Perfect for skincare, custom fragrances, and aromatherapy, our Fig Oil is available in bulk essential oil orders for convenience. Whether you&#039;re looking to buy essential oils individually or in bulk, our essential oils wholesale supplies promise superior purity and value. Buy bulk and enjoy flexible options tailored to meet your needs!\" \/>\n<meta property=\"og:url\" content=\"https:\/\/yakutta.com\/de\/produkt\/feigenoel\/\" \/>\n<meta property=\"og:site_name\" content=\"Yakutta\" \/>\n<meta property=\"article:modified_time\" content=\"2026-03-13T23:23:57+00:00\" \/>\n<meta property=\"og:image\" content=\"https:\/\/yakutta.com\/wp-content\/uploads\/2021\/08\/Fig-oil-in-bulk-webp.webp\" \/>\n\t<meta property=\"og:image:width\" content=\"2048\" \/>\n\t<meta property=\"og:image:height\" content=\"2048\" \/>\n\t<meta property=\"og:image:type\" content=\"image\/webp\" \/>\n<meta name=\"twitter:card\" content=\"summary_large_image\" \/>\n<meta name=\"twitter:label1\" content=\"Gesch\u00e4tzte Lesezeit\" \/>\n\t<meta name=\"twitter:data1\" content=\"1\u00a0Minute\" \/>\n<script type=\"application\/ld+json\" class=\"yoast-schema-graph\">{\"@context\":\"https:\\\/\\\/schema.org\",\"@graph\":[{\"@type\":\"WebPage\",\"@id\":\"https:\\\/\\\/yakutta.com\\\/product\\\/fig-essential-oil\\\/\",\"url\":\"https:\\\/\\\/yakutta.com\\\/product\\\/fig-essential-oil\\\/\",\"name\":\"Fig oil wholesale - buy in bulk | Yakutta\",\"isPartOf\":{\"@id\":\"https:\\\/\\\/yakutta.com\\\/#website\"},\"primaryImageOfPage\":{\"@id\":\"https:\\\/\\\/yakutta.com\\\/product\\\/fig-essential-oil\\\/#primaryimage\"},\"image\":{\"@id\":\"https:\\\/\\\/yakutta.com\\\/product\\\/fig-essential-oil\\\/#primaryimage\"},\"thumbnailUrl\":\"https:\\\/\\\/yakutta.com\\\/wp-content\\\/uploads\\\/2021\\\/08\\\/Fig-oil-in-bulk-webp.webp\",\"datePublished\":\"2021-08-05T12:31:33+00:00\",\"dateModified\":\"2026-03-13T23:23:57+00:00\",\"description\":\"Discover exceptional Fig oil for retail and wholesale buyers. Perfect for skincare, custom fragrances, and aromatherapy, our Fig Oil is available in bulk essential oil orders for convenience. Whether you're looking to buy essential oils individually or in bulk, our essential oils wholesale supplies promise superior purity and value. Buy bulk and enjoy flexible options tailored to meet your needs!\",\"breadcrumb\":{\"@id\":\"https:\\\/\\\/yakutta.com\\\/product\\\/fig-essential-oil\\\/#breadcrumb\"},\"inLanguage\":\"de\",\"potentialAction\":[{\"@type\":\"ReadAction\",\"target\":[\"https:\\\/\\\/yakutta.com\\\/product\\\/fig-essential-oil\\\/\"]}]},{\"@type\":\"ImageObject\",\"inLanguage\":\"de\",\"@id\":\"https:\\\/\\\/yakutta.com\\\/product\\\/fig-essential-oil\\\/#primaryimage\",\"url\":\"https:\\\/\\\/yakutta.com\\\/wp-content\\\/uploads\\\/2021\\\/08\\\/Fig-oil-in-bulk-webp.webp\",\"contentUrl\":\"https:\\\/\\\/yakutta.com\\\/wp-content\\\/uploads\\\/2021\\\/08\\\/Fig-oil-in-bulk-webp.webp\",\"width\":2048,\"height\":2048,\"caption\":\"Fig oil in bulk\"},{\"@type\":\"BreadcrumbList\",\"@id\":\"https:\\\/\\\/yakutta.com\\\/product\\\/fig-essential-oil\\\/#breadcrumb\",\"itemListElement\":[{\"@type\":\"ListItem\",\"position\":1,\"name\":\"Home\",\"item\":\"https:\\\/\\\/yakutta.com\\\/\"},{\"@type\":\"ListItem\",\"position\":2,\"name\":\"Shop\",\"item\":\"https:\\\/\\\/yakutta.com\\\/shop\\\/\"},{\"@type\":\"ListItem\",\"position\":3,\"name\":\"Fig Oil\"}]},{\"@type\":\"WebSite\",\"@id\":\"https:\\\/\\\/yakutta.com\\\/#website\",\"url\":\"https:\\\/\\\/yakutta.com\\\/\",\"name\":\"Yakutta\",\"description\":\"Oils Wholesale | Organic &amp; Essential Oils Wholesale\",\"publisher\":{\"@id\":\"https:\\\/\\\/yakutta.com\\\/#organization\"},\"potentialAction\":[{\"@type\":\"SearchAction\",\"target\":{\"@type\":\"EntryPoint\",\"urlTemplate\":\"https:\\\/\\\/yakutta.com\\\/?s={search_term_string}\"},\"query-input\":{\"@type\":\"PropertyValueSpecification\",\"valueRequired\":true,\"valueName\":\"search_term_string\"}}],\"inLanguage\":\"de\"},{\"@type\":[\"Organization\",\"Place\"],\"@id\":\"https:\\\/\\\/yakutta.com\\\/#organization\",\"name\":\"Yakutta\",\"url\":\"https:\\\/\\\/yakutta.com\\\/\",\"logo\":{\"@id\":\"https:\\\/\\\/yakutta.com\\\/product\\\/fig-essential-oil\\\/#local-main-organization-logo\"},\"image\":{\"@id\":\"https:\\\/\\\/yakutta.com\\\/product\\\/fig-essential-oil\\\/#local-main-organization-logo\"},\"telephone\":[],\"openingHoursSpecification\":[{\"@type\":\"OpeningHoursSpecification\",\"dayOfWeek\":[\"Monday\",\"Tuesday\",\"Wednesday\",\"Thursday\",\"Friday\",\"Saturday\",\"Sunday\"],\"opens\":\"09:00\",\"closes\":\"17:00\"}]},{\"@type\":\"ImageObject\",\"inLanguage\":\"de\",\"@id\":\"https:\\\/\\\/yakutta.com\\\/product\\\/fig-essential-oil\\\/#local-main-organization-logo\",\"url\":\"https:\\\/\\\/yakutta.com\\\/wp-content\\\/uploads\\\/2025\\\/04\\\/cropped-yakutta-icon-no-bg-2-2.png\",\"contentUrl\":\"https:\\\/\\\/yakutta.com\\\/wp-content\\\/uploads\\\/2025\\\/04\\\/cropped-yakutta-icon-no-bg-2-2.png\",\"width\":512,\"height\":512,\"caption\":\"Yakutta\"}]}<\/script>\n<!-- \/ Yoast SEO Premium plugin. -->","yoast_head_json":{"title":"Fig oil wholesale - buy in bulk | Yakutta","description":"Discover exceptional Fig oil for retail and wholesale buyers. Perfect for skincare, custom fragrances, and aromatherapy, our Fig Oil is available in bulk essential oil orders for convenience. Whether you're looking to buy essential oils individually or in bulk, our essential oils wholesale supplies promise superior purity and value. Buy bulk and enjoy flexible options tailored to meet your needs!","robots":{"index":"index","follow":"follow","max-snippet":"max-snippet:-1","max-image-preview":"max-image-preview:large","max-video-preview":"max-video-preview:-1"},"canonical":"https:\/\/yakutta.com\/de\/produkt\/feigenoel\/","og_locale":"de_DE","og_type":"article","og_title":"Fig Oil","og_description":"Discover exceptional Fig oil for retail and wholesale buyers. Perfect for skincare, custom fragrances, and aromatherapy, our Fig Oil is available in bulk essential oil orders for convenience. Whether you're looking to buy essential oils individually or in bulk, our essential oils wholesale supplies promise superior purity and value. Buy bulk and enjoy flexible options tailored to meet your needs!","og_url":"https:\/\/yakutta.com\/de\/produkt\/feigenoel\/","og_site_name":"Yakutta","article_modified_time":"2026-03-13T23:23:57+00:00","og_image":[{"width":2048,"height":2048,"url":"https:\/\/yakutta.com\/wp-content\/uploads\/2021\/08\/Fig-oil-in-bulk-webp.webp","type":"image\/webp"}],"twitter_card":"summary_large_image","twitter_misc":{"Gesch\u00e4tzte Lesezeit":"1\u00a0Minute"},"schema":{"@context":"https:\/\/schema.org","@graph":[{"@type":"WebPage","@id":"https:\/\/yakutta.com\/product\/fig-essential-oil\/","url":"https:\/\/yakutta.com\/product\/fig-essential-oil\/","name":"Fig oil wholesale - buy in bulk | Yakutta","isPartOf":{"@id":"https:\/\/yakutta.com\/#website"},"primaryImageOfPage":{"@id":"https:\/\/yakutta.com\/product\/fig-essential-oil\/#primaryimage"},"image":{"@id":"https:\/\/yakutta.com\/product\/fig-essential-oil\/#primaryimage"},"thumbnailUrl":"https:\/\/yakutta.com\/wp-content\/uploads\/2021\/08\/Fig-oil-in-bulk-webp.webp","datePublished":"2021-08-05T12:31:33+00:00","dateModified":"2026-03-13T23:23:57+00:00","description":"Discover exceptional Fig oil for retail and wholesale buyers. Perfect for skincare, custom fragrances, and aromatherapy, our Fig Oil is available in bulk essential oil orders for convenience. Whether you're looking to buy essential oils individually or in bulk, our essential oils wholesale supplies promise superior purity and value. Buy bulk and enjoy flexible options tailored to meet your needs!","breadcrumb":{"@id":"https:\/\/yakutta.com\/product\/fig-essential-oil\/#breadcrumb"},"inLanguage":"de","potentialAction":[{"@type":"ReadAction","target":["https:\/\/yakutta.com\/product\/fig-essential-oil\/"]}]},{"@type":"ImageObject","inLanguage":"de","@id":"https:\/\/yakutta.com\/product\/fig-essential-oil\/#primaryimage","url":"https:\/\/yakutta.com\/wp-content\/uploads\/2021\/08\/Fig-oil-in-bulk-webp.webp","contentUrl":"https:\/\/yakutta.com\/wp-content\/uploads\/2021\/08\/Fig-oil-in-bulk-webp.webp","width":2048,"height":2048,"caption":"Fig oil in bulk"},{"@type":"BreadcrumbList","@id":"https:\/\/yakutta.com\/product\/fig-essential-oil\/#breadcrumb","itemListElement":[{"@type":"ListItem","position":1,"name":"Home","item":"https:\/\/yakutta.com\/"},{"@type":"ListItem","position":2,"name":"Shop","item":"https:\/\/yakutta.com\/shop\/"},{"@type":"ListItem","position":3,"name":"Fig Oil"}]},{"@type":"WebSite","@id":"https:\/\/yakutta.com\/#website","url":"https:\/\/yakutta.com\/","name":"Yakutta","description":"\u00d6le Gro\u00dfhandel | Bio &amp; \u00c4therische \u00d6le Gro\u00dfhandel","publisher":{"@id":"https:\/\/yakutta.com\/#organization"},"potentialAction":[{"@type":"SearchAction","target":{"@type":"EntryPoint","urlTemplate":"https:\/\/yakutta.com\/?s={search_term_string}"},"query-input":{"@type":"PropertyValueSpecification","valueRequired":true,"valueName":"search_term_string"}}],"inLanguage":"de"},{"@type":["Organization","Place"],"@id":"https:\/\/yakutta.com\/#organization","name":"Yakutta","url":"https:\/\/yakutta.com\/","logo":{"@id":"https:\/\/yakutta.com\/product\/fig-essential-oil\/#local-main-organization-logo"},"image":{"@id":"https:\/\/yakutta.com\/product\/fig-essential-oil\/#local-main-organization-logo"},"telephone":[],"openingHoursSpecification":[{"@type":"OpeningHoursSpecification","dayOfWeek":["Monday","Tuesday","Wednesday","Thursday","Friday","Saturday","Sunday"],"opens":"09:00","closes":"17:00"}]},{"@type":"ImageObject","inLanguage":"de","@id":"https:\/\/yakutta.com\/product\/fig-essential-oil\/#local-main-organization-logo","url":"https:\/\/yakutta.com\/wp-content\/uploads\/2025\/04\/cropped-yakutta-icon-no-bg-2-2.png","contentUrl":"https:\/\/yakutta.com\/wp-content\/uploads\/2025\/04\/cropped-yakutta-icon-no-bg-2-2.png","width":512,"height":512,"caption":"Yakutta"}]}},"_links":{"self":[{"href":"https:\/\/yakutta.com\/de\/wp-json\/wp\/v2\/product\/1937","targetHints":{"allow":["GET"]}}],"collection":[{"href":"https:\/\/yakutta.com\/de\/wp-json\/wp\/v2\/product"}],"about":[{"href":"https:\/\/yakutta.com\/de\/wp-json\/wp\/v2\/types\/product"}],"replies":[{"embeddable":true,"href":"https:\/\/yakutta.com\/de\/wp-json\/wp\/v2\/comments?post=1937"}],"wp:featuredmedia":[{"embeddable":true,"href":"https:\/\/yakutta.com\/de\/wp-json\/wp\/v2\/media\/21292"}],"wp:attachment":[{"href":"https:\/\/yakutta.com\/de\/wp-json\/wp\/v2\/media?parent=1937"}],"wp:term":[{"taxonomy":"product_brand","embeddable":true,"href":"https:\/\/yakutta.com\/de\/wp-json\/wp\/v2\/product_brand?post=1937"},{"taxonomy":"product_cat","embeddable":true,"href":"https:\/\/yakutta.com\/de\/wp-json\/wp\/v2\/product_cat?post=1937"},{"taxonomy":"product_tag","embeddable":true,"href":"https:\/\/yakutta.com\/de\/wp-json\/wp\/v2\/product_tag?post=1937"}],"curies":[{"name":"wp","href":"https:\/\/api.w.org\/{rel}","templated":true}]}}